{"id":6489,"date":"2023-10-20T13:33:33","date_gmt":"2023-10-20T13:33:33","guid":{"rendered":"https:\/\/kosmeetika24.eu\/?post_type=product&#038;p=6489"},"modified":"2026-04-01T15:19:01","modified_gmt":"2026-04-01T12:19:01","slug":"bruno-vassari-lift-intensive-serum-pinguldav-seerum","status":"publish","type":"product","link":"https:\/\/kosmeetika24.eu\/et\/toode\/bruno-vassari-lift-intensive-serum-pinguldav-seerum\/","title":{"rendered":"Bruno Vassari Bioceuticals Lift Intensive Serum- Pinguldav seerum"},"content":{"rendered":"<p>Remodelleeriv ja pinguldav n\u00e4oseerum on spetsiaalselt loodud n\u00e4o ja kaela vananemisilmingute vastu v\u00f5itlemiseks, naha tugevuse ja elastsuse parandamiseks ning n\u00e4okontuuride muutmiseks.<\/p>\n<p>Aitab v\u00f5idelda kollageeni kao ja halvenemise vastu nahas, parandab nahamaatriksi kolmem\u00f5\u00f5tmelist struktuuri ja p\u00f6\u00f6rab tagasi rakkude vananemise.<\/p>\n<p>Seerum sisaldab 98% looduslike koostisosi.<\/p>\n<p><strong>PEAMISED TOIMEAINED<\/strong><\/p>\n<ul>\n<li>Collagener<\/li>\n<li>Centella ReversaPPF<\/li>\n<li>DMAE<\/li>\n<\/ul>\n<p><strong>TOIME<\/strong><\/p>\n<p><strong>Collagener\u00ae<\/strong>: pinguldav toimeaine, mis on ekstraheeritud valgetest lupiiniseemnetest. Stimuleerib I t\u00fc\u00fcpi\u00a0 k\u00f5rgekvaliteedilise kollageeni s\u00fcnteesi. Tulemuseks on n\u00e4o l\u00f5tvumise v\u00e4henemine ning naha tugevuse ja elastsuse pikaajaline paranemine.<\/p>\n<p><strong>Centella ReversaPPF:<\/strong> on Centella Asiatica t\u00fcvirakukultuuridest saadud aktiivne koostisosa. See on peptiidip\u00f5hine looduslik toimeaine See tagab naha \u00fcldise paranemise, v\u00e4hendab kortse ja punetust ning pooride suurust.<\/p>\n<p><strong>DMAE:<\/strong> annab n\u00e4htavad ja kiired tulemused, ilma et oleks vaja kirurgilist sekkumist.\u00a0 See m\u00f5jutab \u00fchte naha vananemisega seotud tegurit: l\u00f5tvumist.<\/p>\n","protected":false},"excerpt":{"rendered":"<p>30 ml<\/p>\n<p>Spetsiaalselt loodud n\u00e4o ja kaela vananemisilmingute vastu v\u00f5itlemiseks, naha tugevuse ja elastsuse parandamiseks ning n\u00e4okontuuride muutmiseks.<\/p>\n<p>Seerum sisaldab 98% looduslikke koostisosi.<\/p>\n","protected":false},"featured_media":6490,"template":"","meta":{"om_disable_all_campaigns":false,"_monsterinsights_skip_tracking":false,"_monsterinsights_sitenote_active":false,"_monsterinsights_sitenote_note":"","_monsterinsights_sitenote_category":0,"_uf_show_specific_survey":0,"_uf_disable_surveys":false,"site-sidebar-layout":"default","site-content-layout":"","ast-site-content-layout":"default","site-content-style":"default","site-sidebar-style":"default","ast-global-header-display":"","ast-banner-title-visibility":"","ast-main-header-display":"","ast-hfb-above-header-display":"","ast-hfb-below-header-display":"","ast-hfb-mobile-header-display":"","site-post-title":"","ast-breadcrumbs-content":"","ast-featured-img":"","footer-sml-layout":"","theme-transparent-header-meta":"default","adv-header-id-meta":"","stick-header-meta":"","header-above-stick-meta":"","header-main-stick-meta":"","header-below-stick-meta":"","astra-migrate-meta-layouts":"set","ast-page-background-enabled":"default","ast-page-background-meta":{"desktop":{"background-color":"var(--ast-global-color-4)","background-image":"","background-repeat":"repeat","background-position":"center center","background-size":"auto","background-attachment":"scroll","background-type":"","background-media":"","overlay-type":"","overlay-color":"","overlay-opacity":"","overlay-gradient":""},"tablet":{"background-color":"","background-image":"","background-repeat":"repeat","background-position":"center center","background-size":"auto","background-attachment":"scroll","background-type":"","background-media":"","overlay-type":"","overlay-color":"","overlay-opacity":"","overlay-gradient":""},"mobile":{"background-color":"","background-image":"","background-repeat":"repeat","background-position":"center center","background-size":"auto","background-attachment":"scroll","background-type":"","background-media":"","overlay-type":"","overlay-color":"","overlay-opacity":"","overlay-gradient":""}},"ast-content-background-meta":{"desktop":{"background-color":"var(--ast-global-color-5)","background-image":"","background-repeat":"repeat","background-position":"center center","background-size":"auto","background-attachment":"scroll","background-type":"","background-media":"","overlay-type":"","overlay-color":"","overlay-opacity":"","overlay-gradient":""},"tablet":{"background-color":"var(--ast-global-color-5)","background-image":"","background-repeat":"repeat","background-position":"center center","background-size":"auto","background-attachment":"scroll","background-type":"","background-media":"","overlay-type":"","overlay-color":"","overlay-opacity":"","overlay-gradient":""},"mobile":{"background-color":"var(--ast-global-color-5)","background-image":"","background-repeat":"repeat","background-position":"center center","background-size":"auto","background-attachment":"scroll","background-type":"","background-media":"","overlay-type":"","overlay-color":"","overlay-opacity":"","overlay-gradient":""}}},"product_brand":[],"product_cat":[50,15,77],"product_tag":[],"class_list":{"0":"post-6489","1":"product","2":"type-product","3":"status-publish","4":"has-post-thumbnail","6":"product_cat-kampaaniad","7":"product_cat-naole","8":"product_cat-seerumid","9":"desktop-align-center","10":"tablet-align-left","11":"mobile-align-left","13":"first","14":"instock","15":"sale","16":"taxable","17":"shipping-taxable","18":"purchasable","19":"product-type-simple","20":"add-to-wishlist-before_image"},"aioseo_notices":[],"_links":{"self":[{"href":"https:\/\/kosmeetika24.eu\/et\/wp-json\/wp\/v2\/product\/6489","targetHints":{"allow":["GET"]}}],"collection":[{"href":"https:\/\/kosmeetika24.eu\/et\/wp-json\/wp\/v2\/product"}],"about":[{"href":"https:\/\/kosmeetika24.eu\/et\/wp-json\/wp\/v2\/types\/product"}],"version-history":[{"count":3,"href":"https:\/\/kosmeetika24.eu\/et\/wp-json\/wp\/v2\/product\/6489\/revisions"}],"predecessor-version":[{"id":9982,"href":"https:\/\/kosmeetika24.eu\/et\/wp-json\/wp\/v2\/product\/6489\/revisions\/9982"}],"wp:featuredmedia":[{"embeddable":true,"href":"https:\/\/kosmeetika24.eu\/et\/wp-json\/wp\/v2\/media\/6490"}],"wp:attachment":[{"href":"https:\/\/kosmeetika24.eu\/et\/wp-json\/wp\/v2\/media?parent=6489"}],"wp:term":[{"taxonomy":"product_brand","embeddable":true,"href":"https:\/\/kosmeetika24.eu\/et\/wp-json\/wp\/v2\/product_brand?post=6489"},{"taxonomy":"product_cat","embeddable":true,"href":"https:\/\/kosmeetika24.eu\/et\/wp-json\/wp\/v2\/product_cat?post=6489"},{"taxonomy":"product_tag","embeddable":true,"href":"https:\/\/kosmeetika24.eu\/et\/wp-json\/wp\/v2\/product_tag?post=6489"}],"curies":[{"name":"wp","href":"https:\/\/api.w.org\/{rel}","templated":true}]}}