{"id":6481,"date":"2023-10-20T06:49:22","date_gmt":"2023-10-20T06:49:22","guid":{"rendered":"https:\/\/kosmeetika24.eu\/?post_type=product&#038;p=6481"},"modified":"2026-04-01T15:22:34","modified_gmt":"2026-04-01T12:22:34","slug":"bruno-vassari-saraandev-seerum","status":"publish","type":"product","link":"https:\/\/kosmeetika24.eu\/et\/toode\/bruno-vassari-saraandev-seerum\/","title":{"rendered":"Bruno Vassari s\u00e4raandev seerum"},"content":{"rendered":"<p>P\u00e4evitamine tuletab meile meelde soojust, puhkust, randa ja r\u00f5\u00f5msaid hetki.<\/p>\n<p>Aga mis siis, kui me ei peaks \u00fclej\u00e4\u00e4nud aasta jooksul loobuma ilusast, s\u00e4ravast ja p\u00e4evitunud nahast? <strong>N\u00fc\u00fcd, t\u00e4nu Bruno Vassari<\/strong> <em>Skin Light Drops seerumile<\/em>\u00a0on k\u00f5ik v\u00f5imalik.<\/p>\n<p><strong>Sellel uuenduslikul tootel on v\u00f5imas \u00fchtlustav toime, mis niisutab <\/strong>ja elustab nahka t\u00e4nu oma t\u00e4iustatud koostisele.<\/p>\n<p>Skin Light Drops\u2019i suur saladus peitub SYN-GLOWTM\u00ae-s, pentapeptiidis, mis aitab taastada naha loomulike protsesse, <strong>saavutades p\u00e4evitunud jume ning loomuliku ja terve v\u00e4limuse.<\/strong><\/p>\n<p>See revolutsiooniline koostisosa on spetsiaalselt loodud selleks, et selektiivselt tugevdada MC1R-retseptorit, mis reguleerib naha loomuliku pigmentatsiooni.<\/p>\n<p><strong>Selle peptiidi aktiveerimisega stimuleeritakse naha toonust, v\u00e4heneb oks\u00fcdatiivne stress ja tugevdatakse naha kaitsev\u00f5imet, <\/strong>saavutades seel\u00e4bi s\u00e4ravama ja jumekama naha tooni, nagu oleksite saabunud m\u00f5nelt puhkuselt.<\/p>\n<p>Seerumi koostises on veel pisikesed kollased p\u00e4rlid, mis <strong>sisaldavad viit vitamiini (B3, B5, B6, C ja E), adenosiini ja Kakadu ploomi ekstrakti. <\/strong>Nad elustavad, t\u00f5stavad ja \u00fchtlustavad nahka.<\/p>\n<p>98% loodusliku p\u00e4ritoluga koostisosadest tugevdavad naha loomulikku kaitsev\u00f5imet, pakkudes samal ajal tervet ja n\u00e4htavat s\u00e4ra \u00fche n\u00e4dala jooksul.<\/p>\n<p><strong>Selle seerumi j\u00e4rkj\u00e4rguline kasutamine tagab isikup\u00e4rase ja loomuliku jume.<\/strong><\/p>\n","protected":false},"excerpt":{"rendered":"<p>30 ml<\/p>\n<p><strong style=\"font-size: 16px;\">Tagab loomuliku ja tervisliku jume aastaringselt.<\/strong><\/p>\n<p>&nbsp;<\/p>\n<p>&nbsp;<\/p>\n","protected":false},"featured_media":6483,"template":"","meta":{"om_disable_all_campaigns":false,"_monsterinsights_skip_tracking":false,"_monsterinsights_sitenote_active":false,"_monsterinsights_sitenote_note":"","_monsterinsights_sitenote_category":0,"_uf_show_specific_survey":0,"_uf_disable_surveys":false,"site-sidebar-layout":"default","site-content-layout":"","ast-site-content-layout":"default","site-content-style":"default","site-sidebar-style":"default","ast-global-header-display":"","ast-banner-title-visibility":"","ast-main-header-display":"","ast-hfb-above-header-display":"","ast-hfb-below-header-display":"","ast-hfb-mobile-header-display":"","site-post-title":"","ast-breadcrumbs-content":"","ast-featured-img":"","footer-sml-layout":"","theme-transparent-header-meta":"default","adv-header-id-meta":"","stick-header-meta":"","header-above-stick-meta":"","header-main-stick-meta":"","header-below-stick-meta":"","astra-migrate-meta-layouts":"set","ast-page-background-enabled":"default","ast-page-background-meta":{"desktop":{"background-color":"var(--ast-global-color-4)","background-image":"","background-repeat":"repeat","background-position":"center center","background-size":"auto","background-attachment":"scroll","background-type":"","background-media":"","overlay-type":"","overlay-color":"","overlay-opacity":"","overlay-gradient":""},"tablet":{"background-color":"","background-image":"","background-repeat":"repeat","background-position":"center center","background-size":"auto","background-attachment":"scroll","background-type":"","background-media":"","overlay-type":"","overlay-color":"","overlay-opacity":"","overlay-gradient":""},"mobile":{"background-color":"","background-image":"","background-repeat":"repeat","background-position":"center center","background-size":"auto","background-attachment":"scroll","background-type":"","background-media":"","overlay-type":"","overlay-color":"","overlay-opacity":"","overlay-gradient":""}},"ast-content-background-meta":{"desktop":{"background-color":"var(--ast-global-color-5)","background-image":"","background-repeat":"repeat","background-position":"center center","background-size":"auto","background-attachment":"scroll","background-type":"","background-media":"","overlay-type":"","overlay-color":"","overlay-opacity":"","overlay-gradient":""},"tablet":{"background-color":"var(--ast-global-color-5)","background-image":"","background-repeat":"repeat","background-position":"center center","background-size":"auto","background-attachment":"scroll","background-type":"","background-media":"","overlay-type":"","overlay-color":"","overlay-opacity":"","overlay-gradient":""},"mobile":{"background-color":"var(--ast-global-color-5)","background-image":"","background-repeat":"repeat","background-position":"center center","background-size":"auto","background-attachment":"scroll","background-type":"","background-media":"","overlay-type":"","overlay-color":"","overlay-opacity":"","overlay-gradient":""}}},"product_brand":[],"product_cat":[50,15,77],"product_tag":[],"class_list":{"0":"post-6481","1":"product","2":"type-product","3":"status-publish","4":"has-post-thumbnail","6":"product_cat-kampaaniad","7":"product_cat-naole","8":"product_cat-seerumid","9":"desktop-align-center","10":"tablet-align-left","11":"mobile-align-left","13":"first","14":"instock","15":"sale","16":"taxable","17":"shipping-taxable","18":"purchasable","19":"product-type-simple","20":"add-to-wishlist-before_image"},"aioseo_notices":[],"_links":{"self":[{"href":"https:\/\/kosmeetika24.eu\/et\/wp-json\/wp\/v2\/product\/6481","targetHints":{"allow":["GET"]}}],"collection":[{"href":"https:\/\/kosmeetika24.eu\/et\/wp-json\/wp\/v2\/product"}],"about":[{"href":"https:\/\/kosmeetika24.eu\/et\/wp-json\/wp\/v2\/types\/product"}],"version-history":[{"count":2,"href":"https:\/\/kosmeetika24.eu\/et\/wp-json\/wp\/v2\/product\/6481\/revisions"}],"predecessor-version":[{"id":8815,"href":"https:\/\/kosmeetika24.eu\/et\/wp-json\/wp\/v2\/product\/6481\/revisions\/8815"}],"wp:featuredmedia":[{"embeddable":true,"href":"https:\/\/kosmeetika24.eu\/et\/wp-json\/wp\/v2\/media\/6483"}],"wp:attachment":[{"href":"https:\/\/kosmeetika24.eu\/et\/wp-json\/wp\/v2\/media?parent=6481"}],"wp:term":[{"taxonomy":"product_brand","embeddable":true,"href":"https:\/\/kosmeetika24.eu\/et\/wp-json\/wp\/v2\/product_brand?post=6481"},{"taxonomy":"product_cat","embeddable":true,"href":"https:\/\/kosmeetika24.eu\/et\/wp-json\/wp\/v2\/product_cat?post=6481"},{"taxonomy":"product_tag","embeddable":true,"href":"https:\/\/kosmeetika24.eu\/et\/wp-json\/wp\/v2\/product_tag?post=6481"}],"curies":[{"name":"wp","href":"https:\/\/api.w.org\/{rel}","templated":true}]}}