{"id":6206,"date":"2023-08-23T13:29:47","date_gmt":"2023-08-23T13:29:47","guid":{"rendered":"https:\/\/kosmeetika24.eu\/?post_type=product&#038;p=6206"},"modified":"2024-10-10T16:29:28","modified_gmt":"2024-10-10T13:29:28","slug":"whitening-apl","status":"publish","type":"product","link":"https:\/\/kosmeetika24.eu\/et\/toode\/whitening-apl\/","title":{"rendered":"WISHPRO Whitening APL &#8211; nahatooni \u00fchtlustav"},"content":{"rendered":"<p align=\"CENTER\"><strong><span style=\"color: #0000ff;\">Whitening <\/span><\/strong>kapsel p\u00f5hineb kahel unikaalsel toimeainel, mis on saadud pruunvetikatest<strong>.<\/strong><\/p>\n<p align=\"CENTER\"><strong>\u0392-White ja Sea Shine<\/strong> on kaks koostisainet, mis\u00a0<strong>heledavad v\u00e4rvimuutusi<\/strong> ja \u00fchtlustavad\u00a0<strong>nahatooni.<\/strong><\/p>\n<p align=\"CENTER\">Lisaks\u00a0 ei v\u00e4henda toimeainete koostis mitte ainult\u00a0<strong>toimunud muutusi<\/strong>, vaid <strong>takistab ka uute v\u00e4rvimuutuste teket<\/strong>, blokeerides <strong>melaniini \u00fcletootmise.\u00a0<\/strong><\/p>\n<p align=\"CENTER\">P\u00e4rast hooldust on nahk siledam, heledam ja n\u00e4htavalt \u00fchtlasem.<\/p>\n<p align=\"CENTER\"><strong>Kasutusotstarve:<\/strong>\u00a0 k\u00f5ik nahat\u00fc\u00fcbid, hormonaalsed v\u00e4rvimuutused, melaniini \u00fcletootmine, niisutamist vajav nahk.<\/p>\n<p align=\"CENTER\"><strong><span style=\"color: #0000ff;\">Whitening <\/span><\/strong>kapsel on m\u00f5eldud kasutamiseks kuldse, punase v\u00f5i sinise\u00a0 <strong>WishPro Plus+ tehnoloogilise peaga.<\/strong><\/p>\n<p style=\"text-align: center;\"><span style=\"color: #0000ff;\"><strong>APL Active Pro-Long liin<\/strong><\/span><\/p>\n<p style=\"text-align: center;\">APL sari loodi nahale, mis vajab\u00a0\u00a0<strong>spetsiaalseid koostisosi<\/strong>.\u00a0<strong>Elustab ja taastab<\/strong>\u00a0\u00a0v\u00e4listeguritest kahjustatud ja stressis nahka.\u00a0APL sari sisaldab\u00a0 kolme t\u00fc\u00fcpi\u00a0tugevatel toimeainetel p\u00f5hinevaid\u00a0\u00a0<strong>kapsleid, mis annavad kohesed <\/strong><strong>tulemused juba p\u00e4rast \u00fchte hooldust!\u00a0<\/strong> Kapsli koostises on peamiselt\u00a0 <strong>kerged emulsioonid<\/strong>, mis sobivad erinevatele nahat\u00fc\u00fcpidele.<\/p>\n<hr \/>\n<p style=\"text-align: center;\">Kapslid on steriilsed ja \u00fchekordsed, \u00fcks kapsel on m\u00f5eldud \u00fcheks hoolduskorraks.<\/p>\n<p>Koostis: AQUA, DIMETHICONE, ISOPROPYL PALMITATE, PHENTYL TRIMETHICONE, ISOPROPYL MYRISTATE, GLYCERIN, BUTYLENE GLYCOL, SODIUM CHLORIDE, PHENOXYETHANOL, SILICA, PEG-10 DIMETHICONE, ETHYLHEXYLGLYCERIN, PARFUM, DISODIUM EDTA, SODIUM OLEATE, HYDROGENATED LECITHIN, OLIGOPEPTIDE-68, DIMETHICONE\/VINYL DIMETHICONE CROSSPOLYMER, ISOCETETH-10, UNDRIA PINNATIFIDA EXTRACT, ALGAE EXTRACT, HEXYL CINNAMAL, LINALOOL, LIMONENE, METHYL 2-OCTYNOATE.<\/p>\n","protected":false},"excerpt":{"rendered":"<p style=\"text-align: left;\">Naha tooni helendava ja \u00fchtlustava toimega.<\/p>\n<p style=\"text-align: left;\"><strong>Hind kehtib 10 kapslit sisaldava pakendi kohta.<\/strong><\/p>\n","protected":false},"featured_media":6209,"template":"","meta":{"om_disable_all_campaigns":false,"_monsterinsights_skip_tracking":false,"_monsterinsights_sitenote_active":false,"_monsterinsights_sitenote_note":"","_monsterinsights_sitenote_category":0,"_uf_show_specific_survey":0,"_uf_disable_surveys":false,"site-sidebar-layout":"default","site-content-layout":"","ast-site-content-layout":"default","site-content-style":"default","site-sidebar-style":"default","ast-global-header-display":"","ast-banner-title-visibility":"","ast-main-header-display":"","ast-hfb-above-header-display":"","ast-hfb-below-header-display":"","ast-hfb-mobile-header-display":"","site-post-title":"","ast-breadcrumbs-content":"","ast-featured-img":"","footer-sml-layout":"","theme-transparent-header-meta":"default","adv-header-id-meta":"","stick-header-meta":"","header-above-stick-meta":"","header-main-stick-meta":"","header-below-stick-meta":"","astra-migrate-meta-layouts":"set","ast-page-background-enabled":"default","ast-page-background-meta":{"desktop":{"background-color":"var(--ast-global-color-4)","background-image":"","background-repeat":"repeat","background-position":"center center","background-size":"auto","background-attachment":"scroll","background-type":"","background-media":"","overlay-type":"","overlay-color":"","overlay-opacity":"","overlay-gradient":""},"tablet":{"background-color":"","background-image":"","background-repeat":"repeat","background-position":"center center","background-size":"auto","background-attachment":"scroll","background-type":"","background-media":"","overlay-type":"","overlay-color":"","overlay-opacity":"","overlay-gradient":""},"mobile":{"background-color":"","background-image":"","background-repeat":"repeat","background-position":"center center","background-size":"auto","background-attachment":"scroll","background-type":"","background-media":"","overlay-type":"","overlay-color":"","overlay-opacity":"","overlay-gradient":""}},"ast-content-background-meta":{"desktop":{"background-color":"var(--ast-global-color-5)","background-image":"","background-repeat":"repeat","background-position":"center center","background-size":"auto","background-attachment":"scroll","background-type":"","background-media":"","overlay-type":"","overlay-color":"","overlay-opacity":"","overlay-gradient":""},"tablet":{"background-color":"var(--ast-global-color-5)","background-image":"","background-repeat":"repeat","background-position":"center center","background-size":"auto","background-attachment":"scroll","background-type":"","background-media":"","overlay-type":"","overlay-color":"","overlay-opacity":"","overlay-gradient":""},"mobile":{"background-color":"var(--ast-global-color-5)","background-image":"","background-repeat":"repeat","background-position":"center center","background-size":"auto","background-attachment":"scroll","background-type":"","background-media":"","overlay-type":"","overlay-color":"","overlay-opacity":"","overlay-gradient":""}}},"product_brand":[],"product_cat":[353,108,358,351],"product_tag":[326,337],"class_list":{"0":"post-6206","1":"product","2":"type-product","3":"status-publish","4":"has-post-thumbnail","6":"product_cat-active-pro-long-line-sinine","7":"product_cat-profitooted","8":"product_cat-wishpro","9":"product_cat-wishpro-kapslid","10":"product_tag-wishpro","11":"product_tag-wishprokapsel","12":"desktop-align-center","13":"tablet-align-left","14":"mobile-align-left","16":"first","17":"instock","18":"taxable","19":"shipping-taxable","20":"product-type-simple","21":"add-to-wishlist-before_image"},"aioseo_notices":[],"_links":{"self":[{"href":"https:\/\/kosmeetika24.eu\/et\/wp-json\/wp\/v2\/product\/6206","targetHints":{"allow":["GET"]}}],"collection":[{"href":"https:\/\/kosmeetika24.eu\/et\/wp-json\/wp\/v2\/product"}],"about":[{"href":"https:\/\/kosmeetika24.eu\/et\/wp-json\/wp\/v2\/types\/product"}],"version-history":[{"count":2,"href":"https:\/\/kosmeetika24.eu\/et\/wp-json\/wp\/v2\/product\/6206\/revisions"}],"predecessor-version":[{"id":9005,"href":"https:\/\/kosmeetika24.eu\/et\/wp-json\/wp\/v2\/product\/6206\/revisions\/9005"}],"wp:featuredmedia":[{"embeddable":true,"href":"https:\/\/kosmeetika24.eu\/et\/wp-json\/wp\/v2\/media\/6209"}],"wp:attachment":[{"href":"https:\/\/kosmeetika24.eu\/et\/wp-json\/wp\/v2\/media?parent=6206"}],"wp:term":[{"taxonomy":"product_brand","embeddable":true,"href":"https:\/\/kosmeetika24.eu\/et\/wp-json\/wp\/v2\/product_brand?post=6206"},{"taxonomy":"product_cat","embeddable":true,"href":"https:\/\/kosmeetika24.eu\/et\/wp-json\/wp\/v2\/product_cat?post=6206"},{"taxonomy":"product_tag","embeddable":true,"href":"https:\/\/kosmeetika24.eu\/et\/wp-json\/wp\/v2\/product_tag?post=6206"}],"curies":[{"name":"wp","href":"https:\/\/api.w.org\/{rel}","templated":true}]}}