{"id":6202,"date":"2023-08-23T13:21:28","date_gmt":"2023-08-23T13:21:28","guid":{"rendered":"https:\/\/kosmeetika24.eu\/?post_type=product&#038;p=6202"},"modified":"2024-10-10T16:29:01","modified_gmt":"2024-10-10T13:29:01","slug":"repairing-apl","status":"publish","type":"product","link":"https:\/\/kosmeetika24.eu\/et\/toode\/repairing-apl\/","title":{"rendered":"WISHPRO Repairing APL  &#8211; parandav"},"content":{"rendered":"<p align=\"CENTER\"><strong><span style=\"color: #0000ff;\">Repairing <\/span><\/strong>k<span style=\"color: #000000;\"><span style=\"font-family: tahoma, arial, helvetica, sans-serif;\"><span style=\"font-size: medium;\">apsli valem p\u00f5hineb kahte t\u00fc\u00fcpi h\u00fcaluroonhappel, mis t\u00e4nu ainulaadsele kombinatsioonile v\u00f5ivad\u00a0\u00a0t\u00f6\u00f6tada <\/span><\/span><\/span><strong><span style=\"color: #000000;\"><span style=\"font-family: tahoma, arial, helvetica, sans-serif;\"><span style=\"font-size: medium;\"><b>s\u00fcgavamalt ja intensiivsemalt.<\/b><\/span><\/span><\/span><\/strong><\/p>\n<p align=\"CENTER\"><strong><span style=\"color: #000000;\"><span style=\"font-family: tahoma, arial, helvetica, sans-serif;\"><span style=\"font-size: medium;\"><b>CrystalHyal ja PrimaHyal 300<\/b><\/span><\/span><\/span><\/strong><span style=\"color: #000000;\"><span style=\"font-family: tahoma, arial, helvetica, sans-serif;\"><span style=\"font-size: medium;\">\u00a0<\/span><\/span><\/span><span style=\"color: #000000;\"><span style=\"font-family: tahoma, arial, helvetica, sans-serif;\"><span style=\"font-size: medium;\">on erineva suurusega <\/span><\/span><\/span><strong><span style=\"color: #000000;\"><span style=\"font-family: tahoma, arial, helvetica, sans-serif;\"><span style=\"font-size: medium;\"><b>h\u00fcaluroonhappe<\/b><\/span><\/span><\/span><\/strong><span style=\"color: #000000;\"><span style=\"font-family: Open Sans, sans-serif;\"><span style=\"font-size: small;\">\u00a0<\/span><\/span><\/span><span style=\"color: #000000;\"><span style=\"font-family: tahoma, arial, helvetica, sans-serif;\"><span style=\"font-size: medium;\">osakesed.<\/span><\/span><\/span><\/p>\n<p align=\"CENTER\"><span style=\"color: #000000;\"><span style=\"font-family: tahoma, arial, helvetica, sans-serif;\"><span style=\"font-size: medium;\">Nad niisutavad intensiivselt, kaitsevad nahka <\/span><\/span><\/span><strong><span style=\"color: #000000;\"><span style=\"font-family: tahoma, arial, helvetica, sans-serif;\"><span style=\"font-size: medium;\"><b>kahjulike bakterite<\/b><\/span><\/span><\/span><\/strong><span style=\"color: #000000;\"><span style=\"font-family: tahoma, arial, helvetica, sans-serif;\"><span style=\"font-size: medium;\"> eest, <\/span><\/span><\/span><strong><span style=\"color: #000000;\"><span style=\"font-family: tahoma, arial, helvetica, sans-serif;\"><span style=\"font-size: medium;\"><b>stimuleerivad immuuns\u00fcsteemi<\/b><\/span><\/span><\/span><\/strong><span style=\"color: #000000;\"><span style=\"font-family: tahoma, arial, helvetica, sans-serif;\"><span style=\"font-size: medium;\"> ja\u00a0<\/span><\/span><\/span><span style=\"color: #000000;\"><span style=\"font-family: tahoma, arial, helvetica, sans-serif;\"><span style=\"font-size: medium;\"><b>toetava<\/b><\/span><\/span><\/span><strong><span style=\"color: #000000;\"><span style=\"font-family: tahoma, arial, helvetica, sans-serif;\"><span style=\"font-size: medium;\"><b>d rakkude uuenemist.<\/b><\/span><\/span><\/span><\/strong><\/p>\n<p align=\"CENTER\">PrimalHyal 300 h\u00fcaluroonhape soodustab haavade paranemisprotsessi.<\/p>\n<p align=\"CENTER\"><span style=\"color: #333333;\"><span style=\"font-family: tahoma, arial, helvetica, sans-serif;\"><span style=\"font-size: medium;\"><strong>Kasutusotstarve<\/strong>: k\u00f5ik nahat\u00fc\u00fcbid, tundlik, k\u00fcps, \u00e4rritnud, kortsud, niisutamist vajav nahk, naha l\u00f5tvus.<\/span><\/span><\/span><\/p>\n<p align=\"CENTER\"><span style=\"color: #0000ff;\"><strong><span style=\"font-family: tahoma, arial, helvetica, sans-serif;\"><span style=\"font-size: medium;\"><b>Repairing<\/b><\/span><\/span><\/strong><span style=\"font-family: Open Sans, sans-serif;\"><span style=\"font-size: small;\">\u00a0<\/span><\/span><\/span><span style=\"color: #333333;\"><span style=\"font-family: tahoma, arial, helvetica, sans-serif;\"><span style=\"font-size: medium;\">kapsel o<\/span><\/span><\/span><span style=\"color: #333333;\"><span style=\"font-family: tahoma, arial, helvetica, sans-serif;\"><span style=\"font-size: medium;\">n m\u00f5eldud kasutamiseks kuldse, punase v\u00f5i sinise <\/span><\/span><\/span><strong><span style=\"color: #333333;\"><span style=\"font-family: tahoma, arial, helvetica, sans-serif;\"><span style=\"font-size: large;\"><b>WishPro Plus+ tehnoloogilise peaga.<\/b><\/span><\/span><\/span><\/strong><\/p>\n<p style=\"text-align: center;\"><span style=\"color: #0000ff;\"><strong>APL Active Pro-Long liin<\/strong><\/span><\/p>\n<p style=\"text-align: center;\">APL sari loodi nahale, mis vajab\u00a0\u00a0<strong>spetsiaalseid koostisosi<\/strong>.\u00a0<strong>Elustab ja taastab<\/strong>\u00a0\u00a0v\u00e4listeguritest kahjustatud ja stressis nahka.\u00a0APL sari sisaldab\u00a0 kolme t\u00fc\u00fcpi\u00a0tugevatel toimeainetel p\u00f5hinevaid\u00a0\u00a0<strong>kapsleid, mis annavad kohesed <\/strong><strong>tulemused juba p\u00e4rast \u00fchte hooldust! <\/strong>Kapsli koostises on peamiselt\u00a0 <strong>kerged emulsioonid<\/strong>, mis sobivad erinevatele nahat\u00fc\u00fcpidele.<\/p>\n<hr \/>\n<p style=\"text-align: center;\">Kapslid on steriilsed ja \u00fchekordsed, \u00fcks kapsel on m\u00f5eldud \u00fcheks hoolduskorraks.<\/p>\n","protected":false},"excerpt":{"rendered":"<p>Repairing kapsel aitab nahka kaitsta ja parandada.<\/p>\n<p><strong>Hind kehtib 10 kapslit sisaldava pakendi kohta.<\/strong><\/p>\n","protected":false},"featured_media":6203,"template":"","meta":{"om_disable_all_campaigns":false,"_monsterinsights_skip_tracking":false,"_monsterinsights_sitenote_active":false,"_monsterinsights_sitenote_note":"","_monsterinsights_sitenote_category":0,"_uf_show_specific_survey":0,"_uf_disable_surveys":false,"site-sidebar-layout":"default","site-content-layout":"","ast-site-content-layout":"default","site-content-style":"default","site-sidebar-style":"default","ast-global-header-display":"","ast-banner-title-visibility":"","ast-main-header-display":"","ast-hfb-above-header-display":"","ast-hfb-below-header-display":"","ast-hfb-mobile-header-display":"","site-post-title":"","ast-breadcrumbs-content":"","ast-featured-img":"","footer-sml-layout":"","theme-transparent-header-meta":"default","adv-header-id-meta":"","stick-header-meta":"","header-above-stick-meta":"","header-main-stick-meta":"","header-below-stick-meta":"","astra-migrate-meta-layouts":"set","ast-page-background-enabled":"default","ast-page-background-meta":{"desktop":{"background-color":"var(--ast-global-color-4)","background-image":"","background-repeat":"repeat","background-position":"center center","background-size":"auto","background-attachment":"scroll","background-type":"","background-media":"","overlay-type":"","overlay-color":"","overlay-opacity":"","overlay-gradient":""},"tablet":{"background-color":"","background-image":"","background-repeat":"repeat","background-position":"center center","background-size":"auto","background-attachment":"scroll","background-type":"","background-media":"","overlay-type":"","overlay-color":"","overlay-opacity":"","overlay-gradient":""},"mobile":{"background-color":"","background-image":"","background-repeat":"repeat","background-position":"center center","background-size":"auto","background-attachment":"scroll","background-type":"","background-media":"","overlay-type":"","overlay-color":"","overlay-opacity":"","overlay-gradient":""}},"ast-content-background-meta":{"desktop":{"background-color":"var(--ast-global-color-5)","background-image":"","background-repeat":"repeat","background-position":"center center","background-size":"auto","background-attachment":"scroll","background-type":"","background-media":"","overlay-type":"","overlay-color":"","overlay-opacity":"","overlay-gradient":""},"tablet":{"background-color":"var(--ast-global-color-5)","background-image":"","background-repeat":"repeat","background-position":"center center","background-size":"auto","background-attachment":"scroll","background-type":"","background-media":"","overlay-type":"","overlay-color":"","overlay-opacity":"","overlay-gradient":""},"mobile":{"background-color":"var(--ast-global-color-5)","background-image":"","background-repeat":"repeat","background-position":"center center","background-size":"auto","background-attachment":"scroll","background-type":"","background-media":"","overlay-type":"","overlay-color":"","overlay-opacity":"","overlay-gradient":""}}},"product_brand":[],"product_cat":[353,108,351],"product_tag":[],"class_list":{"0":"post-6202","1":"product","2":"type-product","3":"status-publish","4":"has-post-thumbnail","6":"product_cat-active-pro-long-line-sinine","7":"product_cat-profitooted","8":"product_cat-wishpro-kapslid","9":"desktop-align-center","10":"tablet-align-left","11":"mobile-align-left","13":"first","14":"instock","15":"taxable","16":"shipping-taxable","17":"product-type-simple","18":"add-to-wishlist-before_image"},"aioseo_notices":[],"_links":{"self":[{"href":"https:\/\/kosmeetika24.eu\/et\/wp-json\/wp\/v2\/product\/6202","targetHints":{"allow":["GET"]}}],"collection":[{"href":"https:\/\/kosmeetika24.eu\/et\/wp-json\/wp\/v2\/product"}],"about":[{"href":"https:\/\/kosmeetika24.eu\/et\/wp-json\/wp\/v2\/types\/product"}],"version-history":[{"count":2,"href":"https:\/\/kosmeetika24.eu\/et\/wp-json\/wp\/v2\/product\/6202\/revisions"}],"predecessor-version":[{"id":8971,"href":"https:\/\/kosmeetika24.eu\/et\/wp-json\/wp\/v2\/product\/6202\/revisions\/8971"}],"wp:featuredmedia":[{"embeddable":true,"href":"https:\/\/kosmeetika24.eu\/et\/wp-json\/wp\/v2\/media\/6203"}],"wp:attachment":[{"href":"https:\/\/kosmeetika24.eu\/et\/wp-json\/wp\/v2\/media?parent=6202"}],"wp:term":[{"taxonomy":"product_brand","embeddable":true,"href":"https:\/\/kosmeetika24.eu\/et\/wp-json\/wp\/v2\/product_brand?post=6202"},{"taxonomy":"product_cat","embeddable":true,"href":"https:\/\/kosmeetika24.eu\/et\/wp-json\/wp\/v2\/product_cat?post=6202"},{"taxonomy":"product_tag","embeddable":true,"href":"https:\/\/kosmeetika24.eu\/et\/wp-json\/wp\/v2\/product_tag?post=6202"}],"curies":[{"name":"wp","href":"https:\/\/api.w.org\/{rel}","templated":true}]}}