{"id":6193,"date":"2023-08-23T12:12:37","date_gmt":"2023-08-23T12:12:37","guid":{"rendered":"https:\/\/kosmeetika24.eu\/?post_type=product&#038;p=6193"},"modified":"2024-10-10T16:20:48","modified_gmt":"2024-10-10T13:20:48","slug":"collagen-infusion","status":"publish","type":"product","link":"https:\/\/kosmeetika24.eu\/et\/toode\/collagen-infusion\/","title":{"rendered":"WISHPRO Collagen Infusion &#8211; niisutav ja toitev"},"content":{"rendered":"<p style=\"text-align: center;\"><span style=\"color: #993366;\"><strong>Collagen Infusion <\/strong><\/span>kapsel &#8211; \u00a0niisutav ja toitev kapsel p\u00f5hineb s\u00fcvamere kaladest ekstraheeritud k\u00f5rgelt puhastatud MARI COLL kollageenil.<\/p>\n<p style=\"text-align: center;\">See kollageen sisaldab ainulaadset\u00a0aminohapete koostist, mis neutraliseerib t\u00f5husalt keskkonnateguritest tuleneva \u00e4rrituse, hoiab \u00e4ra kahjustused ja kuivuse.<\/p>\n<p style=\"text-align: center;\">Toimeained tugevdavad immuuns\u00fcsteemi, kaitstes seel\u00e4bi kahjulike UV-kiirte eest.<\/p>\n<p style=\"text-align: center;\"><strong>Kasutusotstarve:<\/strong> k\u00f5ik nahat\u00fc\u00fcbid, peened kortsud, esimesed vananemise tunnused, elastsuse puudumine, toitu vajav nahk.<\/p>\n<p style=\"text-align: center;\"><span style=\"color: #993366;\"><strong>Collagen Infusion <\/strong><\/span>kapsel\u00a0on m\u00f5eldud kasutamiseks kuldse v\u00f5i punase\u00a0<strong>WishPro Plus+<\/strong> tehnoloogilise peaga.<\/p>\n<p style=\"text-align: center;\"><span style=\"color: #993366;\"><strong>Infusiooni liin<\/strong><\/span><\/p>\n<p style=\"text-align: center;\">Sari on p\u00fchendatud\u00a0<strong>esimeste vananemism\u00e4rkidega<\/strong>\u00a0inimestele, kes soovivad taastada oma noorusliku v\u00e4limuse ja\u00a0<strong>peatada vananemisprotsessi<\/strong>. Liin p\u00f5hineb\u00a0<strong>kolmel t\u00f5estatud efektiivsusega toimeainel<\/strong>. Kapslid on m\u00f5eldud k\u00f5ikidele nahat\u00fc\u00fcpidele ning tagavad\u00a0<strong>kerge tekstuuri<\/strong>\u00a0ja toimeainete intensiivse kontsentratsiooni!<\/p>\n<hr \/>\n<p style=\"text-align: center;\">Kapslid on steriilsed ja \u00fchekordselt kasutatavad, \u00fcks kapsel on m\u00f5eldud \u00fcheks hoolduskorraks.<\/p>\n","protected":false},"excerpt":{"rendered":"<p>&nbsp;<\/p>\n<p>Kaitseb nahka kahjuliku kiirguse eest, tugevdades samal ajal ka naha immuuns\u00fcsteemi.<\/p>\n<p>V\u00f5itleb vabade radikaalidega, et pidurdada naha vananemist ja rakkude kahjustamist.<\/p>\n<p>Mari Coll, s\u00fcvaveekaladest saadud puhas kollageen, neutraliseerib \u00e4rritavate ja tugevatoimeliste ainete m\u00f5ju nahale.<\/p>\n<p><strong>Hind kehtib 10 kapslit sisaldava pakendi kohta.<\/strong><\/p>\n","protected":false},"featured_media":6196,"template":"","meta":{"om_disable_all_campaigns":false,"_monsterinsights_skip_tracking":false,"_monsterinsights_sitenote_active":false,"_monsterinsights_sitenote_note":"","_monsterinsights_sitenote_category":0,"_uf_show_specific_survey":0,"_uf_disable_surveys":false,"site-sidebar-layout":"default","site-content-layout":"","ast-site-content-layout":"default","site-content-style":"default","site-sidebar-style":"default","ast-global-header-display":"","ast-banner-title-visibility":"","ast-main-header-display":"","ast-hfb-above-header-display":"","ast-hfb-below-header-display":"","ast-hfb-mobile-header-display":"","site-post-title":"","ast-breadcrumbs-content":"","ast-featured-img":"","footer-sml-layout":"","theme-transparent-header-meta":"default","adv-header-id-meta":"","stick-header-meta":"","header-above-stick-meta":"","header-main-stick-meta":"","header-below-stick-meta":"","astra-migrate-meta-layouts":"set","ast-page-background-enabled":"default","ast-page-background-meta":{"desktop":{"background-color":"var(--ast-global-color-4)","background-image":"","background-repeat":"repeat","background-position":"center center","background-size":"auto","background-attachment":"scroll","background-type":"","background-media":"","overlay-type":"","overlay-color":"","overlay-opacity":"","overlay-gradient":""},"tablet":{"background-color":"","background-image":"","background-repeat":"repeat","background-position":"center center","background-size":"auto","background-attachment":"scroll","background-type":"","background-media":"","overlay-type":"","overlay-color":"","overlay-opacity":"","overlay-gradient":""},"mobile":{"background-color":"","background-image":"","background-repeat":"repeat","background-position":"center center","background-size":"auto","background-attachment":"scroll","background-type":"","background-media":"","overlay-type":"","overlay-color":"","overlay-opacity":"","overlay-gradient":""}},"ast-content-background-meta":{"desktop":{"background-color":"var(--ast-global-color-5)","background-image":"","background-repeat":"repeat","background-position":"center center","background-size":"auto","background-attachment":"scroll","background-type":"","background-media":"","overlay-type":"","overlay-color":"","overlay-opacity":"","overlay-gradient":""},"tablet":{"background-color":"var(--ast-global-color-5)","background-image":"","background-repeat":"repeat","background-position":"center center","background-size":"auto","background-attachment":"scroll","background-type":"","background-media":"","overlay-type":"","overlay-color":"","overlay-opacity":"","overlay-gradient":""},"mobile":{"background-color":"var(--ast-global-color-5)","background-image":"","background-repeat":"repeat","background-position":"center center","background-size":"auto","background-attachment":"scroll","background-type":"","background-media":"","overlay-type":"","overlay-color":"","overlay-opacity":"","overlay-gradient":""}}},"product_brand":[],"product_cat":[355,108,358,351],"product_tag":[],"class_list":{"0":"post-6193","1":"product","2":"type-product","3":"status-publish","4":"has-post-thumbnail","6":"product_cat-infusion-line-lilla","7":"product_cat-profitooted","8":"product_cat-wishpro","9":"product_cat-wishpro-kapslid","10":"desktop-align-center","11":"tablet-align-left","12":"mobile-align-left","14":"first","15":"instock","16":"taxable","17":"shipping-taxable","18":"product-type-simple","19":"add-to-wishlist-before_image"},"aioseo_notices":[],"_links":{"self":[{"href":"https:\/\/kosmeetika24.eu\/et\/wp-json\/wp\/v2\/product\/6193","targetHints":{"allow":["GET"]}}],"collection":[{"href":"https:\/\/kosmeetika24.eu\/et\/wp-json\/wp\/v2\/product"}],"about":[{"href":"https:\/\/kosmeetika24.eu\/et\/wp-json\/wp\/v2\/types\/product"}],"version-history":[{"count":2,"href":"https:\/\/kosmeetika24.eu\/et\/wp-json\/wp\/v2\/product\/6193\/revisions"}],"predecessor-version":[{"id":8973,"href":"https:\/\/kosmeetika24.eu\/et\/wp-json\/wp\/v2\/product\/6193\/revisions\/8973"}],"wp:featuredmedia":[{"embeddable":true,"href":"https:\/\/kosmeetika24.eu\/et\/wp-json\/wp\/v2\/media\/6196"}],"wp:attachment":[{"href":"https:\/\/kosmeetika24.eu\/et\/wp-json\/wp\/v2\/media?parent=6193"}],"wp:term":[{"taxonomy":"product_brand","embeddable":true,"href":"https:\/\/kosmeetika24.eu\/et\/wp-json\/wp\/v2\/product_brand?post=6193"},{"taxonomy":"product_cat","embeddable":true,"href":"https:\/\/kosmeetika24.eu\/et\/wp-json\/wp\/v2\/product_cat?post=6193"},{"taxonomy":"product_tag","embeddable":true,"href":"https:\/\/kosmeetika24.eu\/et\/wp-json\/wp\/v2\/product_tag?post=6193"}],"curies":[{"name":"wp","href":"https:\/\/api.w.org\/{rel}","templated":true}]}}