{"id":6188,"date":"2023-08-22T14:00:54","date_gmt":"2023-08-22T14:00:54","guid":{"rendered":"https:\/\/kosmeetika24.eu\/?post_type=product&#038;p=6188"},"modified":"2024-10-10T16:14:26","modified_gmt":"2024-10-10T13:14:26","slug":"rejuvenation-noorendamine","status":"publish","type":"product","link":"https:\/\/kosmeetika24.eu\/et\/toode\/rejuvenation-noorendamine\/","title":{"rendered":"WISHPRO Rejuvenation \u2013 noorendav, kaitsev, parandav"},"content":{"rendered":"<p style=\"text-align: center;\"><span style=\"color: #339966;\"><strong>Rejuvenation<\/strong>\u00a0<\/span>kapsel &#8211;<strong> sheav\u00f5i<\/strong> toimeained aitavad <strong>nahakahjustusi<\/strong> tagasi p\u00f6\u00f6rata, <strong>kaitsta ja parandada.<\/strong><\/p>\n<p style=\"text-align: center;\">Sheav\u00f5is sisalduvad rasvhapped <strong>taastavad<\/strong> ja <strong>suurendavad naha elastsust ning toonust.<\/strong><\/p>\n<p style=\"text-align: center;\">Sheav\u00f5id on\u00a0<strong>aastatuhandeid<\/strong>\u00a0kasutatud \u00fche parima\u00a0loodusliku\u00a0<strong>p\u00e4ritoluga regeneratiivse koostisosana<\/strong>.<\/p>\n<p style=\"text-align: center;\"><strong>Kasutusotstarve:<\/strong> kuiv nahk, vananemisilmingutega, kortsud ja vaod, elastsuse puudumine, kliendid, kes hindavad looduslikke koostisosi ja \u00f5lisid.<\/p>\n<p style=\"text-align: center;\"><span style=\"color: #339966;\"><strong>Rejuvenation<\/strong>\u00a0<\/span>kapsel on m\u00f5eldud kasutamiseks kuldse v\u00f5i punase\u00a0<strong>WishPro Plus+<\/strong> tehnoloogilise peaga.<\/p>\n<p style=\"text-align: center;\"><span style=\"color: #339966;\"><strong>Looduslik joon<\/strong><\/span><\/p>\n<p style=\"text-align: center;\">P\u00f5hihooldussari, mis on p\u00fchendatud <strong>noortele, tundlikule ja \u00e4rritunud nahale.<\/strong>\u00a0Looduslik joon p\u00f5hineb looduslikel\u00a0<strong>taime\u00f5lidel<\/strong>, mis tugevdavad looduslikku kaitsebarj\u00e4\u00e4ri.<\/p>\n<p style=\"text-align: center;\">Terve, nooruslik nahk t\u00e4nu mitteinvasiivsetele lahustele ja t\u00e4iesti looduslikele koostisosadele!<\/p>\n<hr \/>\n<p style=\"text-align: center;\">Kapslid on steriilsed ja \u00fchekordselt kasutatavad, \u00fcks kapsel on ette n\u00e4htud \u00fcheks hoolduskorraks.<\/p>\n","protected":false},"excerpt":{"rendered":"<p>Sheav\u00f5id on kasutatud sajandeid selle \u00fcletamatu v\u00f5ime t\u00f5ttu nahka kaitsta ja parandada.<\/p>\n<p>Sheav\u00f5i tungib s\u00fcgavale nahka, noorendab kahjustatud rakke, taastades elastsuse ja toonuse.<\/p>\n<p>Silub penemad kortsud ja taastab naha nooruslikkuse.<\/p>\n<p>Noorendav kapsel on\u00a0<strong>sileda ja elastse naha s\u00fcnon\u00fc\u00fcm.<\/strong><\/p>\n<p><strong>Hind kehtib 10 kapslit sisaldava pakendi kohta.<\/strong><\/p>\n<p>&nbsp;<\/p>\n","protected":false},"featured_media":6189,"template":"","meta":{"om_disable_all_campaigns":false,"_monsterinsights_skip_tracking":false,"_monsterinsights_sitenote_active":false,"_monsterinsights_sitenote_note":"","_monsterinsights_sitenote_category":0,"_uf_show_specific_survey":0,"_uf_disable_surveys":false,"site-sidebar-layout":"default","site-content-layout":"","ast-site-content-layout":"default","site-content-style":"default","site-sidebar-style":"default","ast-global-header-display":"","ast-banner-title-visibility":"","ast-main-header-display":"","ast-hfb-above-header-display":"","ast-hfb-below-header-display":"","ast-hfb-mobile-header-display":"","site-post-title":"","ast-breadcrumbs-content":"","ast-featured-img":"","footer-sml-layout":"","theme-transparent-header-meta":"default","adv-header-id-meta":"","stick-header-meta":"","header-above-stick-meta":"","header-main-stick-meta":"","header-below-stick-meta":"","astra-migrate-meta-layouts":"set","ast-page-background-enabled":"default","ast-page-background-meta":{"desktop":{"background-color":"var(--ast-global-color-4)","background-image":"","background-repeat":"repeat","background-position":"center center","background-size":"auto","background-attachment":"scroll","background-type":"","background-media":"","overlay-type":"","overlay-color":"","overlay-opacity":"","overlay-gradient":""},"tablet":{"background-color":"","background-image":"","background-repeat":"repeat","background-position":"center center","background-size":"auto","background-attachment":"scroll","background-type":"","background-media":"","overlay-type":"","overlay-color":"","overlay-opacity":"","overlay-gradient":""},"mobile":{"background-color":"","background-image":"","background-repeat":"repeat","background-position":"center center","background-size":"auto","background-attachment":"scroll","background-type":"","background-media":"","overlay-type":"","overlay-color":"","overlay-opacity":"","overlay-gradient":""}},"ast-content-background-meta":{"desktop":{"background-color":"var(--ast-global-color-5)","background-image":"","background-repeat":"repeat","background-position":"center center","background-size":"auto","background-attachment":"scroll","background-type":"","background-media":"","overlay-type":"","overlay-color":"","overlay-opacity":"","overlay-gradient":""},"tablet":{"background-color":"var(--ast-global-color-5)","background-image":"","background-repeat":"repeat","background-position":"center center","background-size":"auto","background-attachment":"scroll","background-type":"","background-media":"","overlay-type":"","overlay-color":"","overlay-opacity":"","overlay-gradient":""},"mobile":{"background-color":"var(--ast-global-color-5)","background-image":"","background-repeat":"repeat","background-position":"center center","background-size":"auto","background-attachment":"scroll","background-type":"","background-media":"","overlay-type":"","overlay-color":"","overlay-opacity":"","overlay-gradient":""}}},"product_brand":[],"product_cat":[356,108,358,351],"product_tag":[],"class_list":{"0":"post-6188","1":"product","2":"type-product","3":"status-publish","4":"has-post-thumbnail","6":"product_cat-natural-line-roheline","7":"product_cat-profitooted","8":"product_cat-wishpro","9":"product_cat-wishpro-kapslid","10":"desktop-align-center","11":"tablet-align-left","12":"mobile-align-left","14":"first","15":"instock","16":"taxable","17":"shipping-taxable","18":"product-type-simple","19":"add-to-wishlist-before_image"},"aioseo_notices":[],"_links":{"self":[{"href":"https:\/\/kosmeetika24.eu\/et\/wp-json\/wp\/v2\/product\/6188","targetHints":{"allow":["GET"]}}],"collection":[{"href":"https:\/\/kosmeetika24.eu\/et\/wp-json\/wp\/v2\/product"}],"about":[{"href":"https:\/\/kosmeetika24.eu\/et\/wp-json\/wp\/v2\/types\/product"}],"version-history":[{"count":2,"href":"https:\/\/kosmeetika24.eu\/et\/wp-json\/wp\/v2\/product\/6188\/revisions"}],"predecessor-version":[{"id":8974,"href":"https:\/\/kosmeetika24.eu\/et\/wp-json\/wp\/v2\/product\/6188\/revisions\/8974"}],"wp:featuredmedia":[{"embeddable":true,"href":"https:\/\/kosmeetika24.eu\/et\/wp-json\/wp\/v2\/media\/6189"}],"wp:attachment":[{"href":"https:\/\/kosmeetika24.eu\/et\/wp-json\/wp\/v2\/media?parent=6188"}],"wp:term":[{"taxonomy":"product_brand","embeddable":true,"href":"https:\/\/kosmeetika24.eu\/et\/wp-json\/wp\/v2\/product_brand?post=6188"},{"taxonomy":"product_cat","embeddable":true,"href":"https:\/\/kosmeetika24.eu\/et\/wp-json\/wp\/v2\/product_cat?post=6188"},{"taxonomy":"product_tag","embeddable":true,"href":"https:\/\/kosmeetika24.eu\/et\/wp-json\/wp\/v2\/product_tag?post=6188"}],"curies":[{"name":"wp","href":"https:\/\/api.w.org\/{rel}","templated":true}]}}