{"id":5789,"date":"2023-03-24T10:10:59","date_gmt":"2023-03-24T10:10:59","guid":{"rendered":"https:\/\/kosmeetika24.eu\/?post_type=product&#038;p=5789"},"modified":"2025-03-28T14:32:45","modified_gmt":"2025-03-28T11:32:45","slug":"mesotech-global-meso-peptide","status":"publish","type":"product","link":"https:\/\/kosmeetika24.eu\/et\/toode\/mesotech-global-meso-peptide\/","title":{"rendered":"Mesotech Global Meso Peptide"},"content":{"rendered":"<h6><strong>AKTIIVSED KOOSTISOSAD<\/strong><\/h6>\n<ul>\n<li><strong>SYN\u00ae-AKE<\/strong>\u00a0on v\u00e4ike s\u00fcnteetiline peptiid, mis aitab kiiresti v\u00e4hendada kortsude ja naerujoonte teket.\u00a0See p\u00f5hineb patenteeritud mehhanismil.\u00a0See j\u00e4ljendab Waglerin-1 funktsionaalsuse asendamatut aminohappej\u00e4rjestust.\u00a0<strong>SYN\u00ae-AKE<\/strong>\u00a0ohutust ja aktiivsust\u00a0on p\u00f5hjalikult testitud.\u00a0Selle toime keskendub ekspressiooniliinide kohesele ja p\u00fcsivale l\u00f5dvestamisele, blokeerides neuronaalse \u00fclekande nikotiini atset\u00fc\u00fclkoliini retseptoril.\u00a0Peptiid on lihaste nikotiini atset\u00fc\u00fclkoliini membraaniretseptori antagonist.\u00a0Kuna lihaste nikotiini ACh retseptorid on blokeeritud, j\u00e4\u00e4b ioonikanal suletuks.\u00a0Na+ omastamist ei toimu ja lihasrakud j\u00e4\u00e4vad l\u00f5dvaks.\u00a0N\u00e4rviimpulsside \u00fclekandumine lihastesse on p\u00e4rsitud, n\u00e4olihased l\u00f5dvestuvad.\u00a0Vaid 3 aminohappest koosnev SYN AKE molekul on oma suuruse ja lihtsuse t\u00f5ttu kosmeetikaga transporditav ning v\u00f5imeline p\u00e4rssima n\u00e4oilmeid ja seel\u00e4bi v\u00e4ltima ilmejoonte teket.<\/li>\n<li><strong>E- ja C-vitamiin<\/strong>\u00a0: T\u00e4nu vabade radikaalide eemaldamise aktiivsusele kaitsevad nad nahka v\u00e4listegurite (saaste, UV-A UV-B) eest, mis on nahale ohtlikud ja v\u00f5ivad p\u00f5hjustada naha enneaegset vananemist.<\/li>\n<li><strong>A-vitamiin<\/strong>\u00a0: Retinool hoiab nahka puutumatuna ja parandab kahjustatud rakke.\u00a0A-vitamiin on t\u00f5epoolest v\u00e4ga kasulik l\u00f5henenud, punetava ja \u00e4rritunud naha ravimisel.\u00a0Sellel on ka rasueritust reguleeriv toime, mis tasakaalustab naha rasu tootmist.<\/li>\n<\/ul>\n<h6><strong>N\u00c4IDUSTUSED<\/strong><\/h6>\n<ul>\n<li>K\u00f5rvaldab vananemise m\u00f5ju, eriti t\u00f5hus n\u00e4okortsude korral &#8211; N\u00e4htav s\u00fcgav kortsude silumine juba kuu aja p\u00e4rast.<\/li>\n<li>Aitab teie n\u00e4ol l\u00f5\u00f5gastuda ilma v\u00e4ljendusv\u00f5imet kaotamata.<\/li>\n<li>Vananemisvastane, naha vananemise varajased m\u00e4rgid.<\/li>\n<li>Kortsude v\u00e4hendamine \u00fcldiselt ja eriti miimikajoonte v\u00e4hendamine.<\/li>\n<li>S\u00fcgavad kortsud.<\/li>\n<li>Parandab naha ja sidekoe struktuuri.<\/li>\n<li>Tugev radikaalivastane toime.<\/li>\n<\/ul>\n<h6><strong>RAKENDUS<\/strong><\/h6>\n<ul>\n<li>N\u00e4gu: 1,0 ml &#8211; 2,0 ml<\/li>\n<li>Kogu n\u00e4gu: 5,0 ml (n\u00e4gu, kael, dekoltee)<\/li>\n<li>Kael: 1,0 ml<\/li>\n<li>Dekoltee: 2,5 ml<\/li>\n<li>K\u00e4ed: 1,0 ml k\u00e4e kohta<\/li>\n<\/ul>\n<p><strong>Sagedus<\/strong>\u00a0: \u00fcks kord iga 15 p\u00e4eva j\u00e4rel 3 kuu jooksul.<\/p>\n","protected":false},"excerpt":{"rendered":"<p class=\"tw-data-text tw-text-large tw-ta\" dir=\"ltr\" data-placeholder=\"T\u00f5lge\">Global Meso Peptide\u00a0on mesoteraapia mitteinvasiivne vorm (Dermaroller, Mesoroller jne), mis p\u00f5hineb peptiidide regenereerivatel ja stimuleerivatel omadustel.<\/p>\n<p dir=\"ltr\" data-placeholder=\"T\u00f5lge\"><span class=\"Y2IQFc\" lang=\"et\">Omab t\u00e4nu selles sisalduvatele looduslikele koostisosadele v\u00e4\u00e4rtuslikku vananemisvastast toimet.<\/span><\/p>\n<p class=\"tw-data-text tw-text-large tw-ta\" dir=\"ltr\" data-placeholder=\"T\u00f5lge\"><span style=\"font-size: 16px;\">Neutraliseerib aja m\u00f5ju, avaldades olulist radikaalidevastast ja antioks\u00fcdantset toimet.<\/span><\/p>\n<p class=\"tw-data-text tw-text-large tw-ta\" dir=\"ltr\" data-placeholder=\"T\u00f5lge\"><span style=\"font-size: 16px;\">L\u00f5\u00f5gastab n\u00e4olihaseid, millel on ilmne m\u00f5ju miimikajoontele.<\/span><\/p>\n<p class=\"tw-data-text tw-text-large tw-ta\" dir=\"ltr\" data-placeholder=\"T\u00f5lge\"><span class=\"Y2IQFc\" lang=\"et\"> Nahk on sile, l\u00f5dvestunud, eluj\u00f5uline. <\/span><\/p>\n<p dir=\"ltr\" data-placeholder=\"T\u00f5lge\">\n","protected":false},"featured_media":5790,"template":"","meta":{"om_disable_all_campaigns":false,"_monsterinsights_skip_tracking":false,"_monsterinsights_sitenote_active":false,"_monsterinsights_sitenote_note":"","_monsterinsights_sitenote_category":0,"_uf_show_specific_survey":0,"_uf_disable_surveys":false,"site-sidebar-layout":"default","site-content-layout":"","ast-site-content-layout":"default","site-content-style":"default","site-sidebar-style":"default","ast-global-header-display":"","ast-banner-title-visibility":"","ast-main-header-display":"","ast-hfb-above-header-display":"","ast-hfb-below-header-display":"","ast-hfb-mobile-header-display":"","site-post-title":"","ast-breadcrumbs-content":"","ast-featured-img":"","footer-sml-layout":"","theme-transparent-header-meta":"default","adv-header-id-meta":"","stick-header-meta":"","header-above-stick-meta":"","header-main-stick-meta":"","header-below-stick-meta":"","astra-migrate-meta-layouts":"set","ast-page-background-enabled":"default","ast-page-background-meta":{"desktop":{"background-color":"var(--ast-global-color-4)","background-image":"","background-repeat":"repeat","background-position":"center center","background-size":"auto","background-attachment":"scroll","background-type":"","background-media":"","overlay-type":"","overlay-color":"","overlay-opacity":"","overlay-gradient":""},"tablet":{"background-color":"","background-image":"","background-repeat":"repeat","background-position":"center center","background-size":"auto","background-attachment":"scroll","background-type":"","background-media":"","overlay-type":"","overlay-color":"","overlay-opacity":"","overlay-gradient":""},"mobile":{"background-color":"","background-image":"","background-repeat":"repeat","background-position":"center center","background-size":"auto","background-attachment":"scroll","background-type":"","background-media":"","overlay-type":"","overlay-color":"","overlay-opacity":"","overlay-gradient":""}},"ast-content-background-meta":{"desktop":{"background-color":"var(--ast-global-color-5)","background-image":"","background-repeat":"repeat","background-position":"center center","background-size":"auto","background-attachment":"scroll","background-type":"","background-media":"","overlay-type":"","overlay-color":"","overlay-opacity":"","overlay-gradient":""},"tablet":{"background-color":"var(--ast-global-color-5)","background-image":"","background-repeat":"repeat","background-position":"center center","background-size":"auto","background-attachment":"scroll","background-type":"","background-media":"","overlay-type":"","overlay-color":"","overlay-opacity":"","overlay-gradient":""},"mobile":{"background-color":"var(--ast-global-color-5)","background-image":"","background-repeat":"repeat","background-position":"center center","background-size":"auto","background-attachment":"scroll","background-type":"","background-media":"","overlay-type":"","overlay-color":"","overlay-opacity":"","overlay-gradient":""}}},"product_brand":[],"product_cat":[108,122],"product_tag":[],"class_list":{"0":"post-5789","1":"product","2":"type-product","3":"status-publish","4":"has-post-thumbnail","6":"product_cat-profitooted","7":"product_cat-seerumid-profitooted","8":"desktop-align-center","9":"tablet-align-left","10":"mobile-align-left","12":"first","13":"instock","14":"taxable","15":"shipping-taxable","16":"product-type-simple","17":"add-to-wishlist-before_image"},"aioseo_notices":[],"_links":{"self":[{"href":"https:\/\/kosmeetika24.eu\/et\/wp-json\/wp\/v2\/product\/5789","targetHints":{"allow":["GET"]}}],"collection":[{"href":"https:\/\/kosmeetika24.eu\/et\/wp-json\/wp\/v2\/product"}],"about":[{"href":"https:\/\/kosmeetika24.eu\/et\/wp-json\/wp\/v2\/types\/product"}],"version-history":[{"count":5,"href":"https:\/\/kosmeetika24.eu\/et\/wp-json\/wp\/v2\/product\/5789\/revisions"}],"predecessor-version":[{"id":6977,"href":"https:\/\/kosmeetika24.eu\/et\/wp-json\/wp\/v2\/product\/5789\/revisions\/6977"}],"wp:featuredmedia":[{"embeddable":true,"href":"https:\/\/kosmeetika24.eu\/et\/wp-json\/wp\/v2\/media\/5790"}],"wp:attachment":[{"href":"https:\/\/kosmeetika24.eu\/et\/wp-json\/wp\/v2\/media?parent=5789"}],"wp:term":[{"taxonomy":"product_brand","embeddable":true,"href":"https:\/\/kosmeetika24.eu\/et\/wp-json\/wp\/v2\/product_brand?post=5789"},{"taxonomy":"product_cat","embeddable":true,"href":"https:\/\/kosmeetika24.eu\/et\/wp-json\/wp\/v2\/product_cat?post=5789"},{"taxonomy":"product_tag","embeddable":true,"href":"https:\/\/kosmeetika24.eu\/et\/wp-json\/wp\/v2\/product_tag?post=5789"}],"curies":[{"name":"wp","href":"https:\/\/api.w.org\/{rel}","templated":true}]}}