{"id":5787,"date":"2023-03-24T09:59:09","date_gmt":"2023-03-24T09:59:09","guid":{"rendered":"https:\/\/kosmeetika24.eu\/?post_type=product&#038;p=5787"},"modified":"2025-03-28T14:32:12","modified_gmt":"2025-03-28T11:32:12","slug":"mesotech-global-meso-lift","status":"publish","type":"product","link":"https:\/\/kosmeetika24.eu\/et\/toode\/mesotech-global-meso-lift\/","title":{"rendered":"Mesotech Global Meso Lift"},"content":{"rendered":"<p>N\u00e4onaha vananemist ei saa v\u00f5rrelda \u00fclej\u00e4\u00e4nud keha naha vananemisega. Naha vananemise eest vastutavad pidevad n\u00e4oliigutused, p\u00e4ikese k\u00e4es viibimine, suitsetamine ja vale toitumine. Olulist rolli m\u00e4ngivad ka geneetilised tegurid.<\/p>\n<p>Me teame \u00fcha rohkem vananemist kiirendavatest teguritest ja omame rohkem teadmisi kuidas seda loomulikku f\u00fcsioloogilist protsessi aeglustada, ja saame isegi m\u00f5ningaid sellega seotud aspekte parandada.<\/p>\n<p>Vananemine p\u00f5hjustab raku- ja molekulaarkahjustusi ja naha struktuursed omadused, mis viib naha elastsuse ja pinge kadumiseni, mis hakkab silman\u00e4htavalt venima ja l\u00f5tvuma.<\/p>\n<h6 dir=\"ltr\" data-placeholder=\"T\u00f5lge\"><b>PEAMISED TOIMEAINED<\/b><\/h6>\n<ul>\n<li>Orgaaniline r\u00e4ni \u2013 aitab kaitsta keha infektsioonide eest ja on oluline ainevahetusprotsessis.\u00a0See kaitseb keha enneaegse vananemise eest.<\/li>\n<li>DMAE \u2013 toimib antioks\u00fcdandina, &#8220;p\u00fc\u00fcab&#8221; \u00fcleliigsed vabad radikaalid.<\/li>\n<li>Niatsiinamiid \u2013 vitamiini B3 derivaat, omab antioks\u00fcdantseid omadusi. Hoiab \u00e4ra naha enneaegse vananemise. Samuti stimuleerib see lipiidide tootmist ning oma kollageeni ja elastiini moodustumist kehas.<\/li>\n<li>Aminohapped &#8211; on NMF-i oluline komponent, millel on tohutu m\u00f5ju naha h\u00fcdratatsioonile, vee s\u00e4ilitamisele ja sidumisele epidermises.<\/li>\n<\/ul>\n<h6><strong>N\u00c4IDUSTUSED<\/strong><\/h6>\n<ul>\n<li>Ennetav ja vananemisvastane ravi.<\/li>\n<li>Parandab stressis, tuhmi ja ebaregulaarset nahka.<\/li>\n<li>V\u00e4hendab kortsude s\u00fcgavust.<\/li>\n<li>Stimuleerib naha lihaskiudude kokkut\u00f5mbumist, pakkudes pinguldavat toimet.<\/li>\n<li>Kujundab uuesti n\u00e4oovaali.<\/li>\n<li>Parandab naha h\u00fcdratatsiooni.<\/li>\n<li>Tagab tugeva radikaalivastase toime ja kaitseb v\u00e4liste nahakahjustuste eest.<\/li>\n<\/ul>\n<h6><strong>RAKENDUS<\/strong><\/h6>\n<ul>\n<li><strong>Krooniline vananemine<\/strong>\u00a0: \u00fcks seanss n\u00e4dalas 1 kuu jooksul, seej\u00e4rel \u00fcks kord iga 15 p\u00e4eva j\u00e4rel 2 kuu jooksul<\/li>\n<li><strong>Rinnad<\/strong>\u00a0: Kaks korda n\u00e4dalas 1 kuu jooksul, seej\u00e4rel \u00fcks kord n\u00e4dalas 1 kuu jooksul.<\/li>\n<\/ul>\n<p><strong>ANNUSTAMINE<\/strong><\/p>\n<ul>\n<li>N\u00e4gu: 1,0 ml &#8211; 2,0 ml<\/li>\n<li>Kael: 1,0 ml<\/li>\n<li>Dekoltee: 2,5 ml<\/li>\n<li>Rinnad: iga\u00fcks 2,5 ml<\/li>\n<\/ul>\n","protected":false},"excerpt":{"rendered":"<p>Global Meso Lift \u2013 pinguldav mesokokteil, mis takistab naha vananemist.<\/p>\n<p><span class=\"\">Mitteinvasiivne mesoteraapia vorm, mis p\u00f5hineb regeneratiivsel ja stimuleerivatel protsessidel, mis v\u00e4hendavad <\/span><span class=\"\">vananemise m\u00e4rke.\u00a0<\/span><\/p>\n","protected":false},"featured_media":5788,"template":"","meta":{"om_disable_all_campaigns":false,"_monsterinsights_skip_tracking":false,"_monsterinsights_sitenote_active":false,"_monsterinsights_sitenote_note":"","_monsterinsights_sitenote_category":0,"_uf_show_specific_survey":0,"_uf_disable_surveys":false,"site-sidebar-layout":"default","site-content-layout":"","ast-site-content-layout":"default","site-content-style":"default","site-sidebar-style":"default","ast-global-header-display":"","ast-banner-title-visibility":"","ast-main-header-display":"","ast-hfb-above-header-display":"","ast-hfb-below-header-display":"","ast-hfb-mobile-header-display":"","site-post-title":"","ast-breadcrumbs-content":"","ast-featured-img":"","footer-sml-layout":"","theme-transparent-header-meta":"default","adv-header-id-meta":"","stick-header-meta":"","header-above-stick-meta":"","header-main-stick-meta":"","header-below-stick-meta":"","astra-migrate-meta-layouts":"set","ast-page-background-enabled":"default","ast-page-background-meta":{"desktop":{"background-color":"var(--ast-global-color-4)","background-image":"","background-repeat":"repeat","background-position":"center center","background-size":"auto","background-attachment":"scroll","background-type":"","background-media":"","overlay-type":"","overlay-color":"","overlay-opacity":"","overlay-gradient":""},"tablet":{"background-color":"","background-image":"","background-repeat":"repeat","background-position":"center center","background-size":"auto","background-attachment":"scroll","background-type":"","background-media":"","overlay-type":"","overlay-color":"","overlay-opacity":"","overlay-gradient":""},"mobile":{"background-color":"","background-image":"","background-repeat":"repeat","background-position":"center center","background-size":"auto","background-attachment":"scroll","background-type":"","background-media":"","overlay-type":"","overlay-color":"","overlay-opacity":"","overlay-gradient":""}},"ast-content-background-meta":{"desktop":{"background-color":"var(--ast-global-color-5)","background-image":"","background-repeat":"repeat","background-position":"center center","background-size":"auto","background-attachment":"scroll","background-type":"","background-media":"","overlay-type":"","overlay-color":"","overlay-opacity":"","overlay-gradient":""},"tablet":{"background-color":"var(--ast-global-color-5)","background-image":"","background-repeat":"repeat","background-position":"center center","background-size":"auto","background-attachment":"scroll","background-type":"","background-media":"","overlay-type":"","overlay-color":"","overlay-opacity":"","overlay-gradient":""},"mobile":{"background-color":"var(--ast-global-color-5)","background-image":"","background-repeat":"repeat","background-position":"center center","background-size":"auto","background-attachment":"scroll","background-type":"","background-media":"","overlay-type":"","overlay-color":"","overlay-opacity":"","overlay-gradient":""}}},"product_brand":[],"product_cat":[108,122],"product_tag":[],"class_list":{"0":"post-5787","1":"product","2":"type-product","3":"status-publish","4":"has-post-thumbnail","6":"product_cat-profitooted","7":"product_cat-seerumid-profitooted","8":"desktop-align-center","9":"tablet-align-left","10":"mobile-align-left","12":"first","13":"instock","14":"taxable","15":"shipping-taxable","16":"product-type-simple","17":"add-to-wishlist-before_image"},"aioseo_notices":[],"_links":{"self":[{"href":"https:\/\/kosmeetika24.eu\/et\/wp-json\/wp\/v2\/product\/5787","targetHints":{"allow":["GET"]}}],"collection":[{"href":"https:\/\/kosmeetika24.eu\/et\/wp-json\/wp\/v2\/product"}],"about":[{"href":"https:\/\/kosmeetika24.eu\/et\/wp-json\/wp\/v2\/types\/product"}],"version-history":[{"count":6,"href":"https:\/\/kosmeetika24.eu\/et\/wp-json\/wp\/v2\/product\/5787\/revisions"}],"predecessor-version":[{"id":6980,"href":"https:\/\/kosmeetika24.eu\/et\/wp-json\/wp\/v2\/product\/5787\/revisions\/6980"}],"wp:featuredmedia":[{"embeddable":true,"href":"https:\/\/kosmeetika24.eu\/et\/wp-json\/wp\/v2\/media\/5788"}],"wp:attachment":[{"href":"https:\/\/kosmeetika24.eu\/et\/wp-json\/wp\/v2\/media?parent=5787"}],"wp:term":[{"taxonomy":"product_brand","embeddable":true,"href":"https:\/\/kosmeetika24.eu\/et\/wp-json\/wp\/v2\/product_brand?post=5787"},{"taxonomy":"product_cat","embeddable":true,"href":"https:\/\/kosmeetika24.eu\/et\/wp-json\/wp\/v2\/product_cat?post=5787"},{"taxonomy":"product_tag","embeddable":true,"href":"https:\/\/kosmeetika24.eu\/et\/wp-json\/wp\/v2\/product_tag?post=5787"}],"curies":[{"name":"wp","href":"https:\/\/api.w.org\/{rel}","templated":true}]}}