{"id":5785,"date":"2023-03-24T09:36:12","date_gmt":"2023-03-24T09:36:12","guid":{"rendered":"https:\/\/kosmeetika24.eu\/?post_type=product&#038;p=5785"},"modified":"2025-03-28T14:32:23","modified_gmt":"2025-03-28T11:32:23","slug":"mesotech-global-meso-complex","status":"publish","type":"product","link":"https:\/\/kosmeetika24.eu\/et\/toode\/mesotech-global-meso-complex\/","title":{"rendered":"Mesotech Global Meso Complex"},"content":{"rendered":"<p id=\"tw-target-text\" class=\"tw-data-text tw-text-large tw-ta\" dir=\"ltr\" data-placeholder=\"T\u00f5lge\"><span class=\"Y2IQFc\" lang=\"et\">Global Meso Complex annab suurep\u00e4raseid vananemisvastaseid tulemusi ja tagab naha kvaliteedi \u00f5ige s\u00e4ilimise, v\u00f5ideldes t\u00f5husalt naha l\u00f5tvumise vastu.<\/span><\/p>\n<p class=\"tw-data-text tw-text-large tw-ta\" dir=\"ltr\" data-placeholder=\"T\u00f5lge\"><span class=\"Y2IQFc\" lang=\"et\"> Koosneb homogeensetest ja teistest t\u00f5husatest segudest, millel puuduvad <\/span><span class=\"Y2IQFc\" lang=\"et\">k\u00f5rvaltoimed. <\/span><\/p>\n<p class=\"tw-data-text tw-text-large tw-ta\" dir=\"ltr\" data-placeholder=\"T\u00f5lge\"><span class=\"Y2IQFc\" lang=\"et\">Sobib k\u00f5ikidele nahat\u00fc\u00fcpidele, v\u00f5ideldes edukalt vananemisilmingute vastu (kollageenikiudude ja mikrotsirkulatsiooni muutus). <\/span><\/p>\n<p class=\"tw-data-text tw-text-large tw-ta\" dir=\"ltr\" data-placeholder=\"T\u00f5lge\"><span class=\"Y2IQFc\" lang=\"et\">Global Meso Complex\u00a0 sobib naha stimuleerimiseks ja taaselustamiseks, v\u00f5imaldab hooldada kortse ning v\u00e4sinud, n\u00f5rgenenud ja haprat nahka, samuti suurep\u00e4rane hooldus p\u00e4ikesekahjustusega v\u00f5i v\u00e4ga deh\u00fcdreeritud nahale.<\/span><\/p>\n<h6 dir=\"ltr\" data-placeholder=\"T\u00f5lge\"><strong>PEAMISED TOIMEAINED<\/strong><\/h6>\n<p dir=\"ltr\" data-placeholder=\"T\u00f5lge\">DMAE, multivitamiinid, naatrium PCA, aminohapped.<\/p>\n<h6><strong>N\u00c4IDUSTUSED<\/strong><\/h6>\n<ul>\n<li>Vananemisvastane (fotovananemine, kronovananemine)<\/li>\n<li>Parandab stressis nahka.<\/li>\n<li>M\u00f5\u00f5dukad ja s\u00fcgavad kortsud.<\/li>\n<li>Naha l\u00f5tvumine ja tiheduse v\u00e4henemine &#8211; hall ja tuhm nahk.<\/li>\n<li>Naha pinge kadumine n\u00e4ol ja kaelal.<\/li>\n<li>Toniseeriva toimega niisutamine.<\/li>\n<\/ul>\n<h6><strong>RAKENDUS<\/strong><\/h6>\n<ul>\n<li><strong>Fotovananemine<\/strong>\u00a0: 1 seanss n\u00e4dalas 1 kuu jooksul, seej\u00e4rel \u00fcks kord 15 p\u00e4eva jooksul 2 kuu jooksul.\u00a0P\u00e4rast seda kord kuus.<\/li>\n<li><strong>Krooniline vanandamine<\/strong>\u00a0: 1x n\u00e4dalas 2 kuu jooksul, seej\u00e4rel kord kuus.<\/li>\n<\/ul>\n<h6><strong>ANNUSTAMINE<\/strong><\/h6>\n<ul>\n<li>N\u00e4gu: 1,0 ml &#8211; 2,0 ml<\/li>\n<li>Kael: 1,0 ml<\/li>\n<li>Dekoltee: 2,5 ml<\/li>\n<li>K\u00e4ed: 1,0 ml k\u00e4e kohta<\/li>\n<\/ul>\n","protected":false},"excerpt":{"rendered":"<p class=\"tw-data-text tw-text-large tw-ta\" dir=\"ltr\" data-placeholder=\"T\u00f5lge\"><span class=\"Y2IQFc\" lang=\"et\">Global Meso Complex\u00a0 sobib naha stimuleerimiseks ja taaselustamiseks, v\u00f5imaldab hooldada kortse ning v\u00e4sinud, n\u00f5rgenenud ja haprat nahka, samuti suurep\u00e4rane hooldus p\u00e4ikesekahjustusega v\u00f5i v\u00e4ga deh\u00fcdreeritud nahale.<\/span><\/p>\n<p dir=\"ltr\" data-placeholder=\"T\u00f5lge\">10 x 5ml<\/p>\n","protected":false},"featured_media":5786,"template":"","meta":{"om_disable_all_campaigns":false,"_monsterinsights_skip_tracking":false,"_monsterinsights_sitenote_active":false,"_monsterinsights_sitenote_note":"","_monsterinsights_sitenote_category":0,"_uf_show_specific_survey":0,"_uf_disable_surveys":false,"site-sidebar-layout":"default","site-content-layout":"","ast-site-content-layout":"default","site-content-style":"default","site-sidebar-style":"default","ast-global-header-display":"","ast-banner-title-visibility":"","ast-main-header-display":"","ast-hfb-above-header-display":"","ast-hfb-below-header-display":"","ast-hfb-mobile-header-display":"","site-post-title":"","ast-breadcrumbs-content":"","ast-featured-img":"","footer-sml-layout":"","theme-transparent-header-meta":"default","adv-header-id-meta":"","stick-header-meta":"","header-above-stick-meta":"","header-main-stick-meta":"","header-below-stick-meta":"","astra-migrate-meta-layouts":"set","ast-page-background-enabled":"default","ast-page-background-meta":{"desktop":{"background-color":"var(--ast-global-color-4)","background-image":"","background-repeat":"repeat","background-position":"center center","background-size":"auto","background-attachment":"scroll","background-type":"","background-media":"","overlay-type":"","overlay-color":"","overlay-opacity":"","overlay-gradient":""},"tablet":{"background-color":"","background-image":"","background-repeat":"repeat","background-position":"center center","background-size":"auto","background-attachment":"scroll","background-type":"","background-media":"","overlay-type":"","overlay-color":"","overlay-opacity":"","overlay-gradient":""},"mobile":{"background-color":"","background-image":"","background-repeat":"repeat","background-position":"center center","background-size":"auto","background-attachment":"scroll","background-type":"","background-media":"","overlay-type":"","overlay-color":"","overlay-opacity":"","overlay-gradient":""}},"ast-content-background-meta":{"desktop":{"background-color":"var(--ast-global-color-5)","background-image":"","background-repeat":"repeat","background-position":"center center","background-size":"auto","background-attachment":"scroll","background-type":"","background-media":"","overlay-type":"","overlay-color":"","overlay-opacity":"","overlay-gradient":""},"tablet":{"background-color":"var(--ast-global-color-5)","background-image":"","background-repeat":"repeat","background-position":"center center","background-size":"auto","background-attachment":"scroll","background-type":"","background-media":"","overlay-type":"","overlay-color":"","overlay-opacity":"","overlay-gradient":""},"mobile":{"background-color":"var(--ast-global-color-5)","background-image":"","background-repeat":"repeat","background-position":"center center","background-size":"auto","background-attachment":"scroll","background-type":"","background-media":"","overlay-type":"","overlay-color":"","overlay-opacity":"","overlay-gradient":""}}},"product_brand":[],"product_cat":[108,122],"product_tag":[],"class_list":{"0":"post-5785","1":"product","2":"type-product","3":"status-publish","4":"has-post-thumbnail","6":"product_cat-profitooted","7":"product_cat-seerumid-profitooted","8":"desktop-align-center","9":"tablet-align-left","10":"mobile-align-left","12":"first","13":"instock","14":"taxable","15":"shipping-taxable","16":"product-type-simple","17":"add-to-wishlist-before_image"},"aioseo_notices":[],"_links":{"self":[{"href":"https:\/\/kosmeetika24.eu\/et\/wp-json\/wp\/v2\/product\/5785","targetHints":{"allow":["GET"]}}],"collection":[{"href":"https:\/\/kosmeetika24.eu\/et\/wp-json\/wp\/v2\/product"}],"about":[{"href":"https:\/\/kosmeetika24.eu\/et\/wp-json\/wp\/v2\/types\/product"}],"version-history":[{"count":6,"href":"https:\/\/kosmeetika24.eu\/et\/wp-json\/wp\/v2\/product\/5785\/revisions"}],"predecessor-version":[{"id":7093,"href":"https:\/\/kosmeetika24.eu\/et\/wp-json\/wp\/v2\/product\/5785\/revisions\/7093"}],"wp:featuredmedia":[{"embeddable":true,"href":"https:\/\/kosmeetika24.eu\/et\/wp-json\/wp\/v2\/media\/5786"}],"wp:attachment":[{"href":"https:\/\/kosmeetika24.eu\/et\/wp-json\/wp\/v2\/media?parent=5785"}],"wp:term":[{"taxonomy":"product_brand","embeddable":true,"href":"https:\/\/kosmeetika24.eu\/et\/wp-json\/wp\/v2\/product_brand?post=5785"},{"taxonomy":"product_cat","embeddable":true,"href":"https:\/\/kosmeetika24.eu\/et\/wp-json\/wp\/v2\/product_cat?post=5785"},{"taxonomy":"product_tag","embeddable":true,"href":"https:\/\/kosmeetika24.eu\/et\/wp-json\/wp\/v2\/product_tag?post=5785"}],"curies":[{"name":"wp","href":"https:\/\/api.w.org\/{rel}","templated":true}]}}