{"id":5740,"date":"2023-02-21T13:29:32","date_gmt":"2023-02-21T13:29:32","guid":{"rendered":"https:\/\/kosmeetika24.eu\/?post_type=product&#038;p=5740"},"modified":"2026-04-01T16:14:34","modified_gmt":"2026-04-01T13:14:34","slug":"reveel-mereline-silmamask-5-tk","status":"publish","type":"product","link":"https:\/\/kosmeetika24.eu\/et\/toode\/reveel-mereline-silmamask-5-tk\/","title":{"rendered":"Reveel mereline silmamask 5 tk"},"content":{"rendered":"<p>S\u00fcgava toimega silmamask toidab \u00f5rna silma\u00fcmbruse nahka eluandva niiskusega ja k\u00f5rvaldab v\u00e4simuse m\u00e4rgid.<\/p>\n<p>Maski kasutamise tulemused\u00a0 on sarnased puhkusega mere\u00e4\u00e4rses kuurortis:<\/p>\n<ul>\n<li>nahk pakseneb, andes sellele s<span class=\"Y2IQFc\" lang=\"et\">ilmn\u00e4htavalt pringima v\u00e4limuse,<\/span><\/li>\n<li>kaovad v\u00e4simuse j\u00e4ljed ja tumedad silmaalused.<\/li>\n<li>nahk muutub elastsemaks ja niisutatumaks.<\/li>\n<\/ul>\n<p>Seda saab kasutada v\u00e4lkhooldusena hetkedel, mis vajavad kohest tulemust, nagu pulmad v\u00f5i \u00fcritused.<\/p>\n<p>Sobib k\u00f5igile nahat\u00fc\u00fcpidele, eriti kuivale nahale. V\u00f5ib kasutada tundliku naha korral.<\/p>\n<p><strong>PEAMISED TOIMEAINED<\/strong><\/p>\n<ul>\n<li>H\u00fclauroonhape<\/li>\n<li>merevetikate alginaadid<\/li>\n<li>Kaltsiumiioonid<\/li>\n<\/ul>\n<p><strong>TOIME<\/strong><\/p>\n<ul>\n<li><span class=\"Y2IQFc\" lang=\"et\">H\u00fcaluroonhape seob niiskust ja tagab kauakestva tulemuse. Taastub naha barj\u00e4\u00e4rifunktsioon ja kuivuskortsud saavad silutud.<\/span><\/li>\n<li>Merevetikate alginaadid niisutavad, toidavad ja pinguldavad nahka.<\/li>\n<li><span class=\"Y2IQFc\" lang=\"et\">Kaltsiumiioonid stimuleerivad s\u00fcgaval nahapinnas olevate akvaporiinide mobilisatsiooni, mis koheselt suurendab oluliselt naha niiskusvarustatust.<\/span><\/li>\n<\/ul>\n<p><strong>KASUTAMINE<\/strong><\/p>\n<ol>\n<li><span class=\"Y2IQFc\" lang=\"et\">Aktiveerimisvedeliku vabastamiseks vajutage m\u00f5lema p\u00f6idlaga kindlalt vedelikukambrile.<\/span><\/li>\n<li>Eemaldage foolium alles siis kui vedelik on maskidesse t\u00e4ielikult imendunud.<\/li>\n<li>Kandke maskid puhastatud nahale, j\u00e4tke peale 15 minutiks.<\/li>\n<li>P\u00e4rast kasutamist eemaldage maskid ja visake need \u00e4ra.<\/li>\n<\/ol>\n<p><span class=\"Y2IQFc\" lang=\"et\">Kasutada vastavalt vajadusele. <\/span><\/p>\n<p><span class=\"Y2IQFc\" lang=\"et\">Kestvama tulemuse saavutamiseks kasutada regulaarselt 2-3x n\u00e4dalas.\u00a0<\/span><\/p>\n<p><strong>KOOSTIS<\/strong><\/p>\n<p>Algin, Cellulose Gum, Glycerin, Calcium Sulfate, Caprylic \/ Capric Triglyceride, Citric Acid, Sorbitol Activation Liquid: Aqua (Water), Butylene, Glycol, Glycerin, 1.5-Pentanediol, Leuconostoc\/Radish Root Ferment Filtrate, Sodium Hyaluronate.<\/p>\n","protected":false},"excerpt":{"rendered":"<p id=\"title\" class=\"a-size-large a-spacing-none\"><span id=\"productTitle\" class=\"a-size-large product-title-word-break\" style=\"font-size: 16px;\">Kiire toimega silmamask &#8211; naha niisutamiseks ja v\u00e4sinud v\u00e4limuse turgutamiseks &#8211; naistele ja meestele.<\/span><\/p>\n<p>Silmaaluse plaastrid on 100% silikoonivabad, alumiiniumivabad, alkoholivabad ja mikroplastivabad.<\/p>\n<p>Sobib veganitele.<\/p>\n<p>Pakendis on 5&#215;2 maski \u00fchekordseks kasutamiseks.<\/p>\n","protected":false},"featured_media":5741,"template":"","meta":{"om_disable_all_campaigns":false,"_monsterinsights_skip_tracking":false,"_monsterinsights_sitenote_active":false,"_monsterinsights_sitenote_note":"","_monsterinsights_sitenote_category":0,"_uf_show_specific_survey":0,"_uf_disable_surveys":false,"site-sidebar-layout":"default","site-content-layout":"","ast-site-content-layout":"default","site-content-style":"default","site-sidebar-style":"default","ast-global-header-display":"","ast-banner-title-visibility":"","ast-main-header-display":"","ast-hfb-above-header-display":"","ast-hfb-below-header-display":"","ast-hfb-mobile-header-display":"","site-post-title":"","ast-breadcrumbs-content":"","ast-featured-img":"","footer-sml-layout":"","theme-transparent-header-meta":"default","adv-header-id-meta":"","stick-header-meta":"","header-above-stick-meta":"","header-main-stick-meta":"","header-below-stick-meta":"","astra-migrate-meta-layouts":"set","ast-page-background-enabled":"default","ast-page-background-meta":{"desktop":{"background-color":"var(--ast-global-color-4)","background-image":"","background-repeat":"repeat","background-position":"center center","background-size":"auto","background-attachment":"scroll","background-type":"","background-media":"","overlay-type":"","overlay-color":"","overlay-opacity":"","overlay-gradient":""},"tablet":{"background-color":"","background-image":"","background-repeat":"repeat","background-position":"center center","background-size":"auto","background-attachment":"scroll","background-type":"","background-media":"","overlay-type":"","overlay-color":"","overlay-opacity":"","overlay-gradient":""},"mobile":{"background-color":"","background-image":"","background-repeat":"repeat","background-position":"center center","background-size":"auto","background-attachment":"scroll","background-type":"","background-media":"","overlay-type":"","overlay-color":"","overlay-opacity":"","overlay-gradient":""}},"ast-content-background-meta":{"desktop":{"background-color":"var(--ast-global-color-5)","background-image":"","background-repeat":"repeat","background-position":"center center","background-size":"auto","background-attachment":"scroll","background-type":"","background-media":"","overlay-type":"","overlay-color":"","overlay-opacity":"","overlay-gradient":""},"tablet":{"background-color":"var(--ast-global-color-5)","background-image":"","background-repeat":"repeat","background-position":"center center","background-size":"auto","background-attachment":"scroll","background-type":"","background-media":"","overlay-type":"","overlay-color":"","overlay-opacity":"","overlay-gradient":""},"mobile":{"background-color":"var(--ast-global-color-5)","background-image":"","background-repeat":"repeat","background-position":"center center","background-size":"auto","background-attachment":"scroll","background-type":"","background-media":"","overlay-type":"","overlay-color":"","overlay-opacity":"","overlay-gradient":""}}},"product_brand":[],"product_cat":[50,338,15,81],"product_tag":[],"class_list":{"0":"post-5740","1":"product","2":"type-product","3":"status-publish","4":"has-post-thumbnail","6":"product_cat-kampaaniad","7":"product_cat-maskid-parchid","8":"product_cat-naole","9":"product_cat-silmahooldus","10":"desktop-align-center","11":"tablet-align-left","12":"mobile-align-left","14":"first","15":"instock","16":"sale","17":"taxable","18":"shipping-taxable","19":"purchasable","20":"product-type-simple","21":"add-to-wishlist-before_image"},"aioseo_notices":[],"_links":{"self":[{"href":"https:\/\/kosmeetika24.eu\/et\/wp-json\/wp\/v2\/product\/5740","targetHints":{"allow":["GET"]}}],"collection":[{"href":"https:\/\/kosmeetika24.eu\/et\/wp-json\/wp\/v2\/product"}],"about":[{"href":"https:\/\/kosmeetika24.eu\/et\/wp-json\/wp\/v2\/types\/product"}],"version-history":[{"count":4,"href":"https:\/\/kosmeetika24.eu\/et\/wp-json\/wp\/v2\/product\/5740\/revisions"}],"predecessor-version":[{"id":8831,"href":"https:\/\/kosmeetika24.eu\/et\/wp-json\/wp\/v2\/product\/5740\/revisions\/8831"}],"wp:featuredmedia":[{"embeddable":true,"href":"https:\/\/kosmeetika24.eu\/et\/wp-json\/wp\/v2\/media\/5741"}],"wp:attachment":[{"href":"https:\/\/kosmeetika24.eu\/et\/wp-json\/wp\/v2\/media?parent=5740"}],"wp:term":[{"taxonomy":"product_brand","embeddable":true,"href":"https:\/\/kosmeetika24.eu\/et\/wp-json\/wp\/v2\/product_brand?post=5740"},{"taxonomy":"product_cat","embeddable":true,"href":"https:\/\/kosmeetika24.eu\/et\/wp-json\/wp\/v2\/product_cat?post=5740"},{"taxonomy":"product_tag","embeddable":true,"href":"https:\/\/kosmeetika24.eu\/et\/wp-json\/wp\/v2\/product_tag?post=5740"}],"curies":[{"name":"wp","href":"https:\/\/api.w.org\/{rel}","templated":true}]}}