{"id":5729,"date":"2023-02-21T13:04:14","date_gmt":"2023-02-21T13:04:14","guid":{"rendered":"https:\/\/kosmeetika24.eu\/?post_type=product&#038;p=5729"},"modified":"2026-04-01T15:52:50","modified_gmt":"2026-04-01T12:52:50","slug":"reveel-kollageeniga-silmamask-5-tk","status":"publish","type":"product","link":"https:\/\/kosmeetika24.eu\/et\/toode\/reveel-kollageeniga-silmamask-5-tk\/","title":{"rendered":"Reveel kollageeniga silmamask 5 tk"},"content":{"rendered":"<p>Silma\u00fcmbruse nahk on \u00f5huke ja \u00f5rn.\u00a0See piirkond v\u00f5ib vanusega deh\u00fcdreeruda ja \u00e4rrituda, mis toob esile kuivuse jooned v\u00f5i kortsud.<\/p>\n<p>Kollageeni silmaplaastrid suurendavad kollageeni s\u00fcnteesi. V<span class=\"Y2IQFc\" lang=\"et\">ananemisvastane silmamask silub ja rahustab \u00f5rna silma\u00fcmbruse nahka. Naha elastsus paraneb 37% ja niisuatatus 46%.<\/span><\/p>\n<p>Plaastrid ei sisalda alkoholi, on soovitatavad k\u00f5ikidele nahat\u00fc\u00fcpidele, sh tundlikule, kuivusele ja \u00e4rritusele kalduvale nahale &#8211; niisutavad seda kiiresti ja leevandavad ebamugavustunnet.<\/p>\n<p>Seda saab kasutada v\u00e4lkhooldusena hetkedel, mis vajavad kohest tulemust, nagu pulmad v\u00f5i \u00fcritused.<\/p>\n<p><strong>TOIME<\/strong><\/p>\n<p><span class=\"Y2IQFc\" lang=\"et\">Naturaalsete kollageenikiudude ja h\u00fcaluroonhappe \u00fclik\u00f5rge kontsentratsioon moodustavad niiskusv\u00f5rgustiku, mis niisutab s\u00fcgavalt silma\u00fcmbruse nahka ja t\u00e4idab s\u00e4\u00e4stvalt selle niiskusvarusid.<\/span><\/p>\n<p><span class=\"Y2IQFc\" lang=\"et\">Kollageeni peptiidid stimuleerivad samaaegselt naha enda kollageeni s\u00fcnteesi. Pingetunne kaob, nahk rahuneb, peened jooned leevenevad ja kortsud siluvad. Siidise tunde ja s\u00e4rava v\u00e4limuse jaoks!<\/span><\/p>\n<p><strong>KASUTAMINE<\/strong><\/p>\n<p><span class=\"Y2IQFc\" lang=\"et\">Aktiveerimisvedeliku vabastamiseks vajutage m\u00f5lema p\u00f6idlaga kindlalt vedelikukambrile. <\/span><\/p>\n<p><span class=\"Y2IQFc\" lang=\"et\">Eemaldage foolium alles siis kui vedelik on maskidesse t\u00e4ielikult imendunud. <\/span><\/p>\n<p><span class=\"Y2IQFc\" lang=\"et\">Kandke maskid puhastatud nahale, j\u00e4tke peale 15 minutiks.\u00a0<\/span><\/p>\n<p><span class=\"Y2IQFc\" lang=\"et\">Kasutada vastavalt vajadusele. Kestvama tulemuse saavutamiseks kasutada regulaarselt 2-3x n\u00e4dalas.\u00a0<\/span><\/p>\n<p><strong>KOOSTIS<\/strong><\/p>\n<p>Collagen, Rayon, Paraffin, Hydrogenated Rosin, Hydrogenated Polyisobutene, PPG-15 Stearyl, Ether, PEG-40 Sorbitan Peroleate, BHT | Activation Liquid: Aqua (Water), Butylene Glycol, Glycerin, 1,5-Pentanediol, Leuconostoc \/ Radish Root Ferment Filtrate, Sodium Hyaluronate.<\/p>\n","protected":false},"excerpt":{"rendered":"<p>Kollageenmask silma\u00fcmbrusele k\u00f5rvaldab koheselt esimesed vananemism\u00e4rgid ja v\u00e4simuse j\u00e4ljed, toidab niiskusega, elustab ja annab s\u00e4ra.<\/p>\n<p>Saab kasutada nii naistel kui meestel.<\/p>\n<p>Silmaalused plaastrid on 100% silikoonivabad, alumiiniumivabad, alkoholivabad ja mikroplastivabad.<\/p>\n<p>Pakendis 5&#215;2 maski, \u00fchekordseks kasutamiseks.<\/p>\n","protected":false},"featured_media":5731,"template":"","meta":{"om_disable_all_campaigns":false,"_monsterinsights_skip_tracking":false,"_monsterinsights_sitenote_active":false,"_monsterinsights_sitenote_note":"","_monsterinsights_sitenote_category":0,"_uf_show_specific_survey":0,"_uf_disable_surveys":false,"site-sidebar-layout":"default","site-content-layout":"","ast-site-content-layout":"default","site-content-style":"default","site-sidebar-style":"default","ast-global-header-display":"","ast-banner-title-visibility":"","ast-main-header-display":"","ast-hfb-above-header-display":"","ast-hfb-below-header-display":"","ast-hfb-mobile-header-display":"","site-post-title":"","ast-breadcrumbs-content":"","ast-featured-img":"","footer-sml-layout":"","theme-transparent-header-meta":"default","adv-header-id-meta":"","stick-header-meta":"","header-above-stick-meta":"","header-main-stick-meta":"","header-below-stick-meta":"","astra-migrate-meta-layouts":"set","ast-page-background-enabled":"default","ast-page-background-meta":{"desktop":{"background-color":"var(--ast-global-color-4)","background-image":"","background-repeat":"repeat","background-position":"center center","background-size":"auto","background-attachment":"scroll","background-type":"","background-media":"","overlay-type":"","overlay-color":"","overlay-opacity":"","overlay-gradient":""},"tablet":{"background-color":"","background-image":"","background-repeat":"repeat","background-position":"center center","background-size":"auto","background-attachment":"scroll","background-type":"","background-media":"","overlay-type":"","overlay-color":"","overlay-opacity":"","overlay-gradient":""},"mobile":{"background-color":"","background-image":"","background-repeat":"repeat","background-position":"center center","background-size":"auto","background-attachment":"scroll","background-type":"","background-media":"","overlay-type":"","overlay-color":"","overlay-opacity":"","overlay-gradient":""}},"ast-content-background-meta":{"desktop":{"background-color":"var(--ast-global-color-5)","background-image":"","background-repeat":"repeat","background-position":"center center","background-size":"auto","background-attachment":"scroll","background-type":"","background-media":"","overlay-type":"","overlay-color":"","overlay-opacity":"","overlay-gradient":""},"tablet":{"background-color":"var(--ast-global-color-5)","background-image":"","background-repeat":"repeat","background-position":"center center","background-size":"auto","background-attachment":"scroll","background-type":"","background-media":"","overlay-type":"","overlay-color":"","overlay-opacity":"","overlay-gradient":""},"mobile":{"background-color":"var(--ast-global-color-5)","background-image":"","background-repeat":"repeat","background-position":"center center","background-size":"auto","background-attachment":"scroll","background-type":"","background-media":"","overlay-type":"","overlay-color":"","overlay-opacity":"","overlay-gradient":""}}},"product_brand":[],"product_cat":[50,81,84],"product_tag":[],"class_list":{"0":"post-5729","1":"product","2":"type-product","3":"status-publish","4":"has-post-thumbnail","6":"product_cat-kampaaniad","7":"product_cat-silmahooldus","8":"product_cat-tundlikule-nahale","9":"desktop-align-center","10":"tablet-align-left","11":"mobile-align-left","13":"first","14":"instock","15":"sale","16":"taxable","17":"shipping-taxable","18":"purchasable","19":"product-type-simple","20":"add-to-wishlist-before_image"},"aioseo_notices":[],"_links":{"self":[{"href":"https:\/\/kosmeetika24.eu\/et\/wp-json\/wp\/v2\/product\/5729","targetHints":{"allow":["GET"]}}],"collection":[{"href":"https:\/\/kosmeetika24.eu\/et\/wp-json\/wp\/v2\/product"}],"about":[{"href":"https:\/\/kosmeetika24.eu\/et\/wp-json\/wp\/v2\/types\/product"}],"version-history":[{"count":3,"href":"https:\/\/kosmeetika24.eu\/et\/wp-json\/wp\/v2\/product\/5729\/revisions"}],"predecessor-version":[{"id":8829,"href":"https:\/\/kosmeetika24.eu\/et\/wp-json\/wp\/v2\/product\/5729\/revisions\/8829"}],"wp:featuredmedia":[{"embeddable":true,"href":"https:\/\/kosmeetika24.eu\/et\/wp-json\/wp\/v2\/media\/5731"}],"wp:attachment":[{"href":"https:\/\/kosmeetika24.eu\/et\/wp-json\/wp\/v2\/media?parent=5729"}],"wp:term":[{"taxonomy":"product_brand","embeddable":true,"href":"https:\/\/kosmeetika24.eu\/et\/wp-json\/wp\/v2\/product_brand?post=5729"},{"taxonomy":"product_cat","embeddable":true,"href":"https:\/\/kosmeetika24.eu\/et\/wp-json\/wp\/v2\/product_cat?post=5729"},{"taxonomy":"product_tag","embeddable":true,"href":"https:\/\/kosmeetika24.eu\/et\/wp-json\/wp\/v2\/product_tag?post=5729"}],"curies":[{"name":"wp","href":"https:\/\/api.w.org\/{rel}","templated":true}]}}