{"id":5708,"date":"2023-02-21T12:01:03","date_gmt":"2023-02-21T12:01:03","guid":{"rendered":"https:\/\/kosmeetika24.eu\/?post_type=product&#038;p=5708"},"modified":"2026-04-01T16:08:40","modified_gmt":"2026-04-01T13:08:40","slug":"5708","status":"publish","type":"product","link":"https:\/\/kosmeetika24.eu\/et\/toode\/5708\/","title":{"rendered":"Reveel noorendav silmaseerum"},"content":{"rendered":"<p>Silmad on meie hinge ja v\u00e4simuse peegel, mis v\u00e4ljendavad seda, kui h\u00e4sti oleme maganud ja kui \u00f5nnelikud me oleme. Silma\u00fcmbruse nahk tegelikult \u00fcks esimesi piirkondi, mis v\u00f5ib hakata v\u00e4lja n\u00e4itama vananemise m\u00e4rke: peened kurrud, miimikakortsud, silma\u00fcmbruse kuivus v\u00f5i elastsuse kadu, tursed silmade all. Kindlasti m\u00f5jutavad seda piirkonda elustiil, geneetika, aga ka keskkond ja <strong>\u00f5ige nahahooldus<\/strong>.<\/p>\n<p><span class=\"Y2IQFc\" lang=\"et\">Noorendav silma\u00fcmbruse seerum <strong>Resveratrol Concentrate Eye<\/strong> kaitseb silma\u00fcmbruse nahka enneaegse vananemise eest ja tugevdab naha antioks\u00fcdatiivseid protsesse. <\/span><\/p>\n<p>Juba esimese 8 kasutsun\u00e4dalaga muutuvad kortsud v\u00e4hem m\u00e4rgatavaks, nahk on siledam, n\u00e4eb noorem ja elastsem v\u00e4lja. Silma\u00fcmbruse naha v\u00e4simuse m\u00e4rgid v\u00e4henevad 44%.<\/p>\n<p><span lang=\"et-EE\">Maksimaalse efektiivsuse saavutamiseks on<\/span><strong><span lang=\"et-EE\">\u00a0<\/span><\/strong><span lang=\"et-EE\">seerumit k\u00f5ige parem kasutada \u00f5htuse nahahoolduse ajal.<\/span><\/p>\n<p>Sobib k\u00f5igile nahat\u00fc\u00fcpidele, sealhulgas kuivale, tundlikule ja \u00e4rritunud nahale.<\/p>\n<p><strong>TOIME<\/strong><\/p>\n<p><span class=\"Y2IQFc\" lang=\"et\">Resveratrool kaitseb kollageeni tootmist, neutraliseerib vabu radikaale ja hoiab \u00e4ra naha\u00e4rrituse. <\/span><span class=\"Y2IQFc\" lang=\"et\">Silma\u00fcmbruse nahk pinguldub, punetus v\u00e4heneb ja selle antioks\u00fcdantne kaitsev\u00f5ime tugevneb.<\/span><\/p>\n<p><span class=\"Y2IQFc\" lang=\"et\"> Vananemisvastased maatriksid stimuleerivad kollageeni tootmist, et siluda peeneid jooni ja kortse ning v\u00e4ltida enneaegset vananemist. <\/span><\/p>\n<p><span class=\"Y2IQFc\" lang=\"et\">Sheav\u00f5i ja h\u00fcaluroonhape annavad tundlikule piirkonnale ka lisaniiskust ja stimuleerivad s\u00e4\u00e4stvalt lipiidide tootmist.<\/span><\/p>\n<p>Silma pinguldav kreem kaitseb silma\u00fcmbruse nahka enneaegse vananemise eest ja tugevdab naha antioks\u00fcdatiivseid protsesse.<\/p>\n<h4><strong>TOIME<\/strong><\/h4>\n<p><span class=\"Y2IQFc\" lang=\"et\">Resveratrool kaitseb kollageeni tootmist, neutraliseerib vabu radikaale ja hoiab \u00e4ra naha\u00e4rrituse. <\/span><span class=\"Y2IQFc\" lang=\"et\">Silma\u00fcmbruse nahk pinguldub, punetus v\u00e4heneb ja selle antioks\u00fcdantne kaitsev\u00f5ime tugevneb.<\/span><\/p>\n<p><span class=\"Y2IQFc\" lang=\"et\"> Vananemisvastased maatriksid stimuleerivad kollageeni tootmist, et siluda peeneid jooni ja kortse ning v\u00e4ltida enneaegset vananemist. <\/span><\/p>\n<p><span class=\"Y2IQFc\" lang=\"et\">Sheav\u00f5i ja h\u00fcaluroonhape annavad tundlikule piirkonnale ka lisaniiskust ja stimuleerivad s\u00e4\u00e4stvalt lipiidide tootmist.<\/span><\/p>\n<p>Silma pinguldav kreem kaitseb silma\u00fcmbruse nahka enneaegse vananemise eest ja tugevdab naha antioks\u00fcdatiivseid protsesse.<\/p>\n<p><strong>KASUTAMINE<\/strong><\/p>\n<p><span class=\"Y2IQFc\" lang=\"et\">Kandke \u00fcks pumbat\u00e4is seerumit silma\u00fcmbrusele \u00f5htuti peale naha puhastamist. <\/span><\/p>\n<p><span class=\"Y2IQFc\" lang=\"et\">Tupsutage \u00f5rnalt s\u00f5rmeotstega kuni seerum on nahka imendunud. <\/span><\/p>\n<p><span class=\"Y2IQFc\" lang=\"et\">Kui nahk vajab lisaniisutust, kandke peale sobivat kreemi.<\/span><\/p>\n<p><strong>KOOSTIS<\/strong><\/p>\n<p>Aqua (Water), Caprylic\/Capric Triglyceride, Dimethyl Isosorbide, 1,5-Pentanediol, Butyrospermum Parkii (Shea) Butter, Resveratrol, Glycerin, Hydroxyethyl Acrylate\/Sodium Acryloyldimethyl Taurate Copolymer, Panthenol, Sodium Hyaluronate, Palmitoyl Tripeptide-38, Hydroxypropyl Cyclodextrin, Citric Acid, Polysorbate 60, Caprylyl Glycol, Sorbitan Isostearate, Propanediol, Caprylhydroxamic Acid.<\/p>\n","protected":false},"excerpt":{"rendered":"<p>15 ml<\/p>\n<p>Vananemisvastane seerum \u00f5rnale silma\u00fcmbruse nahale noorendava efektiga<span style=\"font-size: 16px;\">\u00a0&#8211; h\u00fcaluroonhappe ja sheav\u00f5iga v\u00e4hendab peeneid joonekesi ja kortse\u00a0 &#8211; naistele ja meestele.<\/span><\/p>\n<p><span style=\"font-size: 16px;\">\u00a0100% silikoonivaba, alumiiniumivaba, alkoholivaba, julmusevaba ja mikroplastivaba.<\/span><\/p>\n","protected":false},"featured_media":5713,"template":"","meta":{"om_disable_all_campaigns":false,"_monsterinsights_skip_tracking":false,"_monsterinsights_sitenote_active":false,"_monsterinsights_sitenote_note":"","_monsterinsights_sitenote_category":0,"_uf_show_specific_survey":0,"_uf_disable_surveys":false,"site-sidebar-layout":"default","site-content-layout":"","ast-site-content-layout":"default","site-content-style":"default","site-sidebar-style":"default","ast-global-header-display":"","ast-banner-title-visibility":"","ast-main-header-display":"","ast-hfb-above-header-display":"","ast-hfb-below-header-display":"","ast-hfb-mobile-header-display":"","site-post-title":"","ast-breadcrumbs-content":"","ast-featured-img":"","footer-sml-layout":"","theme-transparent-header-meta":"default","adv-header-id-meta":"","stick-header-meta":"","header-above-stick-meta":"","header-main-stick-meta":"","header-below-stick-meta":"","astra-migrate-meta-layouts":"set","ast-page-background-enabled":"default","ast-page-background-meta":{"desktop":{"background-color":"var(--ast-global-color-4)","background-image":"","background-repeat":"repeat","background-position":"center center","background-size":"auto","background-attachment":"scroll","background-type":"","background-media":"","overlay-type":"","overlay-color":"","overlay-opacity":"","overlay-gradient":""},"tablet":{"background-color":"","background-image":"","background-repeat":"repeat","background-position":"center center","background-size":"auto","background-attachment":"scroll","background-type":"","background-media":"","overlay-type":"","overlay-color":"","overlay-opacity":"","overlay-gradient":""},"mobile":{"background-color":"","background-image":"","background-repeat":"repeat","background-position":"center center","background-size":"auto","background-attachment":"scroll","background-type":"","background-media":"","overlay-type":"","overlay-color":"","overlay-opacity":"","overlay-gradient":""}},"ast-content-background-meta":{"desktop":{"background-color":"var(--ast-global-color-5)","background-image":"","background-repeat":"repeat","background-position":"center center","background-size":"auto","background-attachment":"scroll","background-type":"","background-media":"","overlay-type":"","overlay-color":"","overlay-opacity":"","overlay-gradient":""},"tablet":{"background-color":"var(--ast-global-color-5)","background-image":"","background-repeat":"repeat","background-position":"center center","background-size":"auto","background-attachment":"scroll","background-type":"","background-media":"","overlay-type":"","overlay-color":"","overlay-opacity":"","overlay-gradient":""},"mobile":{"background-color":"var(--ast-global-color-5)","background-image":"","background-repeat":"repeat","background-position":"center center","background-size":"auto","background-attachment":"scroll","background-type":"","background-media":"","overlay-type":"","overlay-color":"","overlay-opacity":"","overlay-gradient":""}}},"product_brand":[],"product_cat":[50,80,15,77,81,84],"product_tag":[],"class_list":{"0":"post-5708","1":"product","2":"type-product","3":"status-publish","4":"has-post-thumbnail","6":"product_cat-kampaaniad","7":"product_cat-kontsentraadid","8":"product_cat-naole","9":"product_cat-seerumid","10":"product_cat-silmahooldus","11":"product_cat-tundlikule-nahale","12":"desktop-align-center","13":"tablet-align-left","14":"mobile-align-left","16":"first","17":"instock","18":"sale","19":"taxable","20":"shipping-taxable","21":"purchasable","22":"product-type-simple","23":"add-to-wishlist-before_image"},"aioseo_notices":[],"_links":{"self":[{"href":"https:\/\/kosmeetika24.eu\/et\/wp-json\/wp\/v2\/product\/5708","targetHints":{"allow":["GET"]}}],"collection":[{"href":"https:\/\/kosmeetika24.eu\/et\/wp-json\/wp\/v2\/product"}],"about":[{"href":"https:\/\/kosmeetika24.eu\/et\/wp-json\/wp\/v2\/types\/product"}],"version-history":[{"count":3,"href":"https:\/\/kosmeetika24.eu\/et\/wp-json\/wp\/v2\/product\/5708\/revisions"}],"predecessor-version":[{"id":6600,"href":"https:\/\/kosmeetika24.eu\/et\/wp-json\/wp\/v2\/product\/5708\/revisions\/6600"}],"wp:featuredmedia":[{"embeddable":true,"href":"https:\/\/kosmeetika24.eu\/et\/wp-json\/wp\/v2\/media\/5713"}],"wp:attachment":[{"href":"https:\/\/kosmeetika24.eu\/et\/wp-json\/wp\/v2\/media?parent=5708"}],"wp:term":[{"taxonomy":"product_brand","embeddable":true,"href":"https:\/\/kosmeetika24.eu\/et\/wp-json\/wp\/v2\/product_brand?post=5708"},{"taxonomy":"product_cat","embeddable":true,"href":"https:\/\/kosmeetika24.eu\/et\/wp-json\/wp\/v2\/product_cat?post=5708"},{"taxonomy":"product_tag","embeddable":true,"href":"https:\/\/kosmeetika24.eu\/et\/wp-json\/wp\/v2\/product_tag?post=5708"}],"curies":[{"name":"wp","href":"https:\/\/api.w.org\/{rel}","templated":true}]}}