{"id":5701,"date":"2023-02-21T11:29:50","date_gmt":"2023-02-21T11:29:50","guid":{"rendered":"https:\/\/kosmeetika24.eu\/?post_type=product&#038;p=5701"},"modified":"2026-04-01T16:16:23","modified_gmt":"2026-04-01T13:16:23","slug":"reveel-oine-vananemisvastane-konsentraat","status":"publish","type":"product","link":"https:\/\/kosmeetika24.eu\/et\/toode\/reveel-oine-vananemisvastane-konsentraat\/","title":{"rendered":"Reveel pinguldav kontsentraat"},"content":{"rendered":"<p><span lang=\"et-EE\">Maksimaalse efektiivsuse saavutamiseks on <\/span><strong><span lang=\"et-EE\">Resveratrol Concentrate <\/span><\/strong><span lang=\"et-EE\">seerumit k\u00f5ige parem kasutada \u00f5htuse nahahoolduse ajal, et <\/span><span lang=\"et-EE\">pinguldada naha kontuure, peeneid jooni ja kortse.<\/span><\/p>\n<p lang=\"et-EE\">Tumedad laigud ja punetus v\u00e4henevad silmn\u00e4htavalt, n\u00e4ovaal muutub klaarimaks ning naha enda kaitses\u00fcsteem on tugevam.<\/p>\n<p lang=\"et-EE\"><strong>TOIME<\/strong><\/p>\n<p><span lang=\"et-EE\">Resveratrool \u00a0on v\u00f5imas taimne antioks\u00fcdant, mis kaitseb ja parandab p\u00e4risnahka 135%. Toetab kollageeni tootmist, neutraliseerib vabu radikaale ja hoiab \u00e4ra naha\u00e4rrituse.<\/span><\/p>\n<p>Kontsentraadis sisalduvad pol\u00fcfenoolid aktiveerivad ens\u00fc\u00fcme, mis kiirendavad paranemis- ja taastumisprotsesse \u2013 kaovad punetus, \u00e4rritus ja p\u00f5letikud, nahk omandab 46% v\u00f5rra tugevama ja tervema ilme.<\/p>\n<p lang=\"et-EE\">Vananemisvastane maatriks stimuleerib kollageeni tootmist, nii et peened jooned ja kortsud v\u00e4henevad 10% v\u00f5rra, aidates v\u00e4ltida enneaegset vananemist. Naha elastsus paraneb 42%.<\/p>\n<p lang=\"et-EE\">Sobib v\u00e4ga tundlikule nahale, nii noorele kui ka juba k\u00fcpsele nahale.<\/p>\n<p><strong>KASUTAMINE\u00a0<\/strong><\/p>\n<p><span class=\"Y2IQFc\" lang=\"et\">P\u00e4rast naha puhastamist kandke pumbat\u00e4is seerumit n\u00e4ole, kaelale ja dekolteepiirkonnale. <\/span><\/p>\n<p><span class=\"Y2IQFc\" lang=\"et\">Tupsutage \u00f5rnalt s\u00f5rmeotstega kuni seerum on imendunud. <\/span><\/p>\n<p><strong>KOOSTIS<\/strong><\/p>\n<p>Aqua (Water), Caprylic\/Capric Triglyceride, Dimethyl Isosorbide, 1,5-Pentanediol, Butyrospermum Parkii (Shea) Butter, Resveratrol, Glycerin, Hydroxyethyl Acrylate\/Sodium Acryloyldimethyl Taurate Copolymer, Panthenol, Sodium Hyaluronate, Palmitoyl Tripeptide-38, Ethylene Brassylate, Hydroxypropyl Cyclodextrin, Citric Acid, Polysorbate 60, Caprylyl Glycol, Sorbitan Isostearate, 3-Hexenol, Propanediol, Caprylhydroxamic Acid.<\/p>\n<p><span style=\"font-size: xx-small;\">3772.60 \u20ac\/l <\/span><\/p>\n","protected":false},"excerpt":{"rendered":"<p>50 ml<\/p>\n<p><span style=\"font-size: 16px;\">Pinguldav kontsentraat, mis \u00fchendab endas kreemi ja seerumi \u2013 stimuleerib kollageeni tootmist, et nahk oleks tugevam ja siledam \u2013 naistele ja meestele.<\/span><\/p>\n<p class=\"h2\"><span style=\"font-size: 16px;\">\u00a0100% silikoonivaba, alumiiniumivaba, alkoholivaba, julmusevaba ja mikroplastivaba.<\/span><\/p>\n<p>&nbsp;<\/p>\n","protected":false},"featured_media":5703,"template":"","meta":{"om_disable_all_campaigns":false,"_monsterinsights_skip_tracking":false,"_monsterinsights_sitenote_active":false,"_monsterinsights_sitenote_note":"","_monsterinsights_sitenote_category":0,"_uf_show_specific_survey":0,"_uf_disable_surveys":false,"site-sidebar-layout":"default","site-content-layout":"","ast-site-content-layout":"default","site-content-style":"default","site-sidebar-style":"default","ast-global-header-display":"","ast-banner-title-visibility":"","ast-main-header-display":"","ast-hfb-above-header-display":"","ast-hfb-below-header-display":"","ast-hfb-mobile-header-display":"","site-post-title":"","ast-breadcrumbs-content":"","ast-featured-img":"","footer-sml-layout":"","theme-transparent-header-meta":"default","adv-header-id-meta":"","stick-header-meta":"","header-above-stick-meta":"","header-main-stick-meta":"","header-below-stick-meta":"","astra-migrate-meta-layouts":"set","ast-page-background-enabled":"default","ast-page-background-meta":{"desktop":{"background-color":"var(--ast-global-color-4)","background-image":"","background-repeat":"repeat","background-position":"center center","background-size":"auto","background-attachment":"scroll","background-type":"","background-media":"","overlay-type":"","overlay-color":"","overlay-opacity":"","overlay-gradient":""},"tablet":{"background-color":"","background-image":"","background-repeat":"repeat","background-position":"center center","background-size":"auto","background-attachment":"scroll","background-type":"","background-media":"","overlay-type":"","overlay-color":"","overlay-opacity":"","overlay-gradient":""},"mobile":{"background-color":"","background-image":"","background-repeat":"repeat","background-position":"center center","background-size":"auto","background-attachment":"scroll","background-type":"","background-media":"","overlay-type":"","overlay-color":"","overlay-opacity":"","overlay-gradient":""}},"ast-content-background-meta":{"desktop":{"background-color":"var(--ast-global-color-5)","background-image":"","background-repeat":"repeat","background-position":"center center","background-size":"auto","background-attachment":"scroll","background-type":"","background-media":"","overlay-type":"","overlay-color":"","overlay-opacity":"","overlay-gradient":""},"tablet":{"background-color":"var(--ast-global-color-5)","background-image":"","background-repeat":"repeat","background-position":"center center","background-size":"auto","background-attachment":"scroll","background-type":"","background-media":"","overlay-type":"","overlay-color":"","overlay-opacity":"","overlay-gradient":""},"mobile":{"background-color":"var(--ast-global-color-5)","background-image":"","background-repeat":"repeat","background-position":"center center","background-size":"auto","background-attachment":"scroll","background-type":"","background-media":"","overlay-type":"","overlay-color":"","overlay-opacity":"","overlay-gradient":""}}},"product_brand":[],"product_cat":[50,80,381,15,77],"product_tag":[],"class_list":{"0":"post-5701","1":"product","2":"type-product","3":"status-publish","4":"has-post-thumbnail","6":"product_cat-kampaaniad","7":"product_cat-kontsentraadid","8":"product_cat-meestele","9":"product_cat-naole","10":"product_cat-seerumid","11":"desktop-align-center","12":"tablet-align-left","13":"mobile-align-left","15":"first","16":"instock","17":"sale","18":"taxable","19":"shipping-taxable","20":"purchasable","21":"product-type-simple","22":"add-to-wishlist-before_image"},"aioseo_notices":[],"_links":{"self":[{"href":"https:\/\/kosmeetika24.eu\/et\/wp-json\/wp\/v2\/product\/5701","targetHints":{"allow":["GET"]}}],"collection":[{"href":"https:\/\/kosmeetika24.eu\/et\/wp-json\/wp\/v2\/product"}],"about":[{"href":"https:\/\/kosmeetika24.eu\/et\/wp-json\/wp\/v2\/types\/product"}],"version-history":[{"count":2,"href":"https:\/\/kosmeetika24.eu\/et\/wp-json\/wp\/v2\/product\/5701\/revisions"}],"predecessor-version":[{"id":5783,"href":"https:\/\/kosmeetika24.eu\/et\/wp-json\/wp\/v2\/product\/5701\/revisions\/5783"}],"wp:featuredmedia":[{"embeddable":true,"href":"https:\/\/kosmeetika24.eu\/et\/wp-json\/wp\/v2\/media\/5703"}],"wp:attachment":[{"href":"https:\/\/kosmeetika24.eu\/et\/wp-json\/wp\/v2\/media?parent=5701"}],"wp:term":[{"taxonomy":"product_brand","embeddable":true,"href":"https:\/\/kosmeetika24.eu\/et\/wp-json\/wp\/v2\/product_brand?post=5701"},{"taxonomy":"product_cat","embeddable":true,"href":"https:\/\/kosmeetika24.eu\/et\/wp-json\/wp\/v2\/product_cat?post=5701"},{"taxonomy":"product_tag","embeddable":true,"href":"https:\/\/kosmeetika24.eu\/et\/wp-json\/wp\/v2\/product_tag?post=5701"}],"curies":[{"name":"wp","href":"https:\/\/api.w.org\/{rel}","templated":true}]}}