{"id":5698,"date":"2023-02-21T10:59:30","date_gmt":"2023-02-21T10:59:30","guid":{"rendered":"https:\/\/kosmeetika24.eu\/?post_type=product&#038;p=5698"},"modified":"2026-04-01T16:17:31","modified_gmt":"2026-04-01T13:17:31","slug":"reveel-kaheosaline-puhastuskomplekt","status":"publish","type":"product","link":"https:\/\/kosmeetika24.eu\/et\/toode\/reveel-kaheosaline-puhastuskomplekt\/","title":{"rendered":"Reveel kaheosaline puhastuskomplekt"},"content":{"rendered":"<p><span class=\"Y2IQFc\" lang=\"et\">2-Step Cleansing Travel Kit tooted tagavad intensiivse 2-astmelise puhastuse ja valmistavad naha ette j\u00e4rgneva n\u00e4ohooldusrutiini toimeainete omastamiseks. <\/span><\/p>\n<p><span class=\"Y2IQFc\" lang=\"et\">Niisutav puhastusvaht <strong>Moisturizing Cleansing Foam<\/strong>\u00a050ml on \u00f5rn, nahas\u00f5bralik puhastusvaht, mis tagab naha p\u00f5hjaliku s\u00fcgavpuhastuse, vabastades selle mustusest ja surnud rakkudest ning viimistledes n\u00e4htavalt poore. Lisaks on nahk s\u00fcgavniisutatud ja ette valmistatud j\u00e4rgnevaks nahahoolduseks. <\/span><\/p>\n<p><span class=\"Y2IQFc\" lang=\"et\">Tasakaalustav n\u00e4otoonik <strong>Balancing Facial Toner\u00a0<\/strong>50 ml\u00a0stabiliseerib naha mikrobioomi ja tasakaalustab naha pH-d, et j\u00e4rgneva hoolduse toimeained saaksid l\u00e4bi naha tungida. Viimased mustuse j\u00e4ljed eemaldatakse \u00f5rnalt ja nahk saab t\u00e4iendavalt niisutust.<\/span><\/p>\n<p><strong>KASUTAMINE<\/strong><\/p>\n<p><span class=\"Y2IQFc\" lang=\"et\">P\u00e4rast niisutava puhastusvahuga puhastamist asetage vatipadjale 2 pumbat\u00e4it Balancing Facial Tonerit ja kandke \u00f5rnalt n\u00e4ole.<\/span><\/p>\n<p><strong>KOOSTIS\u00a0<\/strong><\/p>\n<p>Aqua, Pentylene Glycol, Maltooligosyl Glucoside, Betaine, Inulin, Hydrogenated Starch Hydrolysate, Panthenol, Lactic Acid, Sodium Pca, Pca, Fructose, Serine, Alanine, Glycine, Glutamic Acid, Lysine Hci, Threonine, Arginine, Citric Acid, Sodium Hyaluronate, Acetyl Glucosamine, Hyaluronic Acid, Hydrolyzed Sodium Hyaluronate, Tremella Fuciformis (Snow Fungus) Sporocarp Extract, Proline, Sodium Acetylated Hyaluronate, Sodium Lactate.<\/p>\n","protected":false},"excerpt":{"rendered":"<ul>\n<li><span class=\"Y2IQFc\" lang=\"et\">Viib nahalt viimased mustuse j\u00e4\u00e4gid <\/span><\/li>\n<li><span class=\"Y2IQFc\" lang=\"et\">Stabiliseerib naha mikrobioomi ja neutraliseerib naha loomulikku pH-d <\/span><\/li>\n<li><span class=\"Y2IQFc\" lang=\"et\">Varustab nahka niiskusega <\/span><\/li>\n<li><span class=\"Y2IQFc\" lang=\"et\">Valmistab naha ette j\u00e4rgnevaks hoolduseks<\/span><\/li>\n<\/ul>\n<p>Sobib nii naistele kui meestele.<\/p>\n","protected":false},"featured_media":5700,"template":"","meta":{"om_disable_all_campaigns":false,"_monsterinsights_skip_tracking":false,"_monsterinsights_sitenote_active":false,"_monsterinsights_sitenote_note":"","_monsterinsights_sitenote_category":0,"_uf_show_specific_survey":0,"_uf_disable_surveys":false,"site-sidebar-layout":"default","site-content-layout":"","ast-site-content-layout":"default","site-content-style":"default","site-sidebar-style":"default","ast-global-header-display":"","ast-banner-title-visibility":"","ast-main-header-display":"","ast-hfb-above-header-display":"","ast-hfb-below-header-display":"","ast-hfb-mobile-header-display":"","site-post-title":"","ast-breadcrumbs-content":"","ast-featured-img":"","footer-sml-layout":"","theme-transparent-header-meta":"default","adv-header-id-meta":"","stick-header-meta":"","header-above-stick-meta":"","header-main-stick-meta":"","header-below-stick-meta":"","astra-migrate-meta-layouts":"set","ast-page-background-enabled":"default","ast-page-background-meta":{"desktop":{"background-color":"var(--ast-global-color-4)","background-image":"","background-repeat":"repeat","background-position":"center center","background-size":"auto","background-attachment":"scroll","background-type":"","background-media":"","overlay-type":"","overlay-color":"","overlay-opacity":"","overlay-gradient":""},"tablet":{"background-color":"","background-image":"","background-repeat":"repeat","background-position":"center center","background-size":"auto","background-attachment":"scroll","background-type":"","background-media":"","overlay-type":"","overlay-color":"","overlay-opacity":"","overlay-gradient":""},"mobile":{"background-color":"","background-image":"","background-repeat":"repeat","background-position":"center center","background-size":"auto","background-attachment":"scroll","background-type":"","background-media":"","overlay-type":"","overlay-color":"","overlay-opacity":"","overlay-gradient":""}},"ast-content-background-meta":{"desktop":{"background-color":"var(--ast-global-color-5)","background-image":"","background-repeat":"repeat","background-position":"center center","background-size":"auto","background-attachment":"scroll","background-type":"","background-media":"","overlay-type":"","overlay-color":"","overlay-opacity":"","overlay-gradient":""},"tablet":{"background-color":"var(--ast-global-color-5)","background-image":"","background-repeat":"repeat","background-position":"center center","background-size":"auto","background-attachment":"scroll","background-type":"","background-media":"","overlay-type":"","overlay-color":"","overlay-opacity":"","overlay-gradient":""},"mobile":{"background-color":"var(--ast-global-color-5)","background-image":"","background-repeat":"repeat","background-position":"center center","background-size":"auto","background-attachment":"scroll","background-type":"","background-media":"","overlay-type":"","overlay-color":"","overlay-opacity":"","overlay-gradient":""}}},"product_brand":[],"product_cat":[50,48,15,73,49,74],"product_tag":[],"class_list":{"0":"post-5698","1":"product","2":"type-product","3":"status-publish","4":"has-post-thumbnail","6":"product_cat-kampaaniad","7":"product_cat-komplektid","8":"product_cat-naole","9":"product_cat-puhastustooted","10":"product_cat-reisitooted","11":"product_cat-toonikud","12":"desktop-align-center","13":"tablet-align-left","14":"mobile-align-left","16":"first","17":"instock","18":"sale","19":"taxable","20":"shipping-taxable","21":"purchasable","22":"product-type-simple","23":"add-to-wishlist-before_image"},"aioseo_notices":[],"_links":{"self":[{"href":"https:\/\/kosmeetika24.eu\/et\/wp-json\/wp\/v2\/product\/5698","targetHints":{"allow":["GET"]}}],"collection":[{"href":"https:\/\/kosmeetika24.eu\/et\/wp-json\/wp\/v2\/product"}],"about":[{"href":"https:\/\/kosmeetika24.eu\/et\/wp-json\/wp\/v2\/types\/product"}],"version-history":[{"count":2,"href":"https:\/\/kosmeetika24.eu\/et\/wp-json\/wp\/v2\/product\/5698\/revisions"}],"predecessor-version":[{"id":6802,"href":"https:\/\/kosmeetika24.eu\/et\/wp-json\/wp\/v2\/product\/5698\/revisions\/6802"}],"wp:featuredmedia":[{"embeddable":true,"href":"https:\/\/kosmeetika24.eu\/et\/wp-json\/wp\/v2\/media\/5700"}],"wp:attachment":[{"href":"https:\/\/kosmeetika24.eu\/et\/wp-json\/wp\/v2\/media?parent=5698"}],"wp:term":[{"taxonomy":"product_brand","embeddable":true,"href":"https:\/\/kosmeetika24.eu\/et\/wp-json\/wp\/v2\/product_brand?post=5698"},{"taxonomy":"product_cat","embeddable":true,"href":"https:\/\/kosmeetika24.eu\/et\/wp-json\/wp\/v2\/product_cat?post=5698"},{"taxonomy":"product_tag","embeddable":true,"href":"https:\/\/kosmeetika24.eu\/et\/wp-json\/wp\/v2\/product_tag?post=5698"}],"curies":[{"name":"wp","href":"https:\/\/api.w.org\/{rel}","templated":true}]}}