{"id":5157,"date":"2022-02-10T07:32:49","date_gmt":"2022-02-10T07:32:49","guid":{"rendered":"https:\/\/kosmeetika24.eu\/?post_type=product&#038;p=5157"},"modified":"2025-04-01T09:28:06","modified_gmt":"2025-04-01T06:28:06","slug":"bruno-vassari-lab-radiance-sara-andvad-seerumid","status":"publish","type":"product","link":"https:\/\/kosmeetika24.eu\/et\/toode\/bruno-vassari-lab-radiance-sara-andvad-seerumid\/","title":{"rendered":"Bruno Vassari Lab Radiance s\u00e4ra andvad seerumid"},"content":{"rendered":"<p><em>Instant Glow Beauty<\/em> inteniivne s\u00e4ra andev hooldus, mis on jagatud p\u00e4eva ja- ja \u00f6\u00f6seerumiks.<\/p>\n<p><b>1. Radiance Shot<\/b> (p\u00e4evaseks kasutamiseks) parandab naha tuhmi v\u00e4limust t\u00e4nu aktiivse Pro-Radiance Active k\u00f5rgele kontsentratsioonile, mis muudab naha koheselt s\u00e4ravaks. Valgustpeegeldavad pigmend, mis minimeerib naha v\u00e4sinud v\u00e4limust. Omab noorendavat, niisutavat toimet. V\u00f5itleb n\u00e4htavate vananemism\u00e4rkidega.<\/p>\n<p>V\u00f5ib kombineerida mis tahes kreemide ja maskidega.<\/p>\n<p>Seerum koosneb\u00a096% looduslikku p\u00e4ritolu toimeainetest.<\/p>\n<p><b>2. Brightening Drops<\/b> \u00a0(\u00f6iseks kasutamiseks) liposoomne taastav, antioks\u00fcdantne seerum. Parandab naha v\u00e4limust, annab sellele s\u00e4ra ja pingulduse. Normaliseerib melaniini tootmist. Aktiveerib mehhanisme, mis s\u00e4ilitavad naha noorust.<\/p>\n<p>V\u00f5ib kombineerida mis tahes kreemide ja maskidega.<\/p>\n<p>Seerum koosneb 95,7% looduslikku p\u00e4ritolu toimeainetest.<\/p>\n<p><b>PEAMISED TOIMEAINED:<\/b><\/p>\n<p>1. Pro-Radiance Active, Kamukamu marja ekstrakt, peegeldavad pigmendid.<\/p>\n<p>2. Niatsiinamiid, Kakadu ploomi ekstrakt, pol\u00fcfenoolid, C-vitamiin.<\/p>\n<p><strong>TOIME<\/strong><\/p>\n<p><em>Radiance shot:<\/em><\/p>\n<ul>\n<li><strong><strong>Pro-Radiance Active (3%) <\/strong><\/strong>sisaldab ellagiinhapet ja Stellight\u00ae. Spetsiaalselt loodud naha loomuliku s\u00e4ra esiletoomiseks.\n<ol>\n<li>Ellagiinhape: pol\u00fcfenool, millel on v\u00f5imas antioks\u00fcdantne toime.Neutraliseerib v\u00e4listegurite, nagu tubakasuits v\u00f5i saaste, tekitatud vabade radikaalide m\u00f5ju, mis vastutavad naha kiirema vananemise eest. Lisaks annab see hape t\u00e4nu melanogeneesi inhibeerivale toimele suurep\u00e4raselt nahatooni helendava ja \u00fchtlustava toime.<\/li>\n<li>Stellight\u00ae: t\u00e4nu oma keerulisele toimemehhanismile suurendab see peptiid s\u00e4raefekti, et parandada naha tooni ja naha pigmentatsiooni. Lisaks \u00fchtlustab ja kirgastab jumet, suurendab n\u00e4o s\u00e4ra ja parandab tuhmi naha tooni.<\/li>\n<\/ol>\n<\/li>\n<li><strong>Valgustpeegeldavad pigmendid<\/strong>\u00a0aitavad minimeerida tumedat tooni.<\/li>\n<li><strong>Camu-camu ekstrakt <\/strong>sisaldab v\u00e4ga palju C-vitamiini.On v\u00e4ga rikas mineraalide (kaltsium, raud, kaalium ja fosfor) ja aminohappete (valiin, leutsiin, seriin) poolest, mis aitavad omastada C-vitamiini.<\/li>\n<\/ul>\n<p><em>Brightening Drops:<\/em><\/p>\n<ul>\n<li><strong>Niatsiiamiid <\/strong>aitab v\u00e4hendada kortse ja peeneid jooni, v\u00e4hendab naha fotovananemise m\u00e4rke; v\u00e4hendab pigmentatsiooni, \u00fchtlustab naha tooni; aitab n\u00e4htavalt v\u00e4hendada pooride suurust, stimuleerib kollageeni tootmist; parandab tuhmi jumet; tugevdab naha kaitsebarj\u00e4\u00e4ri, soodustab naha niisutamist.<\/li>\n<li><strong>Superox-CTM AF<\/strong> annab justkui energiat nahale, parandab naha jumet, \u00fchtlustab nahatooni, v\u00e4hendab punetust ja parandab vananemism\u00e4rkide teket.<\/li>\n<\/ul>\n<p><strong>KASUTAMINE<\/strong><\/p>\n<p>P\u00e4rast naha puhastamist kanda n\u00e4ole ja kaelale paar tilka seerumit.<\/p>\n<p>Seej\u00e4rel kasutada kreemi.<\/p>\n<p><strong>KOOSTIS<\/strong><\/p>\n<p><em>Radiance shot:<\/em><\/p>\n<p>AQUA(WATER), PROPANEDIOL, CAPRYLIC\/CAPRIC TRIGLYCERIDE, SQUALANE, GLYCERYL STEARATE, PEG-100 STEARATE, BUTYROSPERMUM PARKII (SHEA) BUTTER, C.I. 77891 (TITANIUM DIOXIDE), MANNITOL, PHOSPHATIDYLCHOLINE, ELLAGIC ACID, GLYCERIN, MICA, MYRCIARIA DUBIA FRUIT EXTRACT, DISODIUM CETEARYL SULFOSUCCINATE, TOCOPHERYL ACETATE, ACETYL HEXAPEPTIDE-1, PHENOXYETHANOL, AMMONIUM ACRYLOYLDIMETHYLTAURATE\/ VP COPOLYMER, ETHYLHEXYLGLYCERIN, PARFUM (FRAGRANCE), DISODIUM EDTA, CHLORPHENESIN, CHOLESTOROL, POLYSOBRATE 80, XANTHAN GUM, SODIUM BENZOATE, POTASSIUM SORBATE, METHYLPROPANEDIOL, SODIUM CHLORIDE, C.I. 17200 (RED NO.33), CAPRYLYL GLYCOL, SODIUM SULFATE, PHENYLPROPANOL.<\/p>\n<p><em>Brightening drops:<\/em><\/p>\n<p>INGREDIENTS: AQUA (WATER), PROPANEDIOL, NIACINAMIDE, GLYCERIN, MALTOOLIGOSYL GLUCOSIDE, TERMINALIA FERDINANDIANA FRUIT EXTRACT, HYDROGENATED STARCH HYDROLYSATE, CAPRYLYL GLYCOL, 1,2-HEXANEDIOL, HYDROXYETHYLCELLULOSE, DISODIUM EDTA, POLYSORBATE 60, HYDROXYACETOPHENONE, DISODIUM PHOSPHATE, SODIUM PHOSPHATE.<\/p>\n","protected":false},"excerpt":{"rendered":"<p>2 x 30ml<\/p>\n<p>P\u00e4evase ja \u00f6ise seerumi komplekt.<\/p>\n<p>\u00dchtlustab naha tooni, taastab nahal loomuliku jume ja s\u00e4ra.<\/p>\n<p>&nbsp;<\/p>\n","protected":false},"featured_media":5668,"template":"","meta":{"om_disable_all_campaigns":false,"_monsterinsights_skip_tracking":false,"_monsterinsights_sitenote_active":false,"_monsterinsights_sitenote_note":"","_monsterinsights_sitenote_category":0,"_uf_show_specific_survey":0,"_uf_disable_surveys":false,"site-sidebar-layout":"default","site-content-layout":"","ast-site-content-layout":"default","site-content-style":"default","site-sidebar-style":"default","ast-global-header-display":"","ast-banner-title-visibility":"","ast-main-header-display":"","ast-hfb-above-header-display":"","ast-hfb-below-header-display":"","ast-hfb-mobile-header-display":"","site-post-title":"","ast-breadcrumbs-content":"","ast-featured-img":"","footer-sml-layout":"","theme-transparent-header-meta":"default","adv-header-id-meta":"","stick-header-meta":"","header-above-stick-meta":"","header-main-stick-meta":"","header-below-stick-meta":"","astra-migrate-meta-layouts":"set","ast-page-background-enabled":"default","ast-page-background-meta":{"desktop":{"background-color":"var(--ast-global-color-4)","background-image":"","background-repeat":"repeat","background-position":"center center","background-size":"auto","background-attachment":"scroll","background-type":"","background-media":"","overlay-type":"","overlay-color":"","overlay-opacity":"","overlay-gradient":""},"tablet":{"background-color":"","background-image":"","background-repeat":"repeat","background-position":"center center","background-size":"auto","background-attachment":"scroll","background-type":"","background-media":"","overlay-type":"","overlay-color":"","overlay-opacity":"","overlay-gradient":""},"mobile":{"background-color":"","background-image":"","background-repeat":"repeat","background-position":"center center","background-size":"auto","background-attachment":"scroll","background-type":"","background-media":"","overlay-type":"","overlay-color":"","overlay-opacity":"","overlay-gradient":""}},"ast-content-background-meta":{"desktop":{"background-color":"var(--ast-global-color-5)","background-image":"","background-repeat":"repeat","background-position":"center center","background-size":"auto","background-attachment":"scroll","background-type":"","background-media":"","overlay-type":"","overlay-color":"","overlay-opacity":"","overlay-gradient":""},"tablet":{"background-color":"var(--ast-global-color-5)","background-image":"","background-repeat":"repeat","background-position":"center center","background-size":"auto","background-attachment":"scroll","background-type":"","background-media":"","overlay-type":"","overlay-color":"","overlay-opacity":"","overlay-gradient":""},"mobile":{"background-color":"var(--ast-global-color-5)","background-image":"","background-repeat":"repeat","background-position":"center center","background-size":"auto","background-attachment":"scroll","background-type":"","background-media":"","overlay-type":"","overlay-color":"","overlay-opacity":"","overlay-gradient":""}}},"product_brand":[],"product_cat":[48,15,77],"product_tag":[],"class_list":{"0":"post-5157","1":"product","2":"type-product","3":"status-publish","4":"has-post-thumbnail","6":"product_cat-komplektid","7":"product_cat-naole","8":"product_cat-seerumid","9":"desktop-align-center","10":"tablet-align-left","11":"mobile-align-left","13":"first","14":"instock","15":"taxable","16":"shipping-taxable","17":"purchasable","18":"product-type-simple","19":"add-to-wishlist-before_image"},"aioseo_notices":[],"_links":{"self":[{"href":"https:\/\/kosmeetika24.eu\/et\/wp-json\/wp\/v2\/product\/5157","targetHints":{"allow":["GET"]}}],"collection":[{"href":"https:\/\/kosmeetika24.eu\/et\/wp-json\/wp\/v2\/product"}],"about":[{"href":"https:\/\/kosmeetika24.eu\/et\/wp-json\/wp\/v2\/types\/product"}],"version-history":[{"count":2,"href":"https:\/\/kosmeetika24.eu\/et\/wp-json\/wp\/v2\/product\/5157\/revisions"}],"predecessor-version":[{"id":8847,"href":"https:\/\/kosmeetika24.eu\/et\/wp-json\/wp\/v2\/product\/5157\/revisions\/8847"}],"wp:featuredmedia":[{"embeddable":true,"href":"https:\/\/kosmeetika24.eu\/et\/wp-json\/wp\/v2\/media\/5668"}],"wp:attachment":[{"href":"https:\/\/kosmeetika24.eu\/et\/wp-json\/wp\/v2\/media?parent=5157"}],"wp:term":[{"taxonomy":"product_brand","embeddable":true,"href":"https:\/\/kosmeetika24.eu\/et\/wp-json\/wp\/v2\/product_brand?post=5157"},{"taxonomy":"product_cat","embeddable":true,"href":"https:\/\/kosmeetika24.eu\/et\/wp-json\/wp\/v2\/product_cat?post=5157"},{"taxonomy":"product_tag","embeddable":true,"href":"https:\/\/kosmeetika24.eu\/et\/wp-json\/wp\/v2\/product_tag?post=5157"}],"curies":[{"name":"wp","href":"https:\/\/api.w.org\/{rel}","templated":true}]}}