{"id":4609,"date":"2021-11-08T10:15:52","date_gmt":"2021-11-08T10:15:52","guid":{"rendered":"https:\/\/kosmeetika24.eu\/?post_type=product&#038;p=4609"},"modified":"2025-07-31T17:29:29","modified_gmt":"2025-07-31T14:29:29","slug":"bruno-vassari-sun-defense-luksuslik-sadelev-kehaoli","status":"publish","type":"product","link":"https:\/\/kosmeetika24.eu\/et\/toode\/bruno-vassari-sun-defense-luksuslik-sadelev-kehaoli\/","title":{"rendered":"BRUNO VASSARI Sun Defense luksuslik s\u00e4delev keha\u00f5li"},"content":{"rendered":"<p><strong><em>BRUNO VASSARI Sun Defense<\/em> <em>luksuslik s\u00e4delev keha\u00f5li<\/em><\/strong> on k\u00f5ikidele nahat\u00fc\u00fcpidele sobiv kuiv\u00f5li, mis lisaks <strong>p\u00e4evituse tekke kiirendamisele<\/strong>, <strong>muudab ka naha ilusamaks v\u00e4hendades<\/strong> naha ebakorrektsused miinimumini ning garanteerides nahale <strong>pehme ning siidise l\u00f5pptulemuse<\/strong>.<\/p>\n<p>See oli sisaldab naturaalse p\u00e4ritoluga s\u00e4delevaid osakesi, mis annab nahale <strong>kaunist ning elegantset kuldset s\u00e4delust<\/strong>, mis aitab t\u00e4iustada naha ilu ning naturaalset tooni.<\/p>\n<p>Sobib k\u00f5igile nahat\u00fc\u00fcpidele.<\/p>\n<p><strong>TOIME:<\/strong><\/p>\n<ul>\n<li>kiirendab p\u00e4evituse teket<\/li>\n<li>muudab naha ilusamaks<\/li>\n<li>v\u00e4hendab naha ebakorrektsuseid<\/li>\n<li>niisutab nahka<\/li>\n<li>t\u00e4iustab naha ilu ning naturaalset tooni<\/li>\n<\/ul>\n<p><strong>AKTIIVSED TOIMEAINED:<\/strong><\/p>\n<p>Selle koostisainetesse kuuluvad <strong>6 erinevat taimset \u00f5li ning E-vitamiin<\/strong>, milles sisalduvad antioks\u00fcdandid\u00a0 aitavad v\u00f5idelda vabade radikaalide toimega.<\/p>\n<ul>\n<li><strong>Soja\u00f5li- <\/strong>T\u00e4nu enda koostises sialduvatele pol\u00fck\u00fcllastumata rasvadele, on soja\u00f5li n\u00e4idanud enda tugevat v\u00f5imet taastada naha kaitsefunktsioon. Samuti on see aine niisutav, kuna aitab nahka kaitsta kiirguste poolt tekitatava oks\u00fcdatiivse toime eest.<\/li>\n<li><strong>Argaania\u00f5li- <\/strong>See on nahka niisutav, taastav, restruktureeriv ja pehmendav koostisaine.<\/li>\n<li><strong>Avokaado\u00f5li- <\/strong>Avokaado\u00f5li\u00a0sisaldab rohkelt letsitiini, taimseid steroole, esmaseid rasvhappeid ja h\u00e4sti lahustuvaid vitamiine (A, D, E). Avokaados on eriti rohkesti kaaliumi ja v\u00e4ga v\u00e4he naatriumi. Vitamiinid A, D ja E toimivad v\u00f5imsate antioks\u00fcdantidena \u2013 nad v\u00e4hendavad vabade radikaalide kahjulikku toimet. Need vitamiinid stimuleerivad naturaalse kollageeni teket nahas, aidates parandada naha tekstuuri, elastsust, pehmust ja jumet. Avokaad\u00f5li leevendab naha kuivust ja s\u00fcgelemistunnet psoriaasi ja ekseemi korral.<\/li>\n<li><strong>Makadaamia\u00f5li- <\/strong>selle koostis sisaldab rikkalikult monok\u00fcllastumata rasvhappeid, andes talle suurep\u00e4rased kosmeetilised omadused nagu: toitev, pehmendav, vabade radikaalide vastane, niisutav ja vananemisvastane.<\/li>\n<li><strong>Jojoba\u00f5li- <\/strong>See on \u00fcks nahahoolduses enim kasutatavaid \u00f5lisid, kuna see sisaldab suures koguses keramiide. Jojoba\u00f5lil on filmogeensed omadused, mis t\u00e4hendab, et see loob kile, mis toimib nahal kaitsva barj\u00e4\u00e4rina, kaitstes nahka vabade radikaalide eest ja v\u00e4ltides transepidermaalset veekaotust.<\/li>\n<li><strong>Kibuvitsa\u00f5li- <\/strong>Sisaldab palju oleiinhapet, linoolhapet ja linoleenhapet, seet\u00f5ttu kasutatakse seda peamiselt kuiva raha hoolduseks. Kibuvitsa\u00f5li stimuleerib kollageeni ja elastiini s\u00fcnteesi, soodustades regeneratsiooni.<\/li>\n<\/ul>\n<p><span style=\"color: #000000;\"><span style=\"font-family: Roboto, sans-serif;\"><span style=\"font-size: xx-small;\">525.- \u20ac\/l <\/span><\/span><\/span><\/p>\n","protected":false},"excerpt":{"rendered":"<p><span style=\"font-size: 13px;\">100 ml<\/span><\/p>\n<p><span style=\"font-weight: 400;\">S\u00e4rav kuiv\u00f5li kehale, mis sisaldab loodusliku p\u00e4ritolu s\u00e4delevaid osakesi, mis annavad nahale kauni ning elegantse kuldse s\u00e4deluse, mis aitab t\u00e4iustada naha ilu ning naturaalset tooni. <\/span><\/p>\n<p>&nbsp;<\/p>\n<p>&nbsp;<\/p>\n<p>&nbsp;<\/p>\n","protected":false},"featured_media":4652,"template":"","meta":{"om_disable_all_campaigns":false,"_monsterinsights_skip_tracking":false,"_monsterinsights_sitenote_active":false,"_monsterinsights_sitenote_note":"","_monsterinsights_sitenote_category":0,"_uf_show_specific_survey":0,"_uf_disable_surveys":false,"site-sidebar-layout":"default","site-content-layout":"","ast-site-content-layout":"default","site-content-style":"default","site-sidebar-style":"default","ast-global-header-display":"","ast-banner-title-visibility":"","ast-main-header-display":"","ast-hfb-above-header-display":"","ast-hfb-below-header-display":"","ast-hfb-mobile-header-display":"","site-post-title":"","ast-breadcrumbs-content":"","ast-featured-img":"","footer-sml-layout":"","theme-transparent-header-meta":"default","adv-header-id-meta":"","stick-header-meta":"","header-above-stick-meta":"","header-main-stick-meta":"","header-below-stick-meta":"","astra-migrate-meta-layouts":"set","ast-page-background-enabled":"default","ast-page-background-meta":{"desktop":{"background-color":"var(--ast-global-color-4)","background-image":"","background-repeat":"repeat","background-position":"center center","background-size":"auto","background-attachment":"scroll","background-type":"","background-media":"","overlay-type":"","overlay-color":"","overlay-opacity":"","overlay-gradient":""},"tablet":{"background-color":"","background-image":"","background-repeat":"repeat","background-position":"center center","background-size":"auto","background-attachment":"scroll","background-type":"","background-media":"","overlay-type":"","overlay-color":"","overlay-opacity":"","overlay-gradient":""},"mobile":{"background-color":"","background-image":"","background-repeat":"repeat","background-position":"center center","background-size":"auto","background-attachment":"scroll","background-type":"","background-media":"","overlay-type":"","overlay-color":"","overlay-opacity":"","overlay-gradient":""}},"ast-content-background-meta":{"desktop":{"background-color":"var(--ast-global-color-5)","background-image":"","background-repeat":"repeat","background-position":"center center","background-size":"auto","background-attachment":"scroll","background-type":"","background-media":"","overlay-type":"","overlay-color":"","overlay-opacity":"","overlay-gradient":""},"tablet":{"background-color":"var(--ast-global-color-5)","background-image":"","background-repeat":"repeat","background-position":"center center","background-size":"auto","background-attachment":"scroll","background-type":"","background-media":"","overlay-type":"","overlay-color":"","overlay-opacity":"","overlay-gradient":""},"mobile":{"background-color":"var(--ast-global-color-5)","background-image":"","background-repeat":"repeat","background-position":"center center","background-size":"auto","background-attachment":"scroll","background-type":"","background-media":"","overlay-type":"","overlay-color":"","overlay-opacity":"","overlay-gradient":""}}},"product_brand":[],"product_cat":[46,348],"product_tag":[],"class_list":{"0":"post-4609","1":"product","2":"type-product","3":"status-publish","4":"has-post-thumbnail","6":"product_cat-kehale","7":"product_cat-kehaoli","8":"desktop-align-center","9":"tablet-align-left","10":"mobile-align-left","12":"first","13":"instock","14":"taxable","15":"shipping-taxable","16":"purchasable","17":"product-type-simple","18":"add-to-wishlist-before_image"},"aioseo_notices":[],"_links":{"self":[{"href":"https:\/\/kosmeetika24.eu\/et\/wp-json\/wp\/v2\/product\/4609","targetHints":{"allow":["GET"]}}],"collection":[{"href":"https:\/\/kosmeetika24.eu\/et\/wp-json\/wp\/v2\/product"}],"about":[{"href":"https:\/\/kosmeetika24.eu\/et\/wp-json\/wp\/v2\/types\/product"}],"version-history":[{"count":2,"href":"https:\/\/kosmeetika24.eu\/et\/wp-json\/wp\/v2\/product\/4609\/revisions"}],"predecessor-version":[{"id":4676,"href":"https:\/\/kosmeetika24.eu\/et\/wp-json\/wp\/v2\/product\/4609\/revisions\/4676"}],"wp:featuredmedia":[{"embeddable":true,"href":"https:\/\/kosmeetika24.eu\/et\/wp-json\/wp\/v2\/media\/4652"}],"wp:attachment":[{"href":"https:\/\/kosmeetika24.eu\/et\/wp-json\/wp\/v2\/media?parent=4609"}],"wp:term":[{"taxonomy":"product_brand","embeddable":true,"href":"https:\/\/kosmeetika24.eu\/et\/wp-json\/wp\/v2\/product_brand?post=4609"},{"taxonomy":"product_cat","embeddable":true,"href":"https:\/\/kosmeetika24.eu\/et\/wp-json\/wp\/v2\/product_cat?post=4609"},{"taxonomy":"product_tag","embeddable":true,"href":"https:\/\/kosmeetika24.eu\/et\/wp-json\/wp\/v2\/product_tag?post=4609"}],"curies":[{"name":"wp","href":"https:\/\/api.w.org\/{rel}","templated":true}]}}