{"id":4601,"date":"2021-06-09T11:42:06","date_gmt":"2021-06-09T11:42:06","guid":{"rendered":"https:\/\/kosmeetika24.eu\/?post_type=product&#038;p=4601"},"modified":"2025-02-28T15:40:19","modified_gmt":"2025-02-28T12:40:19","slug":"bruno-vassari-body-care-tselluliidivastane-pulk","status":"publish","type":"product","link":"https:\/\/kosmeetika24.eu\/et\/toode\/bruno-vassari-body-care-tselluliidivastane-pulk\/","title":{"rendered":"BRUNO VASSARI Body Care tselluliidivastane pulk"},"content":{"rendered":"<p>Tselluliidivastane pulk <em>Silhouette Designer<\/em> on meeldiva tekstuuriga ja \u00f5rna aroomiga v\u00e4rskendav pulk, mis ravib t\u00f5husalt k\u00f5ige jonnakamat tselluliiti. T\u00e4nu oma tootedisainile ei ole seda ainult lihtne kasutada, vaid seda saab ka mugavalt k\u00f5ikjale kaasa v\u00f5tta!<\/p>\n<p><strong><em>Silhouette Designer<\/em> sisaldab endas 360\u00ba tselluliidivastast ravi, t\u00e4nu enda kahekordsele m\u00f5jule.<\/strong><\/p>\n<p><strong>TOIME:<\/strong><\/p>\n<ul>\n<li><strong>HOOLDAB: <\/strong>t\u00e4nu enda koostises sisalduvatele lipo-redutseerivatele ja venotoonilistele koostisosadele t\u00f6\u00f6tab see pulk lokaliseeritud rasva ja tselluliiti vallandavate tegurite vastu, mis p\u00f5hjustavad k\u00fcllaltki h\u00e4irivat ja inetut nahaaluse tselluliidi ilminguid, nagu selleks on ,,apelsinikoore nahk\u00b4\u00b4 (kare, ebakorrap\u00e4rane ja paks nahk). Juba l\u00fchikese kasutamisaja jooksul parandab ning v\u00e4hendab tselluliidivastane pulk neid tegureid.<\/li>\n<li><strong>ENNETAB: <\/strong>pikemas perspektiivis aitab tselluliidivastane pulk v\u00e4ltida tselluliidi taastekkimist t\u00e4nu selles sisalduvatele toimeainetele, mis p\u00e4rsivad rasvarakkude kogunemist samal ajal v\u00e4hendades nende suurust.<\/li>\n<\/ul>\n<p><strong>AKTIIVSED TOIMEAINED:<\/strong><\/p>\n<p><strong>1. Drenalip\u2122: <\/strong>on standartiseeritud kompleks aktiivsetest loodusliku p\u00e4ritoluga koostisosadest, mis v\u00f5itleb ja ennetab mitmesuguseid faktoreid, mis p\u00f5hjustavad tselluliidi teket. Antud kompleksis sisalduvad koostisosad m\u00f5juvad kombineeritud toimega nahale nii, et see v\u00f5imaldab kehal v\u00e4hendadada rasvkude, turset ning parendada verevoolu kehas.<\/p>\n<p><strong>Drenalip\u2122 <\/strong>koosneb neljast taimse p\u00e4ritoluga koostisosast: <strong>hundihammas, lihuniku luud, sidrun <\/strong>ja <strong>kuldvits<\/strong>, et pakkuda t\u00f5husat kosmeetilist hooldust tselluliidi raviks.<\/p>\n<ul>\n<li><strong>Hundihammas: <\/strong>t\u00e4nap\u00e4evases ravis kasutatakse seda palju. Sellel on kaitsev toime s\u00fcdame-veresoonkonnale, n\u00e4rvis\u00fcsteemile ja maksale, mis on seotud selle t\u00f5estatud antioks\u00fcdatiivse v\u00f5imekusega.<\/li>\n<li><strong>Sidrun: <\/strong>koostisosana on tootes kasutatud sidrunikoort. See sisaldab rikkalikult flavonoide. K\u00f5ige k\u00fclluslikema flavonoidide seast leiame hesperidiini ja narangiini. Hesperidiinil on venotooniline, veresooni kaitsev ja veenilaiendite vastane toime. Nende tegevus on suunatud mikroringlusele, suurendades selle vastupidavust ja v\u00e4hendades l\u00e4bilaskev\u00f5imet ning kaitstes veresoonte endoteeli. Teine toimeaine, narangiin, omab p\u00f5letikuvastast toimet.<\/li>\n<li><strong>Kuldvits: <\/strong>selle keemilises koostises on flavonoidid, mille r\u00fchma peamiseks esindajaks on rutosiid. Rutosiid p\u00e4rsib trombots\u00fc\u00fctide agregatsiooni ning v\u00e4hendab veresoonte l\u00e4bilaskvust, mis muudab vere h\u00f5redamaks ning parandab vereringet.<\/li>\n<li><strong>Lihuniku luud: <\/strong>seda taime kasutatakse laialdaselt veeni probleemide ennetamiseks ja raviks. Selle aktiivsed komponendid, saponiinid, omavad venotoonilist, p\u00f5letikuvastast ja diureetilist toimet.<\/li>\n<\/ul>\n<p><strong>2. Kofeiin: <\/strong>kofeiinil on lipol\u00fc\u00fctiline toime, mis aitab suurendada teiste aktiivsete toimeainete m\u00f5ju. Kofeiin restruktureerib nahka ning tasakaalustab epidermiliste rakkude ainevahetust.<\/p>\n<p><strong>3. Mentool: <\/strong>sellel on antiseptiline, valuvaigistav ning p\u00f5letikuvastane toime. Peale nahale kandmist, hakkab toode \u00f5hetama\/punetama, andes nahale k\u00fclmaefekti, mis omakorda aitab tootel paremini imenduda ning m\u00f5juda.<\/p>\n<p>Tulemuseks on pingul, sile ning niisutatud nahk.<\/p>\n<p><strong><span style=\"font-size: 16px;\">KASUTAMINE<\/span><\/strong><\/p>\n<p><span style=\"font-weight: 400;\">Peale kanda igal hommikul ja \u00f5htul.<\/span><\/p>\n<p><span style=\"font-weight: 400;\"> Toode kanda hooldatavale piirkonnale ringjate liigutustega. <\/span><\/p>\n<p><span style=\"font-weight: 400;\">V\u00f5ib p\u00e4rast pealekandmist hakata \u00f5hetama ning tekitada k\u00fclmatunnet, kuid see on \u00fcks toimeainete m\u00f5judest.<\/span><\/p>\n<p><strong>KOOSTIS<\/strong><\/p>\n<p>AQUA (WATER), PROPYLENE GLYCOL, SODIUM STEARATE, PROPANEDIOL, CAFFEINE, RUSCUS ACULEATUS ROOT EXTRACT, ASTRAGALUS MEMBRANACEUS ROOT EXTRACT, SOLIDAGO VIRGAUREA EXTRACT, CITRUS LEMON PEEL EXTRACT, ETHYLHEXYLGLYCERIN, MENTHOL, PHENOXYETHANOL, PARFUM (FRAGRANCE), SODIUM BENZOATE, POTASSIUM SORBATE, TOCOPHEROL.<\/p>\n<p><span style=\"color: #000000;\"><span style=\"font-family: Roboto, sans-serif;\"><span style=\"font-size: xx-small;\">930.26 \u20ac\/l<\/span><\/span><\/span><\/p>\n","protected":false},"excerpt":{"rendered":"<p>75 ml<\/p>\n<p><span style=\"font-weight: 400;\">Meeldiva tekstuuri ja \u00f5rna aroomiga v\u00e4rskendav pulk, mis ravib t\u00f5husalt k\u00f5ige jonnakamat tselluliiti. Tselluliidivastane pulk mitte ainult ei v\u00e4henda kehal juba olemasolevat tselluliiti, vaid lisaks seda ka ennetada, et see uuesti ei tekiks.<\/span><\/p>\n<p>&nbsp;<\/p>\n<p>&nbsp;<\/p>\n","protected":false},"featured_media":4661,"template":"","meta":{"om_disable_all_campaigns":false,"_monsterinsights_skip_tracking":false,"_monsterinsights_sitenote_active":false,"_monsterinsights_sitenote_note":"","_monsterinsights_sitenote_category":0,"_uf_show_specific_survey":0,"_uf_disable_surveys":false,"site-sidebar-layout":"default","site-content-layout":"","ast-site-content-layout":"default","site-content-style":"default","site-sidebar-style":"default","ast-global-header-display":"","ast-banner-title-visibility":"","ast-main-header-display":"","ast-hfb-above-header-display":"","ast-hfb-below-header-display":"","ast-hfb-mobile-header-display":"","site-post-title":"","ast-breadcrumbs-content":"","ast-featured-img":"","footer-sml-layout":"","theme-transparent-header-meta":"default","adv-header-id-meta":"","stick-header-meta":"","header-above-stick-meta":"","header-main-stick-meta":"","header-below-stick-meta":"","astra-migrate-meta-layouts":"set","ast-page-background-enabled":"default","ast-page-background-meta":{"desktop":{"background-color":"var(--ast-global-color-4)","background-image":"","background-repeat":"repeat","background-position":"center center","background-size":"auto","background-attachment":"scroll","background-type":"","background-media":"","overlay-type":"","overlay-color":"","overlay-opacity":"","overlay-gradient":""},"tablet":{"background-color":"","background-image":"","background-repeat":"repeat","background-position":"center center","background-size":"auto","background-attachment":"scroll","background-type":"","background-media":"","overlay-type":"","overlay-color":"","overlay-opacity":"","overlay-gradient":""},"mobile":{"background-color":"","background-image":"","background-repeat":"repeat","background-position":"center center","background-size":"auto","background-attachment":"scroll","background-type":"","background-media":"","overlay-type":"","overlay-color":"","overlay-opacity":"","overlay-gradient":""}},"ast-content-background-meta":{"desktop":{"background-color":"var(--ast-global-color-5)","background-image":"","background-repeat":"repeat","background-position":"center center","background-size":"auto","background-attachment":"scroll","background-type":"","background-media":"","overlay-type":"","overlay-color":"","overlay-opacity":"","overlay-gradient":""},"tablet":{"background-color":"var(--ast-global-color-5)","background-image":"","background-repeat":"repeat","background-position":"center center","background-size":"auto","background-attachment":"scroll","background-type":"","background-media":"","overlay-type":"","overlay-color":"","overlay-opacity":"","overlay-gradient":""},"mobile":{"background-color":"var(--ast-global-color-5)","background-image":"","background-repeat":"repeat","background-position":"center center","background-size":"auto","background-attachment":"scroll","background-type":"","background-media":"","overlay-type":"","overlay-color":"","overlay-opacity":"","overlay-gradient":""}}},"product_brand":[],"product_cat":[46,344],"product_tag":[],"class_list":{"0":"post-4601","1":"product","2":"type-product","3":"status-publish","4":"has-post-thumbnail","6":"product_cat-kehale","7":"product_cat-tselluliidivastane","8":"desktop-align-center","9":"tablet-align-left","10":"mobile-align-left","12":"first","13":"instock","14":"taxable","15":"shipping-taxable","16":"purchasable","17":"product-type-simple","18":"add-to-wishlist-before_image"},"aioseo_notices":[],"_links":{"self":[{"href":"https:\/\/kosmeetika24.eu\/et\/wp-json\/wp\/v2\/product\/4601","targetHints":{"allow":["GET"]}}],"collection":[{"href":"https:\/\/kosmeetika24.eu\/et\/wp-json\/wp\/v2\/product"}],"about":[{"href":"https:\/\/kosmeetika24.eu\/et\/wp-json\/wp\/v2\/types\/product"}],"version-history":[{"count":3,"href":"https:\/\/kosmeetika24.eu\/et\/wp-json\/wp\/v2\/product\/4601\/revisions"}],"predecessor-version":[{"id":4678,"href":"https:\/\/kosmeetika24.eu\/et\/wp-json\/wp\/v2\/product\/4601\/revisions\/4678"}],"wp:featuredmedia":[{"embeddable":true,"href":"https:\/\/kosmeetika24.eu\/et\/wp-json\/wp\/v2\/media\/4661"}],"wp:attachment":[{"href":"https:\/\/kosmeetika24.eu\/et\/wp-json\/wp\/v2\/media?parent=4601"}],"wp:term":[{"taxonomy":"product_brand","embeddable":true,"href":"https:\/\/kosmeetika24.eu\/et\/wp-json\/wp\/v2\/product_brand?post=4601"},{"taxonomy":"product_cat","embeddable":true,"href":"https:\/\/kosmeetika24.eu\/et\/wp-json\/wp\/v2\/product_cat?post=4601"},{"taxonomy":"product_tag","embeddable":true,"href":"https:\/\/kosmeetika24.eu\/et\/wp-json\/wp\/v2\/product_tag?post=4601"}],"curies":[{"name":"wp","href":"https:\/\/api.w.org\/{rel}","templated":true}]}}