{"id":3889,"date":"2020-11-30T10:26:47","date_gmt":"2020-11-30T10:26:47","guid":{"rendered":"https:\/\/kosmeetika24.eu\/?post_type=product&#038;p=3889"},"modified":"2024-12-27T11:50:08","modified_gmt":"2024-12-27T08:50:08","slug":"royal-grace-hualuroonhape-c-vitamiiniga","status":"publish","type":"product","link":"https:\/\/kosmeetika24.eu\/et\/toode\/royal-grace-hualuroonhape-c-vitamiiniga\/","title":{"rendered":"CHARMYCO H\u00fcaluroonhape C-vitamiiniga"},"content":{"rendered":"<p dir=\"ltr\">H\u00fcaluroonhapet leidub meie kehas ning selle peamine funktsioon on s\u00e4ilitada vett, et hoida kudesid h\u00e4sti niisutatuna. Vananemise protsessi tagaj\u00e4rjel v\u00e4heneb h\u00fcaluroonhappe kogus meie kehas ning tulemuseks on kuiv ja vananemisilmingutega nahk.<\/p>\n<p dir=\"ltr\">Meeldiva maitsega jook, mida on lihtne manustada. Vedelal kujul omastab organism h\u00fcaluroonhapet kergemini, kui tabletide v\u00f5i pulbrina.<\/p>\n<p dir=\"ltr\"><strong>KOOSTIS<\/strong><\/p>\n<ul>\n<li>Sisaldab 100 mg h\u00fcaluroonhapet 15 ml kohta, mis aitab s\u00e4ilitada normaalset niisutatust nahas.<\/li>\n<li>Sisaldab 80 mg C-vitamiini, mis aitab kaasa normaalsele kollageeni moodustumisele nahas.<\/li>\n<li>Sisaldab r\u00e4ni, mis toetab normaalset juuste, k\u00fc\u00fcnte ja naha seisundit ning on oluline kollageeni normaalseks moodustumiseks.<\/li>\n<li>Toode on <strong>GMO vaba<\/strong>, <strong>gluteenivaba, laktoosivaba, p\u00e4rmivaba, suhkruvaba ja vegan-s\u00f5bralik. <\/strong>Kasutatud on vaid naturaalseid v\u00e4rvi- ja maitseaineid.<\/li>\n<\/ul>\n<p dir=\"ltr\"><strong>TOIME<\/strong><\/p>\n<ul>\n<li dir=\"ltr\">H\u00fcaluroonhape (taimne): Aitab s\u00e4ilitada naha niiskustasakaalu normaalsena, ennetab kuiva naha teket.<\/li>\n<li dir=\"ltr\">Askorbiinhape (C-vitamiin): Aitab v\u00e4hendada kortse, parandab naha \u00fcldist heaolu ja v\u00e4ljan\u00e4gemist, tagades siledama naha.<\/li>\n<li dir=\"ltr\">Kaaliumpulber ja naatriumbensoaat (s\u00e4ilitusained): Aitavad ennetada loomuliku vananemisega seotuid ilminguid &#8211; kortsukesed, \u00f5huke ja kuiv nahk, naha l\u00f5tvumine.<\/li>\n<li dir=\"ltr\">R\u00e4nidioksiid: V\u00e4hendab miimikajoonte v\u00e4ljapaistvust.<\/li>\n<li dir=\"ltr\">Stevioolgl\u00fckosiidid (looduslik magusaine): Toidavad keha loomulikult toodetud kollageeni ja stimuleerivad uute naharakkude teket.<\/li>\n<li dir=\"ltr\">Looduslikud l\u00f5hna- ja maitseained (sidrun): Annavad s\u00e4rava, tervisest pakatava jume.<\/li>\n<li dir=\"ltr\">Askorbiinhape (C-vitamiin): Stimuleerib uute naharakkude teket.<\/li>\n<\/ul>\n","protected":false},"excerpt":{"rendered":"<p>500 ml<\/p>\n<p>Sidrunimaitseline h\u00fcaluroonhape C-vitamiiniga vedelal kujul.<\/p>\n<p>&nbsp;<\/p>\n<p>&nbsp;<\/p>\n","protected":false},"featured_media":5968,"template":"","meta":{"om_disable_all_campaigns":false,"_monsterinsights_skip_tracking":false,"_monsterinsights_sitenote_active":false,"_monsterinsights_sitenote_note":"","_monsterinsights_sitenote_category":0,"_uf_show_specific_survey":0,"_uf_disable_surveys":false,"site-sidebar-layout":"default","site-content-layout":"","ast-site-content-layout":"default","site-content-style":"default","site-sidebar-style":"default","ast-global-header-display":"","ast-banner-title-visibility":"","ast-main-header-display":"","ast-hfb-above-header-display":"","ast-hfb-below-header-display":"","ast-hfb-mobile-header-display":"","site-post-title":"","ast-breadcrumbs-content":"","ast-featured-img":"","footer-sml-layout":"","theme-transparent-header-meta":"default","adv-header-id-meta":"","stick-header-meta":"","header-above-stick-meta":"","header-main-stick-meta":"","header-below-stick-meta":"","astra-migrate-meta-layouts":"set","ast-page-background-enabled":"default","ast-page-background-meta":{"desktop":{"background-color":"var(--ast-global-color-4)","background-image":"","background-repeat":"repeat","background-position":"center center","background-size":"auto","background-attachment":"scroll","background-type":"","background-media":"","overlay-type":"","overlay-color":"","overlay-opacity":"","overlay-gradient":""},"tablet":{"background-color":"","background-image":"","background-repeat":"repeat","background-position":"center center","background-size":"auto","background-attachment":"scroll","background-type":"","background-media":"","overlay-type":"","overlay-color":"","overlay-opacity":"","overlay-gradient":""},"mobile":{"background-color":"","background-image":"","background-repeat":"repeat","background-position":"center center","background-size":"auto","background-attachment":"scroll","background-type":"","background-media":"","overlay-type":"","overlay-color":"","overlay-opacity":"","overlay-gradient":""}},"ast-content-background-meta":{"desktop":{"background-color":"var(--ast-global-color-5)","background-image":"","background-repeat":"repeat","background-position":"center center","background-size":"auto","background-attachment":"scroll","background-type":"","background-media":"","overlay-type":"","overlay-color":"","overlay-opacity":"","overlay-gradient":""},"tablet":{"background-color":"var(--ast-global-color-5)","background-image":"","background-repeat":"repeat","background-position":"center center","background-size":"auto","background-attachment":"scroll","background-type":"","background-media":"","overlay-type":"","overlay-color":"","overlay-opacity":"","overlay-gradient":""},"mobile":{"background-color":"var(--ast-global-color-5)","background-image":"","background-repeat":"repeat","background-position":"center center","background-size":"auto","background-attachment":"scroll","background-type":"","background-media":"","overlay-type":"","overlay-color":"","overlay-opacity":"","overlay-gradient":""}}},"product_brand":[],"product_cat":[128],"product_tag":[],"class_list":{"0":"post-3889","1":"product","2":"type-product","3":"status-publish","4":"has-post-thumbnail","6":"product_cat-toidulisandid","7":"desktop-align-center","8":"tablet-align-left","9":"mobile-align-left","11":"first","12":"instock","13":"taxable","14":"shipping-taxable","15":"purchasable","16":"product-type-simple","17":"add-to-wishlist-before_image"},"aioseo_notices":[],"_links":{"self":[{"href":"https:\/\/kosmeetika24.eu\/et\/wp-json\/wp\/v2\/product\/3889","targetHints":{"allow":["GET"]}}],"collection":[{"href":"https:\/\/kosmeetika24.eu\/et\/wp-json\/wp\/v2\/product"}],"about":[{"href":"https:\/\/kosmeetika24.eu\/et\/wp-json\/wp\/v2\/types\/product"}],"version-history":[{"count":3,"href":"https:\/\/kosmeetika24.eu\/et\/wp-json\/wp\/v2\/product\/3889\/revisions"}],"predecessor-version":[{"id":8856,"href":"https:\/\/kosmeetika24.eu\/et\/wp-json\/wp\/v2\/product\/3889\/revisions\/8856"}],"wp:featuredmedia":[{"embeddable":true,"href":"https:\/\/kosmeetika24.eu\/et\/wp-json\/wp\/v2\/media\/5968"}],"wp:attachment":[{"href":"https:\/\/kosmeetika24.eu\/et\/wp-json\/wp\/v2\/media?parent=3889"}],"wp:term":[{"taxonomy":"product_brand","embeddable":true,"href":"https:\/\/kosmeetika24.eu\/et\/wp-json\/wp\/v2\/product_brand?post=3889"},{"taxonomy":"product_cat","embeddable":true,"href":"https:\/\/kosmeetika24.eu\/et\/wp-json\/wp\/v2\/product_cat?post=3889"},{"taxonomy":"product_tag","embeddable":true,"href":"https:\/\/kosmeetika24.eu\/et\/wp-json\/wp\/v2\/product_tag?post=3889"}],"curies":[{"name":"wp","href":"https:\/\/api.w.org\/{rel}","templated":true}]}}