{"id":3883,"date":"2020-11-30T10:23:09","date_gmt":"2020-11-30T10:23:09","guid":{"rendered":"https:\/\/kosmeetika24.eu\/?post_type=product&#038;p=3883"},"modified":"2024-12-27T11:50:23","modified_gmt":"2024-12-27T08:50:23","slug":"royal-grace-hudroluusitud-kollageen-naturaalsete-peptiididega","status":"publish","type":"product","link":"https:\/\/kosmeetika24.eu\/et\/toode\/royal-grace-hudroluusitud-kollageen-naturaalsete-peptiididega\/","title":{"rendered":"CHARMYCO H\u00fcdrol\u00fc\u00fcsitud kollageen naturaalsete peptiididega"},"content":{"rendered":"<p><strong>Charmyco h\u00fcdrol\u00fc\u00fcsitud kollageenipulber<\/strong> sisaldab 1. ja 3. t\u00fc\u00fcpi merelist kollageeni. 1. t\u00fc\u00fcpi h\u00fcdrol\u00fc\u00fcsitud kollageeni peptiidid on k\u00f5ige kvaliteetsemad ning tarbides neid koos 3. t\u00fc\u00fcpi kollageeniga on see kehale lihtsamini omastatav.<\/p>\n<p>Kollageenipulbri valmistamisel on kasutatud naturaalseid v\u00e4rvi- ja maitseaineid ning see on <strong>GMO vaba, gluteenivaba, laktoosivaba, p\u00e4rmivaba<\/strong> ja <strong>suhkruvaba<\/strong>.<\/p>\n<p><strong>TOIME<\/strong><\/p>\n<p>V\u00f5ib \u00e4ra hoida luude h\u00f5renemist- kuna luud on valmistatud peamiselt kollageenist, mille sisaldus organismis vananedes v\u00e4heneb, siis v\u00e4heneb ka luumass. Skandinaavia Tervise kollageeni toidulisandi regulaarne tarvitamine aitab s\u00e4ilitada luude tugevust ka vanemas eas.<\/p>\n","protected":false},"excerpt":{"rendered":"<ul>\n<li>H\u00fcdrol\u00fc\u00fcsitud KALAkollageeni pulber<\/li>\n<li>Sisaldab 1. ja 3. t\u00fc\u00fcpi kollageeni<\/li>\n<\/ul>\n<p>300 g<\/p>\n","protected":false},"featured_media":5952,"template":"","meta":{"om_disable_all_campaigns":false,"_monsterinsights_skip_tracking":false,"_monsterinsights_sitenote_active":false,"_monsterinsights_sitenote_note":"","_monsterinsights_sitenote_category":0,"_uf_show_specific_survey":0,"_uf_disable_surveys":false,"site-sidebar-layout":"default","site-content-layout":"","ast-site-content-layout":"default","site-content-style":"default","site-sidebar-style":"default","ast-global-header-display":"","ast-banner-title-visibility":"","ast-main-header-display":"","ast-hfb-above-header-display":"","ast-hfb-below-header-display":"","ast-hfb-mobile-header-display":"","site-post-title":"","ast-breadcrumbs-content":"","ast-featured-img":"","footer-sml-layout":"","theme-transparent-header-meta":"default","adv-header-id-meta":"","stick-header-meta":"","header-above-stick-meta":"","header-main-stick-meta":"","header-below-stick-meta":"","astra-migrate-meta-layouts":"set","ast-page-background-enabled":"default","ast-page-background-meta":{"desktop":{"background-color":"var(--ast-global-color-4)","background-image":"","background-repeat":"repeat","background-position":"center center","background-size":"auto","background-attachment":"scroll","background-type":"","background-media":"","overlay-type":"","overlay-color":"","overlay-opacity":"","overlay-gradient":""},"tablet":{"background-color":"","background-image":"","background-repeat":"repeat","background-position":"center center","background-size":"auto","background-attachment":"scroll","background-type":"","background-media":"","overlay-type":"","overlay-color":"","overlay-opacity":"","overlay-gradient":""},"mobile":{"background-color":"","background-image":"","background-repeat":"repeat","background-position":"center center","background-size":"auto","background-attachment":"scroll","background-type":"","background-media":"","overlay-type":"","overlay-color":"","overlay-opacity":"","overlay-gradient":""}},"ast-content-background-meta":{"desktop":{"background-color":"var(--ast-global-color-5)","background-image":"","background-repeat":"repeat","background-position":"center center","background-size":"auto","background-attachment":"scroll","background-type":"","background-media":"","overlay-type":"","overlay-color":"","overlay-opacity":"","overlay-gradient":""},"tablet":{"background-color":"var(--ast-global-color-5)","background-image":"","background-repeat":"repeat","background-position":"center center","background-size":"auto","background-attachment":"scroll","background-type":"","background-media":"","overlay-type":"","overlay-color":"","overlay-opacity":"","overlay-gradient":""},"mobile":{"background-color":"var(--ast-global-color-5)","background-image":"","background-repeat":"repeat","background-position":"center center","background-size":"auto","background-attachment":"scroll","background-type":"","background-media":"","overlay-type":"","overlay-color":"","overlay-opacity":"","overlay-gradient":""}}},"product_brand":[],"product_cat":[128],"product_tag":[],"class_list":{"0":"post-3883","1":"product","2":"type-product","3":"status-publish","4":"has-post-thumbnail","6":"product_cat-toidulisandid","7":"desktop-align-center","8":"tablet-align-left","9":"mobile-align-left","11":"first","12":"instock","13":"taxable","14":"shipping-taxable","15":"purchasable","16":"product-type-simple","17":"add-to-wishlist-before_image"},"aioseo_notices":[],"_links":{"self":[{"href":"https:\/\/kosmeetika24.eu\/et\/wp-json\/wp\/v2\/product\/3883","targetHints":{"allow":["GET"]}}],"collection":[{"href":"https:\/\/kosmeetika24.eu\/et\/wp-json\/wp\/v2\/product"}],"about":[{"href":"https:\/\/kosmeetika24.eu\/et\/wp-json\/wp\/v2\/types\/product"}],"version-history":[{"count":3,"href":"https:\/\/kosmeetika24.eu\/et\/wp-json\/wp\/v2\/product\/3883\/revisions"}],"predecessor-version":[{"id":8092,"href":"https:\/\/kosmeetika24.eu\/et\/wp-json\/wp\/v2\/product\/3883\/revisions\/8092"}],"wp:featuredmedia":[{"embeddable":true,"href":"https:\/\/kosmeetika24.eu\/et\/wp-json\/wp\/v2\/media\/5952"}],"wp:attachment":[{"href":"https:\/\/kosmeetika24.eu\/et\/wp-json\/wp\/v2\/media?parent=3883"}],"wp:term":[{"taxonomy":"product_brand","embeddable":true,"href":"https:\/\/kosmeetika24.eu\/et\/wp-json\/wp\/v2\/product_brand?post=3883"},{"taxonomy":"product_cat","embeddable":true,"href":"https:\/\/kosmeetika24.eu\/et\/wp-json\/wp\/v2\/product_cat?post=3883"},{"taxonomy":"product_tag","embeddable":true,"href":"https:\/\/kosmeetika24.eu\/et\/wp-json\/wp\/v2\/product_tag?post=3883"}],"curies":[{"name":"wp","href":"https:\/\/api.w.org\/{rel}","templated":true}]}}