{"id":3620,"date":"2020-08-03T15:08:14","date_gmt":"2020-08-03T15:08:14","guid":{"rendered":"https:\/\/kosmeetika24.eu\/?post_type=product&#038;p=3620"},"modified":"2025-02-28T15:40:53","modified_gmt":"2025-02-28T12:40:53","slug":"bruno-vassari-body-care-pinguldav-ja-vormiv-kontsentraat-kehale","status":"publish","type":"product","link":"https:\/\/kosmeetika24.eu\/et\/toode\/bruno-vassari-body-care-pinguldav-ja-vormiv-kontsentraat-kehale\/","title":{"rendered":"BRUNO VASSARI Body Care pinguldav ja vormiv kontsentraat kehale"},"content":{"rendered":"<p>Pinguldav ja vormiv kontsentraat <em>Firm &amp; Sculpt Concentrate<\/em> kehale, v\u00f5imaldab rasva p\u00f5letamist ja mille tulemusel kiireneb ainevahetus ning taasaktiveeruvad naha mehaanilised omadused.<\/p>\n<p>Kontsentraat suurendab kollageeni tootmist nahas ning\u00a0 parandab naha toonust ja elastsust.<\/p>\n<p>Tulemuseks on naha pinguldamine ja vormimine.<\/p>\n<p><strong>Tulemuseks on v\u00f5imas pinguldav toime t\u00e4nu kollageenikiudude arvu suurenemisele ja naha restruktureerimisele.<\/strong><\/p>\n<p>Sobib k\u00f5igile nahat\u00fc\u00fcpidele.<\/p>\n<p><strong>KASUTAMINE<\/strong><\/p>\n<p>Kasutusjuhend:<\/p>\n<ol>\n<li>Raputa ampulli.<\/li>\n<li>Sisesta ampull murdmiseks plastikusse.<\/li>\n<li>Murra ampulli ots.<\/li>\n<li>Sisesta ampull doseerimistuubi.<\/li>\n<li>Kanna ampulli sisu soovitud piirkonnale.<\/li>\n<\/ol>\n<p><strong>KOOSTIS<\/strong><\/p>\n<p>AQUA, GLYCERIN, PROPANEDIOL, METHYLSILANOL HYDROXYPROLINE ASPARATE, PROPYLENE GLYCOL, FUMARIC ACID, BIOFLAVONOIDS, MALTOOLIGOSYL GLUCOSIDE, HYDROGENATED STARCH HYDROLYSATE, CENTELLA ASIATICA EXTRACT, PHENOXYETHANOL, BUTYLENE GLYCOL, ARGININE, CITRIC ACID, CARBOMER, ETHYLHEXYLGLYCERIN, SODIUM BENZOATE.<\/p>\n<p><span style=\"font-size: xx-small;\"><span style=\"color: #000000;\"><span style=\"font-family: Roboto, sans-serif;\"><span style=\"font-size: small;\">1115.50 \u20ac\/l<\/span><\/span><\/span><\/span><\/p>\n","protected":false},"excerpt":{"rendered":"<p>6 x 10ml<\/p>\n<p>Pinguldav ja vormiv kontsentraat kehale.<\/p>\n<p>&nbsp;<\/p>\n","protected":false},"featured_media":3621,"template":"","meta":{"om_disable_all_campaigns":false,"_monsterinsights_skip_tracking":false,"_monsterinsights_sitenote_active":false,"_monsterinsights_sitenote_note":"","_monsterinsights_sitenote_category":0,"_uf_show_specific_survey":0,"_uf_disable_surveys":false,"site-sidebar-layout":"default","site-content-layout":"","ast-site-content-layout":"default","site-content-style":"default","site-sidebar-style":"default","ast-global-header-display":"","ast-banner-title-visibility":"","ast-main-header-display":"","ast-hfb-above-header-display":"","ast-hfb-below-header-display":"","ast-hfb-mobile-header-display":"","site-post-title":"","ast-breadcrumbs-content":"","ast-featured-img":"","footer-sml-layout":"","theme-transparent-header-meta":"default","adv-header-id-meta":"","stick-header-meta":"","header-above-stick-meta":"","header-main-stick-meta":"","header-below-stick-meta":"","astra-migrate-meta-layouts":"set","ast-page-background-enabled":"default","ast-page-background-meta":{"desktop":{"background-color":"var(--ast-global-color-4)","background-image":"","background-repeat":"repeat","background-position":"center center","background-size":"auto","background-attachment":"scroll","background-type":"","background-media":"","overlay-type":"","overlay-color":"","overlay-opacity":"","overlay-gradient":""},"tablet":{"background-color":"","background-image":"","background-repeat":"repeat","background-position":"center center","background-size":"auto","background-attachment":"scroll","background-type":"","background-media":"","overlay-type":"","overlay-color":"","overlay-opacity":"","overlay-gradient":""},"mobile":{"background-color":"","background-image":"","background-repeat":"repeat","background-position":"center center","background-size":"auto","background-attachment":"scroll","background-type":"","background-media":"","overlay-type":"","overlay-color":"","overlay-opacity":"","overlay-gradient":""}},"ast-content-background-meta":{"desktop":{"background-color":"var(--ast-global-color-5)","background-image":"","background-repeat":"repeat","background-position":"center center","background-size":"auto","background-attachment":"scroll","background-type":"","background-media":"","overlay-type":"","overlay-color":"","overlay-opacity":"","overlay-gradient":""},"tablet":{"background-color":"var(--ast-global-color-5)","background-image":"","background-repeat":"repeat","background-position":"center center","background-size":"auto","background-attachment":"scroll","background-type":"","background-media":"","overlay-type":"","overlay-color":"","overlay-opacity":"","overlay-gradient":""},"mobile":{"background-color":"var(--ast-global-color-5)","background-image":"","background-repeat":"repeat","background-position":"center center","background-size":"auto","background-attachment":"scroll","background-type":"","background-media":"","overlay-type":"","overlay-color":"","overlay-opacity":"","overlay-gradient":""}}},"product_brand":[],"product_cat":[46,354],"product_tag":[],"class_list":{"0":"post-3620","1":"product","2":"type-product","3":"status-publish","4":"has-post-thumbnail","6":"product_cat-kehale","7":"product_cat-kreemid-kehale","8":"desktop-align-center","9":"tablet-align-left","10":"mobile-align-left","12":"first","13":"instock","14":"taxable","15":"shipping-taxable","16":"purchasable","17":"product-type-simple","18":"add-to-wishlist-before_image"},"aioseo_notices":[],"_links":{"self":[{"href":"https:\/\/kosmeetika24.eu\/et\/wp-json\/wp\/v2\/product\/3620","targetHints":{"allow":["GET"]}}],"collection":[{"href":"https:\/\/kosmeetika24.eu\/et\/wp-json\/wp\/v2\/product"}],"about":[{"href":"https:\/\/kosmeetika24.eu\/et\/wp-json\/wp\/v2\/types\/product"}],"version-history":[{"count":4,"href":"https:\/\/kosmeetika24.eu\/et\/wp-json\/wp\/v2\/product\/3620\/revisions"}],"predecessor-version":[{"id":8857,"href":"https:\/\/kosmeetika24.eu\/et\/wp-json\/wp\/v2\/product\/3620\/revisions\/8857"}],"wp:featuredmedia":[{"embeddable":true,"href":"https:\/\/kosmeetika24.eu\/et\/wp-json\/wp\/v2\/media\/3621"}],"wp:attachment":[{"href":"https:\/\/kosmeetika24.eu\/et\/wp-json\/wp\/v2\/media?parent=3620"}],"wp:term":[{"taxonomy":"product_brand","embeddable":true,"href":"https:\/\/kosmeetika24.eu\/et\/wp-json\/wp\/v2\/product_brand?post=3620"},{"taxonomy":"product_cat","embeddable":true,"href":"https:\/\/kosmeetika24.eu\/et\/wp-json\/wp\/v2\/product_cat?post=3620"},{"taxonomy":"product_tag","embeddable":true,"href":"https:\/\/kosmeetika24.eu\/et\/wp-json\/wp\/v2\/product_tag?post=3620"}],"curies":[{"name":"wp","href":"https:\/\/api.w.org\/{rel}","templated":true}]}}