{"id":3606,"date":"2020-08-03T07:58:25","date_gmt":"2020-08-03T07:58:25","guid":{"rendered":"https:\/\/kosmeetika24.eu\/?post_type=product&#038;p=3606"},"modified":"2026-03-02T12:30:13","modified_gmt":"2026-03-02T09:30:13","slug":"bruno-vassari-city-beatch-igapaevane-tooni-uhtlustav-kaitsekreem","status":"publish","type":"product","link":"https:\/\/kosmeetika24.eu\/et\/toode\/bruno-vassari-city-beatch-igapaevane-tooni-uhtlustav-kaitsekreem\/","title":{"rendered":"BRUNO VASSARI City &#038; Beach igap\u00e4evane tooni \u00fchtlustav kaitsekreem"},"content":{"rendered":"<p>Igap\u00e4evane naha tooni \u00fchtlustav kaitsekreem <strong><em>Every Day Protection<\/em> SPF 40<\/strong>+ on geel-kreem, mis on ideaalne<br \/>\nkasutamiseks 365 p\u00e4eva aastas, et ennetada plekkide teket nahal ja enneaegset vananemist.<br \/>\nKreem imbub kiiresti naha sisse ja on kergesti nahale hajutatav. Kreem loob nahale kaitsva kihi, mis k\u00e4itub kui teine nahk.\u00a0Toode tagab ka pehmema ja loomulikuma naha tooni, \u00fchtlustades n\u00e4o jumet.<\/p>\n<p>Sobib k\u00f5igile nahat\u00fc\u00fcpidele.<\/p>\n<p>Sisaldab innovatiivset mineraalset filtritrit EnhanceU-T-Medium, mis loob laiahaardelise kaitse UVA ja UVB p\u00e4ikesekiirgusele:<\/p>\n<ul>\n<li>Sellel on nano-osakeste omadused, kuid see ei ole nano filter, mis lisab p\u00e4ikesekaitsele v\u00e4\u00e4rtust ja v\u00e4ldib nanofiltrite puhul t\u00fc\u00fcpilisi probleeme.<\/li>\n<li>See pakub k\u00f5rget kaitset UVA ja UVB kiirguse vastu.<\/li>\n<li>Pakub head fotostabiilsust, selle komponendid v\u00e4hendavad fotokatal\u00fc\u00fctilist aktiivsust.<\/li>\n<li>\u00dchtlustab naha tooni.<\/li>\n<li>Geel-kreem on ka v\u00e4ga niisutav.<\/li>\n<\/ul>\n<p><strong>KASUTAMINE<\/strong><\/p>\n<p>Kanda rikkalikult n\u00e4ole, kelale ja dekolteele.<\/p>\n<p>Peale vees olemist kanda toode uuesti nahale.<\/p>\n<p><strong>KOOSTIS<\/strong><\/p>\n<p>AQUA (WATER), TITANIUM DIOXIDE, ETH\u00dcLHEXYL METHOXYCINNAMATE, ALCOHOL DENAT., ETHYLHEXYL SALICYLATE, CYCLOPENTASILOXANE, HOMOSALATE, GL\u00dcCERIN, SILICA BUTYL METHOXYDIBENZOYLMETHANE, CETEARYL ALCOHOL, GLYCERYL STEARATE, PEG-100 STEARATE, HYDROGENATED VEGETABLE OLI, BIS-PEG-18 METHYL ETHER DIMETHYL SILANE, OCTOCRYLENE, POLYSORBATE 60, PHENOXYETHANOL, TOCOPERYL ACETATE, POLYACRYLATE 13, DISODIUM EDTA, CARBOMER, CHLORPHENESIN, TRIETHANOLAMINE, METHYLPROPANEDIOL, POLYISOBUTENE, BHT, PARFUM (FRAGRANCE), CAPRYLYL GLYCOL, POLYSORBATE 20, LINALOOL, LIMONENE, PHENYLPROPANOL, CITRONELLOL, HEXYL CINNAMAL, BUTYLPHENYL METHYLPROPIONAL, C.I. 77491 (IRON OXIDE), C.I. 77499 (IRON OXIDE).<\/p>\n<p><span style=\"font-size: xx-small;\"><span style=\"color: #000000;\"><span style=\"font-family: Roboto, sans-serif;\">1240.-\u20ac\/l <\/span><\/span><\/span><\/p>\n","protected":false},"excerpt":{"rendered":"<p>50 ml<\/p>\n<p>Igap\u00e4evane nahatooni \u00fchtlustav kaitsev geel-kreem. Rikkalikult niisutav, sisaldab UVA ja UVB filtreid, mis kaitsevad p\u00e4ikese kahjulike m\u00f5jude eest.<\/p>\n<p>&nbsp;<\/p>\n<p>&nbsp;<\/p>\n","protected":false},"featured_media":3609,"template":"","meta":{"om_disable_all_campaigns":false,"_monsterinsights_skip_tracking":false,"_monsterinsights_sitenote_active":false,"_monsterinsights_sitenote_note":"","_monsterinsights_sitenote_category":0,"_uf_show_specific_survey":0,"_uf_disable_surveys":false,"site-sidebar-layout":"default","site-content-layout":"","ast-site-content-layout":"default","site-content-style":"default","site-sidebar-style":"default","ast-global-header-display":"","ast-banner-title-visibility":"","ast-main-header-display":"","ast-hfb-above-header-display":"","ast-hfb-below-header-display":"","ast-hfb-mobile-header-display":"","site-post-title":"","ast-breadcrumbs-content":"","ast-featured-img":"","footer-sml-layout":"","theme-transparent-header-meta":"default","adv-header-id-meta":"","stick-header-meta":"","header-above-stick-meta":"","header-main-stick-meta":"","header-below-stick-meta":"","astra-migrate-meta-layouts":"set","ast-page-background-enabled":"default","ast-page-background-meta":{"desktop":{"background-color":"var(--ast-global-color-4)","background-image":"","background-repeat":"repeat","background-position":"center center","background-size":"auto","background-attachment":"scroll","background-type":"","background-media":"","overlay-type":"","overlay-color":"","overlay-opacity":"","overlay-gradient":""},"tablet":{"background-color":"","background-image":"","background-repeat":"repeat","background-position":"center center","background-size":"auto","background-attachment":"scroll","background-type":"","background-media":"","overlay-type":"","overlay-color":"","overlay-opacity":"","overlay-gradient":""},"mobile":{"background-color":"","background-image":"","background-repeat":"repeat","background-position":"center center","background-size":"auto","background-attachment":"scroll","background-type":"","background-media":"","overlay-type":"","overlay-color":"","overlay-opacity":"","overlay-gradient":""}},"ast-content-background-meta":{"desktop":{"background-color":"var(--ast-global-color-5)","background-image":"","background-repeat":"repeat","background-position":"center center","background-size":"auto","background-attachment":"scroll","background-type":"","background-media":"","overlay-type":"","overlay-color":"","overlay-opacity":"","overlay-gradient":""},"tablet":{"background-color":"var(--ast-global-color-5)","background-image":"","background-repeat":"repeat","background-position":"center center","background-size":"auto","background-attachment":"scroll","background-type":"","background-media":"","overlay-type":"","overlay-color":"","overlay-opacity":"","overlay-gradient":""},"mobile":{"background-color":"var(--ast-global-color-5)","background-image":"","background-repeat":"repeat","background-position":"center center","background-size":"auto","background-attachment":"scroll","background-type":"","background-media":"","overlay-type":"","overlay-color":"","overlay-opacity":"","overlay-gradient":""}}},"product_brand":[],"product_cat":[89,15,90],"product_tag":[],"class_list":{"0":"post-3606","1":"product","2":"type-product","3":"status-publish","4":"has-post-thumbnail","6":"product_cat-make-up","7":"product_cat-naole","8":"product_cat-paikesekaitse","9":"desktop-align-center","10":"tablet-align-left","11":"mobile-align-left","13":"first","14":"instock","15":"taxable","16":"shipping-taxable","17":"purchasable","18":"product-type-simple","19":"add-to-wishlist-before_image"},"aioseo_notices":[],"_links":{"self":[{"href":"https:\/\/kosmeetika24.eu\/et\/wp-json\/wp\/v2\/product\/3606","targetHints":{"allow":["GET"]}}],"collection":[{"href":"https:\/\/kosmeetika24.eu\/et\/wp-json\/wp\/v2\/product"}],"about":[{"href":"https:\/\/kosmeetika24.eu\/et\/wp-json\/wp\/v2\/types\/product"}],"version-history":[{"count":4,"href":"https:\/\/kosmeetika24.eu\/et\/wp-json\/wp\/v2\/product\/3606\/revisions"}],"predecessor-version":[{"id":8858,"href":"https:\/\/kosmeetika24.eu\/et\/wp-json\/wp\/v2\/product\/3606\/revisions\/8858"}],"wp:featuredmedia":[{"embeddable":true,"href":"https:\/\/kosmeetika24.eu\/et\/wp-json\/wp\/v2\/media\/3609"}],"wp:attachment":[{"href":"https:\/\/kosmeetika24.eu\/et\/wp-json\/wp\/v2\/media?parent=3606"}],"wp:term":[{"taxonomy":"product_brand","embeddable":true,"href":"https:\/\/kosmeetika24.eu\/et\/wp-json\/wp\/v2\/product_brand?post=3606"},{"taxonomy":"product_cat","embeddable":true,"href":"https:\/\/kosmeetika24.eu\/et\/wp-json\/wp\/v2\/product_cat?post=3606"},{"taxonomy":"product_tag","embeddable":true,"href":"https:\/\/kosmeetika24.eu\/et\/wp-json\/wp\/v2\/product_tag?post=3606"}],"curies":[{"name":"wp","href":"https:\/\/api.w.org\/{rel}","templated":true}]}}