{"id":3490,"date":"2020-06-05T13:38:04","date_gmt":"2020-06-05T13:38:04","guid":{"rendered":"https:\/\/kosmeetika24.eu\/?post_type=product&#038;p=3490"},"modified":"2025-01-23T16:12:23","modified_gmt":"2025-01-23T13:12:23","slug":"bruno-vassari-bioceuticals-intensiivselt-pinguldav-kreem","status":"publish","type":"product","link":"https:\/\/kosmeetika24.eu\/et\/toode\/bruno-vassari-bioceuticals-intensiivselt-pinguldav-kreem\/","title":{"rendered":"BRUNO VASSARI Bioceuticals intensiivselt pinguldav kreem"},"content":{"rendered":"<div class=\"page\" title=\"Page 4\">\n<div class=\"layoutArea\">\n<div class=\"column\">\n<p>Intensiivselt pinguldavas kreem <em>Lift Intensive Cream<\/em> sisaldab suures osas loodusliku pa\u0308ritoluga toimeaineid, mis aitavad to\u0303husalt vo\u0303idelda na\u0308htavate naha lo\u0303tvumise ma\u0308rkidega. Elegantne nahal-sulav tekstuur niisutab, kuid ei ja\u0308ta nahka rasvaseks ega tekita kiskuvat tunnet.<\/p>\n<p><strong>PEAMISED TOIMEAINED<\/strong><\/p>\n<div class=\"page\" title=\"Page 4\">\n<div class=\"layoutArea\">\n<div class=\"column\">\n<ul>\n<li>LIFT Ole\u0301oactif\u00ae<\/li>\n<li>Dimetu\u0308u\u0308laminoetanool tartaat<\/li>\n<li>Kreatiin<\/li>\n<li>Zirhafirm<\/li>\n<\/ul>\n<p><strong>TOIME<\/strong><\/p>\n<div class=\"page\" title=\"Page 4\">\n<div class=\"layoutArea\">\n<div class=\"column\">\n<ul>\n<li><strong>Lift Ole\u0301oactif\u00ae<\/strong> on nahka to\u0303stva toimega o\u0303list saadud toimeainetega kompleks. See on looduslik multi-aktiivne pinguldaja, mis on saadud innovatiivsel ja patenteeritud viisil, mis on 100% ja\u0308tkusuutlik ning mis maksimeerib selle koostiasinete mo\u0303ju.<\/li>\n<li><strong>Dimetu\u0308u\u0308laminoetanool tartaat<\/strong> on vo\u0303imas pinguldav toimeaine, mis pinguldab nahka ja muudab seda elastsemaks.<\/li>\n<li><strong>Kreatiini<\/strong> saadakse\u00a0looduslikest aminohapetest, mis taasaktiveerivad raku ainevahetuse. See annab rakkudele energiat uuenemiseks ning seeto\u0303ttu parandab proteiinide su\u0308nteesi, niisutatust ja naha kaitset.<\/li>\n<li><strong>Zirhafirm<\/strong> on taasstruktureerimise toimeaine, mis pinguldab nahka. See on kombinatsioon biomolekulidest, mis tugevdavad rakkude sidusust.<\/li>\n<\/ul>\n<p><strong>KASUTAMINE<\/strong><\/p>\n<p>Kreem kanda puhtale nahale hommikul ja \u00f5htul, masseerides\u00a0 \u00f5rnalt soovitud piirkonda.<\/p>\n<p><strong>KOOSTIS<\/strong><\/p>\n<p>AQUA (WATER), CAPRYLIC\/CAPRIC TRIGLYCERIDE, GLYCERIN, PROPANEDIOL, CETEARYL ALCOHOL, MACADAMIA INTEGRIFOLIA SEED OIL, SQUALANE, CARTHAMUS TINCTORILUS (SAFFLOVER) SEED OIL, HYDROGENATED PHOSPHATIDYLCHOLINE, BUTYROSPERMUM PARKII (SHEA) BUTTER, DIMETHYLAMINOETHANOL TARTRATE, CREATINE, PENTYLENE GLYCOL, SPILANTHES ACMELLA FLUWER\/LEAF\/STEM EXTRACT, ASTRAGALUS MEMBRANACEUS ROOT EXTRACT, PHENOXYETHANOL, UBIQUINONE, ZIZYPHUS JUJUBA SEED EXTRACT, TOCOPHEROL, PHYTOECDYSTEROIDS, PARFUM (FRAGRANCE), XANTHAN GUM, CARBOMER, CHLORPHENESIN, DISODIUM EDTA, CERAMIDE NP SODIUM HYDROXIDE, SODIUM BENZOATE, POTASSIUM SORBATE.<\/p>\n<p><span style=\"font-size: xx-small;\"><span style=\"color: #000000;\"><span style=\"font-family: Roboto, sans-serif;\">2040.- \u20ac\/l<\/span><\/span><\/span><\/p>\n<p>&nbsp;<\/p>\n<\/div>\n<\/div>\n<\/div>\n<\/div>\n<\/div>\n<\/div>\n<\/div>\n<\/div>\n<\/div>\n","protected":false},"excerpt":{"rendered":"<p>50 ml<\/p>\n<p>Intensiivselt pinguldav n\u00e4okreem, mis aitab v\u00f5idelda vananemisilmingutega ja naha l\u00f5tvumisega n\u00e4ol ning kaelal.<\/p>\n<p>Toime on kohene ja suureneb pideva kasutamise jooksul.<\/p>\n<p>&nbsp;<\/p>\n","protected":false},"featured_media":3491,"template":"","meta":{"om_disable_all_campaigns":false,"_monsterinsights_skip_tracking":false,"_monsterinsights_sitenote_active":false,"_monsterinsights_sitenote_note":"","_monsterinsights_sitenote_category":0,"_uf_show_specific_survey":0,"_uf_disable_surveys":false,"site-sidebar-layout":"default","site-content-layout":"","ast-site-content-layout":"default","site-content-style":"default","site-sidebar-style":"default","ast-global-header-display":"","ast-banner-title-visibility":"","ast-main-header-display":"","ast-hfb-above-header-display":"","ast-hfb-below-header-display":"","ast-hfb-mobile-header-display":"","site-post-title":"","ast-breadcrumbs-content":"","ast-featured-img":"","footer-sml-layout":"","theme-transparent-header-meta":"default","adv-header-id-meta":"","stick-header-meta":"","header-above-stick-meta":"","header-main-stick-meta":"","header-below-stick-meta":"","astra-migrate-meta-layouts":"set","ast-page-background-enabled":"default","ast-page-background-meta":{"desktop":{"background-color":"var(--ast-global-color-4)","background-image":"","background-repeat":"repeat","background-position":"center center","background-size":"auto","background-attachment":"scroll","background-type":"","background-media":"","overlay-type":"","overlay-color":"","overlay-opacity":"","overlay-gradient":""},"tablet":{"background-color":"","background-image":"","background-repeat":"repeat","background-position":"center center","background-size":"auto","background-attachment":"scroll","background-type":"","background-media":"","overlay-type":"","overlay-color":"","overlay-opacity":"","overlay-gradient":""},"mobile":{"background-color":"","background-image":"","background-repeat":"repeat","background-position":"center center","background-size":"auto","background-attachment":"scroll","background-type":"","background-media":"","overlay-type":"","overlay-color":"","overlay-opacity":"","overlay-gradient":""}},"ast-content-background-meta":{"desktop":{"background-color":"var(--ast-global-color-5)","background-image":"","background-repeat":"repeat","background-position":"center center","background-size":"auto","background-attachment":"scroll","background-type":"","background-media":"","overlay-type":"","overlay-color":"","overlay-opacity":"","overlay-gradient":""},"tablet":{"background-color":"var(--ast-global-color-5)","background-image":"","background-repeat":"repeat","background-position":"center center","background-size":"auto","background-attachment":"scroll","background-type":"","background-media":"","overlay-type":"","overlay-color":"","overlay-opacity":"","overlay-gradient":""},"mobile":{"background-color":"var(--ast-global-color-5)","background-image":"","background-repeat":"repeat","background-position":"center center","background-size":"auto","background-attachment":"scroll","background-type":"","background-media":"","overlay-type":"","overlay-color":"","overlay-opacity":"","overlay-gradient":""}}},"product_brand":[],"product_cat":[75,15],"product_tag":[],"class_list":{"0":"post-3490","1":"product","2":"type-product","3":"status-publish","4":"has-post-thumbnail","6":"product_cat-kreemid-naole","7":"product_cat-naole","8":"desktop-align-center","9":"tablet-align-left","10":"mobile-align-left","12":"first","13":"instock","14":"taxable","15":"shipping-taxable","16":"purchasable","17":"product-type-simple","18":"add-to-wishlist-before_image"},"aioseo_notices":[],"_links":{"self":[{"href":"https:\/\/kosmeetika24.eu\/et\/wp-json\/wp\/v2\/product\/3490","targetHints":{"allow":["GET"]}}],"collection":[{"href":"https:\/\/kosmeetika24.eu\/et\/wp-json\/wp\/v2\/product"}],"about":[{"href":"https:\/\/kosmeetika24.eu\/et\/wp-json\/wp\/v2\/types\/product"}],"version-history":[{"count":3,"href":"https:\/\/kosmeetika24.eu\/et\/wp-json\/wp\/v2\/product\/3490\/revisions"}],"predecessor-version":[{"id":3513,"href":"https:\/\/kosmeetika24.eu\/et\/wp-json\/wp\/v2\/product\/3490\/revisions\/3513"}],"wp:featuredmedia":[{"embeddable":true,"href":"https:\/\/kosmeetika24.eu\/et\/wp-json\/wp\/v2\/media\/3491"}],"wp:attachment":[{"href":"https:\/\/kosmeetika24.eu\/et\/wp-json\/wp\/v2\/media?parent=3490"}],"wp:term":[{"taxonomy":"product_brand","embeddable":true,"href":"https:\/\/kosmeetika24.eu\/et\/wp-json\/wp\/v2\/product_brand?post=3490"},{"taxonomy":"product_cat","embeddable":true,"href":"https:\/\/kosmeetika24.eu\/et\/wp-json\/wp\/v2\/product_cat?post=3490"},{"taxonomy":"product_tag","embeddable":true,"href":"https:\/\/kosmeetika24.eu\/et\/wp-json\/wp\/v2\/product_tag?post=3490"}],"curies":[{"name":"wp","href":"https:\/\/api.w.org\/{rel}","templated":true}]}}