{"id":3219,"date":"2020-02-26T08:28:30","date_gmt":"2020-02-26T08:28:30","guid":{"rendered":"https:\/\/kosmeetika24.eu\/?post_type=product&#038;p=3219"},"modified":"2024-11-06T13:33:09","modified_gmt":"2024-11-06T10:33:09","slug":"bruno-vassari-kianty-orn-koorimisgeel-kopeeri","status":"publish","type":"product","link":"https:\/\/kosmeetika24.eu\/et\/toode\/bruno-vassari-kianty-orn-koorimisgeel-kopeeri\/","title":{"rendered":"BRUNO VASSARI Kianty \u00f5rn koorimisgeel"},"content":{"rendered":"<p>\u00d5rn koorimisgeel<em> Frappe\u00b4di Vite<\/em> looduslike abrasiivsete osakeste ja viinamarjaekstraktiga. Eemaldab surnud rakud, soodustab rakkude uuenemist ning annab nahale s\u00e4ra. Sisaldab viinamarja pol\u00fcfenoole, millel on antioks\u00fcdantsed omadused.<\/p>\n<p>Sobib k\u00f5igile nahat\u00fc\u00fcpidele, isegi tundlikule nahale.<\/p>\n<p><strong>TOIMEAINED<\/strong><\/p>\n<ul>\n<li>Rohelise tee ekstrakt<\/li>\n<li>Allantoiin<\/li>\n<li>Gl\u00fcts\u00fcrritsiinhape<\/li>\n<li>Viinamarjaekstrakt<\/li>\n<\/ul>\n<p><strong>TOIME<\/strong><\/p>\n<ul>\n<li>Rohelise tee ekstraktil on antioks\u00fcdantsed omadused ning see kaitseb nahka vabade radikaalide eest.<\/li>\n<li>Allantoiin stimuleerib tsellulaarset taastamisprotsessi ning annab rahustava toime.<\/li>\n<li>Gl\u00fcts\u00fcrritsiinhape saadakse lagritsast. Seda iseloomustavad p\u00f5letikuvastased ja rahustavad omadused.<\/li>\n<li>Viinamarjaekstrakt sisaldab pol\u00fcfenoolide suurt kontsentratsiooni, toimides vananemisvastaselt, antioks\u00fcdantselt, pinguldavalt ja toniseerivalt.<\/li>\n<\/ul>\n","protected":false},"excerpt":{"rendered":"<p>Professionaalseks kasutamiseks m\u00f5eldud looduslike abrasiivsete osakeste ja viinamarjaekstraktiga koorija, millel on vananemisvastane toime.<\/p>\n<p>200 ml<\/p>\n","protected":false},"featured_media":2009,"template":"","meta":{"om_disable_all_campaigns":false,"_monsterinsights_skip_tracking":false,"_monsterinsights_sitenote_active":false,"_monsterinsights_sitenote_note":"","_monsterinsights_sitenote_category":0,"_uf_show_specific_survey":0,"_uf_disable_surveys":false,"site-sidebar-layout":"default","site-content-layout":"","ast-site-content-layout":"default","site-content-style":"default","site-sidebar-style":"default","ast-global-header-display":"","ast-banner-title-visibility":"","ast-main-header-display":"","ast-hfb-above-header-display":"","ast-hfb-below-header-display":"","ast-hfb-mobile-header-display":"","site-post-title":"","ast-breadcrumbs-content":"","ast-featured-img":"","footer-sml-layout":"","theme-transparent-header-meta":"default","adv-header-id-meta":"","stick-header-meta":"","header-above-stick-meta":"","header-main-stick-meta":"","header-below-stick-meta":"","astra-migrate-meta-layouts":"set","ast-page-background-enabled":"default","ast-page-background-meta":{"desktop":{"background-color":"var(--ast-global-color-4)","background-image":"","background-repeat":"repeat","background-position":"center center","background-size":"auto","background-attachment":"scroll","background-type":"","background-media":"","overlay-type":"","overlay-color":"","overlay-opacity":"","overlay-gradient":""},"tablet":{"background-color":"","background-image":"","background-repeat":"repeat","background-position":"center center","background-size":"auto","background-attachment":"scroll","background-type":"","background-media":"","overlay-type":"","overlay-color":"","overlay-opacity":"","overlay-gradient":""},"mobile":{"background-color":"","background-image":"","background-repeat":"repeat","background-position":"center center","background-size":"auto","background-attachment":"scroll","background-type":"","background-media":"","overlay-type":"","overlay-color":"","overlay-opacity":"","overlay-gradient":""}},"ast-content-background-meta":{"desktop":{"background-color":"var(--ast-global-color-5)","background-image":"","background-repeat":"repeat","background-position":"center center","background-size":"auto","background-attachment":"scroll","background-type":"","background-media":"","overlay-type":"","overlay-color":"","overlay-opacity":"","overlay-gradient":""},"tablet":{"background-color":"var(--ast-global-color-5)","background-image":"","background-repeat":"repeat","background-position":"center center","background-size":"auto","background-attachment":"scroll","background-type":"","background-media":"","overlay-type":"","overlay-color":"","overlay-opacity":"","overlay-gradient":""},"mobile":{"background-color":"var(--ast-global-color-5)","background-image":"","background-repeat":"repeat","background-position":"center center","background-size":"auto","background-attachment":"scroll","background-type":"","background-media":"","overlay-type":"","overlay-color":"","overlay-opacity":"","overlay-gradient":""}}},"product_brand":[],"product_cat":[117,108],"product_tag":[],"class_list":{"0":"post-3219","1":"product","2":"type-product","3":"status-publish","4":"has-post-thumbnail","6":"product_cat-koorijad-profitooted","7":"product_cat-profitooted","8":"desktop-align-center","9":"tablet-align-left","10":"mobile-align-left","12":"first","13":"instock","14":"taxable","15":"shipping-taxable","16":"product-type-simple","17":"add-to-wishlist-before_image"},"aioseo_notices":[],"_links":{"self":[{"href":"https:\/\/kosmeetika24.eu\/et\/wp-json\/wp\/v2\/product\/3219","targetHints":{"allow":["GET"]}}],"collection":[{"href":"https:\/\/kosmeetika24.eu\/et\/wp-json\/wp\/v2\/product"}],"about":[{"href":"https:\/\/kosmeetika24.eu\/et\/wp-json\/wp\/v2\/types\/product"}],"version-history":[{"count":1,"href":"https:\/\/kosmeetika24.eu\/et\/wp-json\/wp\/v2\/product\/3219\/revisions"}],"predecessor-version":[{"id":8863,"href":"https:\/\/kosmeetika24.eu\/et\/wp-json\/wp\/v2\/product\/3219\/revisions\/8863"}],"wp:featuredmedia":[{"embeddable":true,"href":"https:\/\/kosmeetika24.eu\/et\/wp-json\/wp\/v2\/media\/2009"}],"wp:attachment":[{"href":"https:\/\/kosmeetika24.eu\/et\/wp-json\/wp\/v2\/media?parent=3219"}],"wp:term":[{"taxonomy":"product_brand","embeddable":true,"href":"https:\/\/kosmeetika24.eu\/et\/wp-json\/wp\/v2\/product_brand?post=3219"},{"taxonomy":"product_cat","embeddable":true,"href":"https:\/\/kosmeetika24.eu\/et\/wp-json\/wp\/v2\/product_cat?post=3219"},{"taxonomy":"product_tag","embeddable":true,"href":"https:\/\/kosmeetika24.eu\/et\/wp-json\/wp\/v2\/product_tag?post=3219"}],"curies":[{"name":"wp","href":"https:\/\/api.w.org\/{rel}","templated":true}]}}