{"id":3218,"date":"2020-02-26T08:20:13","date_gmt":"2020-02-26T08:20:13","guid":{"rendered":"https:\/\/kosmeetika24.eu\/?post_type=product&#038;p=3218"},"modified":"2024-11-06T13:33:30","modified_gmt":"2024-11-06T10:33:30","slug":"bruno-vassari-kianty-vananemisvastane-losjoon-200ml-kopeeri","status":"publish","type":"product","link":"https:\/\/kosmeetika24.eu\/et\/toode\/bruno-vassari-kianty-vananemisvastane-losjoon-200ml-kopeeri\/","title":{"rendered":"BRUNO VASSARI Kianty vananemisvastane losjoon 200ml"},"content":{"rendered":"<p>Toniseerival losjoonil <em>Pioggia di Vigna<\/em> on niisutav toime, taastab naha veetasakaaluja pH taseme. K\u00fcllastab nahka antioks\u00fcdantidega. Sisaldab viinamarjaekstrakti ja on vananemisvastase toimega.<\/p>\n<p>Sobib k\u00f5igile nahat\u00fc\u00fcpidele, eriti vananenud ja l\u00f5dvale nahale.<\/p>\n<p><strong>TOIMEAINED<\/strong><\/p>\n<ul>\n<li>Aonori<\/li>\n<li>Ascophyllum<\/li>\n<li>Randk\u00f6\u00f6men<\/li>\n<li>P\u00f5isadru<\/li>\n<li>S\u00f5rmjas lehtadru<\/li>\n<li>Nori<\/li>\n<li>Mineraalained<\/li>\n<li>Vitamiinid<\/li>\n<li>Mineraalid<\/li>\n<li>Pol\u00fcsahhariidid<\/li>\n<li>Viinamarjaekstrakt<\/li>\n<\/ul>\n<p><strong>TOIME<\/strong><\/p>\n<ul>\n<li>Aonori elustab nahka, v\u00f5itleb vananemisega, leevendab p\u00f5letikku, parandab rakumembraani l\u00e4bilaskvust, stimuleerib kudede uuenemist ja suurendab naha pingulikkust.<\/li>\n<li>Ascophyllumi sisaldab vitamiine, mikroelemente, aminohappeid, pol\u00fcsahhariide ja muid \u00fchendeid, millel on nahka puhastav, antibakteriaalne, p\u00f5letikuvastane, antioks\u00fcdant ja antitoksiline toime<\/li>\n<li>Randk\u00f6\u00f6mnel on toniseeriv, vereringet aktiveeriv, antiseptilise ja p\u00f5letikuvastase toimega.<\/li>\n<li>P\u00f5isadru niisutab ja elustab nahka, parandab vereringet.<\/li>\n<li>S\u00f5rmjal lehtadrul on vereringet parandav ja kongestiooni v\u00e4hendav omadus.<\/li>\n<li>Nori toimib taastavalt, niisutavalt ja kongestiooni v\u00e4hendavalt.<\/li>\n<li>Viinamarjaekstrakt sisaldab pol\u00fcfenoole, millel on antioks\u00fcdantne toime, kaitseb nahka vabade radikaalide eest.<\/li>\n<\/ul>\n","protected":false},"excerpt":{"rendered":"<p>Professionaalseks kasutamiseks m\u00f5eldud antioks\u00fcdantne viinamarjamahlaga losjoon, millel on vananemisvastane toime.<\/p>\n<p>&nbsp;<\/p>\n<p>200 ml<\/p>\n","protected":false},"featured_media":2012,"template":"","meta":{"om_disable_all_campaigns":false,"_monsterinsights_skip_tracking":false,"_monsterinsights_sitenote_active":false,"_monsterinsights_sitenote_note":"","_monsterinsights_sitenote_category":0,"_uf_show_specific_survey":0,"_uf_disable_surveys":false,"site-sidebar-layout":"default","site-content-layout":"","ast-site-content-layout":"default","site-content-style":"default","site-sidebar-style":"default","ast-global-header-display":"","ast-banner-title-visibility":"","ast-main-header-display":"","ast-hfb-above-header-display":"","ast-hfb-below-header-display":"","ast-hfb-mobile-header-display":"","site-post-title":"","ast-breadcrumbs-content":"","ast-featured-img":"","footer-sml-layout":"","theme-transparent-header-meta":"default","adv-header-id-meta":"","stick-header-meta":"","header-above-stick-meta":"","header-main-stick-meta":"","header-below-stick-meta":"","astra-migrate-meta-layouts":"set","ast-page-background-enabled":"default","ast-page-background-meta":{"desktop":{"background-color":"var(--ast-global-color-4)","background-image":"","background-repeat":"repeat","background-position":"center center","background-size":"auto","background-attachment":"scroll","background-type":"","background-media":"","overlay-type":"","overlay-color":"","overlay-opacity":"","overlay-gradient":""},"tablet":{"background-color":"","background-image":"","background-repeat":"repeat","background-position":"center center","background-size":"auto","background-attachment":"scroll","background-type":"","background-media":"","overlay-type":"","overlay-color":"","overlay-opacity":"","overlay-gradient":""},"mobile":{"background-color":"","background-image":"","background-repeat":"repeat","background-position":"center center","background-size":"auto","background-attachment":"scroll","background-type":"","background-media":"","overlay-type":"","overlay-color":"","overlay-opacity":"","overlay-gradient":""}},"ast-content-background-meta":{"desktop":{"background-color":"var(--ast-global-color-5)","background-image":"","background-repeat":"repeat","background-position":"center center","background-size":"auto","background-attachment":"scroll","background-type":"","background-media":"","overlay-type":"","overlay-color":"","overlay-opacity":"","overlay-gradient":""},"tablet":{"background-color":"var(--ast-global-color-5)","background-image":"","background-repeat":"repeat","background-position":"center center","background-size":"auto","background-attachment":"scroll","background-type":"","background-media":"","overlay-type":"","overlay-color":"","overlay-opacity":"","overlay-gradient":""},"mobile":{"background-color":"var(--ast-global-color-5)","background-image":"","background-repeat":"repeat","background-position":"center center","background-size":"auto","background-attachment":"scroll","background-type":"","background-media":"","overlay-type":"","overlay-color":"","overlay-opacity":"","overlay-gradient":""}}},"product_brand":[],"product_cat":[108,113],"product_tag":[],"class_list":{"0":"post-3218","1":"product","2":"type-product","3":"status-publish","4":"has-post-thumbnail","6":"product_cat-profitooted","7":"product_cat-toonikud-profitooted","8":"desktop-align-center","9":"tablet-align-left","10":"mobile-align-left","12":"first","13":"instock","14":"taxable","15":"shipping-taxable","16":"product-type-simple","17":"add-to-wishlist-before_image"},"aioseo_notices":[],"_links":{"self":[{"href":"https:\/\/kosmeetika24.eu\/et\/wp-json\/wp\/v2\/product\/3218","targetHints":{"allow":["GET"]}}],"collection":[{"href":"https:\/\/kosmeetika24.eu\/et\/wp-json\/wp\/v2\/product"}],"about":[{"href":"https:\/\/kosmeetika24.eu\/et\/wp-json\/wp\/v2\/types\/product"}],"version-history":[{"count":1,"href":"https:\/\/kosmeetika24.eu\/et\/wp-json\/wp\/v2\/product\/3218\/revisions"}],"predecessor-version":[{"id":8865,"href":"https:\/\/kosmeetika24.eu\/et\/wp-json\/wp\/v2\/product\/3218\/revisions\/8865"}],"wp:featuredmedia":[{"embeddable":true,"href":"https:\/\/kosmeetika24.eu\/et\/wp-json\/wp\/v2\/media\/2012"}],"wp:attachment":[{"href":"https:\/\/kosmeetika24.eu\/et\/wp-json\/wp\/v2\/media?parent=3218"}],"wp:term":[{"taxonomy":"product_brand","embeddable":true,"href":"https:\/\/kosmeetika24.eu\/et\/wp-json\/wp\/v2\/product_brand?post=3218"},{"taxonomy":"product_cat","embeddable":true,"href":"https:\/\/kosmeetika24.eu\/et\/wp-json\/wp\/v2\/product_cat?post=3218"},{"taxonomy":"product_tag","embeddable":true,"href":"https:\/\/kosmeetika24.eu\/et\/wp-json\/wp\/v2\/product_tag?post=3218"}],"curies":[{"name":"wp","href":"https:\/\/api.w.org\/{rel}","templated":true}]}}