{"id":3214,"date":"2020-02-26T08:03:51","date_gmt":"2020-02-26T08:03:51","guid":{"rendered":"https:\/\/kosmeetika24.eu\/?post_type=product&#038;p=3214"},"modified":"2024-10-16T13:09:03","modified_gmt":"2024-10-16T10:09:03","slug":"bruno-vassari-aha-glukoolhappega-puhastusvahend-kopeeri","status":"publish","type":"product","link":"https:\/\/kosmeetika24.eu\/et\/toode\/bruno-vassari-aha-glukoolhappega-puhastusvahend-kopeeri\/","title":{"rendered":"BRUNO VASSARI AHA gl\u00fckoolhappega puhastusvahend"},"content":{"rendered":"<p>Puhastusvahendil <em>AHA Skin Cleanser<\/em> on kerge kooriv toime. 8% gl\u00fckoolhappel p\u00f5hinev \u00f5rn aine soodustab naha s\u00fcgavat puhastamist. Normaliseerib pH taset, soodustab rakkude uuenemist ja matistab naha pinna. Valmistab naha ette AHA toodete kasutamiseks. V\u00f5ib kasutada ka n\u00e4oveena.<\/p>\n<p>Soovitatakse rasusele,\u00a0h\u00fcperpigmentatsiooniga, vananenud, fotovananenud ja h\u00fcperkeratoosiga nahale.<\/p>\n<p>Sobib k\u00f5igile nahat\u00fc\u00fcpidele.<\/p>\n<p><strong>PEAMINE TOIMEAINE<\/strong><\/p>\n<ul>\n<li>8% gl\u00fckoolhape<\/li>\n<\/ul>\n<p><strong>TOIME<\/strong><\/p>\n<ul>\n<li>Gl\u00fckoolhappe suur 8% kontsentratsioon ning pH 4,5 v\u00e4hendavad naha pH taset. Ennetab v\u00f5imalikku punetust ja \u00e4rritust.<\/li>\n<\/ul>\n<p><strong>KASUTAMINE<\/strong><\/p>\n<ul>\n<li>Pigem kasutada \u00f5htul.<\/li>\n<li>N\u00e4ovesi kanda vatipadja abil n\u00e4ole.<\/li>\n<li>Parema tulemuse saavutamiseks kanda nahale toode\u00a0<a href=\"https:\/\/kosmeetika24.eu\/toode\/bruno-vassari-aha-glycolic-treatment\/\">BRUNO VASSARI AHA professionaalne hooldus alfah\u00fcdroks\u00fchapetega<\/a><\/li>\n<li>J\u00e4tkata v\u00f5ib AHA spetsiaalsete kreemidega\u00a0<a href=\"https:\/\/kosmeetika24.eu\/toode\/bruno-vassari-aha-glycolic-cream-10\/\">BRUNO VASSARI AHA gl\u00fckoolhappe 10% kreem<\/a> v\u00f5i\u00a0<a href=\"https:\/\/kosmeetika24.eu\/toode\/bruno-vassari-aha-multi-efect-cream-2\/\">BRUNO VASSARI AHA kortsudevastane kreem AHA-ga<\/a>.<\/li>\n<\/ul>\n<p><strong>KOOSTIS<\/strong><\/p>\n<p>AQUA (WATER), ALCOHOL DENAT, GLYCOLIC ACID, AMMONIUM HYDROXIDE, CI 42090 (FD&amp;C BLOE NO 1.)<\/p>\n","protected":false},"excerpt":{"rendered":"<p>Professionaalseks kasutamiseks m\u00f5eldud kortsudevastane ja rakkude uuenemist kiirendav puhastusvahend.<\/p>\n<p>&nbsp;<\/p>\n<p>250 ml<\/p>\n","protected":false},"featured_media":2022,"template":"","meta":{"om_disable_all_campaigns":false,"_monsterinsights_skip_tracking":false,"_monsterinsights_sitenote_active":false,"_monsterinsights_sitenote_note":"","_monsterinsights_sitenote_category":0,"_uf_show_specific_survey":0,"_uf_disable_surveys":false,"site-sidebar-layout":"default","site-content-layout":"","ast-site-content-layout":"default","site-content-style":"default","site-sidebar-style":"default","ast-global-header-display":"","ast-banner-title-visibility":"","ast-main-header-display":"","ast-hfb-above-header-display":"","ast-hfb-below-header-display":"","ast-hfb-mobile-header-display":"","site-post-title":"","ast-breadcrumbs-content":"","ast-featured-img":"","footer-sml-layout":"","theme-transparent-header-meta":"default","adv-header-id-meta":"","stick-header-meta":"","header-above-stick-meta":"","header-main-stick-meta":"","header-below-stick-meta":"","astra-migrate-meta-layouts":"set","ast-page-background-enabled":"default","ast-page-background-meta":{"desktop":{"background-color":"var(--ast-global-color-4)","background-image":"","background-repeat":"repeat","background-position":"center center","background-size":"auto","background-attachment":"scroll","background-type":"","background-media":"","overlay-type":"","overlay-color":"","overlay-opacity":"","overlay-gradient":""},"tablet":{"background-color":"","background-image":"","background-repeat":"repeat","background-position":"center center","background-size":"auto","background-attachment":"scroll","background-type":"","background-media":"","overlay-type":"","overlay-color":"","overlay-opacity":"","overlay-gradient":""},"mobile":{"background-color":"","background-image":"","background-repeat":"repeat","background-position":"center center","background-size":"auto","background-attachment":"scroll","background-type":"","background-media":"","overlay-type":"","overlay-color":"","overlay-opacity":"","overlay-gradient":""}},"ast-content-background-meta":{"desktop":{"background-color":"var(--ast-global-color-5)","background-image":"","background-repeat":"repeat","background-position":"center center","background-size":"auto","background-attachment":"scroll","background-type":"","background-media":"","overlay-type":"","overlay-color":"","overlay-opacity":"","overlay-gradient":""},"tablet":{"background-color":"var(--ast-global-color-5)","background-image":"","background-repeat":"repeat","background-position":"center center","background-size":"auto","background-attachment":"scroll","background-type":"","background-media":"","overlay-type":"","overlay-color":"","overlay-opacity":"","overlay-gradient":""},"mobile":{"background-color":"var(--ast-global-color-5)","background-image":"","background-repeat":"repeat","background-position":"center center","background-size":"auto","background-attachment":"scroll","background-type":"","background-media":"","overlay-type":"","overlay-color":"","overlay-opacity":"","overlay-gradient":""}}},"product_brand":[],"product_cat":[108,114],"product_tag":[],"class_list":{"0":"post-3214","1":"product","2":"type-product","3":"status-publish","4":"has-post-thumbnail","6":"product_cat-profitooted","7":"product_cat-puhastustooted-profitooted","8":"desktop-align-center","9":"tablet-align-left","10":"mobile-align-left","12":"first","13":"instock","14":"taxable","15":"shipping-taxable","16":"product-type-simple","17":"add-to-wishlist-before_image"},"aioseo_notices":[],"_links":{"self":[{"href":"https:\/\/kosmeetika24.eu\/et\/wp-json\/wp\/v2\/product\/3214","targetHints":{"allow":["GET"]}}],"collection":[{"href":"https:\/\/kosmeetika24.eu\/et\/wp-json\/wp\/v2\/product"}],"about":[{"href":"https:\/\/kosmeetika24.eu\/et\/wp-json\/wp\/v2\/types\/product"}],"version-history":[{"count":3,"href":"https:\/\/kosmeetika24.eu\/et\/wp-json\/wp\/v2\/product\/3214\/revisions"}],"predecessor-version":[{"id":9034,"href":"https:\/\/kosmeetika24.eu\/et\/wp-json\/wp\/v2\/product\/3214\/revisions\/9034"}],"wp:featuredmedia":[{"embeddable":true,"href":"https:\/\/kosmeetika24.eu\/et\/wp-json\/wp\/v2\/media\/2022"}],"wp:attachment":[{"href":"https:\/\/kosmeetika24.eu\/et\/wp-json\/wp\/v2\/media?parent=3214"}],"wp:term":[{"taxonomy":"product_brand","embeddable":true,"href":"https:\/\/kosmeetika24.eu\/et\/wp-json\/wp\/v2\/product_brand?post=3214"},{"taxonomy":"product_cat","embeddable":true,"href":"https:\/\/kosmeetika24.eu\/et\/wp-json\/wp\/v2\/product_cat?post=3214"},{"taxonomy":"product_tag","embeddable":true,"href":"https:\/\/kosmeetika24.eu\/et\/wp-json\/wp\/v2\/product_tag?post=3214"}],"curies":[{"name":"wp","href":"https:\/\/api.w.org\/{rel}","templated":true}]}}