{"id":3213,"date":"2020-02-26T07:59:52","date_gmt":"2020-02-26T07:59:52","guid":{"rendered":"https:\/\/kosmeetika24.eu\/?post_type=product&#038;p=3213"},"modified":"2024-10-09T12:49:10","modified_gmt":"2024-10-09T09:49:10","slug":"bruno-vassari-aha-professionaalne-hooldus-alfahudroksuhapetega-kopeeri","status":"publish","type":"product","link":"https:\/\/kosmeetika24.eu\/et\/toode\/bruno-vassari-aha-professionaalne-hooldus-alfahudroksuhapetega-kopeeri\/","title":{"rendered":"BRUNO VASSARI AHA professionaalne hooldus alfah\u00fcdroks\u00fchapetega"},"content":{"rendered":"<p>Hooldus <em>AHA Glycolic Treatment<\/em> kiirendab loomulikku koorimist ja aktiveerib rakkude uuenemist. J\u00e4tab naha siledaks, pehmeks, pinguldatuks ja elastseks. V\u00e4hendab kortse, annab nahale noore ja s\u00e4rava v\u00e4limuse.<\/p>\n<p>Sobib k\u00f5igile nahat\u00fc\u00fcpidele, v\u00e4lja arvatud v\u00e4ga tundlikule nahale.<\/p>\n<p><strong>PEAMISED TOIMEAINED<\/strong><\/p>\n<ul>\n<li>30% gl\u00fckoolhape<\/li>\n<li>pH 4,5<\/li>\n<\/ul>\n<p><strong>TOIME<\/strong><\/p>\n<p>Gl\u00fckoolhape aitab kaasa nahapinnale kogunenud surnud rakkude loomulikule eemaldamisele, tasakaalustab naha pH-d. V\u00f5imendab kollageeni ja elastiini s\u00fcnteesi, muutes naha elastsemaks.<\/p>\n","protected":false},"excerpt":{"rendered":"<p>Kortsudevastane ja rakkude uuenemist kiirendav hooldus alfah\u00fcdroks\u00fchapetega.<\/p>\n<p>&nbsp;<\/p>\n<p>Komplekt 10 x 2ml on m\u00f5eldud professionaalseks kasutamiseks 10 protseduuril.<\/p>\n","protected":false},"featured_media":2356,"template":"","meta":{"om_disable_all_campaigns":false,"_monsterinsights_skip_tracking":false,"_monsterinsights_sitenote_active":false,"_monsterinsights_sitenote_note":"","_monsterinsights_sitenote_category":0,"_uf_show_specific_survey":0,"_uf_disable_surveys":false,"site-sidebar-layout":"default","site-content-layout":"","ast-site-content-layout":"","site-content-style":"default","site-sidebar-style":"default","ast-global-header-display":"","ast-banner-title-visibility":"","ast-main-header-display":"","ast-hfb-above-header-display":"","ast-hfb-below-header-display":"","ast-hfb-mobile-header-display":"","site-post-title":"","ast-breadcrumbs-content":"","ast-featured-img":"","footer-sml-layout":"","theme-transparent-header-meta":"","adv-header-id-meta":"","stick-header-meta":"","header-above-stick-meta":"","header-main-stick-meta":"","header-below-stick-meta":"","astra-migrate-meta-layouts":"default","ast-page-background-enabled":"default","ast-page-background-meta":{"desktop":{"background-color":"var(--ast-global-color-4)","background-image":"","background-repeat":"repeat","background-position":"center center","background-size":"auto","background-attachment":"scroll","background-type":"","background-media":"","overlay-type":"","overlay-color":"","overlay-opacity":"","overlay-gradient":""},"tablet":{"background-color":"","background-image":"","background-repeat":"repeat","background-position":"center center","background-size":"auto","background-attachment":"scroll","background-type":"","background-media":"","overlay-type":"","overlay-color":"","overlay-opacity":"","overlay-gradient":""},"mobile":{"background-color":"","background-image":"","background-repeat":"repeat","background-position":"center center","background-size":"auto","background-attachment":"scroll","background-type":"","background-media":"","overlay-type":"","overlay-color":"","overlay-opacity":"","overlay-gradient":""}},"ast-content-background-meta":{"desktop":{"background-color":"var(--ast-global-color-5)","background-image":"","background-repeat":"repeat","background-position":"center center","background-size":"auto","background-attachment":"scroll","background-type":"","background-media":"","overlay-type":"","overlay-color":"","overlay-opacity":"","overlay-gradient":""},"tablet":{"background-color":"var(--ast-global-color-5)","background-image":"","background-repeat":"repeat","background-position":"center center","background-size":"auto","background-attachment":"scroll","background-type":"","background-media":"","overlay-type":"","overlay-color":"","overlay-opacity":"","overlay-gradient":""},"mobile":{"background-color":"var(--ast-global-color-5)","background-image":"","background-repeat":"repeat","background-position":"center center","background-size":"auto","background-attachment":"scroll","background-type":"","background-media":"","overlay-type":"","overlay-color":"","overlay-opacity":"","overlay-gradient":""}}},"product_brand":[],"product_cat":[125,108],"product_tag":[],"class_list":{"0":"post-3213","1":"product","2":"type-product","3":"status-publish","4":"has-post-thumbnail","6":"product_cat-kontsentraadid-seerumid-profitooted","7":"product_cat-profitooted","8":"desktop-align-center","9":"tablet-align-left","10":"mobile-align-left","12":"first","13":"instock","14":"taxable","15":"shipping-taxable","16":"product-type-simple","17":"add-to-wishlist-before_image"},"aioseo_notices":[],"_links":{"self":[{"href":"https:\/\/kosmeetika24.eu\/et\/wp-json\/wp\/v2\/product\/3213","targetHints":{"allow":["GET"]}}],"collection":[{"href":"https:\/\/kosmeetika24.eu\/et\/wp-json\/wp\/v2\/product"}],"about":[{"href":"https:\/\/kosmeetika24.eu\/et\/wp-json\/wp\/v2\/types\/product"}],"version-history":[{"count":2,"href":"https:\/\/kosmeetika24.eu\/et\/wp-json\/wp\/v2\/product\/3213\/revisions"}],"predecessor-version":[{"id":8867,"href":"https:\/\/kosmeetika24.eu\/et\/wp-json\/wp\/v2\/product\/3213\/revisions\/8867"}],"wp:featuredmedia":[{"embeddable":true,"href":"https:\/\/kosmeetika24.eu\/et\/wp-json\/wp\/v2\/media\/2356"}],"wp:attachment":[{"href":"https:\/\/kosmeetika24.eu\/et\/wp-json\/wp\/v2\/media?parent=3213"}],"wp:term":[{"taxonomy":"product_brand","embeddable":true,"href":"https:\/\/kosmeetika24.eu\/et\/wp-json\/wp\/v2\/product_brand?post=3213"},{"taxonomy":"product_cat","embeddable":true,"href":"https:\/\/kosmeetika24.eu\/et\/wp-json\/wp\/v2\/product_cat?post=3213"},{"taxonomy":"product_tag","embeddable":true,"href":"https:\/\/kosmeetika24.eu\/et\/wp-json\/wp\/v2\/product_tag?post=3213"}],"curies":[{"name":"wp","href":"https:\/\/api.w.org\/{rel}","templated":true}]}}