{"id":3204,"date":"2020-02-25T13:08:20","date_gmt":"2020-02-25T13:08:20","guid":{"rendered":"https:\/\/kosmeetika24.eu\/?post_type=product&#038;p=3204"},"modified":"2025-09-16T10:03:27","modified_gmt":"2025-09-16T07:03:27","slug":"bruno-vassari-skin-comfort-rahustav-ja-varskendav-mask-kopeeri","status":"publish","type":"product","link":"https:\/\/kosmeetika24.eu\/et\/toode\/bruno-vassari-skin-comfort-rahustav-ja-varskendav-mask-kopeeri\/","title":{"rendered":"BRUNO VASSARI  Skin Comfort rahustav ja v\u00e4rskendav mask"},"content":{"rendered":"<p>M\u00f5nel juhul v\u00f5i teatud aastaaegadel vajab nahk t\u00e4iendavat lisahooldust just selle maski n\u00e4ol.<\/p>\n<p>\u00d5rn kreemimask <em>Gentle Soothing Mask<\/em> on rahustava ja v\u00e4rskendava toimega.<\/p>\n<p>Toode niisutab, taastab ja kaitseb ka k\u00f5ige tundlikumat nahka.<\/p>\n<p>M\u00f5eldud spetsiaalselt tundlikule ja kuivale nahale.<\/p>\n<p><strong>TOIMEAINED<\/strong><\/p>\n<ul>\n<li>Niisutav kompleks (gl\u00fctseriin, gl\u00fckoolid)<\/li>\n<li>Allantoiin<\/li>\n<li>Rohelise tee ekstrakt<\/li>\n<li>\u00df-gl\u00fcts\u00fcrritsiinhape<\/li>\n<\/ul>\n<p><strong>TOIME<\/strong><\/p>\n<ul>\n<li>Niisutav kompleks: gl\u00fctseriin ja gl\u00fckoolid taastavad vee tasakaalu nahas.<\/li>\n<li>Allantoiin kaitseb ja rahustab, parendab rakkude uuenemist.<\/li>\n<li>Rohelise tee ekstrakt on v\u00e4ga hea looduslik antioks\u00fcdant, sisaldab p\u00f5letikuvastase toimega pol\u00fcfenoole, need kaitsevad UV-kiirguse eest.<\/li>\n<li>\u00df-gl\u00fcts\u00fcrritsiinhape on saadud lagritsajuurest. See on v\u00e4ga t\u00f5hus p\u00f5letike ja UV-kiirguse, k\u00fclma \u00f5hu ning kuivuse p\u00f5hjustatud kahjustuste vastu.<\/li>\n<\/ul>\n<p><strong>KOOSTIS<\/strong><\/p>\n<p>AQUA (WATER), BUTYLENE GLYCOL, CAPRYLIC\/ CAPRIC TRIGLYCERIDE, GLYCERIN, PROPYLENE GLYCOL, SORBITOL, PEG-7 GLYCEROL COCOATE, LAVANDULA ANGUSTIFOLIA (LAVANDER) FLOWER EXTRACT, CAMELLIA SINESNSIS LEAF EXTRACT, LACTIC ACID, GLYCYRRHRTINIC ACID, TRIETHANOLAMINE, CARBOMER, PHENOXYETHANOL, IMIDAZOLIDINYL UREA, DISODIUM EDTA, ALLANTOIN, METHYLPARABEN, ETHYLPARABEN, BUTYLPARABEN, METHYLDIHYDROJASMONATE, PROPYLPARABEN, METHYLPROPANEDIOL, SODIUM BENZOATE, POTASSIUM SORBATE, CI 42090 (FD&amp;C BLUE NO. 1) C.I. 19140 (FD&amp;C YELLOW NO5).<\/p>\n","protected":false},"excerpt":{"rendered":"<p><span class=\"notranslate\">Proffesionaalseks kasutamiseks m\u00f5eldud \u00f5<\/span><span class=\"notranslate\">rn kreemimask, millel on rahustav ja v\u00e4rskendav toime.<\/span><\/p>\n<p>&nbsp;<\/p>\n<p>200 ml<\/p>\n","protected":false},"featured_media":2414,"template":"","meta":{"om_disable_all_campaigns":false,"_monsterinsights_skip_tracking":false,"_monsterinsights_sitenote_active":false,"_monsterinsights_sitenote_note":"","_monsterinsights_sitenote_category":0,"_uf_show_specific_survey":0,"_uf_disable_surveys":false,"site-sidebar-layout":"default","site-content-layout":"","ast-site-content-layout":"default","site-content-style":"default","site-sidebar-style":"default","ast-global-header-display":"","ast-banner-title-visibility":"","ast-main-header-display":"","ast-hfb-above-header-display":"","ast-hfb-below-header-display":"","ast-hfb-mobile-header-display":"","site-post-title":"","ast-breadcrumbs-content":"","ast-featured-img":"","footer-sml-layout":"","theme-transparent-header-meta":"default","adv-header-id-meta":"","stick-header-meta":"","header-above-stick-meta":"","header-main-stick-meta":"","header-below-stick-meta":"","astra-migrate-meta-layouts":"set","ast-page-background-enabled":"default","ast-page-background-meta":{"desktop":{"background-color":"var(--ast-global-color-4)","background-image":"","background-repeat":"repeat","background-position":"center center","background-size":"auto","background-attachment":"scroll","background-type":"","background-media":"","overlay-type":"","overlay-color":"","overlay-opacity":"","overlay-gradient":""},"tablet":{"background-color":"","background-image":"","background-repeat":"repeat","background-position":"center center","background-size":"auto","background-attachment":"scroll","background-type":"","background-media":"","overlay-type":"","overlay-color":"","overlay-opacity":"","overlay-gradient":""},"mobile":{"background-color":"","background-image":"","background-repeat":"repeat","background-position":"center center","background-size":"auto","background-attachment":"scroll","background-type":"","background-media":"","overlay-type":"","overlay-color":"","overlay-opacity":"","overlay-gradient":""}},"ast-content-background-meta":{"desktop":{"background-color":"var(--ast-global-color-5)","background-image":"","background-repeat":"repeat","background-position":"center center","background-size":"auto","background-attachment":"scroll","background-type":"","background-media":"","overlay-type":"","overlay-color":"","overlay-opacity":"","overlay-gradient":""},"tablet":{"background-color":"var(--ast-global-color-5)","background-image":"","background-repeat":"repeat","background-position":"center center","background-size":"auto","background-attachment":"scroll","background-type":"","background-media":"","overlay-type":"","overlay-color":"","overlay-opacity":"","overlay-gradient":""},"mobile":{"background-color":"var(--ast-global-color-5)","background-image":"","background-repeat":"repeat","background-position":"center center","background-size":"auto","background-attachment":"scroll","background-type":"","background-media":"","overlay-type":"","overlay-color":"","overlay-opacity":"","overlay-gradient":""}}},"product_brand":[],"product_cat":[116,108],"product_tag":[],"class_list":{"0":"post-3204","1":"product","2":"type-product","3":"status-publish","4":"has-post-thumbnail","6":"product_cat-maskid-profitooted","7":"product_cat-profitooted","8":"desktop-align-center","9":"tablet-align-left","10":"mobile-align-left","12":"first","13":"instock","14":"taxable","15":"shipping-taxable","16":"product-type-simple","17":"add-to-wishlist-before_image"},"aioseo_notices":[],"_links":{"self":[{"href":"https:\/\/kosmeetika24.eu\/et\/wp-json\/wp\/v2\/product\/3204","targetHints":{"allow":["GET"]}}],"collection":[{"href":"https:\/\/kosmeetika24.eu\/et\/wp-json\/wp\/v2\/product"}],"about":[{"href":"https:\/\/kosmeetika24.eu\/et\/wp-json\/wp\/v2\/types\/product"}],"version-history":[{"count":2,"href":"https:\/\/kosmeetika24.eu\/et\/wp-json\/wp\/v2\/product\/3204\/revisions"}],"predecessor-version":[{"id":10422,"href":"https:\/\/kosmeetika24.eu\/et\/wp-json\/wp\/v2\/product\/3204\/revisions\/10422"}],"wp:featuredmedia":[{"embeddable":true,"href":"https:\/\/kosmeetika24.eu\/et\/wp-json\/wp\/v2\/media\/2414"}],"wp:attachment":[{"href":"https:\/\/kosmeetika24.eu\/et\/wp-json\/wp\/v2\/media?parent=3204"}],"wp:term":[{"taxonomy":"product_brand","embeddable":true,"href":"https:\/\/kosmeetika24.eu\/et\/wp-json\/wp\/v2\/product_brand?post=3204"},{"taxonomy":"product_cat","embeddable":true,"href":"https:\/\/kosmeetika24.eu\/et\/wp-json\/wp\/v2\/product_cat?post=3204"},{"taxonomy":"product_tag","embeddable":true,"href":"https:\/\/kosmeetika24.eu\/et\/wp-json\/wp\/v2\/product_tag?post=3204"}],"curies":[{"name":"wp","href":"https:\/\/api.w.org\/{rel}","templated":true}]}}