{"id":3083,"date":"2020-02-19T08:35:43","date_gmt":"2020-02-19T08:35:43","guid":{"rendered":"https:\/\/kosmeetika24.eu\/?post_type=product&#038;p=3083"},"modified":"2026-03-02T12:29:39","modified_gmt":"2026-03-02T09:29:39","slug":"bruno-vassari-sun-defense-sunlight-protective-water-spf40","status":"publish","type":"product","link":"https:\/\/kosmeetika24.eu\/et\/toode\/bruno-vassari-sun-defense-sunlight-protective-water-spf40\/","title":{"rendered":"BRUNO VASSARI Sun Defense P\u00e4ikesekaitsepihus SPF40"},"content":{"rendered":"<p><em>Sunlight Protective Water SPF<\/em> 40 on k\u00f5rge kaitsega kahefaasiline v\u00e4rske ja kerge tekstuuriga kaitsev vesi. Koostisesse kuuluv pantenool niisutab, kaitseb nahka p\u00e4ikese k\u00e4es viibimise ajal ja aitab p\u00e4rast p\u00e4ikese k\u00e4es viibimist taastuda. T\u00e4nu kergele tekstuurile on seda lihtne nahale kanda. UVA ja UVB filtrite optimaalne tasakaal aitab kaitsta tervet nahka nii pealt kui seest poolt kiirguse, p\u00e4ikesep\u00f5letuse ja enneaegse fotovananemise eest.<\/p>\n<p>Sobib ka meigi alla, sest omab koostises matistavat ainet.<\/p>\n<div>\n<p>Sobib k\u00f5igile nahat\u00fc\u00fcpidele.<\/p>\n<p>Kerge tekstuur on ideaalne ka sportlastele v\u00e4litingimustes sportimiseks.<\/p>\n<p><strong>KASUTAMINE<\/strong><\/p>\n<ul>\n<li>\u00d5livaba p\u00e4ikesekaitsepihus kanda nahale 30 minutit enne kokkupuudet p\u00e4ikesekiirgusega, m\u00e4\u00e4rides toote\u00a0 \u00fchtlaselt nahale. Mitte pihustada otse n\u00e4kku.<\/li>\n<li>F\u00fc\u00fcsilise tegevuse korral v\u00f5i p\u00e4rast ujumist kanda toode uuesti nahale.<\/li>\n<\/ul>\n<p><strong>KOOSTIS<\/strong><\/p>\n<p><span style=\"font-size: 14px;\">AQUA (WATER), DICAPRYLYL CARBONARE, DIBUTYL ADIPATE, ISOHEXADECANE, OCTOCRYLENE, PROPANEDIOL, ETHYLHEXYL\u00a0 SALICYLATE, BUTYL METHOXYDIBENZOYLMETHANE, 4-METHYLBENZYLIDENE CAMPHOR, PHENYLBENZIMIDAZOLE SULFONIC ACID, GLYCERIN TROMETHAMINE,SODIUM CHLORIDE, PANTHENOL, PHENOXYETHANOL, PROPYLENE GLYCOL, PARFUM (FRAGRANCE), TOCOPHERYL ACETATE,\u00a0 CHLORPHENESIN, DISODIUM EDTA, CAPRYLYL GLYCOL, PHENYLPROPANOL, METHYLPROPANEDIOL, SODIUM SULFATE, LINALOOL, LIMONENE, CITRONELLOL, HEXYL CINNAMAL, BUTYLPHENYL METHYLPROPIONAL, C.I. 4200 (FD&amp;C BLUE NO.1), C.I. 61565 (D&amp;C GREEN NO.6).<\/span><\/p>\n<p><span style=\"font-size: xx-small;\"><span style=\"color: #000000;\"><span style=\"font-family: Roboto, sans-serif;\">288.15 \u20ac\/l<\/span><\/span><\/span><\/p>\n<p>&nbsp;<\/p>\n<\/div>\n","protected":false},"excerpt":{"rendered":"<p>200 ml<\/p>\n<p>Kaitseb nahka p\u00e4ikese k\u00e4es viibimise ajal ja aitab p\u00e4rast taastuda.<\/p>\n","protected":false},"featured_media":3221,"template":"","meta":{"om_disable_all_campaigns":false,"_monsterinsights_skip_tracking":false,"_monsterinsights_sitenote_active":false,"_monsterinsights_sitenote_note":"","_monsterinsights_sitenote_category":0,"_uf_show_specific_survey":0,"_uf_disable_surveys":false,"site-sidebar-layout":"default","site-content-layout":"","ast-site-content-layout":"default","site-content-style":"default","site-sidebar-style":"default","ast-global-header-display":"","ast-banner-title-visibility":"","ast-main-header-display":"","ast-hfb-above-header-display":"","ast-hfb-below-header-display":"","ast-hfb-mobile-header-display":"","site-post-title":"","ast-breadcrumbs-content":"","ast-featured-img":"","footer-sml-layout":"","theme-transparent-header-meta":"default","adv-header-id-meta":"","stick-header-meta":"","header-above-stick-meta":"","header-main-stick-meta":"","header-below-stick-meta":"","astra-migrate-meta-layouts":"set","ast-page-background-enabled":"default","ast-page-background-meta":{"desktop":{"background-color":"var(--ast-global-color-4)","background-image":"","background-repeat":"repeat","background-position":"center center","background-size":"auto","background-attachment":"scroll","background-type":"","background-media":"","overlay-type":"","overlay-color":"","overlay-opacity":"","overlay-gradient":""},"tablet":{"background-color":"","background-image":"","background-repeat":"repeat","background-position":"center center","background-size":"auto","background-attachment":"scroll","background-type":"","background-media":"","overlay-type":"","overlay-color":"","overlay-opacity":"","overlay-gradient":""},"mobile":{"background-color":"","background-image":"","background-repeat":"repeat","background-position":"center center","background-size":"auto","background-attachment":"scroll","background-type":"","background-media":"","overlay-type":"","overlay-color":"","overlay-opacity":"","overlay-gradient":""}},"ast-content-background-meta":{"desktop":{"background-color":"var(--ast-global-color-5)","background-image":"","background-repeat":"repeat","background-position":"center center","background-size":"auto","background-attachment":"scroll","background-type":"","background-media":"","overlay-type":"","overlay-color":"","overlay-opacity":"","overlay-gradient":""},"tablet":{"background-color":"var(--ast-global-color-5)","background-image":"","background-repeat":"repeat","background-position":"center center","background-size":"auto","background-attachment":"scroll","background-type":"","background-media":"","overlay-type":"","overlay-color":"","overlay-opacity":"","overlay-gradient":""},"mobile":{"background-color":"var(--ast-global-color-5)","background-image":"","background-repeat":"repeat","background-position":"center center","background-size":"auto","background-attachment":"scroll","background-type":"","background-media":"","overlay-type":"","overlay-color":"","overlay-opacity":"","overlay-gradient":""}}},"product_brand":[],"product_cat":[46,90],"product_tag":[],"class_list":{"0":"post-3083","1":"product","2":"type-product","3":"status-publish","4":"has-post-thumbnail","6":"product_cat-kehale","7":"product_cat-paikesekaitse","8":"desktop-align-center","9":"tablet-align-left","10":"mobile-align-left","12":"first","13":"instock","14":"taxable","15":"shipping-taxable","16":"purchasable","17":"product-type-simple","18":"add-to-wishlist-before_image"},"aioseo_notices":[],"_links":{"self":[{"href":"https:\/\/kosmeetika24.eu\/et\/wp-json\/wp\/v2\/product\/3083","targetHints":{"allow":["GET"]}}],"collection":[{"href":"https:\/\/kosmeetika24.eu\/et\/wp-json\/wp\/v2\/product"}],"about":[{"href":"https:\/\/kosmeetika24.eu\/et\/wp-json\/wp\/v2\/types\/product"}],"version-history":[{"count":3,"href":"https:\/\/kosmeetika24.eu\/et\/wp-json\/wp\/v2\/product\/3083\/revisions"}],"predecessor-version":[{"id":10264,"href":"https:\/\/kosmeetika24.eu\/et\/wp-json\/wp\/v2\/product\/3083\/revisions\/10264"}],"wp:featuredmedia":[{"embeddable":true,"href":"https:\/\/kosmeetika24.eu\/et\/wp-json\/wp\/v2\/media\/3221"}],"wp:attachment":[{"href":"https:\/\/kosmeetika24.eu\/et\/wp-json\/wp\/v2\/media?parent=3083"}],"wp:term":[{"taxonomy":"product_brand","embeddable":true,"href":"https:\/\/kosmeetika24.eu\/et\/wp-json\/wp\/v2\/product_brand?post=3083"},{"taxonomy":"product_cat","embeddable":true,"href":"https:\/\/kosmeetika24.eu\/et\/wp-json\/wp\/v2\/product_cat?post=3083"},{"taxonomy":"product_tag","embeddable":true,"href":"https:\/\/kosmeetika24.eu\/et\/wp-json\/wp\/v2\/product_tag?post=3083"}],"curies":[{"name":"wp","href":"https:\/\/api.w.org\/{rel}","templated":true}]}}