{"id":3074,"date":"2020-02-05T11:29:31","date_gmt":"2020-02-05T11:29:31","guid":{"rendered":"https:\/\/kosmeetika24.eu\/?post_type=product&#038;p=3074"},"modified":"2025-02-28T15:40:59","modified_gmt":"2025-02-28T12:40:59","slug":"bruno-vassari-body-care-thermo-body-fit","status":"publish","type":"product","link":"https:\/\/kosmeetika24.eu\/et\/toode\/bruno-vassari-body-care-thermo-body-fit\/","title":{"rendered":"BRUNO VASSARI Body Care kuumusefektiga tselluliidivastane kreem"},"content":{"rendered":"<p>Intensiivse toimega tselluliidivastane kreem <em>Thermo Body Fit<\/em> sobib ideaalselt tselluliidi vastu v\u00f5itlemisel. Kreemi toimeainete kombinatsioon soodustab olemasolevate rasvade eemaldamist ja v\u00e4ldib uute ladestumist. Termiline toime parandab vereringet ja soodustab toimeainete imendumist, parandades naha v\u00e4ljan\u00e4gemist ja muutes figuuri siluetti.<\/p>\n<p>Tselluliidivastase kreemiga kaasneb kuumuseefekt. See on osa kosmeetilisest tegevusest.<\/p>\n<p>Sobib k\u00f5igile nahat\u00fc\u00fcpidele, v\u00e4lja arvatud tundlikule v\u00f5i kergesti \u00e4rrituvale nahale.<\/p>\n<p><strong>PEAMISED TOIMEAINED<\/strong><\/p>\n<ul>\n<li><span style=\"font-size: 16px;\"><span class=\"s2\"><sup><span style=\"font-size: 16px;\">Drenalip <\/span>\u2122 <span style=\"font-size: 16px;\">sisaldab 4 taimse p\u00e4ritoluga toimeainet: <\/span><\/sup><sup><span style=\"font-size: 16px;\">hundihammas, lihuniku luud, sidrun, kuldvits<\/span>.<\/sup><\/span><\/span><\/li>\n<li><span style=\"font-size: 16px;\">Kofeiin<\/span><\/li>\n<li><span class=\"s1\">Thermolat \u00ae: vanill\u00fc\u00fclbut\u00fc\u00fcleeter, 1,2-heksandiool, kapr\u00fc\u00fcl\u00fc\u00fclgl\u00fckool, askorb\u00fc\u00fclpalmitaat.<\/span><\/li>\n<\/ul>\n<p><strong>TOIME<\/strong><\/p>\n<ul>\n<li>Drenalip \u2122 on uus standardiseeritud kompleks, mis on loodud tselluliiti p\u00f5hjustavate tegurite vastu v\u00f5itlemiseks ja v\u00e4hendamiseks. Need koostisosad teostavad kombineeritud toimet, mis viib rasvkoe v\u00e4henemiseni, turse v\u00e4henemiseni ja verevoolu paranemiseni.<\/li>\n<li>Kofeiin on <span class=\"s1\">p\u00f5hiline tselluliidivastane koostisosa, mis soodustab rasvarakkudesse kogunenud rasva eemaldamist. Kofeiin piirab mitte ainult rasvade s\u00e4ilitamist, vaid soodustab ka nende lagunemist. Soodustab soojuse tootmist ja stimuleerib vereringet.\u00a0<\/span><\/li>\n<li><span class=\"s1\">Thermolat \u00ae aktiivsete koostisosade kombinatsioon annab meeldiva pikaajalise soojuse tunde, parandades mitte ainult toote tulemusi, vaid viies ka kasutuskogemuse teisele tasemele, saavutades positiivse m\u00f5ju meie tujule.<\/span><\/li>\n<\/ul>\n<p><strong>KASUTAMINE<\/strong><\/p>\n<ol>\n<li>Kreem kanda hommikul ja \u00f5htul probleemsele alale.<\/li>\n<li>Teostada \u00f5rnade ringjate liigutustega massaa\u017e kuni toote t\u00e4ieliku imendumiseni.<\/li>\n<li>P\u00e4rast toote pealekandmist pesta k\u00e4si rohke seebi ja veega.<\/li>\n<\/ol>\n<p><strong>Kuidas kasutada Thermo Body fit toodet:<\/strong><\/p>\n<ul>\n<li>Kreem v\u00f5ib tekitada nahale kandes punetust ja isegi s\u00fcgelust.<\/li>\n<li>Toote esmakordsel kasutamisel testige eelnevalt kreemi oma nahal. Selleks v\u00f5tke v\u00e4ike kogus kreemi ja kandke see v\u00e4iksele piirkonnale nahal. Kui Teil ei teki intensiivset punetust, \u00e4rritust v\u00f5i see on l\u00fchiajaline, siis v\u00f5ite toodet kasutada kogu kehal.<\/li>\n<li>Toodet ei soovitata kasutada, kui teil on tundlik v\u00f5i kergesti \u00e4rrituv nahk.<\/li>\n<li>Toodet ei soovitata kasutada, kui te olete rase.<\/li>\n<li>V\u00e4ltige kokkupuudet tundlike piirkondadega nagu silmad, limaskestad v\u00f5i haavad.<\/li>\n<li>Peske k\u00e4ed p\u00e4rast toote kasutamist rohke vee ja seebiga.<\/li>\n<\/ul>\n<p><strong>KOOSTIS<\/strong><\/p>\n<p><span style=\"font-size: 14px;\">AQUA (WATER), CAPRYLIC\/CAPRIC TRIGLYCERIDE, DICAPRYLYL CARBONATE, HYDROGENATED POLYISOBUTENE, GLYCERIN, CETEARYL ALCOHOL, GLYCERYL STEARATE, PEG-100 STEARATE, DIMETHICONE, PROPANEDIOL, CAFFEINE,\u00a0 BEHENYL ALCOHOL, RUSCUS ACULEATUS ROOT EXTRACT, CITRUS LIMON PEEL EXTRACT, SOLIDAGO, VIRGAUREA EXTRACT, ASTRAGALUS MEMBRANACEUS ROOT EXTRACT, PHENOXYETHANOL, ARACHIDYL ALCOHOL, POLYACRYLAMIDE, XANTHAN GUM, ETHYLHEXYLGLYCERIN, CHLORPHENESIN,\u00a0 C13-14 ISOPARAFFIN, PARFUM (FRAGRANCE), DISODIUM EDTA, VANILLYL BUTYL ETHER, ARACHIDYL GLUCOSIDE, 1,2-HEXANEDIOL, LAURETH-7, CAPRYLYL GLYCOL, METHYL NICOTINATE, BUTYLPHENYL METHYLPROPIONAL, LINALOOL, LIMONENE, POTASSIUM SORBATE, SODIUM BENZOATE, SODIUM HYDROXIDE, ASCORBYL PALMITATE, ALPHA-ISOMETHYL IONONE, COUMARIN.<\/span><\/p>\n<p><span style=\"font-size: xx-small;\"><span style=\"color: #000000;\"><span style=\"font-family: Roboto, sans-serif;\">488.70 \u20ac\/l<\/span><\/span><\/span><\/p>\n","protected":false},"excerpt":{"rendered":"<p>200 ml<\/p>\n<p>Tselluliidivastane kreem, millel on soojendav efekt ja intensiivne toime, et soodustada kogunenud rasva eemaldamist keha erinevatest piirkondadest.<\/p>\n<p>&nbsp;<\/p>\n","protected":false},"featured_media":3228,"template":"","meta":{"om_disable_all_campaigns":false,"_monsterinsights_skip_tracking":false,"_monsterinsights_sitenote_active":false,"_monsterinsights_sitenote_note":"","_monsterinsights_sitenote_category":0,"_uf_show_specific_survey":0,"_uf_disable_surveys":false,"site-sidebar-layout":"default","site-content-layout":"","ast-site-content-layout":"default","site-content-style":"default","site-sidebar-style":"default","ast-global-header-display":"","ast-banner-title-visibility":"","ast-main-header-display":"","ast-hfb-above-header-display":"","ast-hfb-below-header-display":"","ast-hfb-mobile-header-display":"","site-post-title":"","ast-breadcrumbs-content":"","ast-featured-img":"","footer-sml-layout":"","theme-transparent-header-meta":"default","adv-header-id-meta":"","stick-header-meta":"","header-above-stick-meta":"","header-main-stick-meta":"","header-below-stick-meta":"","astra-migrate-meta-layouts":"set","ast-page-background-enabled":"default","ast-page-background-meta":{"desktop":{"background-color":"var(--ast-global-color-4)","background-image":"","background-repeat":"repeat","background-position":"center center","background-size":"auto","background-attachment":"scroll","background-type":"","background-media":"","overlay-type":"","overlay-color":"","overlay-opacity":"","overlay-gradient":""},"tablet":{"background-color":"","background-image":"","background-repeat":"repeat","background-position":"center center","background-size":"auto","background-attachment":"scroll","background-type":"","background-media":"","overlay-type":"","overlay-color":"","overlay-opacity":"","overlay-gradient":""},"mobile":{"background-color":"","background-image":"","background-repeat":"repeat","background-position":"center center","background-size":"auto","background-attachment":"scroll","background-type":"","background-media":"","overlay-type":"","overlay-color":"","overlay-opacity":"","overlay-gradient":""}},"ast-content-background-meta":{"desktop":{"background-color":"var(--ast-global-color-5)","background-image":"","background-repeat":"repeat","background-position":"center center","background-size":"auto","background-attachment":"scroll","background-type":"","background-media":"","overlay-type":"","overlay-color":"","overlay-opacity":"","overlay-gradient":""},"tablet":{"background-color":"var(--ast-global-color-5)","background-image":"","background-repeat":"repeat","background-position":"center center","background-size":"auto","background-attachment":"scroll","background-type":"","background-media":"","overlay-type":"","overlay-color":"","overlay-opacity":"","overlay-gradient":""},"mobile":{"background-color":"var(--ast-global-color-5)","background-image":"","background-repeat":"repeat","background-position":"center center","background-size":"auto","background-attachment":"scroll","background-type":"","background-media":"","overlay-type":"","overlay-color":"","overlay-opacity":"","overlay-gradient":""}}},"product_brand":[],"product_cat":[46,344],"product_tag":[],"class_list":{"0":"post-3074","1":"product","2":"type-product","3":"status-publish","4":"has-post-thumbnail","6":"product_cat-kehale","7":"product_cat-tselluliidivastane","8":"desktop-align-center","9":"tablet-align-left","10":"mobile-align-left","12":"first","13":"instock","14":"taxable","15":"shipping-taxable","16":"purchasable","17":"product-type-simple","18":"add-to-wishlist-before_image"},"aioseo_notices":[],"_links":{"self":[{"href":"https:\/\/kosmeetika24.eu\/et\/wp-json\/wp\/v2\/product\/3074","targetHints":{"allow":["GET"]}}],"collection":[{"href":"https:\/\/kosmeetika24.eu\/et\/wp-json\/wp\/v2\/product"}],"about":[{"href":"https:\/\/kosmeetika24.eu\/et\/wp-json\/wp\/v2\/types\/product"}],"version-history":[{"count":4,"href":"https:\/\/kosmeetika24.eu\/et\/wp-json\/wp\/v2\/product\/3074\/revisions"}],"predecessor-version":[{"id":3077,"href":"https:\/\/kosmeetika24.eu\/et\/wp-json\/wp\/v2\/product\/3074\/revisions\/3077"}],"wp:featuredmedia":[{"embeddable":true,"href":"https:\/\/kosmeetika24.eu\/et\/wp-json\/wp\/v2\/media\/3228"}],"wp:attachment":[{"href":"https:\/\/kosmeetika24.eu\/et\/wp-json\/wp\/v2\/media?parent=3074"}],"wp:term":[{"taxonomy":"product_brand","embeddable":true,"href":"https:\/\/kosmeetika24.eu\/et\/wp-json\/wp\/v2\/product_brand?post=3074"},{"taxonomy":"product_cat","embeddable":true,"href":"https:\/\/kosmeetika24.eu\/et\/wp-json\/wp\/v2\/product_cat?post=3074"},{"taxonomy":"product_tag","embeddable":true,"href":"https:\/\/kosmeetika24.eu\/et\/wp-json\/wp\/v2\/product_tag?post=3074"}],"curies":[{"name":"wp","href":"https:\/\/api.w.org\/{rel}","templated":true}]}}