{"id":2900,"date":"2020-01-08T12:25:15","date_gmt":"2020-01-08T12:25:15","guid":{"rendered":"https:\/\/kosmeetika24.eu\/?post_type=product&#038;p=2900"},"modified":"2024-10-09T12:49:36","modified_gmt":"2024-10-09T09:49:36","slug":"bruno-vassari-lab-biotics-komplekt","status":"publish","type":"product","link":"https:\/\/kosmeetika24.eu\/et\/toode\/bruno-vassari-lab-biotics-komplekt\/","title":{"rendered":"BRUNO VASSARI Lab Biotics Probiotic Professional Kit"},"content":{"rendered":"<p>Professionaalseks kasutamiseks m\u00f5eldud komplekt Probiotic Professional Kit sisaldab prebiootikume ja probiootikume. Need aitavad s\u00e4ilitada mikrobioota habrast tasakaalu, parandades nii vastupidavust kui ka kaitsev\u00f5imet. Taasaktiveerib enda rakulist uuenemist, tugevdades naha loomulikku barj\u00e4\u00e4ri, mis kaitseb meid v\u00e4liste kahjustavate m\u00f5jude ja enneaegse naha vananemise eest, samas ka s\u00fcgavalt niisutades ja taaselustades. Tulemus on paranenud ja niisutatud nahk.<\/p>\n<p>Hoolduse tulemusena on nahk pringm, siledam, toidetud ja pehme. Taastab naha loomuliku tooni ja elavdab naha jumet.<\/p>\n<p>Sobib k\u00f5igile nahat\u00fc\u00fcpidele.<\/p>\n<p><strong>TOIMEAINED<\/strong><\/p>\n<ul>\n<li>Kontsentraat &#8220;Pro-Concentrate&#8221;: Repair Complex CLR\u2122, Teflose, <em>kombuchka<\/em>, naatriumh\u00fcaluronaat, niatsiinamiid, makadaamia\u00f5li.<\/li>\n<li>Kahe-etapiline mask &#8220;Peel-Off Mask Cream&#8221; ja &#8220;Fixing Gel&#8221;: <em>Callibepharis Jubata Polymarines<\/em>, merelist p\u00e4ritolu pol\u00fcsahhariidid, h\u00fcaluroonhape, rohevetikas (<em>Ulva Lactuca<\/em>), mahagon, allantoiin.<\/li>\n<li>Taastav kreem &#8220;Lactis Advanced Cream&#8221;: ProRenew Complex CLR \u2122, Teflose\u00ae, kombuchka, niatsiinamiid, h\u00fcaluroonhape.<\/li>\n<\/ul>\n<p><strong>TOIME<\/strong><\/p>\n<ul>\n<li>Kontsentraat tugevdab ja v\u00f5imendab naha immuuns\u00fcsteemi, parandab v\u00e4listegurite ja UV-kiirte p\u00f5hjustatud kahjustusi naha rakkudes. Toetab mikrobioota tasakaalu. Niisutab, rahustab, silub ja v\u00e4rskendab nahka ning parandab selle \u00fcldist kvaliteeti.<\/li>\n<li>Maskil on niisutavad ja rahustavad omadused. Tugevdab epidermaalset b\u00e4rj\u00e4\u00e4ri ja parandab naha veesidumsiv\u00f5imet. V\u00e4hendab miimikajooni ja suurendab prinkust. V\u00f5imendab naha loomulikku kaitsev\u00f5imeid, suurendab rakuenergiat ja stimuleerib rakkude taastumist.<\/li>\n<li>Kreem on prebiootiliste ja probiootiliste toimeainete rikas, aitab s\u00e4ilitada naha naha floora tasakaalu. Taasaktiveerib enda rakulist uuenemist, tugevdades naha loomulikku barj\u00e4\u00e4ri, mis kaitseb nahka v\u00e4liste kahjulike tegurite eest, samal ajal s\u00fcgavniisutades ja taaselustades.<\/li>\n<\/ul>\n<p><strong>KASUTAMINE<\/strong><\/p>\n<ol>\n<li>Silma- ja huulemeik eemaldada \u00f5rnalt tootega <a href=\"https:\/\/kosmeetika24.eu\/toode\/bruno-vassari-the-specifics-bio-douce\/\">BRUNO VASSARI The Specifics kahefaasiline meigieemaldi.<\/a><\/li>\n<li>N\u00e4gu, kael ja dekoltee puhastada tootega <a href=\"https:\/\/kosmeetika24.eu\/toode\/bruno-vassari-lab-biotics-rikkalik-puhastusvaht\/\">BRUNO VASSARI Lab Biotics rikkalik puhastusvaht<\/a>.<\/li>\n<li>Nahk toniseerida tootega <a href=\"https:\/\/kosmeetika24.eu\/toode\/bruno-vassari-lab-biotics-igapaevane-toonik-2\/\">BRUNO VASSARI Lab Biotics igap\u00e4evane toonik<\/a>.<\/li>\n<li>Nahakoorimine teostada tootega <a href=\"https:\/\/kosmeetika24.eu\/toode\/bruno-vassari-boosters-papain-enzimatic-resurfacer\/\">BRUNO VASSARI Boosters ens\u00fcmaatiline paiiniga koorija<\/a>.<\/li>\n<li>Massaa\u017e teostada tootega <a href=\"https:\/\/kosmeetika24.eu\/toode\/bruno-vassari-boosters-glucosyl-hesperidin-niacinamide\/\">BRUNO VASSARI Boosters massaa\u017eigeel<\/a>.<\/li>\n<li>Puhtale n\u00e4ole kanda kontsentraat (komplektis) ja masseerida \u00f5rnalt kuni toote imendumiseni.<\/li>\n<li>Valmistada ette kaheosaline mask (komplektis). Avada maski pakid ja nende sisu valage kahte v\u00e4ikesesse kaussi. Esmalt kanda spaatli abil nahale kooriv mask. Seej\u00e4rel kanda pintsli abil kooriva maski peale parandav geel, ning \u00f5rnalt masseerida, et mask jaotuks \u00fchtlasemalt n\u00e4ole.<\/li>\n<li>Lasta 20 minutit toimida, seej\u00e4rel eemaldada m\u00f5lemad maskid. Vajadusel puhastada nahapind.<\/li>\n<li>Nahapind toonida veel kord tootega <a href=\"https:\/\/kosmeetika24.eu\/toode\/bruno-vassari-lab-biotics-igapaevane-toonik-2\/\">BRUNO VASSARI Lab Biotics igap\u00e4evane toonik<\/a>.<\/li>\n<li>Hooldus l\u00f5petada taastava kreemiga (komplektis). Silmade \u00fcmbrusele kanda toode <a href=\"https:\/\/kosmeetika24.eu\/toode\/bruno-vassari-collagen-booster-peptide-eye-contour-gel-cream\/\">BRUNO VASSARI Collagen Booster peptiidikompleksiga silma\u00fcmbruskreem<\/a>.<\/li>\n<\/ol>\n<p><strong>KOOSTIS<\/strong><\/p>\n<p><span style=\"font-size: 14px;\">AQUA (WATER), BIFIDA, FERMENT LYSATE, BUTYLENE, GLYCOL, COCO-CAPRYLATE\/CAPRATE, C12-15 ALKYL BENZOATE, OCTYLDODECANOL, GLYCERIN, NIACINAMIDE, DICAPRYLYL CARBONATE, PROPANEDIOL, CETYL ALCOHOL, SACCHROMYCES\/XYLINUM\/BLACK TEA, GLYCERYLSTEARATE, PEG-100 STEARATE, SODIUM HYLAURONATE, MACADAMIA INTEGRIFOLIA SEED OIL, PHENOXYETHANOL, SHAMNOSE, GLUCOSE, POTASSIUM CETYL, PHOSPHATE, GLUCURONIC ACID,AMMONIUM ACRYLOYLDIMETHYLTAURATE\/VP COPOLYMER, CHLORPHENESIN, CARBOMER, PARFUM (FRAGRANCE), TOCOPHEROL, DISODIUM EDTA, SODIUM HYDROXIDE, HYDROXYETHYLCELLULOSE, SODIUM BENZOATE, SODIUM CITRATE, CITRIC ACID, POTASSIUM SORBATE.<\/span><\/p>\n","protected":false},"excerpt":{"rendered":"<p>Komplekt koos pre- ja probiootikumidega, mis aitavad s\u00e4ilitada naha mikrobioota \u00f5rna tasakaalu, parandades nii selle vastupidavust kui ka kaitset kahjulike v\u00e4listegurite ja naha enneaegse vananemise eest.<\/p>\n<p>&nbsp;<\/p>\n<p><span style=\"font-size: 14px;\">Komplekt on m\u00f5eldud professionaalseks kasutamiseks 6 protseduuril.<\/span><\/p>\n<ul>\n<li><span style=\"font-size: 14px;\">kontsentraat Pro-Concentrate 2,5 ml<\/span><\/li>\n<li><span style=\"font-size: 14px;\">mask Peel-Off Mask Cream 35 ml<\/span><\/li>\n<li><span style=\"font-size: 14px;\">geel Fixing Gel 15 ml<\/span><\/li>\n<li><span style=\"font-size: 14px;\">taastav kreem Lactis Advanced Cream 20 ml<\/span><\/li>\n<\/ul>\n<p>&nbsp;<\/p>\n","protected":false},"featured_media":2903,"template":"","meta":{"om_disable_all_campaigns":false,"_monsterinsights_skip_tracking":false,"_monsterinsights_sitenote_active":false,"_monsterinsights_sitenote_note":"","_monsterinsights_sitenote_category":0,"_uf_show_specific_survey":0,"_uf_disable_surveys":false,"site-sidebar-layout":"default","site-content-layout":"","ast-site-content-layout":"default","site-content-style":"default","site-sidebar-style":"default","ast-global-header-display":"","ast-banner-title-visibility":"","ast-main-header-display":"","ast-hfb-above-header-display":"","ast-hfb-below-header-display":"","ast-hfb-mobile-header-display":"","site-post-title":"","ast-breadcrumbs-content":"","ast-featured-img":"","footer-sml-layout":"","theme-transparent-header-meta":"default","adv-header-id-meta":"","stick-header-meta":"","header-above-stick-meta":"","header-main-stick-meta":"","header-below-stick-meta":"","astra-migrate-meta-layouts":"set","ast-page-background-enabled":"default","ast-page-background-meta":{"desktop":{"background-color":"var(--ast-global-color-4)","background-image":"","background-repeat":"repeat","background-position":"center center","background-size":"auto","background-attachment":"scroll","background-type":"","background-media":"","overlay-type":"","overlay-color":"","overlay-opacity":"","overlay-gradient":""},"tablet":{"background-color":"","background-image":"","background-repeat":"repeat","background-position":"center center","background-size":"auto","background-attachment":"scroll","background-type":"","background-media":"","overlay-type":"","overlay-color":"","overlay-opacity":"","overlay-gradient":""},"mobile":{"background-color":"","background-image":"","background-repeat":"repeat","background-position":"center center","background-size":"auto","background-attachment":"scroll","background-type":"","background-media":"","overlay-type":"","overlay-color":"","overlay-opacity":"","overlay-gradient":""}},"ast-content-background-meta":{"desktop":{"background-color":"var(--ast-global-color-5)","background-image":"","background-repeat":"repeat","background-position":"center center","background-size":"auto","background-attachment":"scroll","background-type":"","background-media":"","overlay-type":"","overlay-color":"","overlay-opacity":"","overlay-gradient":""},"tablet":{"background-color":"var(--ast-global-color-5)","background-image":"","background-repeat":"repeat","background-position":"center center","background-size":"auto","background-attachment":"scroll","background-type":"","background-media":"","overlay-type":"","overlay-color":"","overlay-opacity":"","overlay-gradient":""},"mobile":{"background-color":"var(--ast-global-color-5)","background-image":"","background-repeat":"repeat","background-position":"center center","background-size":"auto","background-attachment":"scroll","background-type":"","background-media":"","overlay-type":"","overlay-color":"","overlay-opacity":"","overlay-gradient":""}}},"product_brand":[],"product_cat":[126,108],"product_tag":[],"class_list":{"0":"post-2900","1":"product","2":"type-product","3":"status-publish","4":"has-post-thumbnail","6":"product_cat-komplektid-profitooted","7":"product_cat-profitooted","8":"desktop-align-center","9":"tablet-align-left","10":"mobile-align-left","12":"first","13":"instock","14":"taxable","15":"shipping-taxable","16":"product-type-simple","17":"add-to-wishlist-before_image"},"aioseo_notices":[],"_links":{"self":[{"href":"https:\/\/kosmeetika24.eu\/et\/wp-json\/wp\/v2\/product\/2900","targetHints":{"allow":["GET"]}}],"collection":[{"href":"https:\/\/kosmeetika24.eu\/et\/wp-json\/wp\/v2\/product"}],"about":[{"href":"https:\/\/kosmeetika24.eu\/et\/wp-json\/wp\/v2\/types\/product"}],"version-history":[{"count":2,"href":"https:\/\/kosmeetika24.eu\/et\/wp-json\/wp\/v2\/product\/2900\/revisions"}],"predecessor-version":[{"id":7810,"href":"https:\/\/kosmeetika24.eu\/et\/wp-json\/wp\/v2\/product\/2900\/revisions\/7810"}],"wp:featuredmedia":[{"embeddable":true,"href":"https:\/\/kosmeetika24.eu\/et\/wp-json\/wp\/v2\/media\/2903"}],"wp:attachment":[{"href":"https:\/\/kosmeetika24.eu\/et\/wp-json\/wp\/v2\/media?parent=2900"}],"wp:term":[{"taxonomy":"product_brand","embeddable":true,"href":"https:\/\/kosmeetika24.eu\/et\/wp-json\/wp\/v2\/product_brand?post=2900"},{"taxonomy":"product_cat","embeddable":true,"href":"https:\/\/kosmeetika24.eu\/et\/wp-json\/wp\/v2\/product_cat?post=2900"},{"taxonomy":"product_tag","embeddable":true,"href":"https:\/\/kosmeetika24.eu\/et\/wp-json\/wp\/v2\/product_tag?post=2900"}],"curies":[{"name":"wp","href":"https:\/\/api.w.org\/{rel}","templated":true}]}}