{"id":2888,"date":"2020-01-08T09:33:52","date_gmt":"2020-01-08T09:33:52","guid":{"rendered":"https:\/\/kosmeetika24.eu\/?post_type=product&#038;p=2888"},"modified":"2025-10-01T09:33:13","modified_gmt":"2025-10-01T06:33:13","slug":"bruno-vassari-lab-biotics-taastav-kreem","status":"publish","type":"product","link":"https:\/\/kosmeetika24.eu\/et\/toode\/bruno-vassari-lab-biotics-taastav-kreem\/","title":{"rendered":"BRUNO VASSARI Lab Biotics taastav kreem"},"content":{"rendered":"<p>Taastav kreem <em>Lactis Advanced Cream<\/em> on suure prebiootiliste ja probiootiliste toimeainete sisaldusega, mis aitab hoida naha florat tasakaalus. Taasaktiveerib enda rakulist uuenemist, tugevdades naha loomulikku barj\u00e4\u00e4ri, mis kaitseb meid v\u00e4liste kahjustavate m\u00f5jude eest, samas ka s\u00fcgavalt niisutades ja taaselustades.<\/p>\n<p>Nahk tundub tervem: taastab niisutatuse, sileduse, elastsuse ja uuenemisv\u00f5ime, parandades nahatooni ja vananemisn\u00e4htuse ilminguid nagu kortsud ning miimikajooned. S\u00e4ilitab ka naha optimaalse pH, et s\u00e4ilitada naha \u00f6kos\u00fcsteemi tasakaal.<\/p>\n<p>Sobib k\u00f5igile nahat\u00fc\u00fcpidele, eriti tundlikule nahale.<\/p>\n<p><strong>PEAMISED TOIMEAINED<\/strong><\/p>\n<ul>\n<li>ProRenew Complex CLR \u2122 on probiootiline koostisosa, mis on saadud<em> Lactococcus lactis\u00b4e<\/em> l\u00fcsaadist.<\/li>\n<li>Teflose\u00ae on prebiootiline toimeaine.<\/li>\n<li>Kombuchka \u2122 PH<\/li>\n<li>Niatsiinamiid<\/li>\n<li>H\u00fcaluroonhape<\/li>\n<\/ul>\n<p><strong>TOIME<\/strong><\/p>\n<ul>\n<li>ProRenew Complex CLR \u2122 kiirendab naha uuenemist: tugevdab enda rakulist uuenemist, parandades kiirust ja kvaliteeti. Aitab epidermaalset barj\u00e4\u00e4ri tasakaalus hoida ning s\u00e4ilitada niiskuse ja kaitse optimaalset tasakaalu. Suurendab naha loomuliku kaitsev\u00f5imet.<\/li>\n<li>Teflose\u00ae on taimse p\u00e4ritoluga bakterite fermentatsiooni teel saadud pol\u00fcsahhariidid, mille struktuur sisaldab rohkesti ramnoosi. See toimib kaitsjana, v\u00e4ldib patogeeniliste bakterite kleepumist naha pinnale ja v\u00e4hendab vastuv\u00f5tlikus saasteainete suhtes. Rahustab ja kaitseb nahka.<\/li>\n<li>Kombuchka \u2122 PH on 2 mikroorganismi (p\u00e4rm <em>Saccharomyces<\/em> ja bakter <em>Xylinum<\/em>) s\u00fcmbioosi abil k\u00e4\u00e4ritatud musta tee saadus. Pehmendab ja v\u00e4rskendab nahka ning parandab selle kvaliteeti (pehmus ja s\u00e4ra).<\/li>\n<li>Niatsiinamiid on B3-vitamiini derivaat, mis aitab v\u00e4hendada kortse ja peeneid jooni, v\u00e4hendab naha fotovananemise m\u00e4rke; v\u00e4hendab pigmentatsiooni, melasmat ja helendab nahka; aitab n\u00e4htavalt v\u00e4hendada pooride suurust, stimuleerib kollageeni tootmist; parandab tuhmi jumet; tugevdab naha kaitsebarj\u00e4\u00e4ri, mis soodustab naha niisutamist.<\/li>\n<li>H\u00fcaluroonhappel on suur veesidumisv\u00f5ime, aidates taastada kiude, mis toetavad naha tekstuure. Keskmise molekulmassi t\u00f5ttu in h\u00fcaluroonhape v\u00f5imeline tungima l\u00e4bi sarvkihi, sidudes vett ning niisutades ja taastades marrasnaha ruumala.<\/li>\n<\/ul>\n<p><strong>KASUTAMINE<\/strong><\/p>\n<ul>\n<li>Nahk puhastada eelnevalt nt toodega <a href=\"https:\/\/kosmeetika24.eu\/toode\/bruno-vassari-lab-biotics-rikkalik-puhastusvaht\/\">BRUNO VASSARI Lab Biotics rikkalik puhastusvaht<\/a>.<\/li>\n<li>Nahk toniseerida eelnevalt nt toodega <a href=\"https:\/\/kosmeetika24.eu\/toode\/bruno-vassari-lab-biotics-igapaevane-toonik-2\/\">BRUNO VASSARI Lab Biotics igap\u00e4evane toonik<\/a>.<\/li>\n<li>Kreem kanda \u00f5rnade masseerivate liigutustega puhastatud nahale.\u00a0Sobib kasutamiseks nii hommikul kui \u00f5htul.<\/li>\n<li>Silma\u00fcmbruse hooldamiseks kasutada nt toodet <a href=\"https:\/\/kosmeetika24.eu\/toode\/bruno-vassari-collagen-booster-peptide-eye-contour-gel-cream\/\">BRUNO VASSARI Collagen Booster peptiidikompleksiga silma\u00fcmbruskreem<\/a>.<\/li>\n<\/ul>\n<p><strong>KOOSTIS<\/strong><\/p>\n<p><span style=\"font-size: 14px;\">AQUA (WATER), GLYCERIN, DICAPRYLYL CARBONATE, CAPRYLIC\/CAPRIC TRIGLYCERIDE, ISONONYL, ISONONANOATE, LACTOCOCCUS FERMENT LYSATE, NIACINAMIDE, GLYCOL PALMITATE, POLYACRYLATE 13, PROPANEDIOL, GLYCERYL STEARATE, PEG-100 STEARATE, DIMETHICONE, SACCHAROMYCES\/XYLINUM\/BLAC TEA FERMENT, C14-22 ALCOHOLS, RHAMNOSE, GLUCOSE, POLYISOBUTENE, C12-20 ALKYL GLUCOSIDE, SODIUM HYALURONATE, PHENOXYETHANOL, ECTOIN, POLYSORBATE 20, GLUCURONIC ACID, CHLORPHENESIN, DISODIUM EDTA, LACTIC ACID, METHYLPARABEN, PARFUM (FRAGRANCE), SODIUM HYDROXIDE, HYDROXYETHYLCELLULOSE, SODIUM CHLORIDE, SODIUM CITRATE, SODIUM BENZOATE, CITRIC ACID, POTASSIUM SORBATE.<\/span><\/p>\n<p><span style=\"font-size: xx-small;\"><span style=\"color: #000000;\"><span style=\"font-family: Roboto, sans-serif;\">2657.20 \u20ac\/l<\/span><\/span><\/span><\/p>\n","protected":false},"excerpt":{"rendered":"<p>50 ml<\/p>\n<p>Prebiootiliste ja probiootiliste toimeainete rikas taastav kreem, mis aitab s\u00e4ilitada naha naha floora tasakaalu. Taasaktiveerib enda rakulist uuenemist, tugevdades naha loomulikku barj\u00e4\u00e4ri, mis kaitseb meid v\u00e4liste kahjulike tegurite eest, samal ajal s\u00fcgavniisutades ja taaselustades.<\/p>\n","protected":false},"featured_media":2898,"template":"","meta":{"om_disable_all_campaigns":false,"_monsterinsights_skip_tracking":false,"_monsterinsights_sitenote_active":false,"_monsterinsights_sitenote_note":"","_monsterinsights_sitenote_category":0,"_uf_show_specific_survey":0,"_uf_disable_surveys":false,"site-sidebar-layout":"default","site-content-layout":"","ast-site-content-layout":"default","site-content-style":"default","site-sidebar-style":"default","ast-global-header-display":"","ast-banner-title-visibility":"","ast-main-header-display":"","ast-hfb-above-header-display":"","ast-hfb-below-header-display":"","ast-hfb-mobile-header-display":"","site-post-title":"","ast-breadcrumbs-content":"","ast-featured-img":"","footer-sml-layout":"","theme-transparent-header-meta":"default","adv-header-id-meta":"","stick-header-meta":"","header-above-stick-meta":"","header-main-stick-meta":"","header-below-stick-meta":"","astra-migrate-meta-layouts":"set","ast-page-background-enabled":"default","ast-page-background-meta":{"desktop":{"background-color":"var(--ast-global-color-4)","background-image":"","background-repeat":"repeat","background-position":"center center","background-size":"auto","background-attachment":"scroll","background-type":"","background-media":"","overlay-type":"","overlay-color":"","overlay-opacity":"","overlay-gradient":""},"tablet":{"background-color":"","background-image":"","background-repeat":"repeat","background-position":"center center","background-size":"auto","background-attachment":"scroll","background-type":"","background-media":"","overlay-type":"","overlay-color":"","overlay-opacity":"","overlay-gradient":""},"mobile":{"background-color":"","background-image":"","background-repeat":"repeat","background-position":"center center","background-size":"auto","background-attachment":"scroll","background-type":"","background-media":"","overlay-type":"","overlay-color":"","overlay-opacity":"","overlay-gradient":""}},"ast-content-background-meta":{"desktop":{"background-color":"var(--ast-global-color-5)","background-image":"","background-repeat":"repeat","background-position":"center center","background-size":"auto","background-attachment":"scroll","background-type":"","background-media":"","overlay-type":"","overlay-color":"","overlay-opacity":"","overlay-gradient":""},"tablet":{"background-color":"var(--ast-global-color-5)","background-image":"","background-repeat":"repeat","background-position":"center center","background-size":"auto","background-attachment":"scroll","background-type":"","background-media":"","overlay-type":"","overlay-color":"","overlay-opacity":"","overlay-gradient":""},"mobile":{"background-color":"var(--ast-global-color-5)","background-image":"","background-repeat":"repeat","background-position":"center center","background-size":"auto","background-attachment":"scroll","background-type":"","background-media":"","overlay-type":"","overlay-color":"","overlay-opacity":"","overlay-gradient":""}}},"product_brand":[],"product_cat":[75,15],"product_tag":[],"class_list":{"0":"post-2888","1":"product","2":"type-product","3":"status-publish","4":"has-post-thumbnail","6":"product_cat-kreemid-naole","7":"product_cat-naole","8":"desktop-align-center","9":"tablet-align-left","10":"mobile-align-left","12":"first","13":"instock","14":"taxable","15":"shipping-taxable","16":"purchasable","17":"product-type-simple","18":"add-to-wishlist-before_image"},"aioseo_notices":[],"_links":{"self":[{"href":"https:\/\/kosmeetika24.eu\/et\/wp-json\/wp\/v2\/product\/2888","targetHints":{"allow":["GET"]}}],"collection":[{"href":"https:\/\/kosmeetika24.eu\/et\/wp-json\/wp\/v2\/product"}],"about":[{"href":"https:\/\/kosmeetika24.eu\/et\/wp-json\/wp\/v2\/types\/product"}],"version-history":[{"count":3,"href":"https:\/\/kosmeetika24.eu\/et\/wp-json\/wp\/v2\/product\/2888\/revisions"}],"predecessor-version":[{"id":10512,"href":"https:\/\/kosmeetika24.eu\/et\/wp-json\/wp\/v2\/product\/2888\/revisions\/10512"}],"wp:featuredmedia":[{"embeddable":true,"href":"https:\/\/kosmeetika24.eu\/et\/wp-json\/wp\/v2\/media\/2898"}],"wp:attachment":[{"href":"https:\/\/kosmeetika24.eu\/et\/wp-json\/wp\/v2\/media?parent=2888"}],"wp:term":[{"taxonomy":"product_brand","embeddable":true,"href":"https:\/\/kosmeetika24.eu\/et\/wp-json\/wp\/v2\/product_brand?post=2888"},{"taxonomy":"product_cat","embeddable":true,"href":"https:\/\/kosmeetika24.eu\/et\/wp-json\/wp\/v2\/product_cat?post=2888"},{"taxonomy":"product_tag","embeddable":true,"href":"https:\/\/kosmeetika24.eu\/et\/wp-json\/wp\/v2\/product_tag?post=2888"}],"curies":[{"name":"wp","href":"https:\/\/api.w.org\/{rel}","templated":true}]}}