{"id":2886,"date":"2020-01-07T14:41:32","date_gmt":"2020-01-07T14:41:32","guid":{"rendered":"https:\/\/kosmeetika24.eu\/?post_type=product&#038;p=2886"},"modified":"2024-10-09T12:52:59","modified_gmt":"2024-10-09T09:52:59","slug":"bruno-vassari-lab-biotics-igapaevane-toonik-2","status":"publish","type":"product","link":"https:\/\/kosmeetika24.eu\/et\/toode\/bruno-vassari-lab-biotics-igapaevane-toonik-2\/","title":{"rendered":"BRUNO VASSARI Lab Biotics igap\u00e4evane toonik"},"content":{"rendered":"<p>Igap\u00e4evane toonik <em>Daily Mist Toner<\/em> on professionaalseks kasutamiseks m\u00f5eldud prebiootiline n\u00e4opihusti, mis v\u00e4rskendab, niisutab ja aktiveerib\u00a0 naha loomuliku kaitsev\u00f5ime. Taastab floora tasakaalu p\u00e4rast igap\u00e4evast puhastamist ja kaitseb naha \u00f6kos\u00fcsteemi v\u00e4liste tegurite eest, tugevdab kaitsebarj\u00e4\u00e4ri ja s\u00e4ilitab niisutuse optimaalse taseme.<\/p>\n<p>Sobib k\u00f5igile nahat\u00fc\u00fcpidele, eriti tundlikule nahale.<\/p>\n<p><strong>TOIMEAINED:<\/strong><\/p>\n<ul>\n<li>BioEcolia\u00ae: looduslikust suhkrust saadud prebiootiline kaitsja.<\/li>\n<li><em>kombuchka<\/em><\/li>\n<li>Inositool<\/li>\n<\/ul>\n<p><strong>TOIME<\/strong><\/p>\n<ul>\n<li>BioEcolia\u00ae aktiveerib ja tugevdab naha loomulikku kaitsev\u00f5imet. \u00dchendirikka struktuuri t\u00f5ttu kaitseb ja s\u00e4ilitab \u00f5rna nahapealse \u00f6kos\u00fcsteemi tasakaalu, mis puutub pidevalt kokku arvukate v\u00e4liste teguritega. Tugevdab marrasnaha kaitsebarj\u00e4\u00e4ri, parandab selle \u00fcldust seisundit ja mugavust.<\/li>\n<li><em>Kombuchka<\/em>: 2 mikroorganismi (p\u00e4rm <em>Saccharomyces<\/em> ja bakter <em>Xylinum<\/em>) s\u00fcmbioosi abil k\u00e4\u00e4ritatud musta tee saadus. Pehmendab ja v\u00e4rskendab nahka ning parandab selle kvaliteeti (pehmus ja s\u00e4ra).<\/li>\n<li>Inositool aktiveerib vajalike valkude s\u00fcnteesi eest vastutavad naharakud, nagu elastiin ja kollageen, et s\u00e4ilitada naha heaseisukord, terviklikkus ja omadused. S\u00e4ilitab niiskuse tasakaalu, v\u00e4ltides nahakaudset veekadu, parandab \u00fcle\u00fcldist niisutust ning v\u00e4ldib seega kortsude ja miimikajoonte teket.<\/li>\n<\/ul>\n<p><strong>KASUTAMINE<\/strong><\/p>\n<ul>\n<li>Toonikuna kasutamiseks kanda puhtale ja kuivale nahale \u00f5rnalt vatipadjaga h\u00f5\u00f5rudes, et l\u00f5petada puhastamine.<\/li>\n<li>Naha ettevalmistamiseks ja toimeainete sisseimendumise soodustamiseks kasutada toonikut kui pihustit, pihustades seda soovitud alale. Selline pealekandmismeetod v\u00f5imaldab taastada naha niisutus ja mugavustunne kogu p\u00e4eva jooksul.<\/li>\n<\/ul>\n<p><strong>KOOSTIS<\/strong><\/p>\n<p>AQUA (WATER), BUTYLENE GLYCOL, PROPANEDIOL, INOSITOL, ALPHA-GLUCAN OLIGOSACCHARIDE, SACCHAROMYCES\/XYLINUM\/BLAK TEA FERMENT, SODIUM PCA, PHENOXYETHANOL, DISODIUM EDTA, CHLORPHENESIN, PEG-40 HYDROGENATED GASTOR OIL, GLYCERIN, PARFUM (FRAGRANCE), HYDROXYETHYLCELLULOSE, SODIUM CITRATE, CITRIC ACID, POTASSIUM SORBATE.<\/p>\n<p>&nbsp;<\/p>\n","protected":false},"excerpt":{"rendered":"<div id=\"allcontent\">\n<div id=\"content\">\n<div id=\"bd_results\">\n<div class=\"productdetails-view\">\n<div class=\"productdetails-content\">\n<div class=\"descproduct\">\n<div class=\"longdescprod\">\n<p>Professionaalseks kasutamiseks m\u00f5eldud multifunktsionaalne toonik, mis v\u00e4rskendab, niisutab ja aktiveerib naha loomulikku kaitsev\u00f5imet. Prebiootikumirikka koostise t\u00f5ttu taastab see kasuliku floora tasakaalu ja kaitseb nahka v\u00e4liste agressioonide eest, tugevdades kaitsebarj\u00e4\u00e4ri ja s\u00e4ilitades optimaalse niisutustaseme.<\/p>\n<p>&nbsp;<\/p>\n<p>500 ml<\/p>\n<\/div>\n<\/div>\n<\/div>\n<\/div>\n<\/div>\n<\/div>\n<\/div>\n<div class=\"moduletable\"><\/div>\n","protected":false},"featured_media":2899,"template":"","meta":{"om_disable_all_campaigns":false,"_monsterinsights_skip_tracking":false,"_monsterinsights_sitenote_active":false,"_monsterinsights_sitenote_note":"","_monsterinsights_sitenote_category":0,"_uf_show_specific_survey":0,"_uf_disable_surveys":false,"site-sidebar-layout":"default","site-content-layout":"","ast-site-content-layout":"default","site-content-style":"default","site-sidebar-style":"default","ast-global-header-display":"","ast-banner-title-visibility":"","ast-main-header-display":"","ast-hfb-above-header-display":"","ast-hfb-below-header-display":"","ast-hfb-mobile-header-display":"","site-post-title":"","ast-breadcrumbs-content":"","ast-featured-img":"","footer-sml-layout":"","theme-transparent-header-meta":"default","adv-header-id-meta":"","stick-header-meta":"","header-above-stick-meta":"","header-main-stick-meta":"","header-below-stick-meta":"","astra-migrate-meta-layouts":"set","ast-page-background-enabled":"default","ast-page-background-meta":{"desktop":{"background-color":"var(--ast-global-color-4)","background-image":"","background-repeat":"repeat","background-position":"center center","background-size":"auto","background-attachment":"scroll","background-type":"","background-media":"","overlay-type":"","overlay-color":"","overlay-opacity":"","overlay-gradient":""},"tablet":{"background-color":"","background-image":"","background-repeat":"repeat","background-position":"center center","background-size":"auto","background-attachment":"scroll","background-type":"","background-media":"","overlay-type":"","overlay-color":"","overlay-opacity":"","overlay-gradient":""},"mobile":{"background-color":"","background-image":"","background-repeat":"repeat","background-position":"center center","background-size":"auto","background-attachment":"scroll","background-type":"","background-media":"","overlay-type":"","overlay-color":"","overlay-opacity":"","overlay-gradient":""}},"ast-content-background-meta":{"desktop":{"background-color":"var(--ast-global-color-5)","background-image":"","background-repeat":"repeat","background-position":"center center","background-size":"auto","background-attachment":"scroll","background-type":"","background-media":"","overlay-type":"","overlay-color":"","overlay-opacity":"","overlay-gradient":""},"tablet":{"background-color":"var(--ast-global-color-5)","background-image":"","background-repeat":"repeat","background-position":"center center","background-size":"auto","background-attachment":"scroll","background-type":"","background-media":"","overlay-type":"","overlay-color":"","overlay-opacity":"","overlay-gradient":""},"mobile":{"background-color":"var(--ast-global-color-5)","background-image":"","background-repeat":"repeat","background-position":"center center","background-size":"auto","background-attachment":"scroll","background-type":"","background-media":"","overlay-type":"","overlay-color":"","overlay-opacity":"","overlay-gradient":""}}},"product_brand":[],"product_cat":[108,113],"product_tag":[],"class_list":{"0":"post-2886","1":"product","2":"type-product","3":"status-publish","4":"has-post-thumbnail","6":"product_cat-profitooted","7":"product_cat-toonikud-profitooted","8":"desktop-align-center","9":"tablet-align-left","10":"mobile-align-left","12":"first","13":"instock","14":"taxable","15":"shipping-taxable","16":"product-type-simple","17":"add-to-wishlist-before_image"},"aioseo_notices":[],"_links":{"self":[{"href":"https:\/\/kosmeetika24.eu\/et\/wp-json\/wp\/v2\/product\/2886","targetHints":{"allow":["GET"]}}],"collection":[{"href":"https:\/\/kosmeetika24.eu\/et\/wp-json\/wp\/v2\/product"}],"about":[{"href":"https:\/\/kosmeetika24.eu\/et\/wp-json\/wp\/v2\/types\/product"}],"version-history":[{"count":2,"href":"https:\/\/kosmeetika24.eu\/et\/wp-json\/wp\/v2\/product\/2886\/revisions"}],"predecessor-version":[{"id":7792,"href":"https:\/\/kosmeetika24.eu\/et\/wp-json\/wp\/v2\/product\/2886\/revisions\/7792"}],"wp:featuredmedia":[{"embeddable":true,"href":"https:\/\/kosmeetika24.eu\/et\/wp-json\/wp\/v2\/media\/2899"}],"wp:attachment":[{"href":"https:\/\/kosmeetika24.eu\/et\/wp-json\/wp\/v2\/media?parent=2886"}],"wp:term":[{"taxonomy":"product_brand","embeddable":true,"href":"https:\/\/kosmeetika24.eu\/et\/wp-json\/wp\/v2\/product_brand?post=2886"},{"taxonomy":"product_cat","embeddable":true,"href":"https:\/\/kosmeetika24.eu\/et\/wp-json\/wp\/v2\/product_cat?post=2886"},{"taxonomy":"product_tag","embeddable":true,"href":"https:\/\/kosmeetika24.eu\/et\/wp-json\/wp\/v2\/product_tag?post=2886"}],"curies":[{"name":"wp","href":"https:\/\/api.w.org\/{rel}","templated":true}]}}