{"id":2882,"date":"2020-01-08T09:33:00","date_gmt":"2020-01-08T09:33:00","guid":{"rendered":"https:\/\/kosmeetika24.eu\/?post_type=product&#038;p=2882"},"modified":"2026-01-30T14:58:14","modified_gmt":"2026-01-30T11:58:14","slug":"bruno-vassari-lab-biotics-kreem-eriti-tundlikule-nahale","status":"publish","type":"product","link":"https:\/\/kosmeetika24.eu\/et\/toode\/bruno-vassari-lab-biotics-kreem-eriti-tundlikule-nahale\/","title":{"rendered":"BRUNO VASSARI Lab Biotics kreem eriti tundlikule nahale"},"content":{"rendered":"<p>N\u00e4o- ja kehakreem <em>Dermal Relief Cream<\/em> on ideaalne tundliku ja \u00f5rna naha hooldamiseks. Taastab naha loomuliku kaitsebarj\u00e4\u00e4ri, leevendab \u00e4rritust ja ebamugavustunnet. Tugevdab ja s\u00e4ilitab naha kasulikku floorat.<\/p>\n<p>Sobib k\u00f5igile nahat\u00fc\u00fcpidele, eriti k\u00f5ige tundlikumale nahale.<\/p>\n<p><strong>PEAMISED TOIMEAINED<\/strong><\/p>\n<ul>\n<li>Ektoiin<\/li>\n<li>Algaktiv\u00ae BioSKN<\/li>\n<li>Niatsiinamiid<\/li>\n<li>Keramiidikompleks CLR<\/li>\n<\/ul>\n<p><strong>TOIME<\/strong><\/p>\n<ul>\n<li>Ektoiin on v\u00f5imeline talletama \u00fcmbritsevaid veemolekule ja moodustama \u00fchendit, mida teatakse nime all Ectoin Hydro Complex all. See \u00fchend \u00fcmbritseb rakke, ens\u00fc\u00fcme, valke ja teisi boimolekule, moodustades kaitsva kihi, mis toidab ja tasakaalustab niiskustaset. T\u00e4nu sellele ei saa stressiteguris, saasteained, allergeenid, ebasoodsad ilmastikutingimused, kuivus, keemiline stress jne toimida koos rakkudega ja neid kahjustada. Sellise kaitse tulemusena paraneb h\u00fcdrolipiidne barj\u00e4\u00e4r ja nahakaudne veekadu v\u00e4heneb.<\/li>\n<li>Algaktiv\u00ae BioSKN on eriti toitev prebiootikum. Taaselustab ja noorendab nahka, andes vajalikud tegurid, et s\u00e4ilitada mikrobioota hea seisukord ja v\u00e4hendada marrasknaha \u00e4rritusi.<\/li>\n<li>Niatsiinamiid aitab v\u00e4hendada kortse ja peeneid jooni, v\u00e4hendab naha fotovananemise m\u00e4rke; v\u00e4hendab pigmentatsiooni, melasmat ja helendab nahka; aitab n\u00e4htavalt v\u00e4hendada pooride suurust, stimuleerib kollageeni tootmist; parandab tuhmi jumet; tugevdab naha kaitsebarj\u00e4\u00e4ri, mis soodustab naha niisutamist.<\/li>\n<li>Keramiidikompleks CLR on kontsentreeritud nahasarnased lipiidid, mis taastavad ning tugevdavad kuiva ja pragunenud sarvkihi lipiidibarj\u00e4\u00e4ri. Taastab t\u00e4iusliku v\u00e4limuse ja tekstuuri, soodustades ja pakkudes samas parimat niisutust.<\/li>\n<\/ul>\n<p><strong>KASUTAMINE<\/strong><\/p>\n<ul>\n<li>Nahk puhastada eelnevalt nt toodega <a href=\"https:\/\/kosmeetika24.eu\/toode\/bruno-vassari-lab-biotics-rikkalik-puhastusvaht\/\">BRUNO VASSARI Lab Biotics rikkalik puhastusvaht<\/a>.<\/li>\n<li>Nahk toniseerida eelnevalt nt toodega <a href=\"https:\/\/kosmeetika24.eu\/toode\/bruno-vassari-lab-biotics-igapaevane-toonik-2\/\">BRUNO VASSARI Lab Biotics igap\u00e4evane toonik<\/a>.<\/li>\n<li>Kreem kanda vastavalt vajadusele 1-2 korda p\u00e4evas \u00f5rnade masseerivate liigutustega eelnevalt puhastatud nahale. Sobib kasutamiseks nii hommikul kui \u00f5htul.<\/li>\n<li>Silma\u00fcmbruse hooldamiseks soovitame nt toodet <a href=\"https:\/\/kosmeetika24.eu\/toode\/bruno-vassari-collagen-booster-peptide-eye-contour-gel-cream\/\">BRUNO VASSARI Collagen Booster peptiidikompleksiga silma\u00fcmbruskreem<\/a>.<\/li>\n<\/ul>\n<p><strong>KOOSTIS<\/strong><\/p>\n<p><span style=\"font-size: 14px;\">AQUA (WATER), PAFFINUM LIQUIDUM (MINERAL OIL), GLYCERIN, SQUALANE, CAPRYLIC\/CAPRIC TRIGLYCERIDE, DECYL OLEATE, HYDROGENATED POLYISOBUTENE, BUTYROSPERMUM PARKII (SHEA) BUTTER, NIACINAMIDE, GLYCERYL STEARATE, PEG-100 STEARATE, CETYL ALCOHOL, POTASSIUM CETYL PHOSPHATE, PHOSPHOLIPIDS, SPHINGOLIPIDS, DIMETHICONE, POLYACRYLAMIDE, CHLORELLA VULGARIS EXTRACT, PHENOXYETHANOL, ECTOIN, C13-14 ISOPARAFFIN, LACTIC ACID, ETHYLHEXYLGLYCERIN, CHLORPHENESIN, DISODIUM EDTA, XANTHAN GUM, LAURETH-7, PROPANEDIOL, POTASSIUM SORBATE, PARFUM (FRAGRANCE).<\/span><\/p>\n<p><span style=\"font-size: xx-small;\"><span style=\"color: #000000;\"><span style=\"font-family: Roboto, sans-serif;\">917.50 \u20ac\/l<\/span><\/span><\/span><\/p>\n","protected":false},"excerpt":{"rendered":"<p>100 ml<\/p>\n<p>N\u00e4o- ja kehakreem, mis sobib ideaalselt v\u00e4ga tundliku ja \u00f5rna naha hooldamiseks.<\/p>\n<p>Taastab naha kaitsebarj\u00e4\u00e4ri, leevendab \u00e4rritusi ja ebamugavustunnet ning<\/p>\n<p>tugevdab ja kaitseb nahafloorat.<\/p>\n<p>&nbsp;<\/p>\n","protected":false},"featured_media":2897,"template":"","meta":{"om_disable_all_campaigns":false,"_monsterinsights_skip_tracking":false,"_monsterinsights_sitenote_active":false,"_monsterinsights_sitenote_note":"","_monsterinsights_sitenote_category":0,"_uf_show_specific_survey":0,"_uf_disable_surveys":false,"site-sidebar-layout":"default","site-content-layout":"","ast-site-content-layout":"default","site-content-style":"default","site-sidebar-style":"default","ast-global-header-display":"","ast-banner-title-visibility":"","ast-main-header-display":"","ast-hfb-above-header-display":"","ast-hfb-below-header-display":"","ast-hfb-mobile-header-display":"","site-post-title":"","ast-breadcrumbs-content":"","ast-featured-img":"","footer-sml-layout":"","theme-transparent-header-meta":"default","adv-header-id-meta":"","stick-header-meta":"","header-above-stick-meta":"","header-main-stick-meta":"","header-below-stick-meta":"","astra-migrate-meta-layouts":"set","ast-page-background-enabled":"default","ast-page-background-meta":{"desktop":{"background-color":"var(--ast-global-color-4)","background-image":"","background-repeat":"repeat","background-position":"center center","background-size":"auto","background-attachment":"scroll","background-type":"","background-media":"","overlay-type":"","overlay-color":"","overlay-opacity":"","overlay-gradient":""},"tablet":{"background-color":"","background-image":"","background-repeat":"repeat","background-position":"center center","background-size":"auto","background-attachment":"scroll","background-type":"","background-media":"","overlay-type":"","overlay-color":"","overlay-opacity":"","overlay-gradient":""},"mobile":{"background-color":"","background-image":"","background-repeat":"repeat","background-position":"center center","background-size":"auto","background-attachment":"scroll","background-type":"","background-media":"","overlay-type":"","overlay-color":"","overlay-opacity":"","overlay-gradient":""}},"ast-content-background-meta":{"desktop":{"background-color":"var(--ast-global-color-5)","background-image":"","background-repeat":"repeat","background-position":"center center","background-size":"auto","background-attachment":"scroll","background-type":"","background-media":"","overlay-type":"","overlay-color":"","overlay-opacity":"","overlay-gradient":""},"tablet":{"background-color":"var(--ast-global-color-5)","background-image":"","background-repeat":"repeat","background-position":"center center","background-size":"auto","background-attachment":"scroll","background-type":"","background-media":"","overlay-type":"","overlay-color":"","overlay-opacity":"","overlay-gradient":""},"mobile":{"background-color":"var(--ast-global-color-5)","background-image":"","background-repeat":"repeat","background-position":"center center","background-size":"auto","background-attachment":"scroll","background-type":"","background-media":"","overlay-type":"","overlay-color":"","overlay-opacity":"","overlay-gradient":""}}},"product_brand":[],"product_cat":[354],"product_tag":[],"class_list":{"0":"post-2882","1":"product","2":"type-product","3":"status-publish","4":"has-post-thumbnail","6":"product_cat-kreemid-kehale","7":"desktop-align-center","8":"tablet-align-left","9":"mobile-align-left","11":"first","12":"instock","13":"taxable","14":"shipping-taxable","15":"purchasable","16":"product-type-simple","17":"add-to-wishlist-before_image"},"aioseo_notices":[],"_links":{"self":[{"href":"https:\/\/kosmeetika24.eu\/et\/wp-json\/wp\/v2\/product\/2882","targetHints":{"allow":["GET"]}}],"collection":[{"href":"https:\/\/kosmeetika24.eu\/et\/wp-json\/wp\/v2\/product"}],"about":[{"href":"https:\/\/kosmeetika24.eu\/et\/wp-json\/wp\/v2\/types\/product"}],"version-history":[{"count":3,"href":"https:\/\/kosmeetika24.eu\/et\/wp-json\/wp\/v2\/product\/2882\/revisions"}],"predecessor-version":[{"id":3149,"href":"https:\/\/kosmeetika24.eu\/et\/wp-json\/wp\/v2\/product\/2882\/revisions\/3149"}],"wp:featuredmedia":[{"embeddable":true,"href":"https:\/\/kosmeetika24.eu\/et\/wp-json\/wp\/v2\/media\/2897"}],"wp:attachment":[{"href":"https:\/\/kosmeetika24.eu\/et\/wp-json\/wp\/v2\/media?parent=2882"}],"wp:term":[{"taxonomy":"product_brand","embeddable":true,"href":"https:\/\/kosmeetika24.eu\/et\/wp-json\/wp\/v2\/product_brand?post=2882"},{"taxonomy":"product_cat","embeddable":true,"href":"https:\/\/kosmeetika24.eu\/et\/wp-json\/wp\/v2\/product_cat?post=2882"},{"taxonomy":"product_tag","embeddable":true,"href":"https:\/\/kosmeetika24.eu\/et\/wp-json\/wp\/v2\/product_tag?post=2882"}],"curies":[{"name":"wp","href":"https:\/\/api.w.org\/{rel}","templated":true}]}}