{"id":2881,"date":"2020-01-08T09:27:49","date_gmt":"2020-01-08T09:27:49","guid":{"rendered":"https:\/\/kosmeetika24.eu\/?post_type=product&#038;p=2881"},"modified":"2025-10-01T10:08:57","modified_gmt":"2025-10-01T07:08:57","slug":"bruno-vassari-lab-biotics-igapaevane-toonik","status":"publish","type":"product","link":"https:\/\/kosmeetika24.eu\/et\/toode\/bruno-vassari-lab-biotics-igapaevane-toonik\/","title":{"rendered":"BRUNO VASSARI Lab Biotics igap\u00e4evane toonik"},"content":{"rendered":"<p>Prebiootiline n\u00e4opihusti <em>Daily Mist Toner<\/em> v\u00e4rskendab, niisutab ja aktiveerib\u00a0 naha loomuliku kaitsev\u00f5ime. Taastab floora tasakaalu p\u00e4rast igap\u00e4evast puhastamist ja kaitseb naha \u00f6kos\u00fcsteemi v\u00e4liste tegurite eest, tugevdab naha kaitsebarj\u00e4\u00e4ri ja s\u00e4ilitab niisutuse optimaalse taseme.<\/p>\n<p>Sobib k\u00f5igile nahat\u00fc\u00fcpidele, eriti tundlikule nahale.<\/p>\n<p><strong>PEAMISED TOIMEAINED<\/strong><\/p>\n<ul>\n<li>BioEcolia\u00ae: looduslikust suhkrust saadud prebiootiline kaitsja.<\/li>\n<li>Kombuchka \u2122 PH<\/li>\n<li>Inositool<\/li>\n<\/ul>\n<p><strong>TOIME<\/strong><\/p>\n<ul>\n<li>BioEcolia\u00ae aktiveerib ja tugevdab naha loomulikku kaitsev\u00f5imet. \u00dchendirikka struktuuri t\u00f5ttu kaitseb ja s\u00e4ilitab \u00f5rna nahapealse \u00f6kos\u00fcsteemi tasakaalu, mis puutub pidevalt kokku arvukate v\u00e4liste teguritega. Tugevdab marrasnaha kaitsebarj\u00e4\u00e4ri, parandab selle \u00fcldust seisundit ja mugavust.<\/li>\n<li>Kombuchka \u2122 PH: 2 mikroorganismi (p\u00e4rm <em>Saccharomyces<\/em> ja bakter <em>Xylinum<\/em>) s\u00fcmbioosi abil k\u00e4\u00e4ritatud musta tee saadus. Pehmendab ja v\u00e4rskendab nahka ning parandab selle kvaliteeti (pehmus ja s\u00e4ra).<\/li>\n<li>Inositool aktiveerib vajalike valkude s\u00fcnteesi eest vastutavad naharakud, nagu elastiin ja kollageen, et s\u00e4ilitada naha heaseisukord, terviklikkus ja omadused. S\u00e4ilitab niiskuse tasakaalu, v\u00e4ltides nahakaudset veekadu, parandab \u00fcle\u00fcldist niisutust ning v\u00e4ldib seega kortsude ja miimikajoonte teket.<\/li>\n<\/ul>\n<p><strong>KASUTAMINE<\/strong><\/p>\n<ul>\n<li>Nahk puhastada eelnevalt nt toodega <a href=\"https:\/\/kosmeetika24.eu\/toode\/bruno-vassari-lab-biotics-rikkalik-puhastusvaht\/\">BRUNO VASSARI Lab Biotics rikkalik puhastusvaht<\/a>.<\/li>\n<li>Toniseeriaja kanda puhtale ja kuivale nahale \u00f5rnalt vatipadjaga h\u00f5\u00f5rudes. Sobib kasutamiseks nii hommikul kui \u00f5htul.<\/li>\n<li>J\u00e4tkata sobiva kreemiga. Hommikul kasutada nt toodet <a href=\"https:\/\/kosmeetika24.eu\/toode\/bruno-vassari-lab-biotics-taastav-kreem\/\">BRUNO VASSARI Lab Biotics taastav kreem<\/a>. Eriti tundliku naha puhul v\u00f5ib kasutada nt toodet <a href=\"https:\/\/kosmeetika24.eu\/toode\/bruno-vassari-lab-biotics-kreem-eriti-tundlikule-nahale\/\">BRUNO VASSARI Lab Biotics kreem eriti tundlikule nahale<\/a>.<\/li>\n<li>\u00d5htul kasutada nt toodet <a href=\"https:\/\/kosmeetika24.eu\/toode\/bruno-vassari-lab-biotics-skin-defence-boosters-capsules\/\">BRUNO VASSARI Lab Biotics nahka kaitsev seerum (kapslites)<\/a>.<\/li>\n<\/ul>\n<p>Naha ettevalmistamiseks ja toimeainete sisseimendumise soodustamiseks kasutada toonikut hoopis kui pihustit, pihustades seda soovitud alale. Pihustamine v\u00f5imaldab taastada naha niisutus ja mugavustunde kogu p\u00e4eva jooksul.<\/p>\n<p><strong>KOOSTIS<\/strong><\/p>\n<p><span style=\"font-size: 14px;\">AQUA (WATER), BUTYLENE GLYCOL, PROPANEDIOL, INOSITOL, ALPHA-GLUCAN OLIGOSACCHARIDE, SACCHAROMYCES\/XYLINUM\/BLAK TEA FERMENT, SODIUM PCA, PHENOXYETHANOL, DISODIUM EDTA, CHLORPHENESIN, PEG-40 HYDROGENATED GASTOR OIL, GLYCERIN, PARFUM (FRAGRANCE), HYDROXYETHYLCELLULOSE, SODIUM CITRATE, CITRIC ACID, POTASSIUM SORBATE.<\/span><\/p>\n<p><span style=\"font-size: xx-small;\"><span style=\"color: #000000;\"><span style=\"font-family: Roboto, sans-serif;\">381.25 \u20ac\/l<\/span><\/span><\/span><\/p>\n","protected":false},"excerpt":{"rendered":"<div id=\"allcontent\">\n<div id=\"content\">\n<div id=\"bd_results\">\n<div class=\"productdetails-view\">\n<div class=\"productdetails-content\">\n<div class=\"descproduct\">\n<div class=\"longdescprod\">\n<p>200 ml<\/p>\n<p>Multifunktsionaalne toonik, mis v\u00e4rskendab, niisutab ja aktiveerib naha loomulikku kaitsev\u00f5imet. Prebiootikumirikka koostise t\u00f5ttu taastab see kasuliku floora tasakaalu ja kaitseb nahka v\u00e4liste agressioonide eest, tugevdades kaitsebarj\u00e4\u00e4ri ja s\u00e4ilitades optimaalse niisutustaseme.<\/p>\n<\/div>\n<\/div>\n<\/div>\n<\/div>\n<\/div>\n<\/div>\n<\/div>\n","protected":false},"featured_media":2896,"template":"","meta":{"om_disable_all_campaigns":false,"_monsterinsights_skip_tracking":false,"_monsterinsights_sitenote_active":false,"_monsterinsights_sitenote_note":"","_monsterinsights_sitenote_category":0,"_uf_show_specific_survey":0,"_uf_disable_surveys":false,"site-sidebar-layout":"default","site-content-layout":"","ast-site-content-layout":"default","site-content-style":"default","site-sidebar-style":"default","ast-global-header-display":"","ast-banner-title-visibility":"","ast-main-header-display":"","ast-hfb-above-header-display":"","ast-hfb-below-header-display":"","ast-hfb-mobile-header-display":"","site-post-title":"","ast-breadcrumbs-content":"","ast-featured-img":"","footer-sml-layout":"","theme-transparent-header-meta":"default","adv-header-id-meta":"","stick-header-meta":"","header-above-stick-meta":"","header-main-stick-meta":"","header-below-stick-meta":"","astra-migrate-meta-layouts":"set","ast-page-background-enabled":"default","ast-page-background-meta":{"desktop":{"background-color":"var(--ast-global-color-4)","background-image":"","background-repeat":"repeat","background-position":"center center","background-size":"auto","background-attachment":"scroll","background-type":"","background-media":"","overlay-type":"","overlay-color":"","overlay-opacity":"","overlay-gradient":""},"tablet":{"background-color":"","background-image":"","background-repeat":"repeat","background-position":"center center","background-size":"auto","background-attachment":"scroll","background-type":"","background-media":"","overlay-type":"","overlay-color":"","overlay-opacity":"","overlay-gradient":""},"mobile":{"background-color":"","background-image":"","background-repeat":"repeat","background-position":"center center","background-size":"auto","background-attachment":"scroll","background-type":"","background-media":"","overlay-type":"","overlay-color":"","overlay-opacity":"","overlay-gradient":""}},"ast-content-background-meta":{"desktop":{"background-color":"var(--ast-global-color-5)","background-image":"","background-repeat":"repeat","background-position":"center center","background-size":"auto","background-attachment":"scroll","background-type":"","background-media":"","overlay-type":"","overlay-color":"","overlay-opacity":"","overlay-gradient":""},"tablet":{"background-color":"var(--ast-global-color-5)","background-image":"","background-repeat":"repeat","background-position":"center center","background-size":"auto","background-attachment":"scroll","background-type":"","background-media":"","overlay-type":"","overlay-color":"","overlay-opacity":"","overlay-gradient":""},"mobile":{"background-color":"var(--ast-global-color-5)","background-image":"","background-repeat":"repeat","background-position":"center center","background-size":"auto","background-attachment":"scroll","background-type":"","background-media":"","overlay-type":"","overlay-color":"","overlay-opacity":"","overlay-gradient":""}}},"product_brand":[],"product_cat":[340,15,73,74,84],"product_tag":[],"class_list":{"0":"post-2881","1":"product","2":"type-product","3":"status-publish","4":"has-post-thumbnail","6":"product_cat-nahatuubid","7":"product_cat-naole","8":"product_cat-puhastustooted","9":"product_cat-toonikud","10":"product_cat-tundlikule-nahale","11":"desktop-align-center","12":"tablet-align-left","13":"mobile-align-left","15":"first","16":"instock","17":"taxable","18":"shipping-taxable","19":"purchasable","20":"product-type-simple","21":"add-to-wishlist-before_image"},"aioseo_notices":[],"_links":{"self":[{"href":"https:\/\/kosmeetika24.eu\/et\/wp-json\/wp\/v2\/product\/2881","targetHints":{"allow":["GET"]}}],"collection":[{"href":"https:\/\/kosmeetika24.eu\/et\/wp-json\/wp\/v2\/product"}],"about":[{"href":"https:\/\/kosmeetika24.eu\/et\/wp-json\/wp\/v2\/types\/product"}],"version-history":[{"count":3,"href":"https:\/\/kosmeetika24.eu\/et\/wp-json\/wp\/v2\/product\/2881\/revisions"}],"predecessor-version":[{"id":2908,"href":"https:\/\/kosmeetika24.eu\/et\/wp-json\/wp\/v2\/product\/2881\/revisions\/2908"}],"wp:featuredmedia":[{"embeddable":true,"href":"https:\/\/kosmeetika24.eu\/et\/wp-json\/wp\/v2\/media\/2896"}],"wp:attachment":[{"href":"https:\/\/kosmeetika24.eu\/et\/wp-json\/wp\/v2\/media?parent=2881"}],"wp:term":[{"taxonomy":"product_brand","embeddable":true,"href":"https:\/\/kosmeetika24.eu\/et\/wp-json\/wp\/v2\/product_brand?post=2881"},{"taxonomy":"product_cat","embeddable":true,"href":"https:\/\/kosmeetika24.eu\/et\/wp-json\/wp\/v2\/product_cat?post=2881"},{"taxonomy":"product_tag","embeddable":true,"href":"https:\/\/kosmeetika24.eu\/et\/wp-json\/wp\/v2\/product_tag?post=2881"}],"curies":[{"name":"wp","href":"https:\/\/api.w.org\/{rel}","templated":true}]}}