{"id":2880,"date":"2020-01-08T09:27:02","date_gmt":"2020-01-08T09:27:02","guid":{"rendered":"https:\/\/kosmeetika24.eu\/?post_type=product&#038;p=2880"},"modified":"2025-10-01T09:39:18","modified_gmt":"2025-10-01T06:39:18","slug":"bruno-vassari-lab-biotics-rikkalik-puhastusvaht","status":"publish","type":"product","link":"https:\/\/kosmeetika24.eu\/et\/toode\/bruno-vassari-lab-biotics-rikkalik-puhastusvaht\/","title":{"rendered":"BRUNO VASSARI Lab Biotics rikkalik puhastusvaht"},"content":{"rendered":"<p>Rahustava toimega puhastusvaht <em>Extra Rich Cleansing Foam<\/em> tagab t\u00f5husalt igap\u00e4evast nahah\u00fcgieeni ilma seda kahjustamata, austades mikrobiootat ja tagades maksimaalse mugavustunde. Puhastusvaht eemaldab see meigij\u00e4\u00e4gid v\u00f5i mustuse, mis v\u00f5ivad nahka ummistada ja takistada hiljem peale kantud toimeainete \u00f5iget imendumist. Toode eemaldab ka soovimatu ajutise floora, mis koguneb marrasnahale p\u00e4eva jooksul ja v\u00f5ib naha \u00f6kos\u00fcsteemi tasakaalust v\u00e4lja viia.<\/p>\n<p>Sobib k\u00f5igile nahat\u00fc\u00fcpidele, eriti k\u00f5ige tundlikumale nahale.<\/p>\n<p><strong>PEAMISED TOIMEAINED<\/strong><\/p>\n<ul>\n<li>BioEcolia\u00ae: looduslikust suhkrust saadud prebiootiline kaitsja.<\/li>\n<li>H\u00e4sti talutavad pindaktiivsed ained (naatriummet\u00fc\u00fclkoko\u00fc\u00fcltauraat ja kapr\u00fcl\u00fc\u00fcl\/ kapr\u00fc\u00fclgl\u00fckosiid)<\/li>\n<li>Rahustavad ja pehmendavad komponendid ning m\u00e4\u00e4rdeained.<\/li>\n<\/ul>\n<p><strong>TOIME<\/strong><\/p>\n<ul>\n<li>BioEcolia\u00ae aktiveerib ja tugevdab naha loomulikku kaitsev\u00f5imet. \u00dchendirikka struktuuri t\u00f5ttu kaitseb ja s\u00e4ilitab \u00f5rna nahapealse \u00f6kos\u00fcsteemi tasakaalu, mis puutub pidevalt kokku arvukate v\u00e4liste teguritega. Tugevdab marrasnaha kaitsebarj\u00e4\u00e4ri, parandab selle \u00fcldust seisundit ja mugavust.<\/li>\n<li>H\u00e4sti talutavate pindaktiivsete ainete kontsentreeritud kombinatsioonil on suur puhastus- ja v\u00e4ike \u00e4rritusv\u00f5ime. See eemaldab t\u00f5husalt kogu nahale kogunenud mustuse (saaste, mustus, higi jne), v\u00f5ttes samal ajal arvesse naha loomuliku tasakaalu ja pH-d, mis on v\u00f5tmetegur soovimatute mikroorganismide arengu v\u00e4ltimiseks, ilma neid eemaldamata.<\/li>\n<\/ul>\n<p><strong>KASUTAMINE<\/strong><\/p>\n<ul>\n<li>Puhastusvaht kanda eelistatavalt niisutatud nahale, kuna siis on vahtu rohkem ja see on pehmem.<\/li>\n<li>Eemaldada veega ja kuivatada ilma nahka h\u00f5\u00f5rumata. Sobib kasutamiseks nii hommikul kui \u00f5htul.<\/li>\n<li>Naha toniseerimiseks kasutada nt toodet <a href=\"https:\/\/kosmeetika24.eu\/toode\/bruno-vassari-lab-biotics-igapaevane-toonik-2\/\">BRUNO VASSARI Lab Biotics igap\u00e4evane toonik<\/a>.<\/li>\n<\/ul>\n<p><strong>KOOSTIS<\/strong><\/p>\n<p><span style=\"font-size: 14px;\">AQUA (WATER), SODIUM METHYL COCOYL TAURATE, CAPRYLYL\/CAPRYL GLUCOSIDE, PEG-7 GLYCERYL COCOATE, ALPHA-GLUCAN OLIGOSACCHARIDE, PARFUM (FRAGRANCE), METHYLCHLOROISOTHIAZOLINONE, METHYLISOTHIAZOLINONE.<\/span><\/p>\n<p><span style=\"font-size: xx-small;\"><span style=\"color: #000000;\"><span style=\"font-family: Roboto, sans-serif;\">465.14 \u20ac\/l<\/span><\/span><\/span><\/p>\n","protected":false},"excerpt":{"rendered":"<p>150 ml<\/p>\n<p>Prebiootikumidega puhastusvaht, mis aitab kaasa tervisliku nahafloora arengule ja tasakaalule.<\/p>\n","protected":false},"featured_media":6452,"template":"","meta":{"om_disable_all_campaigns":false,"_monsterinsights_skip_tracking":false,"_monsterinsights_sitenote_active":false,"_monsterinsights_sitenote_note":"","_monsterinsights_sitenote_category":0,"_uf_show_specific_survey":0,"_uf_disable_surveys":false,"site-sidebar-layout":"default","site-content-layout":"","ast-site-content-layout":"default","site-content-style":"default","site-sidebar-style":"default","ast-global-header-display":"","ast-banner-title-visibility":"","ast-main-header-display":"","ast-hfb-above-header-display":"","ast-hfb-below-header-display":"","ast-hfb-mobile-header-display":"","site-post-title":"","ast-breadcrumbs-content":"","ast-featured-img":"","footer-sml-layout":"","theme-transparent-header-meta":"default","adv-header-id-meta":"","stick-header-meta":"","header-above-stick-meta":"","header-main-stick-meta":"","header-below-stick-meta":"","astra-migrate-meta-layouts":"set","ast-page-background-enabled":"default","ast-page-background-meta":{"desktop":{"background-color":"var(--ast-global-color-4)","background-image":"","background-repeat":"repeat","background-position":"center center","background-size":"auto","background-attachment":"scroll","background-type":"","background-media":"","overlay-type":"","overlay-color":"","overlay-opacity":"","overlay-gradient":""},"tablet":{"background-color":"","background-image":"","background-repeat":"repeat","background-position":"center center","background-size":"auto","background-attachment":"scroll","background-type":"","background-media":"","overlay-type":"","overlay-color":"","overlay-opacity":"","overlay-gradient":""},"mobile":{"background-color":"","background-image":"","background-repeat":"repeat","background-position":"center center","background-size":"auto","background-attachment":"scroll","background-type":"","background-media":"","overlay-type":"","overlay-color":"","overlay-opacity":"","overlay-gradient":""}},"ast-content-background-meta":{"desktop":{"background-color":"var(--ast-global-color-5)","background-image":"","background-repeat":"repeat","background-position":"center center","background-size":"auto","background-attachment":"scroll","background-type":"","background-media":"","overlay-type":"","overlay-color":"","overlay-opacity":"","overlay-gradient":""},"tablet":{"background-color":"var(--ast-global-color-5)","background-image":"","background-repeat":"repeat","background-position":"center center","background-size":"auto","background-attachment":"scroll","background-type":"","background-media":"","overlay-type":"","overlay-color":"","overlay-opacity":"","overlay-gradient":""},"mobile":{"background-color":"var(--ast-global-color-5)","background-image":"","background-repeat":"repeat","background-position":"center center","background-size":"auto","background-attachment":"scroll","background-type":"","background-media":"","overlay-type":"","overlay-color":"","overlay-opacity":"","overlay-gradient":""}}},"product_brand":[],"product_cat":[15,361],"product_tag":[],"class_list":{"0":"post-2880","1":"product","2":"type-product","3":"status-publish","4":"has-post-thumbnail","6":"product_cat-naole","7":"product_cat-puhastusvaht","8":"desktop-align-center","9":"tablet-align-left","10":"mobile-align-left","12":"first","13":"instock","14":"taxable","15":"shipping-taxable","16":"purchasable","17":"product-type-simple","18":"add-to-wishlist-before_image"},"aioseo_notices":[],"_links":{"self":[{"href":"https:\/\/kosmeetika24.eu\/et\/wp-json\/wp\/v2\/product\/2880","targetHints":{"allow":["GET"]}}],"collection":[{"href":"https:\/\/kosmeetika24.eu\/et\/wp-json\/wp\/v2\/product"}],"about":[{"href":"https:\/\/kosmeetika24.eu\/et\/wp-json\/wp\/v2\/types\/product"}],"version-history":[{"count":4,"href":"https:\/\/kosmeetika24.eu\/et\/wp-json\/wp\/v2\/product\/2880\/revisions"}],"predecessor-version":[{"id":3489,"href":"https:\/\/kosmeetika24.eu\/et\/wp-json\/wp\/v2\/product\/2880\/revisions\/3489"}],"wp:featuredmedia":[{"embeddable":true,"href":"https:\/\/kosmeetika24.eu\/et\/wp-json\/wp\/v2\/media\/6452"}],"wp:attachment":[{"href":"https:\/\/kosmeetika24.eu\/et\/wp-json\/wp\/v2\/media?parent=2880"}],"wp:term":[{"taxonomy":"product_brand","embeddable":true,"href":"https:\/\/kosmeetika24.eu\/et\/wp-json\/wp\/v2\/product_brand?post=2880"},{"taxonomy":"product_cat","embeddable":true,"href":"https:\/\/kosmeetika24.eu\/et\/wp-json\/wp\/v2\/product_cat?post=2880"},{"taxonomy":"product_tag","embeddable":true,"href":"https:\/\/kosmeetika24.eu\/et\/wp-json\/wp\/v2\/product_tag?post=2880"}],"curies":[{"name":"wp","href":"https:\/\/api.w.org\/{rel}","templated":true}]}}