{"id":2572,"date":"2019-11-25T09:22:14","date_gmt":"2019-11-25T09:22:14","guid":{"rendered":"https:\/\/kosmeetika24.eu\/?post_type=product&#038;p=2572"},"modified":"2024-10-09T12:53:05","modified_gmt":"2024-10-09T09:53:05","slug":"oxygen-ceuticals-pooride-puhastamise-mask","status":"publish","type":"product","link":"https:\/\/kosmeetika24.eu\/et\/toode\/oxygen-ceuticals-pooride-puhastamise-mask\/","title":{"rendered":"OXYGEN CEUTICALS pooride puhastamise mask"},"content":{"rendered":"<p>Pooride puhastamise mask <em>Pore Mask (deep pore cleanser)<\/em> on v\u00f5imas vahune puhastusvahend, mis puhastab poorid ja aitab tasakaalustada liigset rasu. Eemaldab \u00f5rnalt mustuse ja meigi, ilma naha pH taset kahjustamata. Elastne ja \u00f5huline konsistents katab pehmelt n\u00e4o, tekitades eriliselt m\u00f5nusa tunde. Kiiresti n\u00e4htavad tulemused ja kirgas nahatoon, leevendab p\u00f5letikulisi protsesse, puhas nahk ilma selle kuivatamiseta.<\/p>\n<p>Sobib k\u00f5ikidele nahat\u00fc\u00fcpidele.<\/p>\n<p><strong>TOIMEAINED<\/strong><\/p>\n<ul>\n<li>Lauriinhape<\/li>\n<li>Gl\u00fctseriin<\/li>\n<li>Allantoiin<\/li>\n<li>Lavendli\u00f5li<\/li>\n<li>Harilik portulak<\/li>\n<li>Hapnik<\/li>\n<\/ul>\n<p>&nbsp;<\/p>\n<p><strong>TOIME<\/strong><\/p>\n<ul>\n<li>Lauriinhappel\u00a0on head looduslikud antibakteriaalsed ja po\u0303letikuvastased omadused.<\/li>\n<li>Gl\u00fctseriin toimib pehmendavalt ning hoiab naha loomulikku kaitsebarj\u00e4\u00e4ri. Sel on omadus niiskust s\u00e4ilitada ja seel\u00e4bi nahka niisutada.<\/li>\n<li>Allantoiini taimsed ekstraktid efektiivselt puhastavad ja vabastavad nahka j\u00e4\u00e4kainetest.<\/li>\n<li>Lavendli\u00f5li rahustab nahka ja hoiab kontrolli alla rasun\u00e4\u00e4rmete t\u00f6\u00f6d.<\/li>\n<li>Harilik portulak\u00a0sisaldab rohkesti antioks\u00fcdante, mis v\u00f5itlevad vabade radikaalidega,\u00a0p\u00e4rsib t\u00fcrosinaasi aktiivsust ja hoiab \u00e4ra melaniini s\u00fcnteesi.\u00a0Kahandab naha kapillaare ja leevendab n\u00e4o punetust.\u00a0Kaitseb nahka p\u00e4ikesekiirguse eest.<\/li>\n<li>Hapnik v\u00f5itleb n\u00e4htavate vananemism\u00e4rkidega, mis on tingitud hapniku kehva liikumisega nahaalustest kapillaaridest naha pealmise kihini. Stimuleerib otseselt kollageeni ja elastiini s\u00fcnteesi nahas ning omab p\u00f5letikuvastast toimet.<\/li>\n<\/ul>\n<p><strong>KASUTAMINE<\/strong><\/p>\n<ol>\n<li>Mask segada kausis veega v\u00f5i\u00a0 tootega\u00a0<a href=\"https:\/\/kosmeetika24.eu\/toode\/oxygen-ceuticals-cryogenic-activator-2\/\">OXYGEN CEUTICALS kr\u00fcogeenaktivaator<\/a> ( 1 osa maski+ 2 osa activatoriga 10- 15 ml). Segu ajada\u00a0 vahule.<\/li>\n<li>Vaht kanda niiskele n\u00e4ole ja kaelale ning masseerida ringjate liigutustega.<\/li>\n<li>Maski maha pesemiseks kasutada vatipatja.Vaht tuleb\u00a0 p\u00f5hjalikult maha pesta k\u00f5ige pealt sooja veega ja siis k\u00fclma veega.<\/li>\n<li>L\u00f5petuseks kasutada vastavalt nahat\u00fc\u00fcbile sobivat toniseerijat.<\/li>\n<\/ol>\n<p><strong>KOOSTIS<\/strong><\/p>\n<p><span style=\"font-size: 14px;\">WATER, GLYCERIN, MYRISTIC ASIC, STEARIC ACID, LAURIC ACID, POTASSIUM HYDROXIDE, SORBITAN OLIVATE, GLYCERYL STEARATE, PEG-100 STEARATE, GLYCOL DISTEARATE, ACRYLATES COPOLYMER, BEESWAX, POTASSIUM COCOYL GLYCINATE, 1,2-HEXANEDIOL, DIPROPYLENE GLYCOL, OXYGEN, BUTYLENE GLYCOL, PORTULACA OLERACEA EXTRACT, ETHYLHEXYLGLYCERIN, LAVANDULA ANGUSTIFOLIA (LAVENDER) OIL, SODIUM LAURETH SULFATE, DISODIUM EDTA.<\/span><\/p>\n","protected":false},"excerpt":{"rendered":"<p>Professionaalseks kasutamiseks m\u00f5eldud mask eemaldab mustuse ja meigi, ilma naha pH taset kahjustamata.<\/p>\n<p>&nbsp;<\/p>\n<p>500 ml<\/p>\n","protected":false},"featured_media":2584,"template":"","meta":{"om_disable_all_campaigns":false,"_monsterinsights_skip_tracking":false,"_monsterinsights_sitenote_active":false,"_monsterinsights_sitenote_note":"","_monsterinsights_sitenote_category":0,"_uf_show_specific_survey":0,"_uf_disable_surveys":false,"site-sidebar-layout":"default","site-content-layout":"","ast-site-content-layout":"default","site-content-style":"default","site-sidebar-style":"default","ast-global-header-display":"","ast-banner-title-visibility":"","ast-main-header-display":"","ast-hfb-above-header-display":"","ast-hfb-below-header-display":"","ast-hfb-mobile-header-display":"","site-post-title":"","ast-breadcrumbs-content":"","ast-featured-img":"","footer-sml-layout":"","theme-transparent-header-meta":"default","adv-header-id-meta":"","stick-header-meta":"","header-above-stick-meta":"","header-main-stick-meta":"","header-below-stick-meta":"","astra-migrate-meta-layouts":"set","ast-page-background-enabled":"default","ast-page-background-meta":{"desktop":{"background-color":"var(--ast-global-color-4)","background-image":"","background-repeat":"repeat","background-position":"center center","background-size":"auto","background-attachment":"scroll","background-type":"","background-media":"","overlay-type":"","overlay-color":"","overlay-opacity":"","overlay-gradient":""},"tablet":{"background-color":"","background-image":"","background-repeat":"repeat","background-position":"center center","background-size":"auto","background-attachment":"scroll","background-type":"","background-media":"","overlay-type":"","overlay-color":"","overlay-opacity":"","overlay-gradient":""},"mobile":{"background-color":"","background-image":"","background-repeat":"repeat","background-position":"center center","background-size":"auto","background-attachment":"scroll","background-type":"","background-media":"","overlay-type":"","overlay-color":"","overlay-opacity":"","overlay-gradient":""}},"ast-content-background-meta":{"desktop":{"background-color":"var(--ast-global-color-5)","background-image":"","background-repeat":"repeat","background-position":"center center","background-size":"auto","background-attachment":"scroll","background-type":"","background-media":"","overlay-type":"","overlay-color":"","overlay-opacity":"","overlay-gradient":""},"tablet":{"background-color":"var(--ast-global-color-5)","background-image":"","background-repeat":"repeat","background-position":"center center","background-size":"auto","background-attachment":"scroll","background-type":"","background-media":"","overlay-type":"","overlay-color":"","overlay-opacity":"","overlay-gradient":""},"mobile":{"background-color":"var(--ast-global-color-5)","background-image":"","background-repeat":"repeat","background-position":"center center","background-size":"auto","background-attachment":"scroll","background-type":"","background-media":"","overlay-type":"","overlay-color":"","overlay-opacity":"","overlay-gradient":""}}},"product_brand":[],"product_cat":[116,108],"product_tag":[],"class_list":{"0":"post-2572","1":"product","2":"type-product","3":"status-publish","4":"has-post-thumbnail","6":"product_cat-maskid-profitooted","7":"product_cat-profitooted","8":"desktop-align-center","9":"tablet-align-left","10":"mobile-align-left","12":"first","13":"instock","14":"taxable","15":"shipping-taxable","16":"product-type-simple","17":"add-to-wishlist-before_image"},"aioseo_notices":[],"_links":{"self":[{"href":"https:\/\/kosmeetika24.eu\/et\/wp-json\/wp\/v2\/product\/2572","targetHints":{"allow":["GET"]}}],"collection":[{"href":"https:\/\/kosmeetika24.eu\/et\/wp-json\/wp\/v2\/product"}],"about":[{"href":"https:\/\/kosmeetika24.eu\/et\/wp-json\/wp\/v2\/types\/product"}],"version-history":[{"count":2,"href":"https:\/\/kosmeetika24.eu\/et\/wp-json\/wp\/v2\/product\/2572\/revisions"}],"predecessor-version":[{"id":7798,"href":"https:\/\/kosmeetika24.eu\/et\/wp-json\/wp\/v2\/product\/2572\/revisions\/7798"}],"wp:featuredmedia":[{"embeddable":true,"href":"https:\/\/kosmeetika24.eu\/et\/wp-json\/wp\/v2\/media\/2584"}],"wp:attachment":[{"href":"https:\/\/kosmeetika24.eu\/et\/wp-json\/wp\/v2\/media?parent=2572"}],"wp:term":[{"taxonomy":"product_brand","embeddable":true,"href":"https:\/\/kosmeetika24.eu\/et\/wp-json\/wp\/v2\/product_brand?post=2572"},{"taxonomy":"product_cat","embeddable":true,"href":"https:\/\/kosmeetika24.eu\/et\/wp-json\/wp\/v2\/product_cat?post=2572"},{"taxonomy":"product_tag","embeddable":true,"href":"https:\/\/kosmeetika24.eu\/et\/wp-json\/wp\/v2\/product_tag?post=2572"}],"curies":[{"name":"wp","href":"https:\/\/api.w.org\/{rel}","templated":true}]}}