{"id":2458,"date":"2019-11-21T13:36:18","date_gmt":"2019-11-21T13:36:18","guid":{"rendered":"https:\/\/kosmeetika24.eu\/?post_type=product&#038;p=2458"},"modified":"2024-10-09T12:53:41","modified_gmt":"2024-10-09T09:53:41","slug":"oxygen-ceuticals-cell-couperose-cream-2","status":"publish","type":"product","link":"https:\/\/kosmeetika24.eu\/et\/toode\/oxygen-ceuticals-cell-couperose-cream-2\/","title":{"rendered":"OXYGEN CEUTICALS kreem kuperoossele nahale"},"content":{"rendered":"<p>Kreem kuperoossele nahale <em>Cell Couperose Cream<\/em> on niisutav, rahustav, naha elastsust ja jumet parandav. Naha rahustamiseks on koostises kasutatud 7 taimest ekstrakti, et rahustada ja v\u00e4hendada tundlikkust, s\u00fcgelust, punetust, kuivust ning naha vananemise m\u00e4rke.<\/p>\n<p>See on SOS kreem kuivale ja punetavale nahale, mis hetkega tugevdab ja rahustab.<\/p>\n<p>Sobib k\u00f5igile nahat\u00fc\u00fcpidele, eriti kuivale ja tundlikule, rosaatsea tunnustega nahale.<\/p>\n<p><strong>TOIMEAINED<\/strong><\/p>\n<ul>\n<li>Keramiid 3: sh-Oligopeptide-1, E-vitamiin atsetaat.<\/li>\n<li>Rohelise tee ekstrakt<\/li>\n<li>Tomati ekstrakt<\/li>\n<li>Kapsa ekstrakt<\/li>\n<li>Porgandi ekstrakt<\/li>\n<li>Selleri ekstrakt<\/li>\n<li>Brokkoli ekstrakt<\/li>\n<li>Pruuni riisi ekstrakt<\/li>\n<\/ul>\n<p><strong>TOIME<\/strong><\/p>\n<ul>\n<li>Keramiid 3 parandab pikaajalist niisutust.\u00a0Kaitseb nahka v\u00e4liste m\u00f5jude eest ja aitab nahal taastuda.<\/li>\n<li>Rohelise tee ekstrakt oma suurep\u00e4raste rahustavatega omadustega, aitab kaitsta nahka.<\/li>\n<li>Tomati ekstrakt niisutab ja parandab nahatooni.<\/li>\n<li>Kapsa ekstrakt sisaldab C-vitamiini, parandab naha kahjustusi.<\/li>\n<li>Porgandi ekstrakt niisutab ja annab nahale elastsust.<\/li>\n<li>Selleri ekstrakt annab nahale A-ja C-vitamiini ja niisutab.<\/li>\n<li>Brokkoli ekstrakt stimuleerib kollageeni s\u00fcnteesi.<\/li>\n<li>Harilik riisi ekstrakt parandab naha tekstuuri, niisutab.<\/li>\n<\/ul>\n<p><strong>KOOSTS<\/strong><\/p>\n<p><span style=\"font-size: 14px;\">WATER, GLYCERIN, DIPROPYLENE GLYCOL, CETEARYL ALCOHOL, BEESWAX, CAMELLIA JAPONICA SEED OIL, LIMNANTHE ALBA (MEADOWFOAM) SEED OIL, 1,2-HEXANEDIOL, CETYL ETHYLHEXANOATE, CETEARYL GLUCOSIDE, DIMETHICONE, SODIUM HYALURONATE, GLYCERYL STEARATE, PEG-100 STEARATE, ARGININE, CARBOMER, OXYGEN, BUTYLENE GLYCOL, ACETYL HEXAPEPTIDE-8, CAMELLIA SINENSIS LEAF EXTRACT, APIUM GRAVEOLENS (CELERY) EXTRACT, BRASSICA OLERACEA CAPITATA (CABBAGE) LEAF EXTRACT, ORYZA SATIVA (RICE) EXTRACT, SOLANUM LYCOPERSICUM (TOMATO) FRUIT\/LEAF\/STEM EXTRACT, BRASSICA RAPA (TURNIP) LEAF EXTRACT, DAUCUS CAROTA SATIVA (CARROT) ROOT EXTRACT, BRASSICA OLERACEA ITALICA (BROCCOLI) EXTRACT, POLYACRYLATE-13, POLYISOBUTENE, POLYSORBATE 20, SORBITAN ISOSTEARATE, PALMITOYL TRIPEPTIDE-5, TOCOPHERYL ACETATE, CERAMIDE NP, CAPRYLIC\/CAPRIC TRIGLYCERIDE, HYDROGENATED LECITHIN, HYDROLYZED COLLAGEN, CHLORPHENESIN, ETHYLHEXYLGLYCERIN, PARFUM, DISODIUM EDTA.\u00a0<\/span><\/p>\n","protected":false},"excerpt":{"rendered":"<p>Professionaalseks kasutamiseks m\u00f5eldud kreem aitab v\u00e4hendada naha tundlikkust, s\u00fcgelust, punetust, kuivust ja vananemise m\u00e4rke.<\/p>\n<p>&nbsp;<\/p>\n<p>200 ml<\/p>\n","protected":false},"featured_media":2538,"template":"","meta":{"om_disable_all_campaigns":false,"_monsterinsights_skip_tracking":false,"_monsterinsights_sitenote_active":false,"_monsterinsights_sitenote_note":"","_monsterinsights_sitenote_category":0,"_uf_show_specific_survey":0,"_uf_disable_surveys":false,"site-sidebar-layout":"default","site-content-layout":"","ast-site-content-layout":"default","site-content-style":"default","site-sidebar-style":"default","ast-global-header-display":"","ast-banner-title-visibility":"","ast-main-header-display":"","ast-hfb-above-header-display":"","ast-hfb-below-header-display":"","ast-hfb-mobile-header-display":"","site-post-title":"","ast-breadcrumbs-content":"","ast-featured-img":"","footer-sml-layout":"","theme-transparent-header-meta":"default","adv-header-id-meta":"","stick-header-meta":"","header-above-stick-meta":"","header-main-stick-meta":"","header-below-stick-meta":"","astra-migrate-meta-layouts":"set","ast-page-background-enabled":"default","ast-page-background-meta":{"desktop":{"background-color":"var(--ast-global-color-4)","background-image":"","background-repeat":"repeat","background-position":"center center","background-size":"auto","background-attachment":"scroll","background-type":"","background-media":"","overlay-type":"","overlay-color":"","overlay-opacity":"","overlay-gradient":""},"tablet":{"background-color":"","background-image":"","background-repeat":"repeat","background-position":"center center","background-size":"auto","background-attachment":"scroll","background-type":"","background-media":"","overlay-type":"","overlay-color":"","overlay-opacity":"","overlay-gradient":""},"mobile":{"background-color":"","background-image":"","background-repeat":"repeat","background-position":"center center","background-size":"auto","background-attachment":"scroll","background-type":"","background-media":"","overlay-type":"","overlay-color":"","overlay-opacity":"","overlay-gradient":""}},"ast-content-background-meta":{"desktop":{"background-color":"var(--ast-global-color-5)","background-image":"","background-repeat":"repeat","background-position":"center center","background-size":"auto","background-attachment":"scroll","background-type":"","background-media":"","overlay-type":"","overlay-color":"","overlay-opacity":"","overlay-gradient":""},"tablet":{"background-color":"var(--ast-global-color-5)","background-image":"","background-repeat":"repeat","background-position":"center center","background-size":"auto","background-attachment":"scroll","background-type":"","background-media":"","overlay-type":"","overlay-color":"","overlay-opacity":"","overlay-gradient":""},"mobile":{"background-color":"var(--ast-global-color-5)","background-image":"","background-repeat":"repeat","background-position":"center center","background-size":"auto","background-attachment":"scroll","background-type":"","background-media":"","overlay-type":"","overlay-color":"","overlay-opacity":"","overlay-gradient":""}}},"product_brand":[],"product_cat":[115,108],"product_tag":[],"class_list":{"0":"post-2458","1":"product","2":"type-product","3":"status-publish","4":"has-post-thumbnail","6":"product_cat-kreemid-profitooted","7":"product_cat-profitooted","8":"desktop-align-center","9":"tablet-align-left","10":"mobile-align-left","12":"first","13":"instock","14":"taxable","15":"shipping-taxable","16":"product-type-simple","17":"add-to-wishlist-before_image"},"aioseo_notices":[],"_links":{"self":[{"href":"https:\/\/kosmeetika24.eu\/et\/wp-json\/wp\/v2\/product\/2458","targetHints":{"allow":["GET"]}}],"collection":[{"href":"https:\/\/kosmeetika24.eu\/et\/wp-json\/wp\/v2\/product"}],"about":[{"href":"https:\/\/kosmeetika24.eu\/et\/wp-json\/wp\/v2\/types\/product"}],"version-history":[{"count":1,"href":"https:\/\/kosmeetika24.eu\/et\/wp-json\/wp\/v2\/product\/2458\/revisions"}],"predecessor-version":[{"id":7665,"href":"https:\/\/kosmeetika24.eu\/et\/wp-json\/wp\/v2\/product\/2458\/revisions\/7665"}],"wp:featuredmedia":[{"embeddable":true,"href":"https:\/\/kosmeetika24.eu\/et\/wp-json\/wp\/v2\/media\/2538"}],"wp:attachment":[{"href":"https:\/\/kosmeetika24.eu\/et\/wp-json\/wp\/v2\/media?parent=2458"}],"wp:term":[{"taxonomy":"product_brand","embeddable":true,"href":"https:\/\/kosmeetika24.eu\/et\/wp-json\/wp\/v2\/product_brand?post=2458"},{"taxonomy":"product_cat","embeddable":true,"href":"https:\/\/kosmeetika24.eu\/et\/wp-json\/wp\/v2\/product_cat?post=2458"},{"taxonomy":"product_tag","embeddable":true,"href":"https:\/\/kosmeetika24.eu\/et\/wp-json\/wp\/v2\/product_tag?post=2458"}],"curies":[{"name":"wp","href":"https:\/\/api.w.org\/{rel}","templated":true}]}}