{"id":2435,"date":"2019-11-21T13:04:29","date_gmt":"2019-11-21T13:04:29","guid":{"rendered":"https:\/\/kosmeetika24.eu\/?post_type=product&#038;p=2435"},"modified":"2024-10-09T12:53:48","modified_gmt":"2024-10-09T09:53:48","slug":"oxygen-ceuticals-pp-cream-palsam-nahale-2","status":"publish","type":"product","link":"https:\/\/kosmeetika24.eu\/et\/toode\/oxygen-ceuticals-pp-cream-palsam-nahale-2\/","title":{"rendered":"OXYGEN CEUTICALS palsam nahale (PP kreem)"},"content":{"rendered":"<p>Protseduurij\u00e4rgne kreem <em>PP cream<\/em> aitab suurendada naha kaitsebarj\u00e4\u00e4ri, elastsust, parandab naha uuendamist ja<br \/>\nmuudab naha tooni s\u00e4ravaks. Leevendab \u00e4rritust, niisutab, v\u00e4hendab p\u00f5letikku ja kaitseb nahka. Kreemi on t\u00e4iustatud epidermise kasvufaktoritega (EGF), sisaldab oma koostises 53 aminohapet. Need koostisosad aktiveerivad naha taastumise.<\/p>\n<p>Kasutage igap\u00e4evaselt peale salongihooldusi. Sobib ideaalselt kasutamiseks p\u00e4rast esteetilisi protseduure.<\/p>\n<p>Sobib k\u00f5igile nahat\u00fc\u00fcpidele, eriti tundlikule, kahjustatud ja kuivale nahale.<\/p>\n<p><strong>TOIMEAINED<\/strong><\/p>\n<ul>\n<li>Adenosiin<\/li>\n<li>Aprikoosiseemne\u00f5li<\/li>\n<li>Makadaamia seemne\u00f5li<\/li>\n<li>Arbutiin<\/li>\n<li>Naatriumh\u00fcaluronaat<\/li>\n<li>sh-Oligopeptiid-1<\/li>\n<li>E-vitamiini atsetaat<\/li>\n<li>Hapnik<\/li>\n<\/ul>\n<p><strong>TOIME<\/strong><\/p>\n<ul>\n<li>Adenosiin taaselustab v\u00e4sinud nahka ja t\u00f5stab elastsust.<\/li>\n<li>Aprikoosiseemne\u00f5li v\u00e4hendab s\u00fcgelust, rahustab, hooldab ja kirgastab nahka.<\/li>\n<li>Makadaamia seemne\u00f5li kaitseb kuivamise eest t\u00f5stes naha barj\u00e4\u00e4rifunktsiooni ja v\u00e4rskendab.<\/li>\n<li>Arbutiin kontrollib melaniini pigmenti, muudab naha tooni kirkamaks.<\/li>\n<li>Naatriumh\u00fcaluronaat on vett siduv koostisosa, millel on v\u00f5ime t\u00e4ita ruumid kollageeni ja elastiinina tuntud sidekiudude vahel.<\/li>\n<li>Sh-Oligopeptiid-1 t\u00f5stab naha elastsust ja taastab naha barj\u00e4\u00e4ritaset kahjustatud nahas.<\/li>\n<li>E-vitamiini atsetaat taastab naha tekstuuri, kirgastab nahka.<\/li>\n<li>Hapnik v\u00f5itleb n\u00e4htavate vananemism\u00e4rkidega, mis on tingitud hapniku kehva liikumisega nahaalustest kapillaaridest naha pealmise kihini. Stimuleerib otseselt kollageeni ja elastiini s\u00fcnteesi nahas ning omab p\u00f5letikuvastast toimet.<\/li>\n<\/ul>\n<p><strong>KASUTAMINE<\/strong><\/p>\n<ul>\n<li>Naha palsam kanda kergete masseerivate liigutustega eelnevalt puhastatud ja toniseeritud n\u00e4o ja kaela nahale.<\/li>\n<li>Parima tulemuse saavutamiseks kasutada esmalt toodet <a href=\"https:\/\/kosmeetika24.eu\/toode\/oxygen-ceuticals-toning-gel-2\/\">OXYGEN CEUTICALS tooniv geel<\/a>, siis toodet <a href=\"https:\/\/kosmeetika24.eu\/toode\/oxygen-ceuticals-couperosa-fluid\/\">OXYGEN CEUTICALS seerum tundlikule ja kahjustunud nahale<\/a>. J\u00e4tkata tootega <a href=\"https:\/\/kosmeetika24.eu\/toode\/oxygen-ceuticals-moisture-aqua-serum\/\">OXYGEN CEUTICALS niisutav seerum<\/a> ning l\u00f5petuseks kanda n\u00e4ole naha palsam.<\/li>\n<li>Lisaks v\u00f5ib kasutada naha palsamit nii tihti kui vaja ja koos tootega <a href=\"https:\/\/kosmeetika24.eu\/toode\/oxygen-ceuticals-anti-oxidant-cream\/\">OXYGEN CEUTICALS antioks\u00fcdantne vananemisvastane kreem<\/a>\u00a0v\u00f5i\u00a0<a href=\"https:\/\/kosmeetika24.eu\/toode\/oxygen-ceuticals-hydrating-cream\/\">OXYGEN CEUTICALS niisutav kreem<\/a>.<\/li>\n<\/ul>\n<p><strong>KOOSTIS<\/strong><\/p>\n<p><span style=\"font-size: 14px;\">WATER, CAPRYLIC\/CAPRIC TRIGLYCERIDE, GLYCERIN, CETEARYL ALCOHOL, MACADAMIA TERNIFOLIA SEED OIL, CETYL ETHYLHEXANOATE, DIPROPYLENE GLYCOL, ROSA CENTIFOLIA FLOWER WATER, NIACINAMIDE, CETEARYL OLIVATE, 1,2-HEXANEDIOL, BEESWAX, GLYCERYL STEARATE, DIMETHICONE, SORBITAN OLIVATE, OXYGEN, PALMITOYL TRIPEPTIDE-5, ADENOSINE, SODIUM HYALURONATE, ALLATOIN, CAMELIA SINENSIS LEAF EXTRACT, PULSATILLA KOREANA EXTRACT, ZANTHOXYLUM PIPERITUM FRUIT EXTRACT, TOCOPHERYL ACETATE, USNEA BARBATA (LICHEN) EXTRACT, ORYZA SATIVA (RICE) EXTRACT, SOLANUM LYCOPERSICUM (TOMATO) FRUIT\/LEAF\/STEM EXTRACT, ALPINUM GRAVEOLENS (CELERY) EXTRACT, DAUCUS CAROTA SATIVA (CARROT) ROOT EXTRACT, BRASSICA OLERACEA CAPITATA (CABBAGE)LEAF EXTRACT, BRASSICA RAPA (TURNIP) LEAF EXTRACT, BUTYLENE GLYCOL, CARTHAMUS TINCTORIUS (SAFFLOWER) SEED OIL, PRUNUS ARMENIACA (APRICOT) KERNEL OIL, SODIUM POLYACRYLATE, TRIDECETH-6, CETEARYL GLUCOSIDE, ETHYLHEXYL STEARATE, CHLORPHENESIN, ETHYLHEXYLGLYCERIN, DISODIUM EDTA, PARFUM.<\/span><\/p>\n","protected":false},"excerpt":{"rendered":"<p>Professionaalseks kasutamiseks m\u00f5eldud t\u00e4iuslik niisutaja protseduurij\u00e4rgse seisundi parandamiseks v\u00f5i kuiva naha toitmiseks. Aitab suurendada naha kaitsebarj\u00e4\u00e4ri, elastsust, parandab naha uuendamist ja annab s\u00e4rava jume.<\/p>\n<p>&nbsp;<\/p>\n<p>200 ml<\/p>\n","protected":false},"featured_media":2534,"template":"","meta":{"om_disable_all_campaigns":false,"_monsterinsights_skip_tracking":false,"_monsterinsights_sitenote_active":false,"_monsterinsights_sitenote_note":"","_monsterinsights_sitenote_category":0,"_uf_show_specific_survey":0,"_uf_disable_surveys":false,"site-sidebar-layout":"default","site-content-layout":"","ast-site-content-layout":"default","site-content-style":"default","site-sidebar-style":"default","ast-global-header-display":"","ast-banner-title-visibility":"","ast-main-header-display":"","ast-hfb-above-header-display":"","ast-hfb-below-header-display":"","ast-hfb-mobile-header-display":"","site-post-title":"","ast-breadcrumbs-content":"","ast-featured-img":"","footer-sml-layout":"","theme-transparent-header-meta":"default","adv-header-id-meta":"","stick-header-meta":"","header-above-stick-meta":"","header-main-stick-meta":"","header-below-stick-meta":"","astra-migrate-meta-layouts":"set","ast-page-background-enabled":"default","ast-page-background-meta":{"desktop":{"background-color":"var(--ast-global-color-4)","background-image":"","background-repeat":"repeat","background-position":"center center","background-size":"auto","background-attachment":"scroll","background-type":"","background-media":"","overlay-type":"","overlay-color":"","overlay-opacity":"","overlay-gradient":""},"tablet":{"background-color":"","background-image":"","background-repeat":"repeat","background-position":"center center","background-size":"auto","background-attachment":"scroll","background-type":"","background-media":"","overlay-type":"","overlay-color":"","overlay-opacity":"","overlay-gradient":""},"mobile":{"background-color":"","background-image":"","background-repeat":"repeat","background-position":"center center","background-size":"auto","background-attachment":"scroll","background-type":"","background-media":"","overlay-type":"","overlay-color":"","overlay-opacity":"","overlay-gradient":""}},"ast-content-background-meta":{"desktop":{"background-color":"var(--ast-global-color-5)","background-image":"","background-repeat":"repeat","background-position":"center center","background-size":"auto","background-attachment":"scroll","background-type":"","background-media":"","overlay-type":"","overlay-color":"","overlay-opacity":"","overlay-gradient":""},"tablet":{"background-color":"var(--ast-global-color-5)","background-image":"","background-repeat":"repeat","background-position":"center center","background-size":"auto","background-attachment":"scroll","background-type":"","background-media":"","overlay-type":"","overlay-color":"","overlay-opacity":"","overlay-gradient":""},"mobile":{"background-color":"var(--ast-global-color-5)","background-image":"","background-repeat":"repeat","background-position":"center center","background-size":"auto","background-attachment":"scroll","background-type":"","background-media":"","overlay-type":"","overlay-color":"","overlay-opacity":"","overlay-gradient":""}}},"product_brand":[],"product_cat":[115,108],"product_tag":[],"class_list":{"0":"post-2435","1":"product","2":"type-product","3":"status-publish","4":"has-post-thumbnail","6":"product_cat-kreemid-profitooted","7":"product_cat-profitooted","8":"desktop-align-center","9":"tablet-align-left","10":"mobile-align-left","12":"first","13":"instock","14":"taxable","15":"shipping-taxable","16":"product-type-simple","17":"add-to-wishlist-before_image"},"aioseo_notices":[],"_links":{"self":[{"href":"https:\/\/kosmeetika24.eu\/et\/wp-json\/wp\/v2\/product\/2435","targetHints":{"allow":["GET"]}}],"collection":[{"href":"https:\/\/kosmeetika24.eu\/et\/wp-json\/wp\/v2\/product"}],"about":[{"href":"https:\/\/kosmeetika24.eu\/et\/wp-json\/wp\/v2\/types\/product"}],"version-history":[{"count":2,"href":"https:\/\/kosmeetika24.eu\/et\/wp-json\/wp\/v2\/product\/2435\/revisions"}],"predecessor-version":[{"id":7667,"href":"https:\/\/kosmeetika24.eu\/et\/wp-json\/wp\/v2\/product\/2435\/revisions\/7667"}],"wp:featuredmedia":[{"embeddable":true,"href":"https:\/\/kosmeetika24.eu\/et\/wp-json\/wp\/v2\/media\/2534"}],"wp:attachment":[{"href":"https:\/\/kosmeetika24.eu\/et\/wp-json\/wp\/v2\/media?parent=2435"}],"wp:term":[{"taxonomy":"product_brand","embeddable":true,"href":"https:\/\/kosmeetika24.eu\/et\/wp-json\/wp\/v2\/product_brand?post=2435"},{"taxonomy":"product_cat","embeddable":true,"href":"https:\/\/kosmeetika24.eu\/et\/wp-json\/wp\/v2\/product_cat?post=2435"},{"taxonomy":"product_tag","embeddable":true,"href":"https:\/\/kosmeetika24.eu\/et\/wp-json\/wp\/v2\/product_tag?post=2435"}],"curies":[{"name":"wp","href":"https:\/\/api.w.org\/{rel}","templated":true}]}}