{"id":2393,"date":"2019-11-21T12:10:13","date_gmt":"2019-11-21T12:10:13","guid":{"rendered":"https:\/\/kosmeetika24.eu\/?post_type=product&#038;p=2393"},"modified":"2024-10-09T12:53:56","modified_gmt":"2024-10-09T09:53:56","slug":"oxygen-ceuticals-moisture-aqua-serum-2","status":"publish","type":"product","link":"https:\/\/kosmeetika24.eu\/et\/toode\/oxygen-ceuticals-moisture-aqua-serum-2\/","title":{"rendered":"OXYGEN CEUTICALS niisutav seerum"},"content":{"rendered":"<p>Niisutav seerum <em>Moisture Aqua Serum<\/em> on v\u00f5imas naha niisutaja. Ei sisalda \u00f5li, ei \u00e4rrita nahka, normaliseerib ja hoiab tasakaalu naha niisutatuse ja rasususe vahel. \u00dchtlustab naha pinda ja ahendab poore. Pehme geelja ja kreemja tekstuuriga. Imendub kiiresti ja seda saab teiste seerumitega segada, et saavutada parem tulemus.<\/p>\n<p>Seerum sobib k\u00f5igile nahat\u00fc\u00fcpidele, eriti p\u00f5letikulisele, kuivale ja tundlikule nahale.<\/p>\n<p><strong>TOIMEAINED<\/strong><\/p>\n<ul>\n<li>Rikastatud h\u00fcaluroonhappe<\/li>\n<li>Arginiin<\/li>\n<li>Rohelise tee ekstrakt<\/li>\n<li>Multivitamiinid<\/li>\n<li>Jojoba\u00f5li<\/li>\n<li>Hapnik<\/li>\n<\/ul>\n<p><strong>TOIME<\/strong><\/p>\n<ul>\n<li>Rikastatud h\u00fcaluroonhappe toimib niiskuses\u00e4ilitajana, suurendab vee sisaldust nahas ja aitab nahal p\u00fcsida pehme ja siledana.<\/li>\n<li>Arginiin on aminohape, millel on vananemisvastased ning haavu ravivad omadused. Arginiin on tugev antioks\u00fcdant.<\/li>\n<li>Rohelise tee ekstrakt oma suurep\u00e4raste rahustavatega omadustega, aitab kaitsta nahka.<\/li>\n<li>Multivitamiinid ja looduslike ekstraktid aitavad tasakaalustada naha PH ja niiskusetaset.<\/li>\n<li>Jojoba\u00f5li kaitseb nahka aurustumise ja toksiliste ainete eest.<\/li>\n<li>Hapnik v\u00f5itleb n\u00e4htavate vananemism\u00e4rkidega, mis on tingitud hapniku kehva liikumisega nahaalustest kapillaaridest naha pealmise kihini. Stimuleerib otseselt kollageeni ja elastiini s\u00fcnteesi nahas ning omab p\u00f5letikuvastast toimet.<\/li>\n<\/ul>\n<p><strong>KOOSTIS<\/strong><\/p>\n<p><span style=\"font-size: 14px;\">WATER, DIPROPYLENE GLYCOL, GLYCERIN, 1,2-HEXANEDIOL, SIMMONDSIA CHINENSIS (JOJOBA) SEED OIL, POLYACRYLATE-13, OXYGEN, BUTYLENE GLYCOL, CAMELLIA SIENSIS LEAF EXTRACT, PORTULACA OLERACEA EXTRACT, POLYISOBUTENE, ARGININE, CARBOMER, DISODIUM EDTA, POLYSORBATE 20, SODIUM HYALURONATE, SORBITAN ISOSTEARATE, PROPOLIS EXTRACT, PENTYLENE GLYCOL, CAPRYLYL GLYCOL, ETHYLHEXYLGLYCERIN, PARFUM.<\/span><\/p>\n","protected":false},"excerpt":{"rendered":"<p>Niisutav Aqua seerum<\/p>\n<p>&nbsp;<\/p>\n<p>250 ml<\/p>\n","protected":false},"featured_media":2530,"template":"","meta":{"om_disable_all_campaigns":false,"_monsterinsights_skip_tracking":false,"_monsterinsights_sitenote_active":false,"_monsterinsights_sitenote_note":"","_monsterinsights_sitenote_category":0,"_uf_show_specific_survey":0,"_uf_disable_surveys":false,"site-sidebar-layout":"default","site-content-layout":"","ast-site-content-layout":"default","site-content-style":"default","site-sidebar-style":"default","ast-global-header-display":"","ast-banner-title-visibility":"","ast-main-header-display":"","ast-hfb-above-header-display":"","ast-hfb-below-header-display":"","ast-hfb-mobile-header-display":"","site-post-title":"","ast-breadcrumbs-content":"","ast-featured-img":"","footer-sml-layout":"","theme-transparent-header-meta":"default","adv-header-id-meta":"","stick-header-meta":"","header-above-stick-meta":"","header-main-stick-meta":"","header-below-stick-meta":"","astra-migrate-meta-layouts":"set","ast-page-background-enabled":"default","ast-page-background-meta":{"desktop":{"background-color":"var(--ast-global-color-4)","background-image":"","background-repeat":"repeat","background-position":"center center","background-size":"auto","background-attachment":"scroll","background-type":"","background-media":"","overlay-type":"","overlay-color":"","overlay-opacity":"","overlay-gradient":""},"tablet":{"background-color":"","background-image":"","background-repeat":"repeat","background-position":"center center","background-size":"auto","background-attachment":"scroll","background-type":"","background-media":"","overlay-type":"","overlay-color":"","overlay-opacity":"","overlay-gradient":""},"mobile":{"background-color":"","background-image":"","background-repeat":"repeat","background-position":"center center","background-size":"auto","background-attachment":"scroll","background-type":"","background-media":"","overlay-type":"","overlay-color":"","overlay-opacity":"","overlay-gradient":""}},"ast-content-background-meta":{"desktop":{"background-color":"var(--ast-global-color-5)","background-image":"","background-repeat":"repeat","background-position":"center center","background-size":"auto","background-attachment":"scroll","background-type":"","background-media":"","overlay-type":"","overlay-color":"","overlay-opacity":"","overlay-gradient":""},"tablet":{"background-color":"var(--ast-global-color-5)","background-image":"","background-repeat":"repeat","background-position":"center center","background-size":"auto","background-attachment":"scroll","background-type":"","background-media":"","overlay-type":"","overlay-color":"","overlay-opacity":"","overlay-gradient":""},"mobile":{"background-color":"var(--ast-global-color-5)","background-image":"","background-repeat":"repeat","background-position":"center center","background-size":"auto","background-attachment":"scroll","background-type":"","background-media":"","overlay-type":"","overlay-color":"","overlay-opacity":"","overlay-gradient":""}}},"product_brand":[],"product_cat":[108,122],"product_tag":[],"class_list":{"0":"post-2393","1":"product","2":"type-product","3":"status-publish","4":"has-post-thumbnail","6":"product_cat-profitooted","7":"product_cat-seerumid-profitooted","8":"desktop-align-center","9":"tablet-align-left","10":"mobile-align-left","12":"first","13":"instock","14":"taxable","15":"shipping-taxable","16":"product-type-simple","17":"add-to-wishlist-before_image"},"aioseo_notices":[],"_links":{"self":[{"href":"https:\/\/kosmeetika24.eu\/et\/wp-json\/wp\/v2\/product\/2393","targetHints":{"allow":["GET"]}}],"collection":[{"href":"https:\/\/kosmeetika24.eu\/et\/wp-json\/wp\/v2\/product"}],"about":[{"href":"https:\/\/kosmeetika24.eu\/et\/wp-json\/wp\/v2\/types\/product"}],"version-history":[{"count":2,"href":"https:\/\/kosmeetika24.eu\/et\/wp-json\/wp\/v2\/product\/2393\/revisions"}],"predecessor-version":[{"id":6808,"href":"https:\/\/kosmeetika24.eu\/et\/wp-json\/wp\/v2\/product\/2393\/revisions\/6808"}],"wp:featuredmedia":[{"embeddable":true,"href":"https:\/\/kosmeetika24.eu\/et\/wp-json\/wp\/v2\/media\/2530"}],"wp:attachment":[{"href":"https:\/\/kosmeetika24.eu\/et\/wp-json\/wp\/v2\/media?parent=2393"}],"wp:term":[{"taxonomy":"product_brand","embeddable":true,"href":"https:\/\/kosmeetika24.eu\/et\/wp-json\/wp\/v2\/product_brand?post=2393"},{"taxonomy":"product_cat","embeddable":true,"href":"https:\/\/kosmeetika24.eu\/et\/wp-json\/wp\/v2\/product_cat?post=2393"},{"taxonomy":"product_tag","embeddable":true,"href":"https:\/\/kosmeetika24.eu\/et\/wp-json\/wp\/v2\/product_tag?post=2393"}],"curies":[{"name":"wp","href":"https:\/\/api.w.org\/{rel}","templated":true}]}}