{"id":2380,"date":"2019-11-21T09:17:35","date_gmt":"2019-11-21T09:17:35","guid":{"rendered":"https:\/\/kosmeetika24.eu\/?post_type=product&#038;p=2380"},"modified":"2024-10-09T12:56:53","modified_gmt":"2024-10-09T09:56:53","slug":"oxygen-ceuticals-double-makeup-remover-2","status":"publish","type":"product","link":"https:\/\/kosmeetika24.eu\/et\/toode\/oxygen-ceuticals-double-makeup-remover-2\/","title":{"rendered":"OXYGEN CEUTICALS kaheosaline meigieemaldaja"},"content":{"rendered":"<p>Kaheosaline meigieemaldaja <em>Double Makeup Remover<\/em> on kaks-\u00fches puhastusvahend, mis puhastab ja niisutab nahka samaaegselt. Eemaldab kogu meigi (ka veekindla). Soja\u00f5li lahustab meigi koheselt, vitamiinid toidavad nahka. Ei sisalda mineraal\u00f5li st see ei ummista poore. Puhastab s\u00fcgavalt ja ei j\u00e4ta \u00f5list kihti. Muudab n\u00e4onaha s\u00e4ravaks.<\/p>\n<p>Sobib k\u00f5igile nahat\u00fc\u00fcpidele, eriti kuivale ja tundlikule nahale.<\/p>\n<p><strong>TOIMEAINED<\/strong><\/p>\n<ul>\n<li>Gl\u00fctseriin<\/li>\n<li>H\u00fcaluroonhape<\/li>\n<li>Salvei<\/li>\n<li>Saialill<\/li>\n<li>Sambliku ekstrakt<\/li>\n<li>Hapnik<\/li>\n<li>Soja\u00f5li<\/li>\n<li>Tokofer\u00fc\u00fclatsetaat<\/li>\n<\/ul>\n<p><strong>TOIME<\/strong><\/p>\n<ul>\n<li>Gl\u00fctseriin toimib pehmendavalt ning hoiab naha loomulikku kaitsebarj\u00e4\u00e4ri. Sel on omadus niiskust s\u00e4ilitada ja seel\u00e4bi nahka niisutada.<\/li>\n<li>H\u00fcaluroonhape toimib niiskuses\u00e4ilitajana, suurendab vee sisaldust nahas ja aitab nahal p\u00fcsida pehme ja siledana.<\/li>\n<li>Salvei toimib antioks\u00fcdandina; ahendab poore, puhastab, kaitseb, leevendab \u00e4rritusi ja toniseerib. Hoiab naha pehme, sileda, elastse ja terve.<\/li>\n<li>Saialillel on naha taastumist soodustav ja p\u00f5letikuvastane toime. Hoiab naha pehme, sileda, elastse ja terve.<\/li>\n<li>Sambliku ekstrakt rahustab p\u00f5letikulist nahka.<\/li>\n<li>Hapnik v\u00f5itleb n\u00e4htavate vananemism\u00e4rkidega, mis on tingitud hapniku kehva liikumisega nahaalustest kapillaaridest naha pealmise kihini. Stimuleerib otseselt kollageeni ja elastiini s\u00fcnteesi nahas ning omab p\u00f5letikuvastast toimet.<\/li>\n<li>Soja\u00f5li takistab naha kuivamist ja lisab paindlikkust.<\/li>\n<li>Tokofer\u00fc\u00fclatsetaat hooldab \u00f5rnalt nahka tema tekstuuri kahjustamata.<\/li>\n<\/ul>\n","protected":false},"excerpt":{"rendered":"<p>Professionaalseks kasutamiseks m\u00f5eldud kaks \u00fches puhastusvahend eemaldab meigi ja niisutab naha.<\/p>\n<p>&nbsp;<\/p>\n<p>320 ml<\/p>\n","protected":false},"featured_media":2505,"template":"","meta":{"om_disable_all_campaigns":false,"_monsterinsights_skip_tracking":false,"_monsterinsights_sitenote_active":false,"_monsterinsights_sitenote_note":"","_monsterinsights_sitenote_category":0,"_uf_show_specific_survey":0,"_uf_disable_surveys":false,"site-sidebar-layout":"default","site-content-layout":"","ast-site-content-layout":"","site-content-style":"default","site-sidebar-style":"default","ast-global-header-display":"","ast-banner-title-visibility":"","ast-main-header-display":"","ast-hfb-above-header-display":"","ast-hfb-below-header-display":"","ast-hfb-mobile-header-display":"","site-post-title":"","ast-breadcrumbs-content":"","ast-featured-img":"","footer-sml-layout":"","theme-transparent-header-meta":"","adv-header-id-meta":"","stick-header-meta":"","header-above-stick-meta":"","header-main-stick-meta":"","header-below-stick-meta":"","astra-migrate-meta-layouts":"default","ast-page-background-enabled":"default","ast-page-background-meta":{"desktop":{"background-color":"var(--ast-global-color-4)","background-image":"","background-repeat":"repeat","background-position":"center center","background-size":"auto","background-attachment":"scroll","background-type":"","background-media":"","overlay-type":"","overlay-color":"","overlay-opacity":"","overlay-gradient":""},"tablet":{"background-color":"","background-image":"","background-repeat":"repeat","background-position":"center center","background-size":"auto","background-attachment":"scroll","background-type":"","background-media":"","overlay-type":"","overlay-color":"","overlay-opacity":"","overlay-gradient":""},"mobile":{"background-color":"","background-image":"","background-repeat":"repeat","background-position":"center center","background-size":"auto","background-attachment":"scroll","background-type":"","background-media":"","overlay-type":"","overlay-color":"","overlay-opacity":"","overlay-gradient":""}},"ast-content-background-meta":{"desktop":{"background-color":"var(--ast-global-color-5)","background-image":"","background-repeat":"repeat","background-position":"center center","background-size":"auto","background-attachment":"scroll","background-type":"","background-media":"","overlay-type":"","overlay-color":"","overlay-opacity":"","overlay-gradient":""},"tablet":{"background-color":"var(--ast-global-color-5)","background-image":"","background-repeat":"repeat","background-position":"center center","background-size":"auto","background-attachment":"scroll","background-type":"","background-media":"","overlay-type":"","overlay-color":"","overlay-opacity":"","overlay-gradient":""},"mobile":{"background-color":"var(--ast-global-color-5)","background-image":"","background-repeat":"repeat","background-position":"center center","background-size":"auto","background-attachment":"scroll","background-type":"","background-media":"","overlay-type":"","overlay-color":"","overlay-opacity":"","overlay-gradient":""}}},"product_brand":[],"product_cat":[108,114],"product_tag":[],"class_list":{"0":"post-2380","1":"product","2":"type-product","3":"status-publish","4":"has-post-thumbnail","6":"product_cat-profitooted","7":"product_cat-puhastustooted-profitooted","8":"desktop-align-center","9":"tablet-align-left","10":"mobile-align-left","12":"first","13":"instock","14":"taxable","15":"shipping-taxable","16":"product-type-simple","17":"add-to-wishlist-before_image"},"aioseo_notices":[],"_links":{"self":[{"href":"https:\/\/kosmeetika24.eu\/et\/wp-json\/wp\/v2\/product\/2380","targetHints":{"allow":["GET"]}}],"collection":[{"href":"https:\/\/kosmeetika24.eu\/et\/wp-json\/wp\/v2\/product"}],"about":[{"href":"https:\/\/kosmeetika24.eu\/et\/wp-json\/wp\/v2\/types\/product"}],"version-history":[{"count":2,"href":"https:\/\/kosmeetika24.eu\/et\/wp-json\/wp\/v2\/product\/2380\/revisions"}],"predecessor-version":[{"id":8894,"href":"https:\/\/kosmeetika24.eu\/et\/wp-json\/wp\/v2\/product\/2380\/revisions\/8894"}],"wp:featuredmedia":[{"embeddable":true,"href":"https:\/\/kosmeetika24.eu\/et\/wp-json\/wp\/v2\/media\/2505"}],"wp:attachment":[{"href":"https:\/\/kosmeetika24.eu\/et\/wp-json\/wp\/v2\/media?parent=2380"}],"wp:term":[{"taxonomy":"product_brand","embeddable":true,"href":"https:\/\/kosmeetika24.eu\/et\/wp-json\/wp\/v2\/product_brand?post=2380"},{"taxonomy":"product_cat","embeddable":true,"href":"https:\/\/kosmeetika24.eu\/et\/wp-json\/wp\/v2\/product_cat?post=2380"},{"taxonomy":"product_tag","embeddable":true,"href":"https:\/\/kosmeetika24.eu\/et\/wp-json\/wp\/v2\/product_tag?post=2380"}],"curies":[{"name":"wp","href":"https:\/\/api.w.org\/{rel}","templated":true}]}}