{"id":2379,"date":"2019-11-21T09:14:03","date_gmt":"2019-11-21T09:14:03","guid":{"rendered":"https:\/\/kosmeetika24.eu\/?post_type=product&#038;p=2379"},"modified":"2024-10-09T12:56:59","modified_gmt":"2024-10-09T09:56:59","slug":"oxygen-ceuticals-daily-botanicals-enzyme-peel-2","status":"publish","type":"product","link":"https:\/\/kosmeetika24.eu\/et\/toode\/oxygen-ceuticals-daily-botanicals-enzyme-peel-2\/","title":{"rendered":"OXYGEN CEUTICALS taimne ens\u00fc\u00fcmkoorija"},"content":{"rendered":"<p>Taimne ens\u00fc\u00fcmkoorija <em>Daily Botanicals Enzyme Peel<\/em> on neutraalne, \u00f5rn ens\u00fc\u00fcmkoorija. H\u00fcpoallergiline koorija sisaldab naturaalseid koostisosi ja ens\u00fc\u00fcme, mis eemaldavad surnud naharakud nahka \u00e4rritamata. Aitab parandada ja taastada naha uuendamisprotsessi.<\/p>\n<p>V\u00e4ga hea kuivadele ja tundlikele nahat\u00fc\u00fcpidele.<\/p>\n<p>Sisaldab kaheksat erinevat looduslikku ekstrakti.<\/p>\n<p><strong>TOIMEAINED<\/strong><\/p>\n<ul>\n<li>Papaia<\/li>\n<li>Ananassi<\/li>\n<li>Algiin<\/li>\n<li>Arginiin<\/li>\n<li>Salvei<\/li>\n<li>Saialill<\/li>\n<li>Lavendli\u00f5li<\/li>\n<li>Hapnik<\/li>\n<\/ul>\n<p><strong>TOIME<\/strong><\/p>\n<ul>\n<li>Papaia sisaldab papaiini ens\u00fc\u00fcmi, mis puhastab nahka ja eemaldab surnud naharakke. Papaia mahl v\u00e4hendab pigmendilaike ja \u00fchtlustab nahatooni. Samuti on papaial antibakteriaalne ja haavu raviv toime.<\/li>\n<li>Ananassil\u00a0on nahale niisutav, toitev ja antioks\u00fcdantne toime.<\/li>\n<li>Arginiin on aminohape, millel on vananemisvastased ning haavu ravivad omadused. Arginiin on tugev antioks\u00fcdant.<\/li>\n<li>Salvei toimib antioks\u00fcdandina; ahendab poore, puhastab, kaitseb, leevendab \u00e4rritusi ja toniseerib. Hoiab naha pehme, sileda, elastse ja terve.<\/li>\n<li>Saialillel on naha taastumist soodustav ja p\u00f5letikuvastane toime. Hoiab naha pehme, sileda, elastse ja terve.<\/li>\n<li>Lavendli\u00f5li rahustab nahka ja hoiab kontrolli alla rasun\u00e4\u00e4rmete t\u00f6\u00f6d.<\/li>\n<li>Hapnik v\u00f5itleb n\u00e4htavate vananemism\u00e4rkidega, mis on tingitud hapniku kehva liikumisega nahaalustest kapillaaridest naha pealmise kihini. Stimuleerib otseselt kollageeni ja elastiini s\u00fcnteesi nahas ning omab p\u00f5letikuvastast toimet.<\/li>\n<\/ul>\n<p><strong>KOOSTIS<\/strong><\/p>\n<p><span style=\"font-size: 14px;\">WATER, CELLULOSE, PEG-8, ALCOHOL, ARGININE, PEG-60 HYDROGENATED CASTOR OIL, CLARICA PAPAYA (PAPAYA) FRUIT EXTRACT, ALGIN, DISODIUM ADENOSINE TRIPHOSPHATE, CARBOMER, ARCTIUM LAPPA ROOT EXTRACT, CITRUS LIMON (LEMON) FRUIT EXTRACT, HUMULUS LUPULUS (HOPS) EXTRACT,\u00a0 HYPERICUM PERFORATUM EXTRACT, SALVIA OFFICINALIS (SAGE) LEAF EXTRACT, CALENDULA OFFICINALIS FLOWER EXTRACT, SAPONARIA OFFICINALIS LEAF\/ROOT EXTRACT, PROPYLENE GLYCOL, ANANAS SATIVUS (PINEAPPLE) FRUIT EXTRACT, OXYGEN, BUTYLENE GLYCOL, 1,2 HEXANEDIOL, CAPRYLHYDROXAMIC ACID, CAPRYLYL GLYCOL, GLYCERIN, DISODIUM EDTA, PARFUM.<\/span><\/p>\n","protected":false},"excerpt":{"rendered":"<p>Professoinaalseks kasutamiseks m\u00f5eldud taimne koorija eemaldab surnud naharakud ilma nahka \u00e4rritamata.<\/p>\n<p>&nbsp;<\/p>\n<p>250 ml<\/p>\n","protected":false},"featured_media":2503,"template":"","meta":{"om_disable_all_campaigns":false,"_monsterinsights_skip_tracking":false,"_monsterinsights_sitenote_active":false,"_monsterinsights_sitenote_note":"","_monsterinsights_sitenote_category":0,"_uf_show_specific_survey":0,"_uf_disable_surveys":false,"site-sidebar-layout":"default","site-content-layout":"","ast-site-content-layout":"default","site-content-style":"default","site-sidebar-style":"default","ast-global-header-display":"","ast-banner-title-visibility":"","ast-main-header-display":"","ast-hfb-above-header-display":"","ast-hfb-below-header-display":"","ast-hfb-mobile-header-display":"","site-post-title":"","ast-breadcrumbs-content":"","ast-featured-img":"","footer-sml-layout":"","theme-transparent-header-meta":"default","adv-header-id-meta":"","stick-header-meta":"","header-above-stick-meta":"","header-main-stick-meta":"","header-below-stick-meta":"","astra-migrate-meta-layouts":"set","ast-page-background-enabled":"default","ast-page-background-meta":{"desktop":{"background-color":"var(--ast-global-color-4)","background-image":"","background-repeat":"repeat","background-position":"center center","background-size":"auto","background-attachment":"scroll","background-type":"","background-media":"","overlay-type":"","overlay-color":"","overlay-opacity":"","overlay-gradient":""},"tablet":{"background-color":"","background-image":"","background-repeat":"repeat","background-position":"center center","background-size":"auto","background-attachment":"scroll","background-type":"","background-media":"","overlay-type":"","overlay-color":"","overlay-opacity":"","overlay-gradient":""},"mobile":{"background-color":"","background-image":"","background-repeat":"repeat","background-position":"center center","background-size":"auto","background-attachment":"scroll","background-type":"","background-media":"","overlay-type":"","overlay-color":"","overlay-opacity":"","overlay-gradient":""}},"ast-content-background-meta":{"desktop":{"background-color":"var(--ast-global-color-5)","background-image":"","background-repeat":"repeat","background-position":"center center","background-size":"auto","background-attachment":"scroll","background-type":"","background-media":"","overlay-type":"","overlay-color":"","overlay-opacity":"","overlay-gradient":""},"tablet":{"background-color":"var(--ast-global-color-5)","background-image":"","background-repeat":"repeat","background-position":"center center","background-size":"auto","background-attachment":"scroll","background-type":"","background-media":"","overlay-type":"","overlay-color":"","overlay-opacity":"","overlay-gradient":""},"mobile":{"background-color":"var(--ast-global-color-5)","background-image":"","background-repeat":"repeat","background-position":"center center","background-size":"auto","background-attachment":"scroll","background-type":"","background-media":"","overlay-type":"","overlay-color":"","overlay-opacity":"","overlay-gradient":""}}},"product_brand":[],"product_cat":[117,108],"product_tag":[],"class_list":{"0":"post-2379","1":"product","2":"type-product","3":"status-publish","4":"has-post-thumbnail","6":"product_cat-koorijad-profitooted","7":"product_cat-profitooted","8":"desktop-align-center","9":"tablet-align-left","10":"mobile-align-left","12":"first","13":"instock","14":"taxable","15":"shipping-taxable","16":"product-type-simple","17":"add-to-wishlist-before_image"},"aioseo_notices":[],"_links":{"self":[{"href":"https:\/\/kosmeetika24.eu\/et\/wp-json\/wp\/v2\/product\/2379","targetHints":{"allow":["GET"]}}],"collection":[{"href":"https:\/\/kosmeetika24.eu\/et\/wp-json\/wp\/v2\/product"}],"about":[{"href":"https:\/\/kosmeetika24.eu\/et\/wp-json\/wp\/v2\/types\/product"}],"version-history":[{"count":2,"href":"https:\/\/kosmeetika24.eu\/et\/wp-json\/wp\/v2\/product\/2379\/revisions"}],"predecessor-version":[{"id":7673,"href":"https:\/\/kosmeetika24.eu\/et\/wp-json\/wp\/v2\/product\/2379\/revisions\/7673"}],"wp:featuredmedia":[{"embeddable":true,"href":"https:\/\/kosmeetika24.eu\/et\/wp-json\/wp\/v2\/media\/2503"}],"wp:attachment":[{"href":"https:\/\/kosmeetika24.eu\/et\/wp-json\/wp\/v2\/media?parent=2379"}],"wp:term":[{"taxonomy":"product_brand","embeddable":true,"href":"https:\/\/kosmeetika24.eu\/et\/wp-json\/wp\/v2\/product_brand?post=2379"},{"taxonomy":"product_cat","embeddable":true,"href":"https:\/\/kosmeetika24.eu\/et\/wp-json\/wp\/v2\/product_cat?post=2379"},{"taxonomy":"product_tag","embeddable":true,"href":"https:\/\/kosmeetika24.eu\/et\/wp-json\/wp\/v2\/product_tag?post=2379"}],"curies":[{"name":"wp","href":"https:\/\/api.w.org\/{rel}","templated":true}]}}