{"id":2378,"date":"2019-11-21T08:56:49","date_gmt":"2019-11-21T08:56:49","guid":{"rendered":"https:\/\/kosmeetika24.eu\/?post_type=product&#038;p=2378"},"modified":"2025-09-16T16:21:40","modified_gmt":"2025-09-16T13:21:40","slug":"oxygen-ceuticals-gentle-facial-milk-cleanser-2","status":"publish","type":"product","link":"https:\/\/kosmeetika24.eu\/et\/toode\/oxygen-ceuticals-gentle-facial-milk-cleanser-2\/","title":{"rendered":"OXYGEN CEUTICALS \u00f5rn n\u00e4opiim"},"content":{"rendered":"<p>N\u00e4opiim <em>Gentle Facial Milk Cleanser<\/em> on piimja tekstuuriga \u00f5rn puhastusvahend, mis j\u00e4tab naha niisutatuks ja pehmeks. Puhastab \u00f5rnalt ilma nahka koorimata ja kuivatamata. K\u00f5rge niisutava toimega puhastuspiim eemaldab n\u00e4olt mustuse ja surnud naharakud, aitab taastada naha sileduse. Annab kerge ja v\u00e4rske tunde.<\/p>\n<p>Sobib k\u00f5igile nahat\u00fc\u00fcpidele, eriti tundlikule nahale.<\/p>\n<p><strong>TOIMEAINED<\/strong><\/p>\n<ul>\n<li><span class=\"a-list-item\">H\u00fcaluroonhape<\/span><\/li>\n<li>Arginiin<\/li>\n<li><span class=\"a-list-item\">Roheline tee<\/span><\/li>\n<li>Aprikoosiseemne\u00f5li<\/li>\n<li>Hapnik<\/li>\n<li><span class=\"a-list-item\">Safloori seemne\u00f5li\u00a0<\/span><\/li>\n<li>Lagritsajuure ekstakt<\/li>\n<\/ul>\n<p><strong>TOIME<\/strong><\/p>\n<ul class=\"a-unordered-list a-vertical a-spacing-none\">\n<li>H\u00fcaluroonhape toimib niiskuses\u00e4ilitajana, suurendab vee sisaldust nahas ja aitab nahal p\u00fcsida pehme ja siledana.<\/li>\n<li>Arginiin on aminohape, millel on vananemisvastased ning haavu ravivad omadused. Arginiin on tugev antioks\u00fcdant.<\/li>\n<li>Roheline tee on v\u00e4ga hea looduslik antioks\u00fcdant.\u00a0 Toimib p\u00f5letikuvastaselt, kaitseb UV kiirguse eest.<\/li>\n<li>Aprikoosiseemne\u00f5li v\u00e4hendab s\u00fcgelust, rahustab, hooldab ja kirgastab nahka.<\/li>\n<li>Hapnik v\u00f5itleb n\u00e4htavate vananemism\u00e4rkidega, mis on tingitud hapniku kehva liikumisega nahaalustest kapillaaridest naha pealmise kihini. Stimuleerib otseselt kollageeni ja elastiini s\u00fcnteesi nahas ning omab p\u00f5letikuvastast toimet.<\/li>\n<li><span class=\"a-list-item\">Safloori seemne\u00f5li pehmendab nahka ja v\u00e4hendab punetust, j\u00e4tab naha elastseks ja puhtaks.\u00a0<\/span><\/li>\n<li>Lagritsajuure ekstrakt pleegitab; pehmendab nahka; aitab hoida nahka pehme, sileda, elastse ja terve v\u00e4ljan\u00e4gemisega; silub ja rahustab nahka.<\/li>\n<\/ul>\n<p><strong>KOOSTIS<\/strong><\/p>\n<p>Aqua, Glycine Soja (Soybean) Oil, Cetyl Ethylhexanoate, Dipropylene Glycol, Glycerin, Glyceryl Stearate, Cetearyl Alcohol, PEG-100 Stearate, Stearic Acid, Polysorbate 60, Prunus Armeniaca (Apricot) Kernel Oil, Carthamus Tinctorius (Safflower) Seed Oil, Camellia Sinensis Leaf Extract, Sodium Hyaluronate, Oxygen, Butylene Glycol, 1,2-Hexanediol, Glycyrrhiza Glabra (Licorice) Root Extract, Sorbitan Stearate, Cetearyl Olivate, Sorbitan Olivate, Dimethicone, Caprylhydroxamic Acid, Caprylyl Glycol, Arginine, Carbomer, Fragrance.<\/p>\n","protected":false},"excerpt":{"rendered":"<p>Professionaalseks kasutamiseks m\u00f5eldud niisutava toimega puhastuspiim eemaldab n\u00e4olt mustuse ja surnud naharakud ilma nahka kuivatamata.<\/p>\n<p>&nbsp;<\/p>\n<p>1000 ml<\/p>\n","protected":false},"featured_media":2499,"template":"","meta":{"om_disable_all_campaigns":false,"_monsterinsights_skip_tracking":false,"_monsterinsights_sitenote_active":false,"_monsterinsights_sitenote_note":"","_monsterinsights_sitenote_category":0,"_uf_show_specific_survey":0,"_uf_disable_surveys":false,"site-sidebar-layout":"default","site-content-layout":"","ast-site-content-layout":"default","site-content-style":"default","site-sidebar-style":"default","ast-global-header-display":"","ast-banner-title-visibility":"","ast-main-header-display":"","ast-hfb-above-header-display":"","ast-hfb-below-header-display":"","ast-hfb-mobile-header-display":"","site-post-title":"","ast-breadcrumbs-content":"","ast-featured-img":"","footer-sml-layout":"","theme-transparent-header-meta":"default","adv-header-id-meta":"","stick-header-meta":"","header-above-stick-meta":"","header-main-stick-meta":"","header-below-stick-meta":"","astra-migrate-meta-layouts":"set","ast-page-background-enabled":"default","ast-page-background-meta":{"desktop":{"background-color":"var(--ast-global-color-4)","background-image":"","background-repeat":"repeat","background-position":"center center","background-size":"auto","background-attachment":"scroll","background-type":"","background-media":"","overlay-type":"","overlay-color":"","overlay-opacity":"","overlay-gradient":""},"tablet":{"background-color":"","background-image":"","background-repeat":"repeat","background-position":"center center","background-size":"auto","background-attachment":"scroll","background-type":"","background-media":"","overlay-type":"","overlay-color":"","overlay-opacity":"","overlay-gradient":""},"mobile":{"background-color":"","background-image":"","background-repeat":"repeat","background-position":"center center","background-size":"auto","background-attachment":"scroll","background-type":"","background-media":"","overlay-type":"","overlay-color":"","overlay-opacity":"","overlay-gradient":""}},"ast-content-background-meta":{"desktop":{"background-color":"var(--ast-global-color-5)","background-image":"","background-repeat":"repeat","background-position":"center center","background-size":"auto","background-attachment":"scroll","background-type":"","background-media":"","overlay-type":"","overlay-color":"","overlay-opacity":"","overlay-gradient":""},"tablet":{"background-color":"var(--ast-global-color-5)","background-image":"","background-repeat":"repeat","background-position":"center center","background-size":"auto","background-attachment":"scroll","background-type":"","background-media":"","overlay-type":"","overlay-color":"","overlay-opacity":"","overlay-gradient":""},"mobile":{"background-color":"var(--ast-global-color-5)","background-image":"","background-repeat":"repeat","background-position":"center center","background-size":"auto","background-attachment":"scroll","background-type":"","background-media":"","overlay-type":"","overlay-color":"","overlay-opacity":"","overlay-gradient":""}}},"product_brand":[],"product_cat":[108,114],"product_tag":[],"class_list":{"0":"post-2378","1":"product","2":"type-product","3":"status-publish","4":"has-post-thumbnail","6":"product_cat-profitooted","7":"product_cat-puhastustooted-profitooted","8":"desktop-align-center","9":"tablet-align-left","10":"mobile-align-left","12":"first","13":"instock","14":"taxable","15":"shipping-taxable","16":"product-type-simple","17":"add-to-wishlist-before_image"},"aioseo_notices":[],"_links":{"self":[{"href":"https:\/\/kosmeetika24.eu\/et\/wp-json\/wp\/v2\/product\/2378","targetHints":{"allow":["GET"]}}],"collection":[{"href":"https:\/\/kosmeetika24.eu\/et\/wp-json\/wp\/v2\/product"}],"about":[{"href":"https:\/\/kosmeetika24.eu\/et\/wp-json\/wp\/v2\/types\/product"}],"version-history":[{"count":3,"href":"https:\/\/kosmeetika24.eu\/et\/wp-json\/wp\/v2\/product\/2378\/revisions"}],"predecessor-version":[{"id":2500,"href":"https:\/\/kosmeetika24.eu\/et\/wp-json\/wp\/v2\/product\/2378\/revisions\/2500"}],"wp:featuredmedia":[{"embeddable":true,"href":"https:\/\/kosmeetika24.eu\/et\/wp-json\/wp\/v2\/media\/2499"}],"wp:attachment":[{"href":"https:\/\/kosmeetika24.eu\/et\/wp-json\/wp\/v2\/media?parent=2378"}],"wp:term":[{"taxonomy":"product_brand","embeddable":true,"href":"https:\/\/kosmeetika24.eu\/et\/wp-json\/wp\/v2\/product_brand?post=2378"},{"taxonomy":"product_cat","embeddable":true,"href":"https:\/\/kosmeetika24.eu\/et\/wp-json\/wp\/v2\/product_cat?post=2378"},{"taxonomy":"product_tag","embeddable":true,"href":"https:\/\/kosmeetika24.eu\/et\/wp-json\/wp\/v2\/product_tag?post=2378"}],"curies":[{"name":"wp","href":"https:\/\/api.w.org\/{rel}","templated":true}]}}