{"id":2271,"date":"2019-11-22T09:22:00","date_gmt":"2019-11-22T09:22:00","guid":{"rendered":"https:\/\/kosmeetika24.eu\/?post_type=product&#038;p=2271"},"modified":"2026-03-02T12:34:56","modified_gmt":"2026-03-02T09:34:56","slug":"oxygen-ceuticals-paikesekaitsekreem-spf-45","status":"publish","type":"product","link":"https:\/\/kosmeetika24.eu\/et\/toode\/oxygen-ceuticals-paikesekaitsekreem-spf-45\/","title":{"rendered":"OXYGEN CEUTICALS p\u00e4ikesekaitsekreem SPF50"},"content":{"rendered":"<p>P\u00e4ikesekaitsekreemiga<em> TP Sun Cream SPF 50<\/em> tunneb nahk ennast niisutatuna ilma \u00f5lita! V\u00f5itleb fotovananemisega. Annab nahale tervisliku v\u00e4limuse. Kergesti peale kantav kreem sobib igap\u00e4evaseks kasutamiseks n\u00e4ol ja kehal.<\/p>\n<p>Sobib k\u00f5ikidele naha\u00fc\u00fcpidele.<\/p>\n<p><strong>TOIMEAINED<\/strong><\/p>\n<ul>\n<li>H\u00fcaluroonhape<\/li>\n<li>Allantoiin<\/li>\n<li>Tokofer\u00fc\u00fclatsetaat<\/li>\n<li>Titaandioksiid<\/li>\n<li>Rohelise tee ekstrakt<\/li>\n<li>UVA ja UVB spekter<\/li>\n<\/ul>\n<p><strong>TOIME<\/strong><\/p>\n<ul>\n<li>H\u00fcaluroonhape elustab ja niisutab nahka.<\/li>\n<li>Allantoiin on p\u00f5letikuvastase toimega, leevendab naha\u00e4rritusi, niisutab, silendab ja taastab nahka.<\/li>\n<li>Rohelise tee ekstrakt oma suurep\u00e4raste rahustavatega omadustega, aitab kaitsta nahka.<\/li>\n<li>Tokofer\u00fc\u00fclatsetaat seob vabu radikaale, toetab rakkude uuenemist ja raku hapnikumetabolismi.<\/li>\n<li>Titaandioksiid omab helendavat toimet ja toimib UV filtrina.<\/li>\n<li>Rohelise tee ekstrakt: v\u00e4ga hea looduslik antioks\u00fcdant.\u00a0 Toimib p\u00f5letikuvastaselt, kaitseb UV kiirguse eest.<\/li>\n<li>Kreem kaitseb nahka UVA kiirte eest, mis p\u00f5hjustab naha enneaegset vananemist ja UVB kiirte eest, mis p\u00f5hjustavad melaniini produktsiooni.<\/li>\n<\/ul>\n<p><strong>KASUTAMINE<\/strong><\/p>\n<ul>\n<li>Kanda nahale 30 minutit enne kokkupuudet p\u00e4ikesekiirgusega, m\u00e4\u00e4rides toote \u00fchtlaselt nahale. Kasutada vastavalt vajadusele.<\/li>\n<li>Kanda hommikul 15 minutit enne meiki \u00fchtlaselt n\u00e4ole ja kaelale. Sobib kasutada koos tootega <a href=\"https:\/\/kosmeetika24.eu\/toode\/oxygen-ceuticals-pp-cream-palsam-nahale\/\">OXYGEN CEUTICALS palsam nahale<\/a>.<\/li>\n<\/ul>\n<p><strong>KOOSTIS<\/strong><\/p>\n<p><span style=\"font-size: 14px;\">WATER, DIPROPYLENE GLYCOL, ETHYLHEXYL METHOXYCINNAMATE, TITANIUM DIOXIDE, 4-METHYLBENZYLIDENE CAMPHOR, C12-15 ALKYL BENZOATE, CETEARYL ALCOHOL, CETEARYL OLIVATE, BUTYLENE GLYCOL, CYCLOPENTASILOXANE, 1,2-HEXANEDIOL, SORBITAN OLIVATE, BEESWAX, POLYSORBATE 60, TOCOPHERYL ACETATE, BIS-ETHYLHEXYLOXYPHENOL METHOXYPHENYL TRIAZINE, OXYGEN, PANTHENOL, CAPRYLYL GLYCOL, SODIUM HYALURONATE, ALLANTOIN, HYDROXYETHYL ACRYLATE \/SODIUM ACRYLOYLDIMETHYL TAURATE COPOLYMER, CYCLOHEXASILOXANE, PORTULACA OLERACEA EXTRACT, HYDROGENATED POLYDECENE, ALUMINIUM HYDROXIDE, CHLORPHENESIN, CITRIC ACID, STEARIC ACID, CETEARYL GLUCOSIDE, ALOE BARBADENSIS LEAF JUICE POWDER, SORBITAN ISOSTEARATE, PENTYLENE GLYCOL, SODIUM POLYACRYLATE, TRIECETH-6, LAURETH-23, ETHYLHEXYLGLYCERIN, AUREOBASIDIUM PULLULANS FERMENT, PACHYRRHIZUS EROSUS ROOT EXTRACT, IMPATIENS BALSAMINA FLOWER EXTRACT, LEPIDIUM MEYENII ROOT EXTRACT, ERIOBOTRYA JAPONICA LEAF EXTRACT, ROSA MULTIFLORA FRUIT EXTRACT, DIMETHICONE \/VINYL DIMETHICONE CROSSPOLYMER, DIMETHICONE, DECYLENE GLYCOL, PARFUM.<\/span><\/p>\n<p><span style=\"font-size: xx-small;\"><span style=\"color: #000000;\"><span style=\"font-family: Roboto, sans-serif;\">1780.-\u00a0 \u20ac\/l<\/span><\/span><\/span><\/p>\n","protected":false},"excerpt":{"rendered":"<p>50 ml<\/p>\n<p>\u00d5livaba p\u00e4ikesekaitsekreem n\u00e4ole ja kehale.<\/p>\n","protected":false},"featured_media":2488,"template":"","meta":{"om_disable_all_campaigns":false,"_monsterinsights_skip_tracking":false,"_monsterinsights_sitenote_active":false,"_monsterinsights_sitenote_note":"","_monsterinsights_sitenote_category":0,"_uf_show_specific_survey":0,"_uf_disable_surveys":false,"site-sidebar-layout":"default","site-content-layout":"","ast-site-content-layout":"default","site-content-style":"default","site-sidebar-style":"default","ast-global-header-display":"","ast-banner-title-visibility":"","ast-main-header-display":"","ast-hfb-above-header-display":"","ast-hfb-below-header-display":"","ast-hfb-mobile-header-display":"","site-post-title":"","ast-breadcrumbs-content":"","ast-featured-img":"","footer-sml-layout":"","theme-transparent-header-meta":"default","adv-header-id-meta":"","stick-header-meta":"","header-above-stick-meta":"","header-main-stick-meta":"","header-below-stick-meta":"","astra-migrate-meta-layouts":"set","ast-page-background-enabled":"default","ast-page-background-meta":{"desktop":{"background-color":"var(--ast-global-color-4)","background-image":"","background-repeat":"repeat","background-position":"center center","background-size":"auto","background-attachment":"scroll","background-type":"","background-media":"","overlay-type":"","overlay-color":"","overlay-opacity":"","overlay-gradient":""},"tablet":{"background-color":"","background-image":"","background-repeat":"repeat","background-position":"center center","background-size":"auto","background-attachment":"scroll","background-type":"","background-media":"","overlay-type":"","overlay-color":"","overlay-opacity":"","overlay-gradient":""},"mobile":{"background-color":"","background-image":"","background-repeat":"repeat","background-position":"center center","background-size":"auto","background-attachment":"scroll","background-type":"","background-media":"","overlay-type":"","overlay-color":"","overlay-opacity":"","overlay-gradient":""}},"ast-content-background-meta":{"desktop":{"background-color":"var(--ast-global-color-5)","background-image":"","background-repeat":"repeat","background-position":"center center","background-size":"auto","background-attachment":"scroll","background-type":"","background-media":"","overlay-type":"","overlay-color":"","overlay-opacity":"","overlay-gradient":""},"tablet":{"background-color":"var(--ast-global-color-5)","background-image":"","background-repeat":"repeat","background-position":"center center","background-size":"auto","background-attachment":"scroll","background-type":"","background-media":"","overlay-type":"","overlay-color":"","overlay-opacity":"","overlay-gradient":""},"mobile":{"background-color":"var(--ast-global-color-5)","background-image":"","background-repeat":"repeat","background-position":"center center","background-size":"auto","background-attachment":"scroll","background-type":"","background-media":"","overlay-type":"","overlay-color":"","overlay-opacity":"","overlay-gradient":""}}},"product_brand":[],"product_cat":[75,15,90],"product_tag":[],"class_list":{"0":"post-2271","1":"product","2":"type-product","3":"status-publish","4":"has-post-thumbnail","6":"product_cat-kreemid-naole","7":"product_cat-naole","8":"product_cat-paikesekaitse","9":"desktop-align-center","10":"tablet-align-left","11":"mobile-align-left","13":"first","14":"instock","15":"taxable","16":"shipping-taxable","17":"purchasable","18":"product-type-simple","19":"add-to-wishlist-before_image"},"aioseo_notices":[],"_links":{"self":[{"href":"https:\/\/kosmeetika24.eu\/et\/wp-json\/wp\/v2\/product\/2271","targetHints":{"allow":["GET"]}}],"collection":[{"href":"https:\/\/kosmeetika24.eu\/et\/wp-json\/wp\/v2\/product"}],"about":[{"href":"https:\/\/kosmeetika24.eu\/et\/wp-json\/wp\/v2\/types\/product"}],"version-history":[{"count":4,"href":"https:\/\/kosmeetika24.eu\/et\/wp-json\/wp\/v2\/product\/2271\/revisions"}],"predecessor-version":[{"id":8880,"href":"https:\/\/kosmeetika24.eu\/et\/wp-json\/wp\/v2\/product\/2271\/revisions\/8880"}],"wp:featuredmedia":[{"embeddable":true,"href":"https:\/\/kosmeetika24.eu\/et\/wp-json\/wp\/v2\/media\/2488"}],"wp:attachment":[{"href":"https:\/\/kosmeetika24.eu\/et\/wp-json\/wp\/v2\/media?parent=2271"}],"wp:term":[{"taxonomy":"product_brand","embeddable":true,"href":"https:\/\/kosmeetika24.eu\/et\/wp-json\/wp\/v2\/product_brand?post=2271"},{"taxonomy":"product_cat","embeddable":true,"href":"https:\/\/kosmeetika24.eu\/et\/wp-json\/wp\/v2\/product_cat?post=2271"},{"taxonomy":"product_tag","embeddable":true,"href":"https:\/\/kosmeetika24.eu\/et\/wp-json\/wp\/v2\/product_tag?post=2271"}],"curies":[{"name":"wp","href":"https:\/\/api.w.org\/{rel}","templated":true}]}}