{"id":2268,"date":"2019-11-21T13:51:32","date_gmt":"2019-11-21T13:51:32","guid":{"rendered":"https:\/\/kosmeetika24.eu\/?post_type=product&#038;p=2268"},"modified":"2026-03-12T13:40:03","modified_gmt":"2026-03-12T10:40:03","slug":"oxygen-ceuticals-hydrating-cream","status":"publish","type":"product","link":"https:\/\/kosmeetika24.eu\/et\/toode\/oxygen-ceuticals-hydrating-cream\/","title":{"rendered":"OXYGEN CEUTICALS intensiivselt niisutav kreem"},"content":{"rendered":"<p>Niisutav kreem <em>Hydrating Cream<\/em> muudab naha nooruslikumaks ja s\u00e4ravamaks, suurendab rakkude kasvu ja kollageenis\u00fcnteesi. Taastab naha niiskustaseme, parandab naha elastsust, v\u00f5itleb pigmentlaikudega.<\/p>\n<p>Sobib k\u00f5igile nahat\u00fc\u00fcpidele, eriti kuivale ja vananevale nahale, atoopilisele ja psoriaasi tunnustega nahale, tuhmile stressis nahale.<\/p>\n<p><strong>TOIMEAINED<\/strong><\/p>\n<ul>\n<li>Rohelise tee ekstrakt<\/li>\n<li>Allantoiin<\/li>\n<li>E-vitamiin<\/li>\n<li>Tigude sekretsioon<\/li>\n<li>Aprikoosiseemne\u00f5li<\/li>\n<li>Naatriumh\u00fcaluronaat<\/li>\n<li>Niatsinamiid<\/li>\n<li>B3-vitamiin<\/li>\n<li>Alpi j\u00e4nesek\u00e4pa ekstrakt<\/li>\n<li>Betaiin<\/li>\n<\/ul>\n<p><strong>TOIME<\/strong><\/p>\n<ul>\n<li>Rohelise tee ekstrakt oma suurep\u00e4raste rahustavatega omadustega, aitab kaitsta nahka.<\/li>\n<li>Allantoiin on p\u00f5letikuvastase toimega, leevendab naha\u00e4rritusi, niisutab, silendab ja taastab nahka.<\/li>\n<li>E-vitamiini atsetaat taastab naha tekstuuri, kirgastab nahka.<\/li>\n<li>Tigude sekretsioon kaitseb, niisutab ja parandab naha elastsust, omab pigmentatsiooni- ja armidevastast toimet.<\/li>\n<li>Aprikoosiseemne\u00f5li v\u00e4hendab s\u00fcgelust, rahustab, hooldab ja kirgastab nahka.<\/li>\n<li>Naatriumh\u00fcaluronaat on looduslik niisutaja, mis niisutab nahka ega ummista poore.<\/li>\n<li>Niatsiinamiid aitab v\u00e4hendada kortse ja peeneid jooni, v\u00e4hendab naha fotovananemise m\u00e4rke; v\u00e4hendab pigmentatsiooni, melasmat ja helendab nahka; aitab n\u00e4htavalt v\u00e4hendada pooride suurust, stimuleerib kollageeni tootmist; parandab tuhmi jumet; tugevdab naha kaitsebarj\u00e4\u00e4ri, mis soodustab naha niisutamist.<\/li>\n<li>B3 -vitamiin on valgendav funktsioon, taastab nahatooni ja p\u00e4rsib \u00fcleliigse pigmendi moodustamist.<\/li>\n<li>Alpi j\u00e4nesek\u00e4pa ekstrakt niisutab, rahustab ja kaitseb nahka, soodustab kollageeni tootmist.<\/li>\n<li>Betaiin: aminohapete looduslik niisutav faktor.<\/li>\n<\/ul>\n<p><strong>KASUTAMINE<\/strong><\/p>\n<ul>\n<li>Kreem kanda hommikul ja \u00f5htul kergete masseerivate liigutustega eelnevalt puhastatud n\u00e4ole ja kaelale. Lasta tootel naha sisse imenduda<\/li>\n<li>Parima tulemuse saavutamiseks kombineerige kreemi tootega <a href=\"https:\/\/kosmeetika24.eu\/toode\/oxygen-ceuticals-phyto-gel-2\/\">OXYGEN CEUTICALS n\u00e4onaha tooni \u00fchtlustav seerum<\/a>.<\/li>\n<\/ul>\n<p><strong>KOOSTIS <\/strong><\/p>\n<p>Water, Dipropylene Glycol, Glycerin, Cetearyl Alcohol, Cetyl Ethylhexanoate, 1,2-Hexanediol, C12-15 Alkyl Benzoate, Macadamia Ternifolia Seed Oil, Limnanthes Alba (Meadowfoam) Seed Oil, Beeswax, Niacinamide, Glyceryl Stearate, Dimethicone, Betaine, Oxygen, Cetearyl Glucoside, Sodium Hyaluronate, Leontopodium Alpinum Callus Culture Extract, Acetyl Hexapeptide-8, Portulaca Oleracea Extract, Sclerotium Gum, Camellia Sinensis Leaf Extract, Allantoin, Tocopheryl Acetate, Butylene Glycol, Sodium Polyacrylate, Polyacrylate-13, Polyisobutene, Polysorbate 20, Sorbitan Isostearate, Ethylhexylglycerin, Parfum.<\/p>\n<p><span style=\"font-size: xx-small;\"><span style=\"color: #000000;\"><span style=\"font-family: Roboto, sans-serif;\">2617.40 \u20ac\/l<\/span><\/span><\/span><\/p>\n","protected":false},"excerpt":{"rendered":"<p>50 ml<\/p>\n<p>Kreem v\u00f5itleb pigmendilaikudega, muudab naha nooruslikumaks ja s\u00e4ravamaks.<\/p>\n","protected":false},"featured_media":2540,"template":"","meta":{"om_disable_all_campaigns":false,"_monsterinsights_skip_tracking":false,"_monsterinsights_sitenote_active":false,"_monsterinsights_sitenote_note":"","_monsterinsights_sitenote_category":0,"_uf_show_specific_survey":0,"_uf_disable_surveys":false,"site-sidebar-layout":"default","site-content-layout":"","ast-site-content-layout":"default","site-content-style":"default","site-sidebar-style":"default","ast-global-header-display":"","ast-banner-title-visibility":"","ast-main-header-display":"","ast-hfb-above-header-display":"","ast-hfb-below-header-display":"","ast-hfb-mobile-header-display":"","site-post-title":"","ast-breadcrumbs-content":"","ast-featured-img":"","footer-sml-layout":"","theme-transparent-header-meta":"default","adv-header-id-meta":"","stick-header-meta":"","header-above-stick-meta":"","header-main-stick-meta":"","header-below-stick-meta":"","astra-migrate-meta-layouts":"set","ast-page-background-enabled":"default","ast-page-background-meta":{"desktop":{"background-color":"var(--ast-global-color-4)","background-image":"","background-repeat":"repeat","background-position":"center center","background-size":"auto","background-attachment":"scroll","background-type":"","background-media":"","overlay-type":"","overlay-color":"","overlay-opacity":"","overlay-gradient":""},"tablet":{"background-color":"","background-image":"","background-repeat":"repeat","background-position":"center center","background-size":"auto","background-attachment":"scroll","background-type":"","background-media":"","overlay-type":"","overlay-color":"","overlay-opacity":"","overlay-gradient":""},"mobile":{"background-color":"","background-image":"","background-repeat":"repeat","background-position":"center center","background-size":"auto","background-attachment":"scroll","background-type":"","background-media":"","overlay-type":"","overlay-color":"","overlay-opacity":"","overlay-gradient":""}},"ast-content-background-meta":{"desktop":{"background-color":"var(--ast-global-color-5)","background-image":"","background-repeat":"repeat","background-position":"center center","background-size":"auto","background-attachment":"scroll","background-type":"","background-media":"","overlay-type":"","overlay-color":"","overlay-opacity":"","overlay-gradient":""},"tablet":{"background-color":"var(--ast-global-color-5)","background-image":"","background-repeat":"repeat","background-position":"center center","background-size":"auto","background-attachment":"scroll","background-type":"","background-media":"","overlay-type":"","overlay-color":"","overlay-opacity":"","overlay-gradient":""},"mobile":{"background-color":"var(--ast-global-color-5)","background-image":"","background-repeat":"repeat","background-position":"center center","background-size":"auto","background-attachment":"scroll","background-type":"","background-media":"","overlay-type":"","overlay-color":"","overlay-opacity":"","overlay-gradient":""}}},"product_brand":[],"product_cat":[75,15],"product_tag":[],"class_list":{"0":"post-2268","1":"product","2":"type-product","3":"status-publish","4":"has-post-thumbnail","6":"product_cat-kreemid-naole","7":"product_cat-naole","8":"desktop-align-center","9":"tablet-align-left","10":"mobile-align-left","12":"first","13":"instock","14":"taxable","15":"shipping-taxable","16":"purchasable","17":"product-type-simple","18":"add-to-wishlist-before_image"},"aioseo_notices":[],"_links":{"self":[{"href":"https:\/\/kosmeetika24.eu\/et\/wp-json\/wp\/v2\/product\/2268","targetHints":{"allow":["GET"]}}],"collection":[{"href":"https:\/\/kosmeetika24.eu\/et\/wp-json\/wp\/v2\/product"}],"about":[{"href":"https:\/\/kosmeetika24.eu\/et\/wp-json\/wp\/v2\/types\/product"}],"version-history":[{"count":3,"href":"https:\/\/kosmeetika24.eu\/et\/wp-json\/wp\/v2\/product\/2268\/revisions"}],"predecessor-version":[{"id":8888,"href":"https:\/\/kosmeetika24.eu\/et\/wp-json\/wp\/v2\/product\/2268\/revisions\/8888"}],"wp:featuredmedia":[{"embeddable":true,"href":"https:\/\/kosmeetika24.eu\/et\/wp-json\/wp\/v2\/media\/2540"}],"wp:attachment":[{"href":"https:\/\/kosmeetika24.eu\/et\/wp-json\/wp\/v2\/media?parent=2268"}],"wp:term":[{"taxonomy":"product_brand","embeddable":true,"href":"https:\/\/kosmeetika24.eu\/et\/wp-json\/wp\/v2\/product_brand?post=2268"},{"taxonomy":"product_cat","embeddable":true,"href":"https:\/\/kosmeetika24.eu\/et\/wp-json\/wp\/v2\/product_cat?post=2268"},{"taxonomy":"product_tag","embeddable":true,"href":"https:\/\/kosmeetika24.eu\/et\/wp-json\/wp\/v2\/product_tag?post=2268"}],"curies":[{"name":"wp","href":"https:\/\/api.w.org\/{rel}","templated":true}]}}