{"id":2266,"date":"2019-11-21T14:07:28","date_gmt":"2019-11-21T14:07:28","guid":{"rendered":"https:\/\/kosmeetika24.eu\/?post_type=product&#038;p=2266"},"modified":"2025-09-01T10:16:48","modified_gmt":"2025-09-01T07:16:48","slug":"oxygen-ceuticals-anti-oxidant-cream","status":"publish","type":"product","link":"https:\/\/kosmeetika24.eu\/et\/toode\/oxygen-ceuticals-anti-oxidant-cream\/","title":{"rendered":"OXYGEN CEUTICALS antioks\u00fcdantne vananemisvastane kreem"},"content":{"rendered":"<p>Vananemisvastane kerge tekstuuriga kreem <em>Anti-Oxidant Cream<\/em> niisutab, kaitseb nahka vabade radikaalide eest, muudab nahatooni \u00fchtlasemaks ja annab rakkudele eluj\u00f5udu. Annab nahale sametise, v\u00e4rske ja niisutatud tunde.<\/p>\n<p>Ideaalselt sobib vananevale, tuhmile ja elutule nahale.<\/p>\n<p><strong>TOIMEAINED<\/strong><\/p>\n<ul>\n<li>Peptiidid<\/li>\n<li>Adenosiin<\/li>\n<li>Tomati ekstrakt<\/li>\n<li>Sklaavan<\/li>\n<li>Likopiin<\/li>\n<li>Sh-Oligopeptiid-1<\/li>\n<li>Hapnik<\/li>\n<\/ul>\n<p><strong>TOIME<\/strong><\/p>\n<ul>\n<li>Peptiidid aeglustavad vananemisprotsessi ning aitavad silendada ka juba olemasolevaid kortse.<\/li>\n<li>Adenosiin taaselustab v\u00e4sinud nahka ja t\u00f5stab elastsust.<\/li>\n<li>Tomati ekstrakt niisutab ja parandab nahatooni.<\/li>\n<li>Sklaavan toetab naha kaitsvat funktsiooni. J\u00e4tab naha pehmeks ja siidiseks.<\/li>\n<li>Likopiin on looduslik antioks\u00fcdant, mis vastutab hea tuju eest ja takistab pigmentlaikude teket, aitab taastada kahjustatud ja tundlikku nahka ning annab eluj\u00f5udu ja elastsust v\u00e4sinud nahale.<\/li>\n<li>Sh-Oligopeptiid-1\u00a0suurendab naha paranemise ja uuenemise kiirust ning aeglustab vananeva naha \u00f5henemist, minimeerides nii kortse.<\/li>\n<li>Hapnik v\u00f5itleb n\u00e4htavate vananemism\u00e4rkidega, mis on tingitud hapniku kehva liikumisega nahaalustest kapillaaridest naha pealmise kihini. Stimuleerib otseselt kollageeni ja elastiini s\u00fcnteesi nahas ning omab p\u00f5letikuvastast toimet.<\/li>\n<\/ul>\n<p><strong>KOOSTIS<\/strong><\/p>\n<p>Water, Glycerin, Dipropylene Glycol, Cetearyl Alcohol, Cetyl Ethylhexanoate, Cyclopentasiloxane, Squalane, Limnanthes Alba (Meadowfoam) Seed Oil, Dimethicone, Cyclohexasiloxane, 1,2-Hexanediol, Beeswax, Butylene Glycol, Cetearyl Glucoside, Xanthan Gum, Dipotassium Glycyrrhizate, Carbomer, Betaine, Arginine, Glycosyl Trehalose, Leontopodium Alpinum Callus Culture Extract, Hydrogenated Starch Hydrolysate, PEG-100 Stearate, Glyceryl Stearate, Dimethicone\/Vinyl Dimethicone Crosspolymer, Disodium EDTA, Oxygen, Adenosine, Sodium Hyaluronate, Terminalia Chebula Fruit Extract, Paeonia Suffruticosa Root Extract, Dryopteris Filix-Mas Root Extract, Alpinia Officinarum Root Extract, Ethylhexylglycerin, Acetyl Hexapeptide-8.<\/p>\n<p><span style=\"font-size: xx-small;\"><span style=\"color: #000000;\"><span style=\"font-family: Roboto, sans-serif;\">2617.40 \u20ac\/l<\/span><\/span><\/span><\/p>\n","protected":false},"excerpt":{"rendered":"<p>50 ml<\/p>\n<p>Kreem niisutab, kaitseb nahka vabade radikaalide eest, muudab nahatooni \u00fchtlasemaks ja annab rakkudele eluj\u00f5udu.<\/p>\n<p>&nbsp;<\/p>\n","protected":false},"featured_media":7646,"template":"","meta":{"om_disable_all_campaigns":false,"_monsterinsights_skip_tracking":false,"_monsterinsights_sitenote_active":false,"_monsterinsights_sitenote_note":"","_monsterinsights_sitenote_category":0,"_uf_show_specific_survey":0,"_uf_disable_surveys":false,"site-sidebar-layout":"default","site-content-layout":"","ast-site-content-layout":"default","site-content-style":"default","site-sidebar-style":"default","ast-global-header-display":"","ast-banner-title-visibility":"","ast-main-header-display":"","ast-hfb-above-header-display":"","ast-hfb-below-header-display":"","ast-hfb-mobile-header-display":"","site-post-title":"","ast-breadcrumbs-content":"","ast-featured-img":"","footer-sml-layout":"","theme-transparent-header-meta":"default","adv-header-id-meta":"","stick-header-meta":"","header-above-stick-meta":"","header-main-stick-meta":"","header-below-stick-meta":"","astra-migrate-meta-layouts":"set","ast-page-background-enabled":"default","ast-page-background-meta":{"desktop":{"background-color":"var(--ast-global-color-4)","background-image":"","background-repeat":"repeat","background-position":"center center","background-size":"auto","background-attachment":"scroll","background-type":"","background-media":"","overlay-type":"","overlay-color":"","overlay-opacity":"","overlay-gradient":""},"tablet":{"background-color":"","background-image":"","background-repeat":"repeat","background-position":"center center","background-size":"auto","background-attachment":"scroll","background-type":"","background-media":"","overlay-type":"","overlay-color":"","overlay-opacity":"","overlay-gradient":""},"mobile":{"background-color":"","background-image":"","background-repeat":"repeat","background-position":"center center","background-size":"auto","background-attachment":"scroll","background-type":"","background-media":"","overlay-type":"","overlay-color":"","overlay-opacity":"","overlay-gradient":""}},"ast-content-background-meta":{"desktop":{"background-color":"var(--ast-global-color-5)","background-image":"","background-repeat":"repeat","background-position":"center center","background-size":"auto","background-attachment":"scroll","background-type":"","background-media":"","overlay-type":"","overlay-color":"","overlay-opacity":"","overlay-gradient":""},"tablet":{"background-color":"var(--ast-global-color-5)","background-image":"","background-repeat":"repeat","background-position":"center center","background-size":"auto","background-attachment":"scroll","background-type":"","background-media":"","overlay-type":"","overlay-color":"","overlay-opacity":"","overlay-gradient":""},"mobile":{"background-color":"var(--ast-global-color-5)","background-image":"","background-repeat":"repeat","background-position":"center center","background-size":"auto","background-attachment":"scroll","background-type":"","background-media":"","overlay-type":"","overlay-color":"","overlay-opacity":"","overlay-gradient":""}}},"product_brand":[],"product_cat":[75,15],"product_tag":[],"class_list":{"0":"post-2266","1":"product","2":"type-product","3":"status-publish","4":"has-post-thumbnail","6":"product_cat-kreemid-naole","7":"product_cat-naole","8":"desktop-align-center","9":"tablet-align-left","10":"mobile-align-left","12":"first","13":"instock","14":"taxable","15":"shipping-taxable","16":"purchasable","17":"product-type-simple","18":"add-to-wishlist-before_image"},"aioseo_notices":[],"_links":{"self":[{"href":"https:\/\/kosmeetika24.eu\/et\/wp-json\/wp\/v2\/product\/2266","targetHints":{"allow":["GET"]}}],"collection":[{"href":"https:\/\/kosmeetika24.eu\/et\/wp-json\/wp\/v2\/product"}],"about":[{"href":"https:\/\/kosmeetika24.eu\/et\/wp-json\/wp\/v2\/types\/product"}],"version-history":[{"count":4,"href":"https:\/\/kosmeetika24.eu\/et\/wp-json\/wp\/v2\/product\/2266\/revisions"}],"predecessor-version":[{"id":8886,"href":"https:\/\/kosmeetika24.eu\/et\/wp-json\/wp\/v2\/product\/2266\/revisions\/8886"}],"wp:featuredmedia":[{"embeddable":true,"href":"https:\/\/kosmeetika24.eu\/et\/wp-json\/wp\/v2\/media\/7646"}],"wp:attachment":[{"href":"https:\/\/kosmeetika24.eu\/et\/wp-json\/wp\/v2\/media?parent=2266"}],"wp:term":[{"taxonomy":"product_brand","embeddable":true,"href":"https:\/\/kosmeetika24.eu\/et\/wp-json\/wp\/v2\/product_brand?post=2266"},{"taxonomy":"product_cat","embeddable":true,"href":"https:\/\/kosmeetika24.eu\/et\/wp-json\/wp\/v2\/product_cat?post=2266"},{"taxonomy":"product_tag","embeddable":true,"href":"https:\/\/kosmeetika24.eu\/et\/wp-json\/wp\/v2\/product_tag?post=2266"}],"curies":[{"name":"wp","href":"https:\/\/api.w.org\/{rel}","templated":true}]}}