{"id":2259,"date":"2019-11-22T09:24:23","date_gmt":"2019-11-22T09:24:23","guid":{"rendered":"https:\/\/kosmeetika24.eu\/?post_type=product&#038;p=2259"},"modified":"2026-03-09T13:19:47","modified_gmt":"2026-03-09T10:19:47","slug":"oxygen-ceuticals-ha-gel","status":"publish","type":"product","link":"https:\/\/kosmeetika24.eu\/et\/toode\/oxygen-ceuticals-ha-gel\/","title":{"rendered":"OXYGEN CEUTICALS Hapniku-h\u00fcaluroonhappega geel"},"content":{"rendered":"<p>Hapniku-h\u00fcaluroonhappega geelil <em>HA Gel<\/em> silub kortse, niisutab s\u00fcgavuti ja muudab naha s\u00e4ravaks. Parandab naha elastsust ja kaitsev\u00f5imet.\u00a010% h\u00fcaluroonhappe sisaldusega geelil on vett siduv toime mitu korda tugevam kui teistel samalaadsetel toodetel.<\/p>\n<p>Sobib k\u00f5ikidele nahat\u00fc\u00fcpidele, eriti kuivale ja vananevale nahale.<\/p>\n<p>Ei tohi kasutada aknelise naha puhul.<\/p>\n<p><strong>TOIMEAINED<\/strong><\/p>\n<ul>\n<li>H\u00fcaluroonhape<\/li>\n<li>Niacinamiid<\/li>\n<li>Adenosiin<\/li>\n<li>Keramiidid<\/li>\n<li>Oligopeptiidid<\/li>\n<li>Hapnik<\/li>\n<li>h\u00fcdrol\u00fc\u00fcsitud kollageen<\/li>\n<li>Tomati t\u00fcvirakud<\/li>\n<\/ul>\n<p><strong>TOIME<\/strong><\/p>\n<ul>\n<li>H\u00fcaluroonhape aitab nahal s\u00e4ilitada niiskust ja tasakaalustada pH taset.<\/li>\n<li>Niacinamiid on nahka valgendav toime, aitab v\u00e4hendada pigmenteerumist ja stimuleerib kollageeni tootmist.<\/li>\n<li>Adenosiin t\u00f5stab naha elastsust ja annab nahale eluj\u00f5udu.<\/li>\n<li>Keramiidid kaitsevad v\u00e4lism\u00f5jude eest ja annavad niisutust.<\/li>\n<li>Oligopeptiidid t\u00f5stavad naha kaitsebarj\u00e4\u00e4ri, annavad elastsust ja eluj\u00f5udu.<\/li>\n<li>Hapnik v\u00f5itleb n\u00e4htavate vananemism\u00e4rkidega, mis on tingitud hapniku kehva liikumisega nahaalustest kapillaaridest naha pealmise kihini. Stimuleerib otseselt kollageeni ja elastiini s\u00fcnteesi nahas ning omab p\u00f5letikuvastast toimet.<\/li>\n<li>H\u00fcdrol\u00fc\u00fcsitud kollageen aitab nahal suurendada kollageeni tootmist ja kollageeni kiulist tihedust. Nahatoon \u00fchtlustub, nahk muutub elastsemaks ja peened kortsukesed taanduvad.<\/li>\n<li>Tomati t\u00fcvirakud niisutavad ja parandavad nahatooni.<\/li>\n<\/ul>\n<p><strong>KASUTAMINE<\/strong><\/p>\n<ul>\n<li>Enne Ha geeli kasutamist tarbida rohkem vedelikku, et saavutada hoolduse k\u00e4igus naha maksimaalne niisutatus.<\/li>\n<li>Igap\u00e4evasel kasutamisel puhastada eelneval nahapind. Segada omavahel 1 osa toodet\u00a0<a href=\"https:\/\/kosmeetika24.eu\/toode\/oxygen-ceuticals-toning-gel-3\/\">OXYGEN CEUTICALS tooniv geel<\/a> ja 2 osa toodet Ha geel. Saadud segu masseerida naha pinnale. Parima tulemuse saavutamiseks kasutada koos tootega\u00a0<a href=\"https:\/\/kosmeetika24.eu\/toode\/oxygen-ceuticals-anti-oxidant-cream-2\/\">OXYGEN CEUTICALS antioks\u00fcdantne vananemisvastane kreem<\/a><\/li>\n<li>Ha geeli v\u00f5ib kasutada 1-2 korda n\u00e4dalas \u00f6\u00f6maskina.<\/li>\n<li>N\u00e4onaha niisutatuse parandamiseks on soovitav kasutada koos tootega <a href=\"https:\/\/kosmeetika24.eu\/toode\/oxygen-ceuticals-kahetoimeline-geelmask\/\">OXYGEN CEUTICALS sametine kr\u00fcogeel mask<\/a>.<\/li>\n<\/ul>\n<p><strong>KOOSTIS<\/strong><\/p>\n<p><span style=\"font-size: 14px;\">WATER, GLYCERIN, DIPROPYLENE GLYCOL, NIACINAMIDE, GLYCOSYL TREHALOSE, HYDROGENATED STARCH HYDROLYSATE, CAMELLIA JAPONICA SEED OIL, SODIUM HYALURONATE, GLYCERYL ACRYLATE\/ACRYLIC ACID COPOLYMER, OXYGEN, SH-OLIGOPEPTIDE-1, SOLANUM LYCOPERSICUM (TOMATO) CALLUS CULTURE EXTRACT, ACETYL HEXAPEPTIDE-8, HYDROLYZED COLLAGEN, ALOE BARBADENSIS LEAF EXTRACT, CENTELLA ASIATICA EXTRACT, PANTHENOL, ADENOSINE, ALLANTOIN, POLYGLUTAMIC ACID, UBIQUINONE, SORBITOL, GARDENIA FLORIDA FRUIT EXTRACT, DIPOTASSIUM GLYCYRRHIZATE, BETAINE, ARGININE, CARBOMER, CERAMIDE NP, UREA, CITRUS AURANTIUM BERGAMIA (BERGAMONT) FRUIT OIL, BUTYLENE GLYCOL, CAPRYLIC\/CAPRIC TRIGLYCERIDE, HYDROGENATED LECITHIN, ETHYLHEXYLGLYCERIN, LECITHIN, XANTHAN GUM, 1,2 HEXANEDIOL, PROPYLENE GLYCOL, POLYSORBATE 80, TOCOPHERUL ACETATE, CAPRYLHYDROXAMIC ACID, CAPRYLYL GLYCOL, SODIUM PHOSPHATE, DISODIUM EDTA, POLYACRYLATE-13, POLYISOBUTENE, POLYSORBATE 20, SORBITAN ISOSTEARATE.<\/span><\/p>\n<p><span style=\"font-size: xx-small;\"><span style=\"color: #000000;\"><span style=\"font-family: Roboto, sans-serif;\">1894.80\u00a0 \u20ac\/l<\/span><\/span><\/span><\/p>\n","protected":false},"excerpt":{"rendered":"<p>50 ml<\/p>\n<p>Geel silub kortse, niisutab s\u00fcgavuti ja muudab naha s\u00e4ravaks.<\/p>\n<p>&nbsp;<\/p>\n","protected":false},"featured_media":2490,"template":"","meta":{"om_disable_all_campaigns":false,"_monsterinsights_skip_tracking":false,"_monsterinsights_sitenote_active":false,"_monsterinsights_sitenote_note":"","_monsterinsights_sitenote_category":0,"_uf_show_specific_survey":0,"_uf_disable_surveys":false,"site-sidebar-layout":"default","site-content-layout":"","ast-site-content-layout":"default","site-content-style":"default","site-sidebar-style":"default","ast-global-header-display":"","ast-banner-title-visibility":"","ast-main-header-display":"","ast-hfb-above-header-display":"","ast-hfb-below-header-display":"","ast-hfb-mobile-header-display":"","site-post-title":"","ast-breadcrumbs-content":"","ast-featured-img":"","footer-sml-layout":"","theme-transparent-header-meta":"default","adv-header-id-meta":"","stick-header-meta":"","header-above-stick-meta":"","header-main-stick-meta":"","header-below-stick-meta":"","astra-migrate-meta-layouts":"set","ast-page-background-enabled":"default","ast-page-background-meta":{"desktop":{"background-color":"var(--ast-global-color-4)","background-image":"","background-repeat":"repeat","background-position":"center center","background-size":"auto","background-attachment":"scroll","background-type":"","background-media":"","overlay-type":"","overlay-color":"","overlay-opacity":"","overlay-gradient":""},"tablet":{"background-color":"","background-image":"","background-repeat":"repeat","background-position":"center center","background-size":"auto","background-attachment":"scroll","background-type":"","background-media":"","overlay-type":"","overlay-color":"","overlay-opacity":"","overlay-gradient":""},"mobile":{"background-color":"","background-image":"","background-repeat":"repeat","background-position":"center center","background-size":"auto","background-attachment":"scroll","background-type":"","background-media":"","overlay-type":"","overlay-color":"","overlay-opacity":"","overlay-gradient":""}},"ast-content-background-meta":{"desktop":{"background-color":"var(--ast-global-color-5)","background-image":"","background-repeat":"repeat","background-position":"center center","background-size":"auto","background-attachment":"scroll","background-type":"","background-media":"","overlay-type":"","overlay-color":"","overlay-opacity":"","overlay-gradient":""},"tablet":{"background-color":"var(--ast-global-color-5)","background-image":"","background-repeat":"repeat","background-position":"center center","background-size":"auto","background-attachment":"scroll","background-type":"","background-media":"","overlay-type":"","overlay-color":"","overlay-opacity":"","overlay-gradient":""},"mobile":{"background-color":"var(--ast-global-color-5)","background-image":"","background-repeat":"repeat","background-position":"center center","background-size":"auto","background-attachment":"scroll","background-type":"","background-media":"","overlay-type":"","overlay-color":"","overlay-opacity":"","overlay-gradient":""}}},"product_brand":[],"product_cat":[75,15],"product_tag":[],"class_list":{"0":"post-2259","1":"product","2":"type-product","3":"status-publish","4":"has-post-thumbnail","6":"product_cat-kreemid-naole","7":"product_cat-naole","8":"desktop-align-center","9":"tablet-align-left","10":"mobile-align-left","12":"first","13":"outofstock","14":"taxable","15":"shipping-taxable","16":"purchasable","17":"product-type-simple","18":"add-to-wishlist-before_image"},"aioseo_notices":[],"_links":{"self":[{"href":"https:\/\/kosmeetika24.eu\/et\/wp-json\/wp\/v2\/product\/2259","targetHints":{"allow":["GET"]}}],"collection":[{"href":"https:\/\/kosmeetika24.eu\/et\/wp-json\/wp\/v2\/product"}],"about":[{"href":"https:\/\/kosmeetika24.eu\/et\/wp-json\/wp\/v2\/types\/product"}],"version-history":[{"count":3,"href":"https:\/\/kosmeetika24.eu\/et\/wp-json\/wp\/v2\/product\/2259\/revisions"}],"predecessor-version":[{"id":3173,"href":"https:\/\/kosmeetika24.eu\/et\/wp-json\/wp\/v2\/product\/2259\/revisions\/3173"}],"wp:featuredmedia":[{"embeddable":true,"href":"https:\/\/kosmeetika24.eu\/et\/wp-json\/wp\/v2\/media\/2490"}],"wp:attachment":[{"href":"https:\/\/kosmeetika24.eu\/et\/wp-json\/wp\/v2\/media?parent=2259"}],"wp:term":[{"taxonomy":"product_brand","embeddable":true,"href":"https:\/\/kosmeetika24.eu\/et\/wp-json\/wp\/v2\/product_brand?post=2259"},{"taxonomy":"product_cat","embeddable":true,"href":"https:\/\/kosmeetika24.eu\/et\/wp-json\/wp\/v2\/product_cat?post=2259"},{"taxonomy":"product_tag","embeddable":true,"href":"https:\/\/kosmeetika24.eu\/et\/wp-json\/wp\/v2\/product_tag?post=2259"}],"curies":[{"name":"wp","href":"https:\/\/api.w.org\/{rel}","templated":true}]}}