{"id":2258,"date":"2019-11-22T09:28:23","date_gmt":"2019-11-22T09:28:23","guid":{"rendered":"https:\/\/kosmeetika24.eu\/?post_type=product&#038;p=2258"},"modified":"2024-12-27T11:35:38","modified_gmt":"2024-12-27T08:35:38","slug":"oxygen-ceuticals-kahetoimeline-geelmask","status":"publish","type":"product","link":"https:\/\/kosmeetika24.eu\/et\/toode\/oxygen-ceuticals-kahetoimeline-geelmask\/","title":{"rendered":"OXYGEN CEUTICALS sametine kr\u00fcogeel mask"},"content":{"rendered":"<p>Sametine kr\u00fcogeel mask <em>Cryogel Velvet Mask<\/em> on k\u00f5rge kvaliteediga kahetoimeline geelmask, mis niisutab, rahustab ja parandab naha elastsust. Takistab naha vananemist t\u00e4nu aktiivsele hapnikule. Maski koostisosad aitavad siluda kortse, parandavad naha tooni ja tugevdavad naha kaitsebarj\u00e4\u00e4ri. H\u00fcdrogeeli kolmeastmelise struktuuri abil tagatakse nahale intensiivne niisutus ja toitmine ilma aurustumiseta.<\/p>\n<p>Sobib k\u00f5igile nahat\u00fc\u00fcpidele, eriti kuivale ja tundlikule nahale.<\/p>\n<p><strong>TOIMEAINED<\/strong><\/p>\n<ul>\n<li>Tigude segretsioon<\/li>\n<li>Naatriumh\u00fcaluronaat<\/li>\n<li>Merevetika ekstrakt<\/li>\n<li>Jojoba\u00f5li<\/li>\n<li>H\u00fcdrol\u00fc\u00fcsitud kollageen<\/li>\n<li>Aaloe<\/li>\n<li>Papaia<\/li>\n<li>Harilik riis<\/li>\n<li>Niatsinamiid<\/li>\n<li>Adenosiin<\/li>\n<\/ul>\n<p><strong>TOIME<\/strong><\/p>\n<ul>\n<li>Tigude segretsioon nahal stimuleerivad nahka tootma kollageeni, elastiini ja muid komponente, mis muudavad n\u00e4o puhtamaks, v\u00f5ideldes samal ajal vananemisn\u00e4htude ja p\u00e4ikesekahjustusega.<\/li>\n<li>Naatriumh\u00fcaluronaat on vett siduv koostisosa, millel on v\u00f5ime t\u00e4ita ruumid kollageeni ja elastiinina tuntud sidekiudude vahel.<\/li>\n<li>Merevetikaekstraktil on niisutavad ja rahustavad omadused. V\u00e4hendab naha s\u00fcgelust ja pinguloleku tunnet.<\/li>\n<li>Jojoba\u00f5li kaitseb nahka aurustumise ja toksiliste ainete eest.<\/li>\n<li>H\u00fcdrol\u00fc\u00fcsitud kollageen aitab nahal suurendada kollageeni tootmist ja kollageeni kiulist tihedust. Nahatoon \u00fchtlustub, nahk muutub elastsemaks ja peened kortsukesed taanduvad.<\/li>\n<li>Aaloe niisutab ja aitab s\u00e4ilitada niiskustasakaalu. Stimuleerib vereringet ja noorendab nahka. V\u00f5itleb p\u00f5letikuga, toetab naha loomulikku paranemisv\u00f5imet, leevendab p\u00e4ikesep\u00f5letust ja muid \u00e4rritusi.<\/li>\n<li>Papaia sisaldab papaiini ens\u00fc\u00fcmi, mis puhastab nahka ja eemaldab surnud naharakke. V\u00e4hendab pigmendilaike ja \u00fchtlustab nahatooni. Samuti on papaial antibakteriaalne ja haavu raviv toime.<\/li>\n<li>Harilik riis toimib antioks\u00fcdandina; aitab v\u00e4hendada mikroorganismide aktiivsust nahal; aitab hoida nahka pehme, sileda, elastse ja terve v\u00e4ljan\u00e4gemisega.<\/li>\n<li>Adenosiin taaselustab v\u00e4sinud nahka ja t\u00f5stab elastsust.<\/li>\n<li>Niatsinamiid aitab v\u00e4hendada kortse ja peeneid jooni, v\u00e4hendab naha fotovananemise m\u00e4rke; v\u00e4hendab pigmentatsiooni, melasmat ja helendab nahka; aitab n\u00e4htavalt v\u00e4hendada pooride suurust, stimuleerib kollageeni tootmist; parandab tuhmi jumet; tugevdab naha kaitsebarj\u00e4\u00e4ri, mis soodustab naha niisutamist.<\/li>\n<\/ul>\n","protected":false},"excerpt":{"rendered":"<p>Niisutab, rahustab ja parandab naha elastsust. Takistab naha vananemist t\u00e4nu aktiivsele hapnikule.<\/p>\n<p>&nbsp;<\/p>\n<p>6 tk pakis<\/p>\n","protected":false},"featured_media":2492,"template":"","meta":{"om_disable_all_campaigns":false,"_monsterinsights_skip_tracking":false,"_monsterinsights_sitenote_active":false,"_monsterinsights_sitenote_note":"","_monsterinsights_sitenote_category":0,"_uf_show_specific_survey":0,"_uf_disable_surveys":false,"site-sidebar-layout":"default","site-content-layout":"","ast-site-content-layout":"default","site-content-style":"default","site-sidebar-style":"default","ast-global-header-display":"","ast-banner-title-visibility":"","ast-main-header-display":"","ast-hfb-above-header-display":"","ast-hfb-below-header-display":"","ast-hfb-mobile-header-display":"","site-post-title":"","ast-breadcrumbs-content":"","ast-featured-img":"","footer-sml-layout":"","theme-transparent-header-meta":"default","adv-header-id-meta":"","stick-header-meta":"","header-above-stick-meta":"","header-main-stick-meta":"","header-below-stick-meta":"","astra-migrate-meta-layouts":"set","ast-page-background-enabled":"default","ast-page-background-meta":{"desktop":{"background-color":"var(--ast-global-color-4)","background-image":"","background-repeat":"repeat","background-position":"center center","background-size":"auto","background-attachment":"scroll","background-type":"","background-media":"","overlay-type":"","overlay-color":"","overlay-opacity":"","overlay-gradient":""},"tablet":{"background-color":"","background-image":"","background-repeat":"repeat","background-position":"center center","background-size":"auto","background-attachment":"scroll","background-type":"","background-media":"","overlay-type":"","overlay-color":"","overlay-opacity":"","overlay-gradient":""},"mobile":{"background-color":"","background-image":"","background-repeat":"repeat","background-position":"center center","background-size":"auto","background-attachment":"scroll","background-type":"","background-media":"","overlay-type":"","overlay-color":"","overlay-opacity":"","overlay-gradient":""}},"ast-content-background-meta":{"desktop":{"background-color":"var(--ast-global-color-5)","background-image":"","background-repeat":"repeat","background-position":"center center","background-size":"auto","background-attachment":"scroll","background-type":"","background-media":"","overlay-type":"","overlay-color":"","overlay-opacity":"","overlay-gradient":""},"tablet":{"background-color":"var(--ast-global-color-5)","background-image":"","background-repeat":"repeat","background-position":"center center","background-size":"auto","background-attachment":"scroll","background-type":"","background-media":"","overlay-type":"","overlay-color":"","overlay-opacity":"","overlay-gradient":""},"mobile":{"background-color":"var(--ast-global-color-5)","background-image":"","background-repeat":"repeat","background-position":"center center","background-size":"auto","background-attachment":"scroll","background-type":"","background-media":"","overlay-type":"","overlay-color":"","overlay-opacity":"","overlay-gradient":""}}},"product_brand":[],"product_cat":[15],"product_tag":[],"class_list":{"0":"post-2258","1":"product","2":"type-product","3":"status-publish","4":"has-post-thumbnail","6":"product_cat-naole","7":"desktop-align-center","8":"tablet-align-left","9":"mobile-align-left","11":"first","12":"instock","13":"taxable","14":"shipping-taxable","15":"purchasable","16":"product-type-simple","17":"add-to-wishlist-before_image"},"aioseo_notices":[],"_links":{"self":[{"href":"https:\/\/kosmeetika24.eu\/et\/wp-json\/wp\/v2\/product\/2258","targetHints":{"allow":["GET"]}}],"collection":[{"href":"https:\/\/kosmeetika24.eu\/et\/wp-json\/wp\/v2\/product"}],"about":[{"href":"https:\/\/kosmeetika24.eu\/et\/wp-json\/wp\/v2\/types\/product"}],"version-history":[{"count":2,"href":"https:\/\/kosmeetika24.eu\/et\/wp-json\/wp\/v2\/product\/2258\/revisions"}],"predecessor-version":[{"id":7540,"href":"https:\/\/kosmeetika24.eu\/et\/wp-json\/wp\/v2\/product\/2258\/revisions\/7540"}],"wp:featuredmedia":[{"embeddable":true,"href":"https:\/\/kosmeetika24.eu\/et\/wp-json\/wp\/v2\/media\/2492"}],"wp:attachment":[{"href":"https:\/\/kosmeetika24.eu\/et\/wp-json\/wp\/v2\/media?parent=2258"}],"wp:term":[{"taxonomy":"product_brand","embeddable":true,"href":"https:\/\/kosmeetika24.eu\/et\/wp-json\/wp\/v2\/product_brand?post=2258"},{"taxonomy":"product_cat","embeddable":true,"href":"https:\/\/kosmeetika24.eu\/et\/wp-json\/wp\/v2\/product_cat?post=2258"},{"taxonomy":"product_tag","embeddable":true,"href":"https:\/\/kosmeetika24.eu\/et\/wp-json\/wp\/v2\/product_tag?post=2258"}],"curies":[{"name":"wp","href":"https:\/\/api.w.org\/{rel}","templated":true}]}}