{"id":2251,"date":"2019-11-22T07:22:13","date_gmt":"2019-11-22T07:22:13","guid":{"rendered":"https:\/\/kosmeetika24.eu\/?post_type=product&#038;p=2251"},"modified":"2024-12-27T11:30:22","modified_gmt":"2024-12-27T08:30:22","slug":"oxygen-ceuticals-acell-300-fluid","status":"publish","type":"product","link":"https:\/\/kosmeetika24.eu\/et\/toode\/oxygen-ceuticals-acell-300-fluid\/","title":{"rendered":"OXYGEN CEUTICALS intensiivselt niisutav seerum"},"content":{"rendered":"<p>Seerum <em>Acell-300 Fluid<\/em> intensiivne naha barj\u00e4\u00e4ri parandaja ja niisutaja. See rahustab ja v\u00e4hendab p\u00f5letikulisi protsesse.<\/p>\n<p>Sobib k\u00f5ikidele nahat\u00fc\u00fcpidele, eriti kuivale, tundlikule ja vananevale nahale.<\/p>\n<p><strong>TOIMEAINED<\/strong><\/p>\n<ul>\n<li>Aaloe<\/li>\n<li>But\u00fcleengl\u00fckool<\/li>\n<li>Taimede kompleks acell-300: harilik tokkroos, harilik k\u00e4bihein, vooljas pargitatar, niit-k\u00f5rvek\u00f6\u00f6men.<\/li>\n<li>Kookosp\u00e4hkli rasvhapped<\/li>\n<li>Meremineraalid<\/li>\n<li>Hapnik<\/li>\n<\/ul>\n<p><strong>TOIME<\/strong><\/p>\n<ul>\n<li>Aaloe pehmendab ja niisutab nahka ning aitab seda hoida pehme, sileda, elastse ja tervena.<\/li>\n<li>Taimede kompleks acell-300 parandab naha barj\u00e4\u00e4ri funktsioone.<\/li>\n<li>Koos kookosp\u00e4hkli rasvhapetega ja meremineraalidega j\u00e4tab Acell-300 naha pehmeks ja \u00fchtlustab nahatooni.<\/li>\n<li>Meremineraalid parandavad vereringet.<\/li>\n<li>Hapnik v\u00f5itleb n\u00e4htavate vananemism\u00e4rkidega, mis on tingitud hapniku kehva liikumisega nahaalustest kapillaaridest naha pealmise kihini. Stimuleerib otseselt kollageeni ja elastiini s\u00fcnteesi nahas ning omab p\u00f5letikuvastast toimet.<\/li>\n<\/ul>\n<p><strong>KOOSTIS<\/strong><\/p>\n<p>EG-8 Caprylic\/Capric Glycerides, Water, Polyglyceryl-6 Isostearate, Propylene Glycol, Isostearyl Isostearate, Cyclopentasiloxane, Cyclohexasiloxane, Oxygen, Pulsatilla Koreana Extract, Lonicera Japonica (Honeysuckle) Flower Extract, Butylene Glycol, CI 42090, Sea Salt, Zanthoxylum Piperitum Fruit Extract, Citrus Paradisi (Grapefruit) Fruit Extract, Polygonum Cuspidatum Root Extract, Gleditsia Australis Fruit Extract, Cnidium Monnieri Fruit Extract, Prunella Vulgaris Leaf Extract, 1,2-Hexanediol, Glycyrrhiza Glabra (Licorice) Root Extract, Aloe Barbadensis Leaf Extract, Althaea Rosea Flower Extract, Saccharomyces Ferment, Nelumbium Speciosum Flower Extract, Oryza Sativa(Rice) Extract, Artemisia Annua Extract, Fragrance.<\/p>\n<p><span style=\"font-size: xx-small;\"><span style=\"color: #000000;\"><span style=\"font-family: Roboto, sans-serif;\">2817.20\u00a0 \u20ac\/l<\/span><\/span><\/span><\/p>\n","protected":false},"excerpt":{"rendered":"<p>50 ml<\/p>\n<p>Pakub intensiivset hooldust deh\u00fcdreeritud naha rahustamiseks.<\/p>\n","protected":false},"featured_media":2550,"template":"","meta":{"om_disable_all_campaigns":false,"_monsterinsights_skip_tracking":false,"_monsterinsights_sitenote_active":false,"_monsterinsights_sitenote_note":"","_monsterinsights_sitenote_category":0,"_uf_show_specific_survey":0,"_uf_disable_surveys":false,"site-sidebar-layout":"default","site-content-layout":"","ast-site-content-layout":"default","site-content-style":"default","site-sidebar-style":"default","ast-global-header-display":"","ast-banner-title-visibility":"","ast-main-header-display":"","ast-hfb-above-header-display":"","ast-hfb-below-header-display":"","ast-hfb-mobile-header-display":"","site-post-title":"","ast-breadcrumbs-content":"","ast-featured-img":"","footer-sml-layout":"","theme-transparent-header-meta":"default","adv-header-id-meta":"","stick-header-meta":"","header-above-stick-meta":"","header-main-stick-meta":"","header-below-stick-meta":"","astra-migrate-meta-layouts":"set","ast-page-background-enabled":"default","ast-page-background-meta":{"desktop":{"background-color":"var(--ast-global-color-4)","background-image":"","background-repeat":"repeat","background-position":"center center","background-size":"auto","background-attachment":"scroll","background-type":"","background-media":"","overlay-type":"","overlay-color":"","overlay-opacity":"","overlay-gradient":""},"tablet":{"background-color":"","background-image":"","background-repeat":"repeat","background-position":"center center","background-size":"auto","background-attachment":"scroll","background-type":"","background-media":"","overlay-type":"","overlay-color":"","overlay-opacity":"","overlay-gradient":""},"mobile":{"background-color":"","background-image":"","background-repeat":"repeat","background-position":"center center","background-size":"auto","background-attachment":"scroll","background-type":"","background-media":"","overlay-type":"","overlay-color":"","overlay-opacity":"","overlay-gradient":""}},"ast-content-background-meta":{"desktop":{"background-color":"var(--ast-global-color-5)","background-image":"","background-repeat":"repeat","background-position":"center center","background-size":"auto","background-attachment":"scroll","background-type":"","background-media":"","overlay-type":"","overlay-color":"","overlay-opacity":"","overlay-gradient":""},"tablet":{"background-color":"var(--ast-global-color-5)","background-image":"","background-repeat":"repeat","background-position":"center center","background-size":"auto","background-attachment":"scroll","background-type":"","background-media":"","overlay-type":"","overlay-color":"","overlay-opacity":"","overlay-gradient":""},"mobile":{"background-color":"var(--ast-global-color-5)","background-image":"","background-repeat":"repeat","background-position":"center center","background-size":"auto","background-attachment":"scroll","background-type":"","background-media":"","overlay-type":"","overlay-color":"","overlay-opacity":"","overlay-gradient":""}}},"product_brand":[],"product_cat":[15,77],"product_tag":[],"class_list":{"0":"post-2251","1":"product","2":"type-product","3":"status-publish","4":"has-post-thumbnail","6":"product_cat-naole","7":"product_cat-seerumid","8":"desktop-align-center","9":"tablet-align-left","10":"mobile-align-left","12":"first","13":"instock","14":"taxable","15":"shipping-taxable","16":"purchasable","17":"product-type-simple","18":"add-to-wishlist-before_image"},"aioseo_notices":[],"_links":{"self":[{"href":"https:\/\/kosmeetika24.eu\/et\/wp-json\/wp\/v2\/product\/2251","targetHints":{"allow":["GET"]}}],"collection":[{"href":"https:\/\/kosmeetika24.eu\/et\/wp-json\/wp\/v2\/product"}],"about":[{"href":"https:\/\/kosmeetika24.eu\/et\/wp-json\/wp\/v2\/types\/product"}],"version-history":[{"count":4,"href":"https:\/\/kosmeetika24.eu\/et\/wp-json\/wp\/v2\/product\/2251\/revisions"}],"predecessor-version":[{"id":8883,"href":"https:\/\/kosmeetika24.eu\/et\/wp-json\/wp\/v2\/product\/2251\/revisions\/8883"}],"wp:featuredmedia":[{"embeddable":true,"href":"https:\/\/kosmeetika24.eu\/et\/wp-json\/wp\/v2\/media\/2550"}],"wp:attachment":[{"href":"https:\/\/kosmeetika24.eu\/et\/wp-json\/wp\/v2\/media?parent=2251"}],"wp:term":[{"taxonomy":"product_brand","embeddable":true,"href":"https:\/\/kosmeetika24.eu\/et\/wp-json\/wp\/v2\/product_brand?post=2251"},{"taxonomy":"product_cat","embeddable":true,"href":"https:\/\/kosmeetika24.eu\/et\/wp-json\/wp\/v2\/product_cat?post=2251"},{"taxonomy":"product_tag","embeddable":true,"href":"https:\/\/kosmeetika24.eu\/et\/wp-json\/wp\/v2\/product_tag?post=2251"}],"curies":[{"name":"wp","href":"https:\/\/api.w.org\/{rel}","templated":true}]}}