{"id":2250,"date":"2019-11-21T14:41:44","date_gmt":"2019-11-21T14:41:44","guid":{"rendered":"https:\/\/kosmeetika24.eu\/?post_type=product&#038;p=2250"},"modified":"2025-01-07T13:28:48","modified_gmt":"2025-01-07T10:28:48","slug":"oxygen-ceuticals-skin-barrier-fluid","status":"publish","type":"product","link":"https:\/\/kosmeetika24.eu\/et\/toode\/oxygen-ceuticals-skin-barrier-fluid\/","title":{"rendered":"OXYGEN CEUTICALS vananemisvastane seerum"},"content":{"rendered":"<p>Seerum <em>Skin Barrier Fluid<\/em> on vananemisvastane seerum, m\u00f5eldud v\u00e4ikeste kortsukeste v\u00e4hendamiseks ja naha uuenemisprotsesside stimuleerimiseks. Koostise eesm\u00e4rk on anda nahale noorem v\u00e4limus.<\/p>\n<p>Sobib k\u00f5ikidele nahat\u00fc\u00fcpidele eriti kuivale ja vananevale nahale.<\/p>\n<p><strong>TOIMEAINED<\/strong><\/p>\n<ul>\n<li>Adenosiin<\/li>\n<li>Naatrium PCA<\/li>\n<li>Harilik riis<\/li>\n<li>H\u00fcdrol\u00fc\u00fcsitud kollageen<\/li>\n<li>Hapnik<\/li>\n<\/ul>\n<p><strong>TOIME<\/strong><\/p>\n<ul>\n<li>Adenosiin taaselustab v\u00e4sinud nahka ja t\u00f5stab elastsust.<\/li>\n<li>Naatrium PCA aitab luua sileda naha ja hoida seda niisutatuna.<\/li>\n<li>Harilik riis toimib antioks\u00fcdandina; v\u00e4hendab mikroorganismide aktiivsust nahal; hoiab nahka pehme, sileda, elastse ja terve v\u00e4ljan\u00e4gemisega.<\/li>\n<li>Adenosiin ja naatrium PCA suurendavad naha elastsust ja niisutust.<\/li>\n<li>H\u00fcdrol\u00fc\u00fcsitud kollageen aitab nahal suurendada kollageeni tootmist ja kollageeni kiulist tihedust. Nahatoon \u00fchtlustub, nahk muutub elastsemaks ja peened kortsukesed taanduvad.<\/li>\n<li>Hapnik v\u00f5itleb n\u00e4htavate vananemism\u00e4rkidega, mis on tingitud hapniku kehva liikumisega nahaalustest kapillaaridest naha pealmise kihini. Stimuleerib otseselt kollageeni ja elastiini s\u00fcnteesi nahas ning omab p\u00f5letikuvastast toimet.<\/li>\n<\/ul>\n<p><strong>KOOSTIS<\/strong><\/p>\n<p>PEG-8 Caprylic\/Capric Glycerides, Water, Polyglyceryl-6 Isostearate, Propylene Glycol, Isostearyl Isostearate, Cyclopentasiloxane, Cyclohexasiloxane, Sodium PCA, Lonicera Japonica (Honeysuckle) Flower Extract, Pulsatilla Koreana Extract, Sea Salt, Butylene Glycol, Adenosine, Citrus Paradisi (Grapefruit) Fruit Extract, Zanthoxylum Piperitum Fruit Extract, Hydrolyzed collagen, Glycyrrhiza Glabra (Licorice) Root Extract, Oxygen, 1,2-Hexanediol, Hydroxypropyl Bisstearamide MEA, Behenyl Alcohol, Dipropylene Glycol, Aloe Barbadensis Leaf Extract, Althaea Rosea Flower Extract, Ceteareth-20, Cholesteryl Isostearate, Cholesterol, Tricaprylin, Cetearyl Alcohol, Artemisia Annua Extract, Nelumbium Speciosum Flower Extract, Oryza Sativa(Rice) Extract, Saccharomyces Ferment, CI 42090, Stearic Acid, Dimethicone, Squalane, Fragrance.<\/p>\n<p><span style=\"font-size: xx-small;\"><span style=\"color: #000000;\"><span style=\"font-family: Roboto, sans-serif;\">2817.20\u00a0 \u20ac\/l<\/span><\/span><\/span><\/p>\n","protected":false},"excerpt":{"rendered":"<p>50 ml<\/p>\n<p>Noorendav seerum, mis j\u00e4tab naha pehmeks ja siledaks.<\/p>\n","protected":false},"featured_media":2549,"template":"","meta":{"om_disable_all_campaigns":false,"_monsterinsights_skip_tracking":false,"_monsterinsights_sitenote_active":false,"_monsterinsights_sitenote_note":"","_monsterinsights_sitenote_category":0,"_uf_show_specific_survey":0,"_uf_disable_surveys":false,"site-sidebar-layout":"default","site-content-layout":"","ast-site-content-layout":"default","site-content-style":"default","site-sidebar-style":"default","ast-global-header-display":"","ast-banner-title-visibility":"","ast-main-header-display":"","ast-hfb-above-header-display":"","ast-hfb-below-header-display":"","ast-hfb-mobile-header-display":"","site-post-title":"","ast-breadcrumbs-content":"","ast-featured-img":"","footer-sml-layout":"","theme-transparent-header-meta":"default","adv-header-id-meta":"","stick-header-meta":"","header-above-stick-meta":"","header-main-stick-meta":"","header-below-stick-meta":"","astra-migrate-meta-layouts":"set","ast-page-background-enabled":"default","ast-page-background-meta":{"desktop":{"background-color":"var(--ast-global-color-4)","background-image":"","background-repeat":"repeat","background-position":"center center","background-size":"auto","background-attachment":"scroll","background-type":"","background-media":"","overlay-type":"","overlay-color":"","overlay-opacity":"","overlay-gradient":""},"tablet":{"background-color":"","background-image":"","background-repeat":"repeat","background-position":"center center","background-size":"auto","background-attachment":"scroll","background-type":"","background-media":"","overlay-type":"","overlay-color":"","overlay-opacity":"","overlay-gradient":""},"mobile":{"background-color":"","background-image":"","background-repeat":"repeat","background-position":"center center","background-size":"auto","background-attachment":"scroll","background-type":"","background-media":"","overlay-type":"","overlay-color":"","overlay-opacity":"","overlay-gradient":""}},"ast-content-background-meta":{"desktop":{"background-color":"var(--ast-global-color-5)","background-image":"","background-repeat":"repeat","background-position":"center center","background-size":"auto","background-attachment":"scroll","background-type":"","background-media":"","overlay-type":"","overlay-color":"","overlay-opacity":"","overlay-gradient":""},"tablet":{"background-color":"var(--ast-global-color-5)","background-image":"","background-repeat":"repeat","background-position":"center center","background-size":"auto","background-attachment":"scroll","background-type":"","background-media":"","overlay-type":"","overlay-color":"","overlay-opacity":"","overlay-gradient":""},"mobile":{"background-color":"var(--ast-global-color-5)","background-image":"","background-repeat":"repeat","background-position":"center center","background-size":"auto","background-attachment":"scroll","background-type":"","background-media":"","overlay-type":"","overlay-color":"","overlay-opacity":"","overlay-gradient":""}}},"product_brand":[],"product_cat":[15,77],"product_tag":[],"class_list":{"0":"post-2250","1":"product","2":"type-product","3":"status-publish","4":"has-post-thumbnail","6":"product_cat-naole","7":"product_cat-seerumid","8":"desktop-align-center","9":"tablet-align-left","10":"mobile-align-left","12":"first","13":"instock","14":"taxable","15":"shipping-taxable","16":"purchasable","17":"product-type-simple","18":"add-to-wishlist-before_image"},"aioseo_notices":[],"_links":{"self":[{"href":"https:\/\/kosmeetika24.eu\/et\/wp-json\/wp\/v2\/product\/2250","targetHints":{"allow":["GET"]}}],"collection":[{"href":"https:\/\/kosmeetika24.eu\/et\/wp-json\/wp\/v2\/product"}],"about":[{"href":"https:\/\/kosmeetika24.eu\/et\/wp-json\/wp\/v2\/types\/product"}],"version-history":[{"count":3,"href":"https:\/\/kosmeetika24.eu\/et\/wp-json\/wp\/v2\/product\/2250\/revisions"}],"predecessor-version":[{"id":10849,"href":"https:\/\/kosmeetika24.eu\/et\/wp-json\/wp\/v2\/product\/2250\/revisions\/10849"}],"wp:featuredmedia":[{"embeddable":true,"href":"https:\/\/kosmeetika24.eu\/et\/wp-json\/wp\/v2\/media\/2549"}],"wp:attachment":[{"href":"https:\/\/kosmeetika24.eu\/et\/wp-json\/wp\/v2\/media?parent=2250"}],"wp:term":[{"taxonomy":"product_brand","embeddable":true,"href":"https:\/\/kosmeetika24.eu\/et\/wp-json\/wp\/v2\/product_brand?post=2250"},{"taxonomy":"product_cat","embeddable":true,"href":"https:\/\/kosmeetika24.eu\/et\/wp-json\/wp\/v2\/product_cat?post=2250"},{"taxonomy":"product_tag","embeddable":true,"href":"https:\/\/kosmeetika24.eu\/et\/wp-json\/wp\/v2\/product_tag?post=2250"}],"curies":[{"name":"wp","href":"https:\/\/api.w.org\/{rel}","templated":true}]}}