{"id":2249,"date":"2019-11-22T08:03:17","date_gmt":"2019-11-22T08:03:17","guid":{"rendered":"https:\/\/kosmeetika24.eu\/?post_type=product&#038;p=2249"},"modified":"2026-04-01T16:19:45","modified_gmt":"2026-04-01T13:19:45","slug":"oxygen-ceuticals-herbal-fluid","status":"publish","type":"product","link":"https:\/\/kosmeetika24.eu\/et\/toode\/oxygen-ceuticals-herbal-fluid\/","title":{"rendered":"OXYGEN CEUTICALS seerum rasusele nahale"},"content":{"rendered":"<p>Rasuse naha seerum <em>Herbal Fluid<\/em> sobib akne, suurte pooride ja komedoonide puhul, stressis nahale.<\/p>\n<p>Seerum takistab aknet p\u00f5hjustavate bakterite kasvu nahal. Reguleerib rasu eritust, kuid ei tekita naha pinna<br \/>\nkuivamist ja \u00e4rritust. Koorib \u00f5rnalt surnud rakud nahapinnalt.<\/p>\n<div class=\"short-description\">\n<div class=\"std\">\n<p>Sobib rasusele nahale.<\/p>\n<\/div>\n<\/div>\n<p><strong>TOIMEAINED<\/strong><\/p>\n<ul>\n<li>Teepuu\u00f5li<\/li>\n<li>Magnoolia<\/li>\n<li>Lootos<\/li>\n<li>Aaloe<\/li>\n<li>Lagritsajuure ekstrakt<\/li>\n<li>Salits\u00fc\u00fclhape<\/li>\n<li>Naatrium PCA<\/li>\n<li>Hapnik<\/li>\n<\/ul>\n<p><strong>TOIME<\/strong><\/p>\n<ul>\n<li>Teepuu\u00f5li omab antibakteriaalset ja p\u00f5letikuvastast toimet.<\/li>\n<li>Magnoolia, lootos ja aaloe leevendavad naha\u00e4\u00e4ritust.<\/li>\n<li>Lagritsajuure ekstrakt muudab nahka heledamaks; pehmendab nahka; aitab hoida nahka pehme, sileda, elastse ja tervena; silub ja rahustab nahka.<\/li>\n<li>Salits\u00fc\u00fclhape aitab eemaldada surnud naharakud.<\/li>\n<li>Naatrium PCA aitab luua sileda naha ja hoida seda niisutatuna<strong>.<\/strong><\/li>\n<li>Hapnik v\u00f5itleb n\u00e4htavate vananemism\u00e4rkidega, mis on tingitud hapniku kehva liikumisega nahaalustest kapillaaridest naha pealmise kihini. Stimuleerib otseselt kollageeni ja elastiini s\u00fcnteesi nahas ning omab p\u00f5letikuvastast toimet.<\/li>\n<\/ul>\n<p><strong>KOOSTIS<\/strong><\/p>\n<p>Water, Methyl Gluceth-20, Alcohol, Butylene Glycol, PEG-60 Hydrogenated Castor Oil, Sodium PCA, Portulaca Oleracea Extract, Xanthan Gum, Salicylic Acid, Triethanolamine, Betula platyphylla japonica bark extract, Diospyros kaki leaf extract, Lonicera Japonica (Honeysuckle) Flower Extract, Pulsatilla Koreana Extract, Rhus Semialata Gall Extract, Oxygen, Glycyrrhiza Glabra (Licorice) Root Extract, Citrus Paradisi (Grapefruit) Fruit Extract, Zanthoxylum Piperitum Fruit Extract, 1,2-Hexanediol, Caesalpinia Sappan Bark Extract, Magnolia Obovata Bark Extract, Terminalia Chebula Fruit Extract, Artemisia Annua Extract, Nelumbium Speciosum Flower Extract, Oryza Sativa (Rice) Extract, Saccharomyces Ferment, Fragrance.<\/p>\n<p><span style=\"font-size: xx-small;\"><span style=\"color: #000000;\"><span style=\"font-family: Roboto, sans-serif;\">2817.20 \u20ac\/l<\/span><\/span><\/span><\/p>\n","protected":false},"excerpt":{"rendered":"<p>50 ml<\/p>\n<p>Looduslike ravimtaimede ainulaadne kombinatsioon rasusele nahale.<\/p>\n","protected":false},"featured_media":2554,"template":"","meta":{"om_disable_all_campaigns":false,"_monsterinsights_skip_tracking":false,"_monsterinsights_sitenote_active":false,"_monsterinsights_sitenote_note":"","_monsterinsights_sitenote_category":0,"_uf_show_specific_survey":0,"_uf_disable_surveys":false,"site-sidebar-layout":"default","site-content-layout":"","ast-site-content-layout":"default","site-content-style":"default","site-sidebar-style":"default","ast-global-header-display":"","ast-banner-title-visibility":"","ast-main-header-display":"","ast-hfb-above-header-display":"","ast-hfb-below-header-display":"","ast-hfb-mobile-header-display":"","site-post-title":"","ast-breadcrumbs-content":"","ast-featured-img":"","footer-sml-layout":"","theme-transparent-header-meta":"default","adv-header-id-meta":"","stick-header-meta":"","header-above-stick-meta":"","header-main-stick-meta":"","header-below-stick-meta":"","astra-migrate-meta-layouts":"set","ast-page-background-enabled":"default","ast-page-background-meta":{"desktop":{"background-color":"var(--ast-global-color-4)","background-image":"","background-repeat":"repeat","background-position":"center center","background-size":"auto","background-attachment":"scroll","background-type":"","background-media":"","overlay-type":"","overlay-color":"","overlay-opacity":"","overlay-gradient":""},"tablet":{"background-color":"","background-image":"","background-repeat":"repeat","background-position":"center center","background-size":"auto","background-attachment":"scroll","background-type":"","background-media":"","overlay-type":"","overlay-color":"","overlay-opacity":"","overlay-gradient":""},"mobile":{"background-color":"","background-image":"","background-repeat":"repeat","background-position":"center center","background-size":"auto","background-attachment":"scroll","background-type":"","background-media":"","overlay-type":"","overlay-color":"","overlay-opacity":"","overlay-gradient":""}},"ast-content-background-meta":{"desktop":{"background-color":"var(--ast-global-color-5)","background-image":"","background-repeat":"repeat","background-position":"center center","background-size":"auto","background-attachment":"scroll","background-type":"","background-media":"","overlay-type":"","overlay-color":"","overlay-opacity":"","overlay-gradient":""},"tablet":{"background-color":"var(--ast-global-color-5)","background-image":"","background-repeat":"repeat","background-position":"center center","background-size":"auto","background-attachment":"scroll","background-type":"","background-media":"","overlay-type":"","overlay-color":"","overlay-opacity":"","overlay-gradient":""},"mobile":{"background-color":"var(--ast-global-color-5)","background-image":"","background-repeat":"repeat","background-position":"center center","background-size":"auto","background-attachment":"scroll","background-type":"","background-media":"","overlay-type":"","overlay-color":"","overlay-opacity":"","overlay-gradient":""}}},"product_brand":[],"product_cat":[50,15,77,122],"product_tag":[],"class_list":{"0":"post-2249","1":"product","2":"type-product","3":"status-publish","4":"has-post-thumbnail","6":"product_cat-kampaaniad","7":"product_cat-naole","8":"product_cat-seerumid","9":"product_cat-seerumid-profitooted","10":"desktop-align-center","11":"tablet-align-left","12":"mobile-align-left","14":"first","15":"instock","16":"sale","17":"taxable","18":"shipping-taxable","19":"purchasable","20":"product-type-simple","21":"add-to-wishlist-before_image"},"aioseo_notices":[],"_links":{"self":[{"href":"https:\/\/kosmeetika24.eu\/et\/wp-json\/wp\/v2\/product\/2249","targetHints":{"allow":["GET"]}}],"collection":[{"href":"https:\/\/kosmeetika24.eu\/et\/wp-json\/wp\/v2\/product"}],"about":[{"href":"https:\/\/kosmeetika24.eu\/et\/wp-json\/wp\/v2\/types\/product"}],"version-history":[{"count":3,"href":"https:\/\/kosmeetika24.eu\/et\/wp-json\/wp\/v2\/product\/2249\/revisions"}],"predecessor-version":[{"id":10359,"href":"https:\/\/kosmeetika24.eu\/et\/wp-json\/wp\/v2\/product\/2249\/revisions\/10359"}],"wp:featuredmedia":[{"embeddable":true,"href":"https:\/\/kosmeetika24.eu\/et\/wp-json\/wp\/v2\/media\/2554"}],"wp:attachment":[{"href":"https:\/\/kosmeetika24.eu\/et\/wp-json\/wp\/v2\/media?parent=2249"}],"wp:term":[{"taxonomy":"product_brand","embeddable":true,"href":"https:\/\/kosmeetika24.eu\/et\/wp-json\/wp\/v2\/product_brand?post=2249"},{"taxonomy":"product_cat","embeddable":true,"href":"https:\/\/kosmeetika24.eu\/et\/wp-json\/wp\/v2\/product_cat?post=2249"},{"taxonomy":"product_tag","embeddable":true,"href":"https:\/\/kosmeetika24.eu\/et\/wp-json\/wp\/v2\/product_tag?post=2249"}],"curies":[{"name":"wp","href":"https:\/\/api.w.org\/{rel}","templated":true}]}}